{"id":3144,"date":"2024-05-23T15:37:09","date_gmt":"2024-05-23T23:37:09","guid":{"rendered":"https:\/\/coincards.com\/eu\/?post_type=product&#038;p=3144"},"modified":"2024-06-05T15:20:57","modified_gmt":"2024-06-05T23:20:57","slug":"global-experience-online-gift-card-electronic-delivery-15","status":"publish","type":"product","link":"https:\/\/coincards.com\/eu\/product\/global-experience-online-gift-card-electronic-delivery-15\/","title":{"rendered":"Global Experience Online Gift Card (Electronic Delivery) (Italy)"},"content":{"rendered":"<p><a href=\"https:\/\/www.globalexperiencescard.com\/terms-and-conditions\" target=\"_blank\" rel=\"noopener\">https:\/\/www.globalexperiencescard.com\/terms-and-conditions<\/a><\/p>\n<p>1. Riscatta la Global Experiences Card fornita da Viator su www.globalexperiencescard.com<\/p>\n<p>2. Cerca esperienze in base alla destinazione e agli interessi. Assicurati di selezionare la valuta della tua carta regalo durante il processo di ricerca.<\/p>\n<p>3. Dopo aver selezionato la data e l&#8217;ora (se applicabile) dell&#8217;esperienza e sulla pagina dei pagamenti, applica la carta regalo \/ codice promozionale a 19 cifre e il pin a 4 cifre come pagamento completo o parziale della prenotazione. Puoi riscattare fino a quattro carte regalo per prenotazione. Qualsiasi saldo residuo dovuto, se applicabile, pu\u00f2 essere pagato con una delle principali carte di credito.<\/p>\n<p>4. Le tue prenotazioni saranno confermate via e-mail direttamente dalla Global Experiences Card fornita da Viator e dal sistema di prenotazione delle esperienze. Si consiglia di stampare o mostrare una copia della conferma della prenotazione quando si arriva all&#8217;esperienza, sebbene in molti casi un documento di identit\u00e0 con foto rilasciato dal governo possa essere sufficiente.<\/p>\n","protected":false},"excerpt":{"rendered":"<p>La Global Experiences Card Powered by Viator, una societ\u00e0 di Tripadvisor, \u00e8 riscattabile su www.globalexperiencescard.com per oltre 350.000 tour, attivit\u00e0 ed esperienze in tutto il mondo in oltre 200 paesi e territori. Che si tratti di una giornata fuori casa con la tua famiglia nel luogo in cui vivi o di un&#8217;attivit\u00e0 divertente ed eccitante durante le tue vacanze in giro per il mondo, la Global Experiences Card Powered by Viator ti offre la pi\u00f9 ampia scelta di qualsiasi azienda di esperienze. Le recensioni degli utenti di Tripadvisor forniscono ottime informazioni per aiutarti a scegliere la migliore esperienza per i tuoi interessi. Esplora tutte le possibilit\u00e0 su www.globalexperiencescard.com.<\/p>\n<p>Le possibilit\u00e0 sono infinite con oltre 350.000 cose da fare:<br \/>\n\u2022 Tour e visite turistiche<br \/>\n\u2022 Attrazioni e parchi a tema<br \/>\n\u2022 Cibo, vino e vita notturna<br \/>\n\u2022 Corsi e seminari<br \/>\n\u2022 Crociere, gite in barca a vela e acquatici<br \/>\n\u2022 Escursioni a piedi e in bicicletta<br \/>\n\u2022 Trasferimenti e trasporti via terra<br \/>\n\u2022 Tour culturali e tematici<br \/>\n\u2022 Spa, yoga e benessere<br \/>\n\u2022 E altro \u2026\u2026\u2026\u2026\u2026\u2026\u2026\u2026<\/p>\n","protected":false},"featured_media":5679,"comment_status":"closed","ping_status":"closed","template":"","meta":{"_exactmetrics_skip_tracking":false,"_exactmetrics_sitenote_active":false,"_exactmetrics_sitenote_note":"","_exactmetrics_sitenote_category":0},"product_cat":[20],"product_tag":[],"class_list":{"0":"post-3144","1":"product","2":"type-product","3":"status-publish","4":"has-post-thumbnail","6":"product_brand-global-experiences-card","7":"product_cat-electronic-gift-cards","8":"pa_country-availability-italy","10":"first","11":"instock","12":"virtual","13":"purchasable","14":"product-type-simple","15":"nyp-product"},"yoast_head":"<!-- This site is optimized with the Yoast SEO Premium plugin v20.11 (Yoast SEO v27.3) - https:\/\/yoast.com\/product\/yoast-seo-premium-wordpress\/ -->\n<title>Global Experience Online Gift Card (Electronic Delivery) (Italy) - Coincards Europe<\/title>\n<meta name=\"robots\" content=\"index, follow, max-snippet:-1, max-image-preview:large, max-video-preview:-1\" \/>\n<link rel=\"canonical\" href=\"https:\/\/coincards.com\/eu\/product\/global-experience-online-gift-card-electronic-delivery-15\/\" \/>\n<meta property=\"og:locale\" content=\"en_US\" \/>\n<meta property=\"og:type\" content=\"article\" \/>\n<meta property=\"og:title\" content=\"Global Experience Online Gift Card (Electronic Delivery) (Italy)\" \/>\n<meta property=\"og:description\" content=\"La Global Experiences Card Powered by Viator, una societ\u00e0 di Tripadvisor, \u00e8 riscattabile su www.globalexperiencescard.com per oltre 350.000 tour, attivit\u00e0 ed esperienze in tutto il mondo in oltre 200 paesi e territori. Che si tratti di una giornata fuori casa con la tua famiglia nel luogo in cui vivi o di un&#039;attivit\u00e0 divertente ed eccitante durante le tue vacanze in giro per il mondo, la Global Experiences Card Powered by Viator ti offre la pi\u00f9 ampia scelta di qualsiasi azienda di esperienze. Le recensioni degli utenti di Tripadvisor forniscono ottime informazioni per aiutarti a scegliere la migliore esperienza per i tuoi interessi. Esplora tutte le possibilit\u00e0 su www.globalexperiencescard.com.  Le possibilit\u00e0 sono infinite con oltre 350.000 cose da fare: \u2022 Tour e visite turistiche \u2022 Attrazioni e parchi a tema \u2022 Cibo, vino e vita notturna \u2022 Corsi e seminari \u2022 Crociere, gite in barca a vela e acquatici \u2022 Escursioni a piedi e in bicicletta \u2022 Trasferimenti e trasporti via terra \u2022 Tour culturali e tematici \u2022 Spa, yoga e benessere \u2022 E altro \u2026\u2026\u2026\u2026\u2026\u2026\u2026\u2026\" \/>\n<meta property=\"og:url\" content=\"https:\/\/coincards.com\/eu\/product\/global-experience-online-gift-card-electronic-delivery-15\/\" \/>\n<meta property=\"og:site_name\" content=\"Coincards Europe\" \/>\n<meta property=\"article:modified_time\" content=\"2024-06-05T23:20:57+00:00\" \/>\n<meta property=\"og:image\" content=\"https:\/\/assets.coincards.com\/wp-content\/uploads\/sites\/6\/2024\/06\/04183850\/GEC-SI-card.png\" \/>\n\t<meta property=\"og:image:width\" content=\"675\" \/>\n\t<meta property=\"og:image:height\" content=\"425\" \/>\n\t<meta property=\"og:image:type\" content=\"image\/png\" \/>\n<meta name=\"twitter:card\" content=\"summary_large_image\" \/>\n<meta name=\"twitter:label1\" content=\"Price\" \/>\n\t<meta name=\"twitter:data1\" content=\"&euro;10.00\" \/>\n\t<meta name=\"twitter:label2\" content=\"Availability\" \/>\n\t<meta name=\"twitter:data2\" content=\"In stock\" \/>\n<script type=\"application\/ld+json\" class=\"yoast-schema-graph\">{\"@context\":\"https:\\\/\\\/schema.org\",\"@graph\":[{\"@type\":\"WebPage\",\"@id\":\"https:\\\/\\\/coincards.com\\\/eu\\\/product\\\/global-experience-online-gift-card-electronic-delivery-15\\\/\",\"url\":\"https:\\\/\\\/coincards.com\\\/eu\\\/product\\\/global-experience-online-gift-card-electronic-delivery-15\\\/\",\"name\":\"Global Experience Online Gift Card (Electronic Delivery) (Italy) - Coincards Europe\",\"isPartOf\":{\"@id\":\"https:\\\/\\\/coincards.com\\\/eu\\\/#website\"},\"primaryImageOfPage\":{\"@id\":\"https:\\\/\\\/coincards.com\\\/eu\\\/product\\\/global-experience-online-gift-card-electronic-delivery-15\\\/#primaryimage\"},\"image\":{\"@id\":\"https:\\\/\\\/coincards.com\\\/eu\\\/product\\\/global-experience-online-gift-card-electronic-delivery-15\\\/#primaryimage\"},\"thumbnailUrl\":\"https:\\\/\\\/assets.coincards.com\\\/wp-content\\\/uploads\\\/sites\\\/6\\\/2024\\\/06\\\/04183850\\\/GEC-SI-card.png\",\"datePublished\":\"2024-05-23T23:37:09+00:00\",\"dateModified\":\"2024-06-05T23:20:57+00:00\",\"breadcrumb\":{\"@id\":\"https:\\\/\\\/coincards.com\\\/eu\\\/product\\\/global-experience-online-gift-card-electronic-delivery-15\\\/#breadcrumb\"},\"inLanguage\":\"en-CA\",\"potentialAction\":[{\"@type\":\"ReadAction\",\"target\":[\"https:\\\/\\\/coincards.com\\\/eu\\\/product\\\/global-experience-online-gift-card-electronic-delivery-15\\\/\"]}]},{\"@type\":\"ImageObject\",\"inLanguage\":\"en-CA\",\"@id\":\"https:\\\/\\\/coincards.com\\\/eu\\\/product\\\/global-experience-online-gift-card-electronic-delivery-15\\\/#primaryimage\",\"url\":\"https:\\\/\\\/assets.coincards.com\\\/wp-content\\\/uploads\\\/sites\\\/6\\\/2024\\\/06\\\/04183850\\\/GEC-SI-card.png\",\"contentUrl\":\"https:\\\/\\\/assets.coincards.com\\\/wp-content\\\/uploads\\\/sites\\\/6\\\/2024\\\/06\\\/04183850\\\/GEC-SI-card.png\",\"width\":675,\"height\":425},{\"@type\":\"BreadcrumbList\",\"@id\":\"https:\\\/\\\/coincards.com\\\/eu\\\/product\\\/global-experience-online-gift-card-electronic-delivery-15\\\/#breadcrumb\",\"itemListElement\":[{\"@type\":\"ListItem\",\"position\":1,\"name\":\"Home\",\"item\":\"https:\\\/\\\/coincards.com\\\/eu\\\/\"},{\"@type\":\"ListItem\",\"position\":2,\"name\":\"All Gift Cards\",\"item\":\"https:\\\/\\\/coincards.com\\\/eu\\\/all-gift-cards\\\/\"},{\"@type\":\"ListItem\",\"position\":3,\"name\":\"Global Experience Online Gift Card (Electronic Delivery) (Italy)\"}]},{\"@type\":\"WebSite\",\"@id\":\"https:\\\/\\\/coincards.com\\\/eu\\\/#website\",\"url\":\"https:\\\/\\\/coincards.com\\\/eu\\\/\",\"name\":\"Coincards Europe\",\"description\":\"Austrlia&#039;s #1 Cryptocurrency to Gift Card Exchange Service\",\"potentialAction\":[{\"@type\":\"SearchAction\",\"target\":{\"@type\":\"EntryPoint\",\"urlTemplate\":\"https:\\\/\\\/coincards.com\\\/eu\\\/?s={search_term_string}\"},\"query-input\":{\"@type\":\"PropertyValueSpecification\",\"valueRequired\":true,\"valueName\":\"search_term_string\"}}],\"inLanguage\":\"en-CA\"}]}<\/script>\n<meta property=\"product:price:amount\" content=\"10.00\" \/>\n<meta property=\"product:price:currency\" content=\"EUR\" \/>\n<meta property=\"og:availability\" content=\"instock\" \/>\n<meta property=\"product:availability\" content=\"instock\" \/>\n<meta property=\"product:condition\" content=\"new\" \/>\n<!-- \/ Yoast SEO Premium plugin. -->","yoast_head_json":{"title":"Global Experience Online Gift Card (Electronic Delivery) (Italy) - Coincards Europe","robots":{"index":"index","follow":"follow","max-snippet":"max-snippet:-1","max-image-preview":"max-image-preview:large","max-video-preview":"max-video-preview:-1"},"canonical":"https:\/\/coincards.com\/eu\/product\/global-experience-online-gift-card-electronic-delivery-15\/","og_locale":"en_US","og_type":"article","og_title":"Global Experience Online Gift Card (Electronic Delivery) (Italy)","og_description":"La Global Experiences Card Powered by Viator, una societ\u00e0 di Tripadvisor, \u00e8 riscattabile su www.globalexperiencescard.com per oltre 350.000 tour, attivit\u00e0 ed esperienze in tutto il mondo in oltre 200 paesi e territori. Che si tratti di una giornata fuori casa con la tua famiglia nel luogo in cui vivi o di un'attivit\u00e0 divertente ed eccitante durante le tue vacanze in giro per il mondo, la Global Experiences Card Powered by Viator ti offre la pi\u00f9 ampia scelta di qualsiasi azienda di esperienze. Le recensioni degli utenti di Tripadvisor forniscono ottime informazioni per aiutarti a scegliere la migliore esperienza per i tuoi interessi. Esplora tutte le possibilit\u00e0 su www.globalexperiencescard.com.  Le possibilit\u00e0 sono infinite con oltre 350.000 cose da fare: \u2022 Tour e visite turistiche \u2022 Attrazioni e parchi a tema \u2022 Cibo, vino e vita notturna \u2022 Corsi e seminari \u2022 Crociere, gite in barca a vela e acquatici \u2022 Escursioni a piedi e in bicicletta \u2022 Trasferimenti e trasporti via terra \u2022 Tour culturali e tematici \u2022 Spa, yoga e benessere \u2022 E altro \u2026\u2026\u2026\u2026\u2026\u2026\u2026\u2026","og_url":"https:\/\/coincards.com\/eu\/product\/global-experience-online-gift-card-electronic-delivery-15\/","og_site_name":"Coincards Europe","article_modified_time":"2024-06-05T23:20:57+00:00","og_image":[{"width":675,"height":425,"url":"https:\/\/assets.coincards.com\/wp-content\/uploads\/sites\/6\/2024\/06\/04183850\/GEC-SI-card.png","type":"image\/png"}],"twitter_card":"summary_large_image","twitter_misc":{"Price":"&euro;10.00","Availability":"In stock"},"schema":{"@context":"https:\/\/schema.org","@graph":[{"@type":"WebPage","@id":"https:\/\/coincards.com\/eu\/product\/global-experience-online-gift-card-electronic-delivery-15\/","url":"https:\/\/coincards.com\/eu\/product\/global-experience-online-gift-card-electronic-delivery-15\/","name":"Global Experience Online Gift Card (Electronic Delivery) (Italy) - Coincards Europe","isPartOf":{"@id":"https:\/\/coincards.com\/eu\/#website"},"primaryImageOfPage":{"@id":"https:\/\/coincards.com\/eu\/product\/global-experience-online-gift-card-electronic-delivery-15\/#primaryimage"},"image":{"@id":"https:\/\/coincards.com\/eu\/product\/global-experience-online-gift-card-electronic-delivery-15\/#primaryimage"},"thumbnailUrl":"https:\/\/assets.coincards.com\/wp-content\/uploads\/sites\/6\/2024\/06\/04183850\/GEC-SI-card.png","datePublished":"2024-05-23T23:37:09+00:00","dateModified":"2024-06-05T23:20:57+00:00","breadcrumb":{"@id":"https:\/\/coincards.com\/eu\/product\/global-experience-online-gift-card-electronic-delivery-15\/#breadcrumb"},"inLanguage":"en-CA","potentialAction":[{"@type":"ReadAction","target":["https:\/\/coincards.com\/eu\/product\/global-experience-online-gift-card-electronic-delivery-15\/"]}]},{"@type":"ImageObject","inLanguage":"en-CA","@id":"https:\/\/coincards.com\/eu\/product\/global-experience-online-gift-card-electronic-delivery-15\/#primaryimage","url":"https:\/\/assets.coincards.com\/wp-content\/uploads\/sites\/6\/2024\/06\/04183850\/GEC-SI-card.png","contentUrl":"https:\/\/assets.coincards.com\/wp-content\/uploads\/sites\/6\/2024\/06\/04183850\/GEC-SI-card.png","width":675,"height":425},{"@type":"BreadcrumbList","@id":"https:\/\/coincards.com\/eu\/product\/global-experience-online-gift-card-electronic-delivery-15\/#breadcrumb","itemListElement":[{"@type":"ListItem","position":1,"name":"Home","item":"https:\/\/coincards.com\/eu\/"},{"@type":"ListItem","position":2,"name":"All Gift Cards","item":"https:\/\/coincards.com\/eu\/all-gift-cards\/"},{"@type":"ListItem","position":3,"name":"Global Experience Online Gift Card (Electronic Delivery) (Italy)"}]},{"@type":"WebSite","@id":"https:\/\/coincards.com\/eu\/#website","url":"https:\/\/coincards.com\/eu\/","name":"Coincards Europe","description":"Austrlia&#039;s #1 Cryptocurrency to Gift Card Exchange Service","potentialAction":[{"@type":"SearchAction","target":{"@type":"EntryPoint","urlTemplate":"https:\/\/coincards.com\/eu\/?s={search_term_string}"},"query-input":{"@type":"PropertyValueSpecification","valueRequired":true,"valueName":"search_term_string"}}],"inLanguage":"en-CA"}]},"product_price_amount":"10.00","product_price_currency":"EUR","og_availability":"instock","product_availability":"instock","product_condition":"new"},"_links":{"self":[{"href":"https:\/\/coincards.com\/eu\/wp-json\/wp\/v2\/product\/3144","targetHints":{"allow":["GET"]}}],"collection":[{"href":"https:\/\/coincards.com\/eu\/wp-json\/wp\/v2\/product"}],"about":[{"href":"https:\/\/coincards.com\/eu\/wp-json\/wp\/v2\/types\/product"}],"replies":[{"embeddable":true,"href":"https:\/\/coincards.com\/eu\/wp-json\/wp\/v2\/comments?post=3144"}],"wp:featuredmedia":[{"embeddable":true,"href":"https:\/\/coincards.com\/eu\/wp-json\/wp\/v2\/media\/5679"}],"wp:attachment":[{"href":"https:\/\/coincards.com\/eu\/wp-json\/wp\/v2\/media?parent=3144"}],"wp:term":[{"taxonomy":"product_cat","embeddable":true,"href":"https:\/\/coincards.com\/eu\/wp-json\/wp\/v2\/product_cat?post=3144"},{"taxonomy":"product_tag","embeddable":true,"href":"https:\/\/coincards.com\/eu\/wp-json\/wp\/v2\/product_tag?post=3144"}],"curies":[{"name":"wp","href":"https:\/\/api.w.org\/{rel}","templated":true}]}}