{"id":3143,"date":"2024-05-23T15:34:05","date_gmt":"2024-05-23T23:34:05","guid":{"rendered":"https:\/\/coincards.com\/eu\/?post_type=product&#038;p=3143"},"modified":"2024-06-05T15:20:55","modified_gmt":"2024-06-05T23:20:55","slug":"global-experience-online-gift-card-electronic-delivery-14","status":"publish","type":"product","link":"https:\/\/coincards.com\/eu\/product\/global-experience-online-gift-card-electronic-delivery-14\/","title":{"rendered":"Global Experience Online Gift Card (Electronic Delivery) (Latvia)"},"content":{"rendered":"<p>Global Experiences karti, ko nodro\u0161ina Viator, izsniedz Global Hotel Card, Inc., un vietnes https:\/\/www.globalexperiencescard.com\/ un d\u0101vanu kartes izmanto\u0161ana noz\u012bm\u0113 piekri\u0161anu \u0161iem noteikumiem un nosac\u012bjumiem, kas var tikt jebkur\u0101 laik\u0101 p\u0101rskat\u012bti. Pilnus noteikumus un nosac\u012bjumus var atrast vietn\u0113 https:\/\/www.globalexperiencescard.com\/terms-and-conditions. D\u0101vanu kart\u0113m nebeidzas der\u012bguma termi\u0146\u0161.<\/p>\n<p>1. Mekl\u0113jiet m\u016bsu pieg\u0101d\u0101t\u0101ju datu b\u0101z\u0113 j\u016bsu d\u0101vanu kartes val\u016bt\u0101 un rezerv\u0113jiet savu pieredzi tie\u0161saist\u0113 tikai vietn\u0113 www.globalexperiencescard.com.<\/p>\n<p>2. Izmantojiet 16\u00a0ciparu d\u0101vanu kartes kodu un 8\u00a0ciparu PIN\u00a0kodu k\u0101 pilnu vai da\u013c\u0113ju rezerv\u0101cijas apmaksu. Vien\u0101 rezerv\u0101cij\u0101 varat apvienot l\u012bdz \u010detr\u0101m d\u0101vanu kart\u0113m. Vienk\u0101r\u0161i izmantojiet d\u0101vanu kartes v\u0113rt\u012bbu pilnai vai da\u013c\u0113jai rezerv\u0101cijas apmaksai. Atlikumu, ja nepiecie\u0161ams, var samaks\u0101t ar galveno kred\u012btkarti. D\u0101vanu kart\u0113m nebeidzas der\u012bguma termi\u0146\u0161.<\/p>\n<p>3. J\u016bsu rezerv\u0101cija tiks apstiprin\u0101ta pa e-pastu tie\u0161i no Global Experiences kartes. Vienk\u0101r\u0161i uzr\u0101diet rezerv\u0101cijas apstiprin\u0101jumu un priek\u0161apmaksas rezerv\u0101cijas identifik\u0101ciju.<\/p>\n<p>4. J\u016bs varat atcelt savu rezerv\u0101ciju TIE\u0160SAIST\u0112 bez soda sankcij\u0101m, JA atcel\u0161ana tiek veikta tie\u0161saist\u0113 vietn\u0113 www.globalexperiencescard.com un ir saska\u0146\u0101 ar atcel\u0161anas politikas noteikumiem.<\/p>\n<p>5. Ja jums nepiecie\u0161ama pal\u012bdz\u012bba saist\u012bb\u0101 ar glob\u0101l\u0101s pieredzes kartes izmanto\u0161anu, l\u016bdzu, rakstiet mums uz e-pasta adresi help@globalexperiencescard.com un sniedziet p\u0113c iesp\u0113jas vair\u0101k inform\u0101cijas, lai pal\u012bdz\u0113tu mums lab\u0101k j\u016bs apkalpot.<\/p>\n","protected":false},"excerpt":{"rendered":"<p>Glob\u0101l\u0101s pieredzes karti, ko nodro\u0161ina Tripadvisor uz\u0146\u0113mums Viator, var izmantot tikai tie\u0161saist\u0113 vietn\u0113 www.globalexperiencescard.com, lai ieg\u016btu vair\u0101k nek\u0101 350 000 ce\u013cojumu, aktivit\u0101\u0161u, pieredzes un dar\u0101mo lietu vis\u0101 pasaul\u0113 vair\u0101k nek\u0101 120 valst\u012bs. Liel\u0101kais d\u0101vanu kar\u0161u kr\u0101jums ekskursij\u0101m, aktivit\u0101t\u0113m un pieredzei.<br \/>\nIzbaudiet iesp\u0113jas ar vair\u0101k nek\u0101 350 000 darb\u012bbu, tostarp:<br \/>\n\u2022 Ekskursijas un apskates vietas<br \/>\n\u2022 Atrakcijas un tematiskie parki<br \/>\n\u2022 \u0112diens, v\u012bns un naktsdz\u012bve<br \/>\n\u2022 Nodarb\u012bbas un darbn\u012bcas<br \/>\n\u2022 Kru\u012bzi, bur\u0101\u0161ana un \u016bdens t\u016bres<br \/>\n\u2022 pastaigu un rite\u0146brauk\u0161anas t\u016bres<br \/>\n\u2022 Transf\u0113ri un sauszemes transports<br \/>\n\u2022 Kult\u016bras un tematisk\u0101s ekskursijas<br \/>\n\u2022 Spa, joga un labsaj\u016bta<\/p>\n","protected":false},"featured_media":5679,"comment_status":"closed","ping_status":"closed","template":"","meta":{"_exactmetrics_skip_tracking":false,"_exactmetrics_sitenote_active":false,"_exactmetrics_sitenote_note":"","_exactmetrics_sitenote_category":0},"product_cat":[20],"product_tag":[],"class_list":{"0":"post-3143","1":"product","2":"type-product","3":"status-publish","4":"has-post-thumbnail","6":"product_brand-global-experiences-card","7":"product_cat-electronic-gift-cards","8":"pa_country-availability-latvia","10":"first","11":"instock","12":"virtual","13":"purchasable","14":"product-type-simple","15":"nyp-product"},"yoast_head":"<!-- This site is optimized with the Yoast SEO Premium plugin v20.11 (Yoast SEO v25.8) - https:\/\/yoast.com\/wordpress\/plugins\/seo\/ -->\n<title>Global Experience Online Gift Card (Electronic Delivery) (Latvia) - Coincards Europe<\/title>\n<meta name=\"robots\" content=\"index, follow, max-snippet:-1, max-image-preview:large, max-video-preview:-1\" \/>\n<link rel=\"canonical\" href=\"https:\/\/coincards.com\/eu\/product\/global-experience-online-gift-card-electronic-delivery-14\/\" \/>\n<meta property=\"og:locale\" content=\"en_US\" \/>\n<meta property=\"og:type\" content=\"article\" \/>\n<meta property=\"og:title\" content=\"Global Experience Online Gift Card (Electronic Delivery) (Latvia)\" \/>\n<meta property=\"og:description\" content=\"Glob\u0101l\u0101s pieredzes karti, ko nodro\u0161ina Tripadvisor uz\u0146\u0113mums Viator, var izmantot tikai tie\u0161saist\u0113 vietn\u0113 www.globalexperiencescard.com, lai ieg\u016btu vair\u0101k nek\u0101 350 000 ce\u013cojumu, aktivit\u0101\u0161u, pieredzes un dar\u0101mo lietu vis\u0101 pasaul\u0113 vair\u0101k nek\u0101 120 valst\u012bs. Liel\u0101kais d\u0101vanu kar\u0161u kr\u0101jums ekskursij\u0101m, aktivit\u0101t\u0113m un pieredzei. Izbaudiet iesp\u0113jas ar vair\u0101k nek\u0101 350 000 darb\u012bbu, tostarp: \u2022 Ekskursijas un apskates vietas \u2022 Atrakcijas un tematiskie parki \u2022 \u0112diens, v\u012bns un naktsdz\u012bve \u2022 Nodarb\u012bbas un darbn\u012bcas \u2022 Kru\u012bzi, bur\u0101\u0161ana un \u016bdens t\u016bres \u2022 pastaigu un rite\u0146brauk\u0161anas t\u016bres \u2022 Transf\u0113ri un sauszemes transports \u2022 Kult\u016bras un tematisk\u0101s ekskursijas \u2022 Spa, joga un labsaj\u016bta\" \/>\n<meta property=\"og:url\" content=\"https:\/\/coincards.com\/eu\/product\/global-experience-online-gift-card-electronic-delivery-14\/\" \/>\n<meta property=\"og:site_name\" content=\"Coincards Europe\" \/>\n<meta property=\"article:modified_time\" content=\"2024-06-05T23:20:55+00:00\" \/>\n<meta property=\"og:image\" content=\"https:\/\/assets.coincards.com\/wp-content\/uploads\/sites\/6\/2024\/06\/04183850\/GEC-SI-card.png\" \/>\n\t<meta property=\"og:image:width\" content=\"675\" \/>\n\t<meta property=\"og:image:height\" content=\"425\" \/>\n\t<meta property=\"og:image:type\" content=\"image\/png\" \/>\n<meta name=\"twitter:card\" content=\"summary_large_image\" \/>\n<meta name=\"twitter:label1\" content=\"Price\" \/>\n\t<meta name=\"twitter:data1\" content=\"&euro;25.00\" \/>\n\t<meta name=\"twitter:label2\" content=\"Availability\" \/>\n\t<meta name=\"twitter:data2\" content=\"In stock\" \/>\n<script type=\"application\/ld+json\" class=\"yoast-schema-graph\">{\"@context\":\"https:\/\/schema.org\",\"@graph\":[{\"@type\":\"WebPage\",\"@id\":\"https:\/\/coincards.com\/eu\/product\/global-experience-online-gift-card-electronic-delivery-14\/\",\"url\":\"https:\/\/coincards.com\/eu\/product\/global-experience-online-gift-card-electronic-delivery-14\/\",\"name\":\"Global Experience Online Gift Card (Electronic Delivery) (Latvia) - Coincards Europe\",\"isPartOf\":{\"@id\":\"https:\/\/coincards.com\/eu\/#website\"},\"primaryImageOfPage\":{\"@id\":\"https:\/\/coincards.com\/eu\/product\/global-experience-online-gift-card-electronic-delivery-14\/#primaryimage\"},\"image\":{\"@id\":\"https:\/\/coincards.com\/eu\/product\/global-experience-online-gift-card-electronic-delivery-14\/#primaryimage\"},\"thumbnailUrl\":\"https:\/\/assets.coincards.com\/wp-content\/uploads\/sites\/6\/2024\/06\/04183850\/GEC-SI-card.png\",\"datePublished\":\"2024-05-23T23:34:05+00:00\",\"dateModified\":\"2024-06-05T23:20:55+00:00\",\"breadcrumb\":{\"@id\":\"https:\/\/coincards.com\/eu\/product\/global-experience-online-gift-card-electronic-delivery-14\/#breadcrumb\"},\"inLanguage\":\"en-CA\",\"potentialAction\":[{\"@type\":\"ReadAction\",\"target\":[\"https:\/\/coincards.com\/eu\/product\/global-experience-online-gift-card-electronic-delivery-14\/\"]}]},{\"@type\":\"ImageObject\",\"inLanguage\":\"en-CA\",\"@id\":\"https:\/\/coincards.com\/eu\/product\/global-experience-online-gift-card-electronic-delivery-14\/#primaryimage\",\"url\":\"https:\/\/assets.coincards.com\/wp-content\/uploads\/sites\/6\/2024\/06\/04183850\/GEC-SI-card.png\",\"contentUrl\":\"https:\/\/assets.coincards.com\/wp-content\/uploads\/sites\/6\/2024\/06\/04183850\/GEC-SI-card.png\",\"width\":675,\"height\":425},{\"@type\":\"BreadcrumbList\",\"@id\":\"https:\/\/coincards.com\/eu\/product\/global-experience-online-gift-card-electronic-delivery-14\/#breadcrumb\",\"itemListElement\":[{\"@type\":\"ListItem\",\"position\":1,\"name\":\"Home\",\"item\":\"https:\/\/coincards.com\/eu\/\"},{\"@type\":\"ListItem\",\"position\":2,\"name\":\"All Gift Cards\",\"item\":\"https:\/\/coincards.com\/eu\/all-gift-cards\/\"},{\"@type\":\"ListItem\",\"position\":3,\"name\":\"Global Experience Online Gift Card (Electronic Delivery) (Latvia)\"}]},{\"@type\":\"WebSite\",\"@id\":\"https:\/\/coincards.com\/eu\/#website\",\"url\":\"https:\/\/coincards.com\/eu\/\",\"name\":\"Coincards Europe\",\"description\":\"Austrlia&#039;s #1 Cryptocurrency to Gift Card Exchange Service\",\"potentialAction\":[{\"@type\":\"SearchAction\",\"target\":{\"@type\":\"EntryPoint\",\"urlTemplate\":\"https:\/\/coincards.com\/eu\/?s={search_term_string}\"},\"query-input\":{\"@type\":\"PropertyValueSpecification\",\"valueRequired\":true,\"valueName\":\"search_term_string\"}}],\"inLanguage\":\"en-CA\"}]}<\/script>\n<meta property=\"product:price:amount\" content=\"25.00\" \/>\n<meta property=\"product:price:currency\" content=\"EUR\" \/>\n<meta property=\"og:availability\" content=\"instock\" \/>\n<meta property=\"product:availability\" content=\"instock\" \/>\n<meta property=\"product:condition\" content=\"new\" \/>\n<!-- \/ Yoast SEO Premium plugin. -->","yoast_head_json":{"title":"Global Experience Online Gift Card (Electronic Delivery) (Latvia) - Coincards Europe","robots":{"index":"index","follow":"follow","max-snippet":"max-snippet:-1","max-image-preview":"max-image-preview:large","max-video-preview":"max-video-preview:-1"},"canonical":"https:\/\/coincards.com\/eu\/product\/global-experience-online-gift-card-electronic-delivery-14\/","og_locale":"en_US","og_type":"article","og_title":"Global Experience Online Gift Card (Electronic Delivery) (Latvia)","og_description":"Glob\u0101l\u0101s pieredzes karti, ko nodro\u0161ina Tripadvisor uz\u0146\u0113mums Viator, var izmantot tikai tie\u0161saist\u0113 vietn\u0113 www.globalexperiencescard.com, lai ieg\u016btu vair\u0101k nek\u0101 350 000 ce\u013cojumu, aktivit\u0101\u0161u, pieredzes un dar\u0101mo lietu vis\u0101 pasaul\u0113 vair\u0101k nek\u0101 120 valst\u012bs. Liel\u0101kais d\u0101vanu kar\u0161u kr\u0101jums ekskursij\u0101m, aktivit\u0101t\u0113m un pieredzei. Izbaudiet iesp\u0113jas ar vair\u0101k nek\u0101 350 000 darb\u012bbu, tostarp: \u2022 Ekskursijas un apskates vietas \u2022 Atrakcijas un tematiskie parki \u2022 \u0112diens, v\u012bns un naktsdz\u012bve \u2022 Nodarb\u012bbas un darbn\u012bcas \u2022 Kru\u012bzi, bur\u0101\u0161ana un \u016bdens t\u016bres \u2022 pastaigu un rite\u0146brauk\u0161anas t\u016bres \u2022 Transf\u0113ri un sauszemes transports \u2022 Kult\u016bras un tematisk\u0101s ekskursijas \u2022 Spa, joga un labsaj\u016bta","og_url":"https:\/\/coincards.com\/eu\/product\/global-experience-online-gift-card-electronic-delivery-14\/","og_site_name":"Coincards Europe","article_modified_time":"2024-06-05T23:20:55+00:00","og_image":[{"width":675,"height":425,"url":"https:\/\/assets.coincards.com\/wp-content\/uploads\/sites\/6\/2024\/06\/04183850\/GEC-SI-card.png","type":"image\/png"}],"twitter_card":"summary_large_image","twitter_misc":{"Price":"&euro;25.00","Availability":"In stock"},"schema":{"@context":"https:\/\/schema.org","@graph":[{"@type":"WebPage","@id":"https:\/\/coincards.com\/eu\/product\/global-experience-online-gift-card-electronic-delivery-14\/","url":"https:\/\/coincards.com\/eu\/product\/global-experience-online-gift-card-electronic-delivery-14\/","name":"Global Experience Online Gift Card (Electronic Delivery) (Latvia) - Coincards Europe","isPartOf":{"@id":"https:\/\/coincards.com\/eu\/#website"},"primaryImageOfPage":{"@id":"https:\/\/coincards.com\/eu\/product\/global-experience-online-gift-card-electronic-delivery-14\/#primaryimage"},"image":{"@id":"https:\/\/coincards.com\/eu\/product\/global-experience-online-gift-card-electronic-delivery-14\/#primaryimage"},"thumbnailUrl":"https:\/\/assets.coincards.com\/wp-content\/uploads\/sites\/6\/2024\/06\/04183850\/GEC-SI-card.png","datePublished":"2024-05-23T23:34:05+00:00","dateModified":"2024-06-05T23:20:55+00:00","breadcrumb":{"@id":"https:\/\/coincards.com\/eu\/product\/global-experience-online-gift-card-electronic-delivery-14\/#breadcrumb"},"inLanguage":"en-CA","potentialAction":[{"@type":"ReadAction","target":["https:\/\/coincards.com\/eu\/product\/global-experience-online-gift-card-electronic-delivery-14\/"]}]},{"@type":"ImageObject","inLanguage":"en-CA","@id":"https:\/\/coincards.com\/eu\/product\/global-experience-online-gift-card-electronic-delivery-14\/#primaryimage","url":"https:\/\/assets.coincards.com\/wp-content\/uploads\/sites\/6\/2024\/06\/04183850\/GEC-SI-card.png","contentUrl":"https:\/\/assets.coincards.com\/wp-content\/uploads\/sites\/6\/2024\/06\/04183850\/GEC-SI-card.png","width":675,"height":425},{"@type":"BreadcrumbList","@id":"https:\/\/coincards.com\/eu\/product\/global-experience-online-gift-card-electronic-delivery-14\/#breadcrumb","itemListElement":[{"@type":"ListItem","position":1,"name":"Home","item":"https:\/\/coincards.com\/eu\/"},{"@type":"ListItem","position":2,"name":"All Gift Cards","item":"https:\/\/coincards.com\/eu\/all-gift-cards\/"},{"@type":"ListItem","position":3,"name":"Global Experience Online Gift Card (Electronic Delivery) (Latvia)"}]},{"@type":"WebSite","@id":"https:\/\/coincards.com\/eu\/#website","url":"https:\/\/coincards.com\/eu\/","name":"Coincards Europe","description":"Austrlia&#039;s #1 Cryptocurrency to Gift Card Exchange Service","potentialAction":[{"@type":"SearchAction","target":{"@type":"EntryPoint","urlTemplate":"https:\/\/coincards.com\/eu\/?s={search_term_string}"},"query-input":{"@type":"PropertyValueSpecification","valueRequired":true,"valueName":"search_term_string"}}],"inLanguage":"en-CA"}]},"product_price_amount":"25.00","product_price_currency":"EUR","og_availability":"instock","product_availability":"instock","product_condition":"new"},"_links":{"self":[{"href":"https:\/\/coincards.com\/eu\/wp-json\/wp\/v2\/product\/3143","targetHints":{"allow":["GET"]}}],"collection":[{"href":"https:\/\/coincards.com\/eu\/wp-json\/wp\/v2\/product"}],"about":[{"href":"https:\/\/coincards.com\/eu\/wp-json\/wp\/v2\/types\/product"}],"replies":[{"embeddable":true,"href":"https:\/\/coincards.com\/eu\/wp-json\/wp\/v2\/comments?post=3143"}],"wp:featuredmedia":[{"embeddable":true,"href":"https:\/\/coincards.com\/eu\/wp-json\/wp\/v2\/media\/5679"}],"wp:attachment":[{"href":"https:\/\/coincards.com\/eu\/wp-json\/wp\/v2\/media?parent=3143"}],"wp:term":[{"taxonomy":"product_cat","embeddable":true,"href":"https:\/\/coincards.com\/eu\/wp-json\/wp\/v2\/product_cat?post=3143"},{"taxonomy":"product_tag","embeddable":true,"href":"https:\/\/coincards.com\/eu\/wp-json\/wp\/v2\/product_tag?post=3143"}],"curies":[{"name":"wp","href":"https:\/\/api.w.org\/{rel}","templated":true}]}}