{"id":3141,"date":"2024-05-23T15:26:58","date_gmt":"2024-05-23T23:26:58","guid":{"rendered":"https:\/\/coincards.com\/eu\/?post_type=product&#038;p=3141"},"modified":"2024-06-05T15:20:53","modified_gmt":"2024-06-05T23:20:53","slug":"global-experience-online-gift-card-electronic-delivery-12","status":"publish","type":"product","link":"https:\/\/coincards.com\/eu\/product\/global-experience-online-gift-card-electronic-delivery-12\/","title":{"rendered":"Global Experience Online Gift Card (Electronic Delivery) (Croatia)"},"content":{"rendered":"<p>Karticu Global Experiences Card Powered by Viator izdaje Global Hotel Card, Inc., a kori\u0161tenje web stranice https:\/\/www.globalexperiencescard.com\/ i darovne kartice predstavlja prihva\u0107anje ovih uvjeta i odredbi koje se mogu izmijeniti u bilo kojem trenutku. Potpuni uvjeti i odredbe mogu se prona\u0107i na https:\/\/www.globalexperiencescard.com\/terms-and-conditions. Poklon kartice ne isti\u010du.<\/p>\n<p>1. Pretra\u017eite na\u0161u bazu podataka dobavlja\u010da u valuti va\u0161e darovne kartice i rezervirajte svoja iskustva samo na mre\u017ei na www.globalexperiencescard.com.<\/p>\n<p>2. Primijenite 16-znamenkasti kod darovne kartice i 8-znamenkasti PIN kao potpuno ili djelomi\u010dno pla\u0107anje rezervacije. Mo\u017eete kombinirati do \u010detiri darovne kartice po rezervaciji. Jednostavno primijenite vrijednost svoje darovne kartice za potpuno ili djelomi\u010dno pla\u0107anje rezervacije. Ostatak se, ako je potrebno, mo\u017ee platiti glavnom kreditnom karticom. Poklon kartice ne isti\u010du.<\/p>\n<p>3. Va\u0161a \u0107e rezervacija biti potvr\u0111ena e-po\u0161tom izravno s kartice Global Experiences. Jednostavno predo\u010dite potvrdu rezervacije i identifikaciju za unaprijed pla\u0107enu rezervaciju.<\/p>\n<p>4. Svoju rezervaciju mo\u017eete otkazati ONLINE bez ikakvih kazni AKO je otkazivanje u\u010dinjeno online na www.globalexperiencescard.com i unutar je pravila pravila otkazivanja.<\/p>\n<p>5. Ako vam je potrebna pomo\u0107 u vezi s kori\u0161tenjem kartice Global Experiences, po\u0161aljite nam e-po\u0161tu na help@globalexperiencescard.com i navedite \u0161to je mogu\u0107e vi\u0161e pojedinosti kako bismo vam pomogli da vam bolje poslu\u017eimo.<\/p>\n","protected":false},"excerpt":{"rendered":"<p>Kartica Global Experiences Card koju pokre\u0107e Viator, tvrtka Tripadvisor, mo\u017ee se iskoristiti samo online na www.globalexperiencescard.com za vi\u0161e od 350 000 obilazaka, aktivnosti, iskustava i stvari koje treba raditi diljem svijeta u vi\u0161e od 120 zemalja. Najve\u0107i popis bilo koje darovne kartice za obilaske, aktivnosti i iskustva.<br \/>\nU\u017eivajte u mogu\u0107nostima s vi\u0161e od 350 000 stvari koje mo\u017eete u\u010diniti uklju\u010duju\u0107i:<br \/>\n\u2022 Izleti i razgledavanje<br \/>\n\u2022 Atrakcije i tematski parkovi<br \/>\n\u2022 Hrana, vino i no\u0107ni \u017eivot<br \/>\n\u2022 Te\u010dajevi i radionice<br \/>\n\u2022 Krstarenja, jedrenje i obilasci vodom<br \/>\n\u2022 Pje\u0161a\u010dke i biciklisti\u010dke ture<br \/>\n\u2022 Transferi i kopneni prijevoz<br \/>\n\u2022 Kulturne i tematske ture<br \/>\n\u2022 Spa, joga i wellness<\/p>\n","protected":false},"featured_media":5679,"comment_status":"closed","ping_status":"closed","template":"","meta":{"_exactmetrics_skip_tracking":false,"_exactmetrics_sitenote_active":false,"_exactmetrics_sitenote_note":"","_exactmetrics_sitenote_category":0},"product_cat":[20],"product_tag":[],"class_list":{"0":"post-3141","1":"product","2":"type-product","3":"status-publish","4":"has-post-thumbnail","6":"product_brand-global-experiences-card","7":"product_cat-electronic-gift-cards","8":"pa_country-availability-croatia","10":"first","11":"instock","12":"virtual","13":"purchasable","14":"product-type-simple","15":"nyp-product"},"yoast_head":"<!-- This site is optimized with the Yoast SEO Premium plugin v20.11 (Yoast SEO v25.8) - https:\/\/yoast.com\/wordpress\/plugins\/seo\/ -->\n<title>Global Experience Online Gift Card (Electronic Delivery) (Croatia) - Coincards Europe<\/title>\n<meta name=\"robots\" content=\"index, follow, max-snippet:-1, max-image-preview:large, max-video-preview:-1\" \/>\n<link rel=\"canonical\" href=\"https:\/\/coincards.com\/eu\/product\/global-experience-online-gift-card-electronic-delivery-12\/\" \/>\n<meta property=\"og:locale\" content=\"en_US\" \/>\n<meta property=\"og:type\" content=\"article\" \/>\n<meta property=\"og:title\" content=\"Global Experience Online Gift Card (Electronic Delivery) (Croatia)\" \/>\n<meta property=\"og:description\" content=\"Kartica Global Experiences Card koju pokre\u0107e Viator, tvrtka Tripadvisor, mo\u017ee se iskoristiti samo online na www.globalexperiencescard.com za vi\u0161e od 350 000 obilazaka, aktivnosti, iskustava i stvari koje treba raditi diljem svijeta u vi\u0161e od 120 zemalja. Najve\u0107i popis bilo koje darovne kartice za obilaske, aktivnosti i iskustva. U\u017eivajte u mogu\u0107nostima s vi\u0161e od 350 000 stvari koje mo\u017eete u\u010diniti uklju\u010duju\u0107i: \u2022 Izleti i razgledavanje \u2022 Atrakcije i tematski parkovi \u2022 Hrana, vino i no\u0107ni \u017eivot \u2022 Te\u010dajevi i radionice \u2022 Krstarenja, jedrenje i obilasci vodom \u2022 Pje\u0161a\u010dke i biciklisti\u010dke ture \u2022 Transferi i kopneni prijevoz \u2022 Kulturne i tematske ture \u2022 Spa, joga i wellness\" \/>\n<meta property=\"og:url\" content=\"https:\/\/coincards.com\/eu\/product\/global-experience-online-gift-card-electronic-delivery-12\/\" \/>\n<meta property=\"og:site_name\" content=\"Coincards Europe\" \/>\n<meta property=\"article:modified_time\" content=\"2024-06-05T23:20:53+00:00\" \/>\n<meta property=\"og:image\" content=\"https:\/\/assets.coincards.com\/wp-content\/uploads\/sites\/6\/2024\/06\/04183850\/GEC-SI-card.png\" \/>\n\t<meta property=\"og:image:width\" content=\"675\" \/>\n\t<meta property=\"og:image:height\" content=\"425\" \/>\n\t<meta property=\"og:image:type\" content=\"image\/png\" \/>\n<meta name=\"twitter:card\" content=\"summary_large_image\" \/>\n<meta name=\"twitter:label1\" content=\"Price\" \/>\n\t<meta name=\"twitter:data1\" content=\"&euro;25.00\" \/>\n\t<meta name=\"twitter:label2\" content=\"Availability\" \/>\n\t<meta name=\"twitter:data2\" content=\"In stock\" \/>\n<script type=\"application\/ld+json\" class=\"yoast-schema-graph\">{\"@context\":\"https:\/\/schema.org\",\"@graph\":[{\"@type\":\"WebPage\",\"@id\":\"https:\/\/coincards.com\/eu\/product\/global-experience-online-gift-card-electronic-delivery-12\/\",\"url\":\"https:\/\/coincards.com\/eu\/product\/global-experience-online-gift-card-electronic-delivery-12\/\",\"name\":\"Global Experience Online Gift Card (Electronic Delivery) (Croatia) - Coincards Europe\",\"isPartOf\":{\"@id\":\"https:\/\/coincards.com\/eu\/#website\"},\"primaryImageOfPage\":{\"@id\":\"https:\/\/coincards.com\/eu\/product\/global-experience-online-gift-card-electronic-delivery-12\/#primaryimage\"},\"image\":{\"@id\":\"https:\/\/coincards.com\/eu\/product\/global-experience-online-gift-card-electronic-delivery-12\/#primaryimage\"},\"thumbnailUrl\":\"https:\/\/assets.coincards.com\/wp-content\/uploads\/sites\/6\/2024\/06\/04183850\/GEC-SI-card.png\",\"datePublished\":\"2024-05-23T23:26:58+00:00\",\"dateModified\":\"2024-06-05T23:20:53+00:00\",\"breadcrumb\":{\"@id\":\"https:\/\/coincards.com\/eu\/product\/global-experience-online-gift-card-electronic-delivery-12\/#breadcrumb\"},\"inLanguage\":\"en-CA\",\"potentialAction\":[{\"@type\":\"ReadAction\",\"target\":[\"https:\/\/coincards.com\/eu\/product\/global-experience-online-gift-card-electronic-delivery-12\/\"]}]},{\"@type\":\"ImageObject\",\"inLanguage\":\"en-CA\",\"@id\":\"https:\/\/coincards.com\/eu\/product\/global-experience-online-gift-card-electronic-delivery-12\/#primaryimage\",\"url\":\"https:\/\/assets.coincards.com\/wp-content\/uploads\/sites\/6\/2024\/06\/04183850\/GEC-SI-card.png\",\"contentUrl\":\"https:\/\/assets.coincards.com\/wp-content\/uploads\/sites\/6\/2024\/06\/04183850\/GEC-SI-card.png\",\"width\":675,\"height\":425},{\"@type\":\"BreadcrumbList\",\"@id\":\"https:\/\/coincards.com\/eu\/product\/global-experience-online-gift-card-electronic-delivery-12\/#breadcrumb\",\"itemListElement\":[{\"@type\":\"ListItem\",\"position\":1,\"name\":\"Home\",\"item\":\"https:\/\/coincards.com\/eu\/\"},{\"@type\":\"ListItem\",\"position\":2,\"name\":\"All Gift Cards\",\"item\":\"https:\/\/coincards.com\/eu\/all-gift-cards\/\"},{\"@type\":\"ListItem\",\"position\":3,\"name\":\"Global Experience Online Gift Card (Electronic Delivery) (Croatia)\"}]},{\"@type\":\"WebSite\",\"@id\":\"https:\/\/coincards.com\/eu\/#website\",\"url\":\"https:\/\/coincards.com\/eu\/\",\"name\":\"Coincards Europe\",\"description\":\"Austrlia&#039;s #1 Cryptocurrency to Gift Card Exchange Service\",\"potentialAction\":[{\"@type\":\"SearchAction\",\"target\":{\"@type\":\"EntryPoint\",\"urlTemplate\":\"https:\/\/coincards.com\/eu\/?s={search_term_string}\"},\"query-input\":{\"@type\":\"PropertyValueSpecification\",\"valueRequired\":true,\"valueName\":\"search_term_string\"}}],\"inLanguage\":\"en-CA\"}]}<\/script>\n<meta property=\"product:price:amount\" content=\"25.00\" \/>\n<meta property=\"product:price:currency\" content=\"EUR\" \/>\n<meta property=\"og:availability\" content=\"instock\" \/>\n<meta property=\"product:availability\" content=\"instock\" \/>\n<meta property=\"product:condition\" content=\"new\" \/>\n<!-- \/ Yoast SEO Premium plugin. -->","yoast_head_json":{"title":"Global Experience Online Gift Card (Electronic Delivery) (Croatia) - Coincards Europe","robots":{"index":"index","follow":"follow","max-snippet":"max-snippet:-1","max-image-preview":"max-image-preview:large","max-video-preview":"max-video-preview:-1"},"canonical":"https:\/\/coincards.com\/eu\/product\/global-experience-online-gift-card-electronic-delivery-12\/","og_locale":"en_US","og_type":"article","og_title":"Global Experience Online Gift Card (Electronic Delivery) (Croatia)","og_description":"Kartica Global Experiences Card koju pokre\u0107e Viator, tvrtka Tripadvisor, mo\u017ee se iskoristiti samo online na www.globalexperiencescard.com za vi\u0161e od 350 000 obilazaka, aktivnosti, iskustava i stvari koje treba raditi diljem svijeta u vi\u0161e od 120 zemalja. Najve\u0107i popis bilo koje darovne kartice za obilaske, aktivnosti i iskustva. U\u017eivajte u mogu\u0107nostima s vi\u0161e od 350 000 stvari koje mo\u017eete u\u010diniti uklju\u010duju\u0107i: \u2022 Izleti i razgledavanje \u2022 Atrakcije i tematski parkovi \u2022 Hrana, vino i no\u0107ni \u017eivot \u2022 Te\u010dajevi i radionice \u2022 Krstarenja, jedrenje i obilasci vodom \u2022 Pje\u0161a\u010dke i biciklisti\u010dke ture \u2022 Transferi i kopneni prijevoz \u2022 Kulturne i tematske ture \u2022 Spa, joga i wellness","og_url":"https:\/\/coincards.com\/eu\/product\/global-experience-online-gift-card-electronic-delivery-12\/","og_site_name":"Coincards Europe","article_modified_time":"2024-06-05T23:20:53+00:00","og_image":[{"width":675,"height":425,"url":"https:\/\/assets.coincards.com\/wp-content\/uploads\/sites\/6\/2024\/06\/04183850\/GEC-SI-card.png","type":"image\/png"}],"twitter_card":"summary_large_image","twitter_misc":{"Price":"&euro;25.00","Availability":"In stock"},"schema":{"@context":"https:\/\/schema.org","@graph":[{"@type":"WebPage","@id":"https:\/\/coincards.com\/eu\/product\/global-experience-online-gift-card-electronic-delivery-12\/","url":"https:\/\/coincards.com\/eu\/product\/global-experience-online-gift-card-electronic-delivery-12\/","name":"Global Experience Online Gift Card (Electronic Delivery) (Croatia) - Coincards Europe","isPartOf":{"@id":"https:\/\/coincards.com\/eu\/#website"},"primaryImageOfPage":{"@id":"https:\/\/coincards.com\/eu\/product\/global-experience-online-gift-card-electronic-delivery-12\/#primaryimage"},"image":{"@id":"https:\/\/coincards.com\/eu\/product\/global-experience-online-gift-card-electronic-delivery-12\/#primaryimage"},"thumbnailUrl":"https:\/\/assets.coincards.com\/wp-content\/uploads\/sites\/6\/2024\/06\/04183850\/GEC-SI-card.png","datePublished":"2024-05-23T23:26:58+00:00","dateModified":"2024-06-05T23:20:53+00:00","breadcrumb":{"@id":"https:\/\/coincards.com\/eu\/product\/global-experience-online-gift-card-electronic-delivery-12\/#breadcrumb"},"inLanguage":"en-CA","potentialAction":[{"@type":"ReadAction","target":["https:\/\/coincards.com\/eu\/product\/global-experience-online-gift-card-electronic-delivery-12\/"]}]},{"@type":"ImageObject","inLanguage":"en-CA","@id":"https:\/\/coincards.com\/eu\/product\/global-experience-online-gift-card-electronic-delivery-12\/#primaryimage","url":"https:\/\/assets.coincards.com\/wp-content\/uploads\/sites\/6\/2024\/06\/04183850\/GEC-SI-card.png","contentUrl":"https:\/\/assets.coincards.com\/wp-content\/uploads\/sites\/6\/2024\/06\/04183850\/GEC-SI-card.png","width":675,"height":425},{"@type":"BreadcrumbList","@id":"https:\/\/coincards.com\/eu\/product\/global-experience-online-gift-card-electronic-delivery-12\/#breadcrumb","itemListElement":[{"@type":"ListItem","position":1,"name":"Home","item":"https:\/\/coincards.com\/eu\/"},{"@type":"ListItem","position":2,"name":"All Gift Cards","item":"https:\/\/coincards.com\/eu\/all-gift-cards\/"},{"@type":"ListItem","position":3,"name":"Global Experience Online Gift Card (Electronic Delivery) (Croatia)"}]},{"@type":"WebSite","@id":"https:\/\/coincards.com\/eu\/#website","url":"https:\/\/coincards.com\/eu\/","name":"Coincards Europe","description":"Austrlia&#039;s #1 Cryptocurrency to Gift Card Exchange Service","potentialAction":[{"@type":"SearchAction","target":{"@type":"EntryPoint","urlTemplate":"https:\/\/coincards.com\/eu\/?s={search_term_string}"},"query-input":{"@type":"PropertyValueSpecification","valueRequired":true,"valueName":"search_term_string"}}],"inLanguage":"en-CA"}]},"product_price_amount":"25.00","product_price_currency":"EUR","og_availability":"instock","product_availability":"instock","product_condition":"new"},"_links":{"self":[{"href":"https:\/\/coincards.com\/eu\/wp-json\/wp\/v2\/product\/3141","targetHints":{"allow":["GET"]}}],"collection":[{"href":"https:\/\/coincards.com\/eu\/wp-json\/wp\/v2\/product"}],"about":[{"href":"https:\/\/coincards.com\/eu\/wp-json\/wp\/v2\/types\/product"}],"replies":[{"embeddable":true,"href":"https:\/\/coincards.com\/eu\/wp-json\/wp\/v2\/comments?post=3141"}],"wp:featuredmedia":[{"embeddable":true,"href":"https:\/\/coincards.com\/eu\/wp-json\/wp\/v2\/media\/5679"}],"wp:attachment":[{"href":"https:\/\/coincards.com\/eu\/wp-json\/wp\/v2\/media?parent=3141"}],"wp:term":[{"taxonomy":"product_cat","embeddable":true,"href":"https:\/\/coincards.com\/eu\/wp-json\/wp\/v2\/product_cat?post=3141"},{"taxonomy":"product_tag","embeddable":true,"href":"https:\/\/coincards.com\/eu\/wp-json\/wp\/v2\/product_tag?post=3141"}],"curies":[{"name":"wp","href":"https:\/\/api.w.org\/{rel}","templated":true}]}}