{"id":3140,"date":"2024-05-23T15:24:02","date_gmt":"2024-05-23T23:24:02","guid":{"rendered":"https:\/\/coincards.com\/eu\/?post_type=product&#038;p=3140"},"modified":"2024-06-05T15:20:52","modified_gmt":"2024-06-05T23:20:52","slug":"global-experience-online-gift-card-electronic-delivery-11","status":"publish","type":"product","link":"https:\/\/coincards.com\/eu\/product\/global-experience-online-gift-card-electronic-delivery-11\/","title":{"rendered":"Global Experience Online Gift Card (Electronic Delivery) (Estonia)"},"content":{"rendered":"<p>Global Hotel Card, Inc. on v\u00e4lja andnud Global Experiences Cardi Powered by Viator ning veebisaidi https:\/\/www.globalexperiencescard.com\/ ja kinkekaardi kasutamine t\u00e4hendab nende tingimustega n\u00f5ustumist, mida v\u00f5idakse igal ajal muuta. T\u00e4ielikud n\u00f5uded ja tingimused leiate aadressilt https:\/\/www.globalexperiencescard.com\/terms-and-conditions. Kinkekaardid ei aegu.<\/p>\n<p>1. Otsige meie tarnijate andmebaasist oma kinkekaardi valuutas ja broneerige oma elamusi ainult veebis aadressil www.globalexperiencescard.com.<\/p>\n<p>2. Rakendage 16-kohaline kinkekaardi kood ja 8-kohaline PIN-kood broneeringu t\u00e4ielikuks v\u00f5i osaliseks tasumiseks. \u00dche broneeringu kohta saate kombineerida kuni neli kinkekaarti. Broneeringu t\u00e4ielikuks v\u00f5i osaliseks tasumiseks kasutage lihtsalt oma kinkekaardi v\u00e4\u00e4rtust. Vajadusel v\u00f5ib saldo tasuda suurema krediitkaardiga. Kinkekaardid ei aegu.<\/p>\n<p>3. Teie broneering kinnitatakse meili teel otse Global Experiences Cardilt. Ettemakstud broneeringu puhul esitage lihtsalt oma broneeringu kinnitus ja isikut t\u00f5endav dokument.<\/p>\n<p>4. V\u00f5ite t\u00fchistada oma broneeringu ONLINE ilma trahvita, KUI t\u00fchistamine toimub veebiaadressil www.globalexperiencescard.com ja see on t\u00fchistamispoliitika reeglite kohaselt.<\/p>\n<p>5. Kui vajate abi seoses Global Experiences Cardi kasutamisega, saatke meile e-kiri aadressil help@globalexperiencescard.com ja esitage v\u00f5imalikult palju \u00fcksikasju, et aidata meil teid paremini teenindada.<\/p>\n","protected":false},"excerpt":{"rendered":"<p>Globaalsete kogemuste kaarti, mida pakub Tripadvisori ettev\u00f5te Viator, saab lunastada ainult veebis aadressil www.globalexperiencescard.com enam kui 350 000 reisi, tegevuse, elamuse ja tegevuse jaoks \u00fcle 120 riigis. Suurim valik kinkekaarte ekskursioonide, tegevuste ja elamuste jaoks.<br \/>\nNautige v\u00f5imalusi rohkem kui 350 000 tegevusega, sealhulgas:<br \/>\n\u2022 Ekskursioonid ja vaatamisv\u00e4\u00e4rsused<br \/>\n\u2022 Vaatamisv\u00e4\u00e4rsused ja teemapargid<br \/>\n\u2022 toit, vein ja \u00f6\u00f6elu<br \/>\n\u2022 Klassid ja t\u00f6\u00f6toad<br \/>\n\u2022 Kruiisid, purjetamine ja veereisid<br \/>\n\u2022 Jalutus- ja rattareisid<br \/>\n\u2022 Transfeerid ja maismaatransport<br \/>\n\u2022 Kultuuri- ja teemareisid<br \/>\n\u2022 spaa, jooga ja heaolu<\/p>\n","protected":false},"featured_media":5679,"comment_status":"closed","ping_status":"closed","template":"","meta":{"_exactmetrics_skip_tracking":false,"_exactmetrics_sitenote_active":false,"_exactmetrics_sitenote_note":"","_exactmetrics_sitenote_category":0},"product_cat":[20],"product_tag":[],"class_list":{"0":"post-3140","1":"product","2":"type-product","3":"status-publish","4":"has-post-thumbnail","6":"product_brand-global-experiences-card","7":"product_cat-electronic-gift-cards","8":"pa_country-availability-estonia","10":"first","11":"instock","12":"virtual","13":"purchasable","14":"product-type-simple","15":"nyp-product"},"yoast_head":"<!-- This site is optimized with the Yoast SEO Premium plugin v20.11 (Yoast SEO v27.3) - https:\/\/yoast.com\/product\/yoast-seo-premium-wordpress\/ -->\n<title>Global Experience Online Gift Card (Electronic Delivery) (Estonia) - Coincards Europe<\/title>\n<meta name=\"robots\" content=\"index, follow, max-snippet:-1, max-image-preview:large, max-video-preview:-1\" \/>\n<link rel=\"canonical\" href=\"https:\/\/coincards.com\/eu\/product\/global-experience-online-gift-card-electronic-delivery-11\/\" \/>\n<meta property=\"og:locale\" content=\"en_US\" \/>\n<meta property=\"og:type\" content=\"article\" \/>\n<meta property=\"og:title\" content=\"Global Experience Online Gift Card (Electronic Delivery) (Estonia)\" \/>\n<meta property=\"og:description\" content=\"Globaalsete kogemuste kaarti, mida pakub Tripadvisori ettev\u00f5te Viator, saab lunastada ainult veebis aadressil www.globalexperiencescard.com enam kui 350 000 reisi, tegevuse, elamuse ja tegevuse jaoks \u00fcle 120 riigis. Suurim valik kinkekaarte ekskursioonide, tegevuste ja elamuste jaoks. Nautige v\u00f5imalusi rohkem kui 350 000 tegevusega, sealhulgas: \u2022 Ekskursioonid ja vaatamisv\u00e4\u00e4rsused \u2022 Vaatamisv\u00e4\u00e4rsused ja teemapargid \u2022 toit, vein ja \u00f6\u00f6elu \u2022 Klassid ja t\u00f6\u00f6toad \u2022 Kruiisid, purjetamine ja veereisid \u2022 Jalutus- ja rattareisid \u2022 Transfeerid ja maismaatransport \u2022 Kultuuri- ja teemareisid \u2022 spaa, jooga ja heaolu\" \/>\n<meta property=\"og:url\" content=\"https:\/\/coincards.com\/eu\/product\/global-experience-online-gift-card-electronic-delivery-11\/\" \/>\n<meta property=\"og:site_name\" content=\"Coincards Europe\" \/>\n<meta property=\"article:modified_time\" content=\"2024-06-05T23:20:52+00:00\" \/>\n<meta property=\"og:image\" content=\"https:\/\/assets.coincards.com\/wp-content\/uploads\/sites\/6\/2024\/06\/04183850\/GEC-SI-card.png\" \/>\n\t<meta property=\"og:image:width\" content=\"675\" \/>\n\t<meta property=\"og:image:height\" content=\"425\" \/>\n\t<meta property=\"og:image:type\" content=\"image\/png\" \/>\n<meta name=\"twitter:card\" content=\"summary_large_image\" \/>\n<meta name=\"twitter:label1\" content=\"Price\" \/>\n\t<meta name=\"twitter:data1\" content=\"&euro;25.00\" \/>\n\t<meta name=\"twitter:label2\" content=\"Availability\" \/>\n\t<meta name=\"twitter:data2\" content=\"In stock\" \/>\n<script type=\"application\/ld+json\" class=\"yoast-schema-graph\">{\"@context\":\"https:\\\/\\\/schema.org\",\"@graph\":[{\"@type\":\"WebPage\",\"@id\":\"https:\\\/\\\/coincards.com\\\/eu\\\/product\\\/global-experience-online-gift-card-electronic-delivery-11\\\/\",\"url\":\"https:\\\/\\\/coincards.com\\\/eu\\\/product\\\/global-experience-online-gift-card-electronic-delivery-11\\\/\",\"name\":\"Global Experience Online Gift Card (Electronic Delivery) (Estonia) - Coincards Europe\",\"isPartOf\":{\"@id\":\"https:\\\/\\\/coincards.com\\\/eu\\\/#website\"},\"primaryImageOfPage\":{\"@id\":\"https:\\\/\\\/coincards.com\\\/eu\\\/product\\\/global-experience-online-gift-card-electronic-delivery-11\\\/#primaryimage\"},\"image\":{\"@id\":\"https:\\\/\\\/coincards.com\\\/eu\\\/product\\\/global-experience-online-gift-card-electronic-delivery-11\\\/#primaryimage\"},\"thumbnailUrl\":\"https:\\\/\\\/assets.coincards.com\\\/wp-content\\\/uploads\\\/sites\\\/6\\\/2024\\\/06\\\/04183850\\\/GEC-SI-card.png\",\"datePublished\":\"2024-05-23T23:24:02+00:00\",\"dateModified\":\"2024-06-05T23:20:52+00:00\",\"breadcrumb\":{\"@id\":\"https:\\\/\\\/coincards.com\\\/eu\\\/product\\\/global-experience-online-gift-card-electronic-delivery-11\\\/#breadcrumb\"},\"inLanguage\":\"en-CA\",\"potentialAction\":[{\"@type\":\"ReadAction\",\"target\":[\"https:\\\/\\\/coincards.com\\\/eu\\\/product\\\/global-experience-online-gift-card-electronic-delivery-11\\\/\"]}]},{\"@type\":\"ImageObject\",\"inLanguage\":\"en-CA\",\"@id\":\"https:\\\/\\\/coincards.com\\\/eu\\\/product\\\/global-experience-online-gift-card-electronic-delivery-11\\\/#primaryimage\",\"url\":\"https:\\\/\\\/assets.coincards.com\\\/wp-content\\\/uploads\\\/sites\\\/6\\\/2024\\\/06\\\/04183850\\\/GEC-SI-card.png\",\"contentUrl\":\"https:\\\/\\\/assets.coincards.com\\\/wp-content\\\/uploads\\\/sites\\\/6\\\/2024\\\/06\\\/04183850\\\/GEC-SI-card.png\",\"width\":675,\"height\":425},{\"@type\":\"BreadcrumbList\",\"@id\":\"https:\\\/\\\/coincards.com\\\/eu\\\/product\\\/global-experience-online-gift-card-electronic-delivery-11\\\/#breadcrumb\",\"itemListElement\":[{\"@type\":\"ListItem\",\"position\":1,\"name\":\"Home\",\"item\":\"https:\\\/\\\/coincards.com\\\/eu\\\/\"},{\"@type\":\"ListItem\",\"position\":2,\"name\":\"All Gift Cards\",\"item\":\"https:\\\/\\\/coincards.com\\\/eu\\\/all-gift-cards\\\/\"},{\"@type\":\"ListItem\",\"position\":3,\"name\":\"Global Experience Online Gift Card (Electronic Delivery) (Estonia)\"}]},{\"@type\":\"WebSite\",\"@id\":\"https:\\\/\\\/coincards.com\\\/eu\\\/#website\",\"url\":\"https:\\\/\\\/coincards.com\\\/eu\\\/\",\"name\":\"Coincards Europe\",\"description\":\"Austrlia&#039;s #1 Cryptocurrency to Gift Card Exchange Service\",\"potentialAction\":[{\"@type\":\"SearchAction\",\"target\":{\"@type\":\"EntryPoint\",\"urlTemplate\":\"https:\\\/\\\/coincards.com\\\/eu\\\/?s={search_term_string}\"},\"query-input\":{\"@type\":\"PropertyValueSpecification\",\"valueRequired\":true,\"valueName\":\"search_term_string\"}}],\"inLanguage\":\"en-CA\"}]}<\/script>\n<meta property=\"product:price:amount\" content=\"25.00\" \/>\n<meta property=\"product:price:currency\" content=\"EUR\" \/>\n<meta property=\"og:availability\" content=\"instock\" \/>\n<meta property=\"product:availability\" content=\"instock\" \/>\n<meta property=\"product:condition\" content=\"new\" \/>\n<!-- \/ Yoast SEO Premium plugin. -->","yoast_head_json":{"title":"Global Experience Online Gift Card (Electronic Delivery) (Estonia) - Coincards Europe","robots":{"index":"index","follow":"follow","max-snippet":"max-snippet:-1","max-image-preview":"max-image-preview:large","max-video-preview":"max-video-preview:-1"},"canonical":"https:\/\/coincards.com\/eu\/product\/global-experience-online-gift-card-electronic-delivery-11\/","og_locale":"en_US","og_type":"article","og_title":"Global Experience Online Gift Card (Electronic Delivery) (Estonia)","og_description":"Globaalsete kogemuste kaarti, mida pakub Tripadvisori ettev\u00f5te Viator, saab lunastada ainult veebis aadressil www.globalexperiencescard.com enam kui 350 000 reisi, tegevuse, elamuse ja tegevuse jaoks \u00fcle 120 riigis. Suurim valik kinkekaarte ekskursioonide, tegevuste ja elamuste jaoks. Nautige v\u00f5imalusi rohkem kui 350 000 tegevusega, sealhulgas: \u2022 Ekskursioonid ja vaatamisv\u00e4\u00e4rsused \u2022 Vaatamisv\u00e4\u00e4rsused ja teemapargid \u2022 toit, vein ja \u00f6\u00f6elu \u2022 Klassid ja t\u00f6\u00f6toad \u2022 Kruiisid, purjetamine ja veereisid \u2022 Jalutus- ja rattareisid \u2022 Transfeerid ja maismaatransport \u2022 Kultuuri- ja teemareisid \u2022 spaa, jooga ja heaolu","og_url":"https:\/\/coincards.com\/eu\/product\/global-experience-online-gift-card-electronic-delivery-11\/","og_site_name":"Coincards Europe","article_modified_time":"2024-06-05T23:20:52+00:00","og_image":[{"width":675,"height":425,"url":"https:\/\/assets.coincards.com\/wp-content\/uploads\/sites\/6\/2024\/06\/04183850\/GEC-SI-card.png","type":"image\/png"}],"twitter_card":"summary_large_image","twitter_misc":{"Price":"&euro;25.00","Availability":"In stock"},"schema":{"@context":"https:\/\/schema.org","@graph":[{"@type":"WebPage","@id":"https:\/\/coincards.com\/eu\/product\/global-experience-online-gift-card-electronic-delivery-11\/","url":"https:\/\/coincards.com\/eu\/product\/global-experience-online-gift-card-electronic-delivery-11\/","name":"Global Experience Online Gift Card (Electronic Delivery) (Estonia) - Coincards Europe","isPartOf":{"@id":"https:\/\/coincards.com\/eu\/#website"},"primaryImageOfPage":{"@id":"https:\/\/coincards.com\/eu\/product\/global-experience-online-gift-card-electronic-delivery-11\/#primaryimage"},"image":{"@id":"https:\/\/coincards.com\/eu\/product\/global-experience-online-gift-card-electronic-delivery-11\/#primaryimage"},"thumbnailUrl":"https:\/\/assets.coincards.com\/wp-content\/uploads\/sites\/6\/2024\/06\/04183850\/GEC-SI-card.png","datePublished":"2024-05-23T23:24:02+00:00","dateModified":"2024-06-05T23:20:52+00:00","breadcrumb":{"@id":"https:\/\/coincards.com\/eu\/product\/global-experience-online-gift-card-electronic-delivery-11\/#breadcrumb"},"inLanguage":"en-CA","potentialAction":[{"@type":"ReadAction","target":["https:\/\/coincards.com\/eu\/product\/global-experience-online-gift-card-electronic-delivery-11\/"]}]},{"@type":"ImageObject","inLanguage":"en-CA","@id":"https:\/\/coincards.com\/eu\/product\/global-experience-online-gift-card-electronic-delivery-11\/#primaryimage","url":"https:\/\/assets.coincards.com\/wp-content\/uploads\/sites\/6\/2024\/06\/04183850\/GEC-SI-card.png","contentUrl":"https:\/\/assets.coincards.com\/wp-content\/uploads\/sites\/6\/2024\/06\/04183850\/GEC-SI-card.png","width":675,"height":425},{"@type":"BreadcrumbList","@id":"https:\/\/coincards.com\/eu\/product\/global-experience-online-gift-card-electronic-delivery-11\/#breadcrumb","itemListElement":[{"@type":"ListItem","position":1,"name":"Home","item":"https:\/\/coincards.com\/eu\/"},{"@type":"ListItem","position":2,"name":"All Gift Cards","item":"https:\/\/coincards.com\/eu\/all-gift-cards\/"},{"@type":"ListItem","position":3,"name":"Global Experience Online Gift Card (Electronic Delivery) (Estonia)"}]},{"@type":"WebSite","@id":"https:\/\/coincards.com\/eu\/#website","url":"https:\/\/coincards.com\/eu\/","name":"Coincards Europe","description":"Austrlia&#039;s #1 Cryptocurrency to Gift Card Exchange Service","potentialAction":[{"@type":"SearchAction","target":{"@type":"EntryPoint","urlTemplate":"https:\/\/coincards.com\/eu\/?s={search_term_string}"},"query-input":{"@type":"PropertyValueSpecification","valueRequired":true,"valueName":"search_term_string"}}],"inLanguage":"en-CA"}]},"product_price_amount":"25.00","product_price_currency":"EUR","og_availability":"instock","product_availability":"instock","product_condition":"new"},"_links":{"self":[{"href":"https:\/\/coincards.com\/eu\/wp-json\/wp\/v2\/product\/3140","targetHints":{"allow":["GET"]}}],"collection":[{"href":"https:\/\/coincards.com\/eu\/wp-json\/wp\/v2\/product"}],"about":[{"href":"https:\/\/coincards.com\/eu\/wp-json\/wp\/v2\/types\/product"}],"replies":[{"embeddable":true,"href":"https:\/\/coincards.com\/eu\/wp-json\/wp\/v2\/comments?post=3140"}],"wp:featuredmedia":[{"embeddable":true,"href":"https:\/\/coincards.com\/eu\/wp-json\/wp\/v2\/media\/5679"}],"wp:attachment":[{"href":"https:\/\/coincards.com\/eu\/wp-json\/wp\/v2\/media?parent=3140"}],"wp:term":[{"taxonomy":"product_cat","embeddable":true,"href":"https:\/\/coincards.com\/eu\/wp-json\/wp\/v2\/product_cat?post=3140"},{"taxonomy":"product_tag","embeddable":true,"href":"https:\/\/coincards.com\/eu\/wp-json\/wp\/v2\/product_tag?post=3140"}],"curies":[{"name":"wp","href":"https:\/\/api.w.org\/{rel}","templated":true}]}}