{"id":3133,"date":"2024-05-23T15:03:54","date_gmt":"2024-05-23T23:03:54","guid":{"rendered":"https:\/\/coincards.com\/eu\/?post_type=product&#038;p=3133"},"modified":"2024-06-05T15:20:45","modified_gmt":"2024-06-05T23:20:45","slug":"global-experience-online-gift-card-electronic-delivery-4","status":"publish","type":"product","link":"https:\/\/coincards.com\/eu\/product\/global-experience-online-gift-card-electronic-delivery-4\/","title":{"rendered":"Global Experience Online Gift Card (Electronic Delivery) (Portugal)"},"content":{"rendered":"<p><a href=\"https:\/\/www.globalexperiencescard.com\/terms-and-conditions\" target=\"_blank\" rel=\"noopener\">https:\/\/www.globalexperiencescard.com\/terms-and-conditions<\/a><\/p>\n<p>1. Resgate o Cart\u00e3o Global de Experi\u00eancias desenvolvido pela Viator em www.globalexperiencescard.com<\/p>\n<p>2. Pesquise experi\u00eancias com base no destino e interesses. Certifique-se de selecionar a moeda do seu cart\u00e3o-presente durante o processo de pesquisa.<\/p>\n<p>3. Ap\u00f3s selecionar a data e a hora (se aplic\u00e1vel) da experi\u00eancia, e na p\u00e1gina de pagamentos, aplique o Cart\u00e3o-presente \/ c\u00f3digo promocional de 19 d\u00edgitos e o PIN de 4 d\u00edgitos como pagamento total ou parcial da reserva. Voc\u00ea pode resgatar at\u00e9 quatro cart\u00f5es-presente por reserva. Qualquer saldo restante devido, se aplic\u00e1vel, pode ser pago com um cart\u00e3o de cr\u00e9dito principal.<\/p>\n<p>4. Suas reservas ser\u00e3o confirmadas por e-mail diretamente do Global Experiences Card Powered by Viator e do sistema de reservas das experi\u00eancias. Sugere-se imprimir ou mostrar uma c\u00f3pia da sua confirma\u00e7\u00e3o de reserva ao chegar \u00e0 experi\u00eancia, embora um documento com foto emitido pelo governo possa ser suficiente em muitos casos.<\/p>\n","protected":false},"excerpt":{"rendered":"<p>O Global Experiences Card desenvolvido pela Viator, uma empresa do Tripadvisor, pode ser resgatado em www.globalexperiencescard.com para mais de 350.000 passeios, atividades e experi\u00eancias em mais de 200 pa\u00edses e territ\u00f3rios. Quer seja um dia local com sua fam\u00edlia onde voc\u00ea mora ou uma atividade divertida e emocionante em suas f\u00e9rias ao redor do mundo, o Global Experiences Card desenvolvido pela Viator oferece a maior escolha de qualquer empresa de experi\u00eancias. As avalia\u00e7\u00f5es de usu\u00e1rios do Tripadvisor fornecem \u00f3timas informa\u00e7\u00f5es para ajud\u00e1-lo a escolher a melhor experi\u00eancia para seus interesses. Explore todas as possibilidades em www.globalexperiencescard.com.<\/p>\n<p>As possibilidades s\u00e3o infinitas, com mais de 350.000 coisas a fazer:<br \/>\n\u2022 Passeios e pontos tur\u00edsticos<br \/>\n\u2022 Atra\u00e7\u00f5es e parques tem\u00e1ticos<br \/>\n\u2022 Comida, vinho e vida noturna<br \/>\n\u2022 Aulas e workshops<br \/>\n\u2022 Cruzeiros, vela e passeios aqu\u00e1ticos<br \/>\n\u2022 Passeios a p\u00e9 e de Bicicleta<br \/>\n\u2022 Transfer\u00eancias e transporte Terrestre<br \/>\n\u2022 Passeios culturais e tem\u00e1ticos<br \/>\n\u2022 Spa, ioga e bem-estar<br \/>\n\u2022 E mais\u2026\u2026\u2026\u2026\u2026\u2026\u2026\u2026<\/p>\n","protected":false},"featured_media":5679,"comment_status":"closed","ping_status":"closed","template":"","meta":{"_exactmetrics_skip_tracking":false,"_exactmetrics_sitenote_active":false,"_exactmetrics_sitenote_note":"","_exactmetrics_sitenote_category":0},"product_cat":[20],"product_tag":[],"class_list":{"0":"post-3133","1":"product","2":"type-product","3":"status-publish","4":"has-post-thumbnail","6":"product_brand-global-experiences-card","7":"product_cat-electronic-gift-cards","8":"pa_country-availability-portugal","10":"first","11":"instock","12":"virtual","13":"purchasable","14":"product-type-simple","15":"nyp-product"},"yoast_head":"<!-- This site is optimized with the Yoast SEO Premium plugin v20.11 (Yoast SEO v27.3) - https:\/\/yoast.com\/product\/yoast-seo-premium-wordpress\/ -->\n<title>Global Experience Online Gift Card (Electronic Delivery) (Portugal) - Coincards Europe<\/title>\n<meta name=\"robots\" content=\"index, follow, max-snippet:-1, max-image-preview:large, max-video-preview:-1\" \/>\n<link rel=\"canonical\" href=\"https:\/\/coincards.com\/eu\/product\/global-experience-online-gift-card-electronic-delivery-4\/\" \/>\n<meta property=\"og:locale\" content=\"en_US\" \/>\n<meta property=\"og:type\" content=\"article\" \/>\n<meta property=\"og:title\" content=\"Global Experience Online Gift Card (Electronic Delivery) (Portugal)\" \/>\n<meta property=\"og:description\" content=\"O Global Experiences Card desenvolvido pela Viator, uma empresa do Tripadvisor, pode ser resgatado em www.globalexperiencescard.com para mais de 350.000 passeios, atividades e experi\u00eancias em mais de 200 pa\u00edses e territ\u00f3rios. Quer seja um dia local com sua fam\u00edlia onde voc\u00ea mora ou uma atividade divertida e emocionante em suas f\u00e9rias ao redor do mundo, o Global Experiences Card desenvolvido pela Viator oferece a maior escolha de qualquer empresa de experi\u00eancias. As avalia\u00e7\u00f5es de usu\u00e1rios do Tripadvisor fornecem \u00f3timas informa\u00e7\u00f5es para ajud\u00e1-lo a escolher a melhor experi\u00eancia para seus interesses. Explore todas as possibilidades em www.globalexperiencescard.com.  As possibilidades s\u00e3o infinitas, com mais de 350.000 coisas a fazer: \u2022 Passeios e pontos tur\u00edsticos \u2022 Atra\u00e7\u00f5es e parques tem\u00e1ticos \u2022 Comida, vinho e vida noturna \u2022 Aulas e workshops \u2022 Cruzeiros, vela e passeios aqu\u00e1ticos \u2022 Passeios a p\u00e9 e de Bicicleta \u2022 Transfer\u00eancias e transporte Terrestre \u2022 Passeios culturais e tem\u00e1ticos \u2022 Spa, ioga e bem-estar \u2022 E mais\u2026\u2026\u2026\u2026\u2026\u2026\u2026\u2026\" \/>\n<meta property=\"og:url\" content=\"https:\/\/coincards.com\/eu\/product\/global-experience-online-gift-card-electronic-delivery-4\/\" \/>\n<meta property=\"og:site_name\" content=\"Coincards Europe\" \/>\n<meta property=\"article:modified_time\" content=\"2024-06-05T23:20:45+00:00\" \/>\n<meta property=\"og:image\" content=\"https:\/\/assets.coincards.com\/wp-content\/uploads\/sites\/6\/2024\/06\/04183850\/GEC-SI-card.png\" \/>\n\t<meta property=\"og:image:width\" content=\"675\" \/>\n\t<meta property=\"og:image:height\" content=\"425\" \/>\n\t<meta property=\"og:image:type\" content=\"image\/png\" \/>\n<meta name=\"twitter:card\" content=\"summary_large_image\" \/>\n<meta name=\"twitter:label1\" content=\"Price\" \/>\n\t<meta name=\"twitter:data1\" content=\"&euro;10.00\" \/>\n\t<meta name=\"twitter:label2\" content=\"Availability\" \/>\n\t<meta name=\"twitter:data2\" content=\"In stock\" \/>\n<script type=\"application\/ld+json\" class=\"yoast-schema-graph\">{\"@context\":\"https:\\\/\\\/schema.org\",\"@graph\":[{\"@type\":\"WebPage\",\"@id\":\"https:\\\/\\\/coincards.com\\\/eu\\\/product\\\/global-experience-online-gift-card-electronic-delivery-4\\\/\",\"url\":\"https:\\\/\\\/coincards.com\\\/eu\\\/product\\\/global-experience-online-gift-card-electronic-delivery-4\\\/\",\"name\":\"Global Experience Online Gift Card (Electronic Delivery) (Portugal) - Coincards Europe\",\"isPartOf\":{\"@id\":\"https:\\\/\\\/coincards.com\\\/eu\\\/#website\"},\"primaryImageOfPage\":{\"@id\":\"https:\\\/\\\/coincards.com\\\/eu\\\/product\\\/global-experience-online-gift-card-electronic-delivery-4\\\/#primaryimage\"},\"image\":{\"@id\":\"https:\\\/\\\/coincards.com\\\/eu\\\/product\\\/global-experience-online-gift-card-electronic-delivery-4\\\/#primaryimage\"},\"thumbnailUrl\":\"https:\\\/\\\/assets.coincards.com\\\/wp-content\\\/uploads\\\/sites\\\/6\\\/2024\\\/06\\\/04183850\\\/GEC-SI-card.png\",\"datePublished\":\"2024-05-23T23:03:54+00:00\",\"dateModified\":\"2024-06-05T23:20:45+00:00\",\"breadcrumb\":{\"@id\":\"https:\\\/\\\/coincards.com\\\/eu\\\/product\\\/global-experience-online-gift-card-electronic-delivery-4\\\/#breadcrumb\"},\"inLanguage\":\"en-CA\",\"potentialAction\":[{\"@type\":\"ReadAction\",\"target\":[\"https:\\\/\\\/coincards.com\\\/eu\\\/product\\\/global-experience-online-gift-card-electronic-delivery-4\\\/\"]}]},{\"@type\":\"ImageObject\",\"inLanguage\":\"en-CA\",\"@id\":\"https:\\\/\\\/coincards.com\\\/eu\\\/product\\\/global-experience-online-gift-card-electronic-delivery-4\\\/#primaryimage\",\"url\":\"https:\\\/\\\/assets.coincards.com\\\/wp-content\\\/uploads\\\/sites\\\/6\\\/2024\\\/06\\\/04183850\\\/GEC-SI-card.png\",\"contentUrl\":\"https:\\\/\\\/assets.coincards.com\\\/wp-content\\\/uploads\\\/sites\\\/6\\\/2024\\\/06\\\/04183850\\\/GEC-SI-card.png\",\"width\":675,\"height\":425},{\"@type\":\"BreadcrumbList\",\"@id\":\"https:\\\/\\\/coincards.com\\\/eu\\\/product\\\/global-experience-online-gift-card-electronic-delivery-4\\\/#breadcrumb\",\"itemListElement\":[{\"@type\":\"ListItem\",\"position\":1,\"name\":\"Home\",\"item\":\"https:\\\/\\\/coincards.com\\\/eu\\\/\"},{\"@type\":\"ListItem\",\"position\":2,\"name\":\"All Gift Cards\",\"item\":\"https:\\\/\\\/coincards.com\\\/eu\\\/all-gift-cards\\\/\"},{\"@type\":\"ListItem\",\"position\":3,\"name\":\"Global Experience Online Gift Card (Electronic Delivery) (Portugal)\"}]},{\"@type\":\"WebSite\",\"@id\":\"https:\\\/\\\/coincards.com\\\/eu\\\/#website\",\"url\":\"https:\\\/\\\/coincards.com\\\/eu\\\/\",\"name\":\"Coincards Europe\",\"description\":\"Austrlia&#039;s #1 Cryptocurrency to Gift Card Exchange Service\",\"potentialAction\":[{\"@type\":\"SearchAction\",\"target\":{\"@type\":\"EntryPoint\",\"urlTemplate\":\"https:\\\/\\\/coincards.com\\\/eu\\\/?s={search_term_string}\"},\"query-input\":{\"@type\":\"PropertyValueSpecification\",\"valueRequired\":true,\"valueName\":\"search_term_string\"}}],\"inLanguage\":\"en-CA\"}]}<\/script>\n<meta property=\"product:price:amount\" content=\"10.00\" \/>\n<meta property=\"product:price:currency\" content=\"EUR\" \/>\n<meta property=\"og:availability\" content=\"instock\" \/>\n<meta property=\"product:availability\" content=\"instock\" \/>\n<meta property=\"product:condition\" content=\"new\" \/>\n<!-- \/ Yoast SEO Premium plugin. -->","yoast_head_json":{"title":"Global Experience Online Gift Card (Electronic Delivery) (Portugal) - Coincards Europe","robots":{"index":"index","follow":"follow","max-snippet":"max-snippet:-1","max-image-preview":"max-image-preview:large","max-video-preview":"max-video-preview:-1"},"canonical":"https:\/\/coincards.com\/eu\/product\/global-experience-online-gift-card-electronic-delivery-4\/","og_locale":"en_US","og_type":"article","og_title":"Global Experience Online Gift Card (Electronic Delivery) (Portugal)","og_description":"O Global Experiences Card desenvolvido pela Viator, uma empresa do Tripadvisor, pode ser resgatado em www.globalexperiencescard.com para mais de 350.000 passeios, atividades e experi\u00eancias em mais de 200 pa\u00edses e territ\u00f3rios. Quer seja um dia local com sua fam\u00edlia onde voc\u00ea mora ou uma atividade divertida e emocionante em suas f\u00e9rias ao redor do mundo, o Global Experiences Card desenvolvido pela Viator oferece a maior escolha de qualquer empresa de experi\u00eancias. As avalia\u00e7\u00f5es de usu\u00e1rios do Tripadvisor fornecem \u00f3timas informa\u00e7\u00f5es para ajud\u00e1-lo a escolher a melhor experi\u00eancia para seus interesses. Explore todas as possibilidades em www.globalexperiencescard.com.  As possibilidades s\u00e3o infinitas, com mais de 350.000 coisas a fazer: \u2022 Passeios e pontos tur\u00edsticos \u2022 Atra\u00e7\u00f5es e parques tem\u00e1ticos \u2022 Comida, vinho e vida noturna \u2022 Aulas e workshops \u2022 Cruzeiros, vela e passeios aqu\u00e1ticos \u2022 Passeios a p\u00e9 e de Bicicleta \u2022 Transfer\u00eancias e transporte Terrestre \u2022 Passeios culturais e tem\u00e1ticos \u2022 Spa, ioga e bem-estar \u2022 E mais\u2026\u2026\u2026\u2026\u2026\u2026\u2026\u2026","og_url":"https:\/\/coincards.com\/eu\/product\/global-experience-online-gift-card-electronic-delivery-4\/","og_site_name":"Coincards Europe","article_modified_time":"2024-06-05T23:20:45+00:00","og_image":[{"width":675,"height":425,"url":"https:\/\/assets.coincards.com\/wp-content\/uploads\/sites\/6\/2024\/06\/04183850\/GEC-SI-card.png","type":"image\/png"}],"twitter_card":"summary_large_image","twitter_misc":{"Price":"&euro;10.00","Availability":"In stock"},"schema":{"@context":"https:\/\/schema.org","@graph":[{"@type":"WebPage","@id":"https:\/\/coincards.com\/eu\/product\/global-experience-online-gift-card-electronic-delivery-4\/","url":"https:\/\/coincards.com\/eu\/product\/global-experience-online-gift-card-electronic-delivery-4\/","name":"Global Experience Online Gift Card (Electronic Delivery) (Portugal) - Coincards Europe","isPartOf":{"@id":"https:\/\/coincards.com\/eu\/#website"},"primaryImageOfPage":{"@id":"https:\/\/coincards.com\/eu\/product\/global-experience-online-gift-card-electronic-delivery-4\/#primaryimage"},"image":{"@id":"https:\/\/coincards.com\/eu\/product\/global-experience-online-gift-card-electronic-delivery-4\/#primaryimage"},"thumbnailUrl":"https:\/\/assets.coincards.com\/wp-content\/uploads\/sites\/6\/2024\/06\/04183850\/GEC-SI-card.png","datePublished":"2024-05-23T23:03:54+00:00","dateModified":"2024-06-05T23:20:45+00:00","breadcrumb":{"@id":"https:\/\/coincards.com\/eu\/product\/global-experience-online-gift-card-electronic-delivery-4\/#breadcrumb"},"inLanguage":"en-CA","potentialAction":[{"@type":"ReadAction","target":["https:\/\/coincards.com\/eu\/product\/global-experience-online-gift-card-electronic-delivery-4\/"]}]},{"@type":"ImageObject","inLanguage":"en-CA","@id":"https:\/\/coincards.com\/eu\/product\/global-experience-online-gift-card-electronic-delivery-4\/#primaryimage","url":"https:\/\/assets.coincards.com\/wp-content\/uploads\/sites\/6\/2024\/06\/04183850\/GEC-SI-card.png","contentUrl":"https:\/\/assets.coincards.com\/wp-content\/uploads\/sites\/6\/2024\/06\/04183850\/GEC-SI-card.png","width":675,"height":425},{"@type":"BreadcrumbList","@id":"https:\/\/coincards.com\/eu\/product\/global-experience-online-gift-card-electronic-delivery-4\/#breadcrumb","itemListElement":[{"@type":"ListItem","position":1,"name":"Home","item":"https:\/\/coincards.com\/eu\/"},{"@type":"ListItem","position":2,"name":"All Gift Cards","item":"https:\/\/coincards.com\/eu\/all-gift-cards\/"},{"@type":"ListItem","position":3,"name":"Global Experience Online Gift Card (Electronic Delivery) (Portugal)"}]},{"@type":"WebSite","@id":"https:\/\/coincards.com\/eu\/#website","url":"https:\/\/coincards.com\/eu\/","name":"Coincards Europe","description":"Austrlia&#039;s #1 Cryptocurrency to Gift Card Exchange Service","potentialAction":[{"@type":"SearchAction","target":{"@type":"EntryPoint","urlTemplate":"https:\/\/coincards.com\/eu\/?s={search_term_string}"},"query-input":{"@type":"PropertyValueSpecification","valueRequired":true,"valueName":"search_term_string"}}],"inLanguage":"en-CA"}]},"product_price_amount":"10.00","product_price_currency":"EUR","og_availability":"instock","product_availability":"instock","product_condition":"new"},"_links":{"self":[{"href":"https:\/\/coincards.com\/eu\/wp-json\/wp\/v2\/product\/3133","targetHints":{"allow":["GET"]}}],"collection":[{"href":"https:\/\/coincards.com\/eu\/wp-json\/wp\/v2\/product"}],"about":[{"href":"https:\/\/coincards.com\/eu\/wp-json\/wp\/v2\/types\/product"}],"replies":[{"embeddable":true,"href":"https:\/\/coincards.com\/eu\/wp-json\/wp\/v2\/comments?post=3133"}],"wp:featuredmedia":[{"embeddable":true,"href":"https:\/\/coincards.com\/eu\/wp-json\/wp\/v2\/media\/5679"}],"wp:attachment":[{"href":"https:\/\/coincards.com\/eu\/wp-json\/wp\/v2\/media?parent=3133"}],"wp:term":[{"taxonomy":"product_cat","embeddable":true,"href":"https:\/\/coincards.com\/eu\/wp-json\/wp\/v2\/product_cat?post=3133"},{"taxonomy":"product_tag","embeddable":true,"href":"https:\/\/coincards.com\/eu\/wp-json\/wp\/v2\/product_tag?post=3133"}],"curies":[{"name":"wp","href":"https:\/\/api.w.org\/{rel}","templated":true}]}}