{"id":3117,"date":"2024-05-23T14:30:02","date_gmt":"2024-05-23T22:30:02","guid":{"rendered":"https:\/\/coincards.com\/eu\/?post_type=product&#038;p=3117"},"modified":"2026-04-06T11:49:02","modified_gmt":"2026-04-06T19:49:02","slug":"gemo-online-gift-card-electronic-delivery","status":"publish","type":"product","link":"https:\/\/coincards.com\/eu\/product\/gemo-online-gift-card-electronic-delivery\/","title":{"rendered":"GEMO Online Gift Card (Electronic Delivery) (France)"},"content":{"rendered":"<p>Carte utilisable dans les magasins G\u00c9MO de France m\u00e9tropolitaine et sur GEMO.FR. La carte cadeau G\u00c9MO n&#8217;est valable que dans son pays d&#8217;achat et dans sa monnaie d&#8217;achat. Valable 18 mois apr\u00e8s activation en caisse. Le ticket \u00e9mis lors de l&#8217;achat fait r\u00e9f\u00e9rence pour le calcul de la date de validit\u00e9. Utilisable en une ou plusieurs fois dans la limite de sa valeur et \u00e9ventuellement compl\u00e9t\u00e9e par un moyen de paiement. Ne peut faire l&#8217;objet d&#8217;aucun remboursement en esp\u00e8ce ni d&#8217;aucune contrepartie de quelque nature que ce soit, m\u00eame en cas de perte ou de vol et ne peut \u00eatre revendue. Le solde de la carte et la date de limite d&#8217;utilisation sont consultables en magasin et sur GEMO.FR, rubrique carte cadeau.<\/p>\n<p>La carte cadeau G\u00c9MO ne b\u00e9n\u00e9ficie d&#8217;aucune r\u00e9duction, remise ou autre avantage pour son achat. Les offres du Programme de Fid\u00e9lit\u00e9, ainsi que les bons d&#8217;achat ou remise ne peuvent \u00eatre utilis\u00e9s pour acheter une carte cadeau G\u00c9MO.<\/p>\n<p>Utiliser votre carte-cadeau dans tous les magasins GEMO en la pr\u00e9sentant \u00e0 la caisse, ou lors de votre paiement en ligne sur [gemo.fr](http:\/\/gemo.fr).<\/p>\n","protected":false},"excerpt":{"rendered":"<p>GEMO.FR est une boutique en ligne sp\u00e9cialis\u00e9e dans la vente de pr\u00eat-\u00e0-porter pour homme, femme, enfant et b\u00e9b\u00e9. Acc\u00e9dez, en quelques clics, \u00e0 un large choix de v\u00eatements : tee-shirts, chemises, pulls, jeans, shorts, robes, vestes et manteaux. Trouvez chaussure \u00e0 votre pied, parmi nos collections : ballerines, baskets, bottes, sandales, chaussures de sport, tongs et chaussons. Vous renouvelez votre dressing ? n&#8217;oubliez pas notre s\u00e9lection d&#8217;accessoires : sacs \u00e0 main, ceintures, bonnets et chapeaux, pour tous les go\u00fbts et toutes les envies. D\u00e9couvrez \u00e9galement notre collection mode pour B\u00e9b\u00e9 : v\u00eatements, chaussures et accessoires de pu\u00e9riculture pas chers pour le bien-\u00eatre et l&#8217;\u00e9veil de votre tout-petit. Nous proposons des v\u00eatements grande taille, v\u00eatements maternit\u00e9, et \u00e9galement de la lingerie : lingerie femme, sous-v\u00eatements homme et enfant. En tant que sp\u00e9cialistes de la mode en ligne, nos stylistes G\u00c9MO mettent \u00e0 votre disposition des conseils vid\u00e9os tendances du moment, des informations d&#8217;entretien ainsi qu&#8217;un descriptif d\u00e9taill\u00e9 de chaque pi\u00e8ce. Vous cr\u00e9ez ainsi \u00e0 chaque saison votre total look directement sur GEMO.FR. Vous retrouverez ici tous les avantages d&#8217;un site e-commerce : shopping en ligne 24h\/24, livraison gratuite en magasin d\u00e8s 15\u20ac et retours gratuits en magasin et en point relais, paiement 100% s\u00e9curis\u00e9 et service client personnalis\u00e9. Des petits prix sont pratiqu\u00e9s sur toutes nos r\u00e9f\u00e9rences, avec en plus de nombreuses promotions tout au long de l&#8217;ann\u00e9e. Pour encore plus d&#8217;\u00e9conomies, rendez-nous visite r\u00e9guli\u00e8rement sur GEMO.FR et inscrivez-vous \u00e0 notre newsletter pour b\u00e9n\u00e9ficier de nos offres exclusives. La communaut\u00e9 G\u00c9MO grandit de jour en jour, rejoignez-la ! Venez partager vos coups de c\u0153ur mode et participer \u00e0 nos jeux-concours sur Facebook, Instagram, Twitter ou YouTube pour gagner des bons cadeaux !<\/p>\n","protected":false},"featured_media":5677,"comment_status":"closed","ping_status":"closed","template":"","meta":{"_exactmetrics_skip_tracking":false,"_exactmetrics_sitenote_active":false,"_exactmetrics_sitenote_note":"","_exactmetrics_sitenote_category":0},"product_cat":[20],"product_tag":[],"class_list":{"0":"post-3117","1":"product","2":"type-product","3":"status-publish","4":"has-post-thumbnail","6":"product_brand-gemo","7":"product_cat-electronic-gift-cards","8":"pa_country-availability-france","10":"first","11":"instock","12":"shipping-taxable","13":"purchasable","14":"product-type-variable"},"yoast_head":"<!-- This site is optimized with the Yoast SEO Premium plugin v20.11 (Yoast SEO v25.8) - https:\/\/yoast.com\/wordpress\/plugins\/seo\/ -->\n<title>GEMO Online Gift Card (Electronic Delivery) (France) - Coincards Europe<\/title>\n<meta name=\"robots\" content=\"index, follow, max-snippet:-1, max-image-preview:large, max-video-preview:-1\" \/>\n<link rel=\"canonical\" href=\"https:\/\/coincards.com\/eu\/product\/gemo-online-gift-card-electronic-delivery\/\" \/>\n<meta property=\"og:locale\" content=\"en_US\" \/>\n<meta property=\"og:type\" content=\"article\" \/>\n<meta property=\"og:title\" content=\"GEMO Online Gift Card (Electronic Delivery) (France)\" \/>\n<meta property=\"og:description\" content=\"GEMO.FR est une boutique en ligne sp\u00e9cialis\u00e9e dans la vente de pr\u00eat-\u00e0-porter pour homme, femme, enfant et b\u00e9b\u00e9. Acc\u00e9dez, en quelques clics, \u00e0 un large choix de v\u00eatements : tee-shirts, chemises, pulls, jeans, shorts, robes, vestes et manteaux. Trouvez chaussure \u00e0 votre pied, parmi nos collections : ballerines, baskets, bottes, sandales, chaussures de sport, tongs et chaussons. Vous renouvelez votre dressing ? n&#039;oubliez pas notre s\u00e9lection d&#039;accessoires : sacs \u00e0 main, ceintures, bonnets et chapeaux, pour tous les go\u00fbts et toutes les envies. D\u00e9couvrez \u00e9galement notre collection mode pour B\u00e9b\u00e9 : v\u00eatements, chaussures et accessoires de pu\u00e9riculture pas chers pour le bien-\u00eatre et l&#039;\u00e9veil de votre tout-petit. Nous proposons des v\u00eatements grande taille, v\u00eatements maternit\u00e9, et \u00e9galement de la lingerie : lingerie femme, sous-v\u00eatements homme et enfant. En tant que sp\u00e9cialistes de la mode en ligne, nos stylistes G\u00c9MO mettent \u00e0 votre disposition des conseils vid\u00e9os tendances du moment, des informations d&#039;entretien ainsi qu&#039;un descriptif d\u00e9taill\u00e9 de chaque pi\u00e8ce. Vous cr\u00e9ez ainsi \u00e0 chaque saison votre total look directement sur GEMO.FR. Vous retrouverez ici tous les avantages d&#039;un site e-commerce : shopping en ligne 24h\/24, livraison gratuite en magasin d\u00e8s 15\u20ac et retours gratuits en magasin et en point relais, paiement 100% s\u00e9curis\u00e9 et service client personnalis\u00e9. Des petits prix sont pratiqu\u00e9s sur toutes nos r\u00e9f\u00e9rences, avec en plus de nombreuses promotions tout au long de l&#039;ann\u00e9e. Pour encore plus d&#039;\u00e9conomies, rendez-nous visite r\u00e9guli\u00e8rement sur GEMO.FR et inscrivez-vous \u00e0 notre newsletter pour b\u00e9n\u00e9ficier de nos offres exclusives. La communaut\u00e9 G\u00c9MO grandit de jour en jour, rejoignez-la ! Venez partager vos coups de c\u0153ur mode et participer \u00e0 nos jeux-concours sur Facebook, Instagram, Twitter ou YouTube pour gagner des bons cadeaux !\" \/>\n<meta property=\"og:url\" content=\"https:\/\/coincards.com\/eu\/product\/gemo-online-gift-card-electronic-delivery\/\" \/>\n<meta property=\"og:site_name\" content=\"Coincards Europe\" \/>\n<meta property=\"article:modified_time\" content=\"2026-04-06T19:49:02+00:00\" \/>\n<meta property=\"og:image\" content=\"https:\/\/assets.coincards.com\/wp-content\/uploads\/sites\/6\/2024\/06\/04183843\/GEMO-FR-card.png\" \/>\n\t<meta property=\"og:image:width\" content=\"675\" \/>\n\t<meta property=\"og:image:height\" content=\"425\" \/>\n\t<meta property=\"og:image:type\" content=\"image\/png\" \/>\n<meta name=\"twitter:card\" content=\"summary_large_image\" \/>\n<meta name=\"twitter:label1\" content=\"Availability\" \/>\n\t<meta name=\"twitter:data1\" content=\"In stock\" \/>\n<script type=\"application\/ld+json\" class=\"yoast-schema-graph\">{\"@context\":\"https:\/\/schema.org\",\"@graph\":[{\"@type\":\"WebPage\",\"@id\":\"https:\/\/coincards.com\/eu\/product\/gemo-online-gift-card-electronic-delivery\/\",\"url\":\"https:\/\/coincards.com\/eu\/product\/gemo-online-gift-card-electronic-delivery\/\",\"name\":\"GEMO Online Gift Card (Electronic Delivery) (France) - Coincards Europe\",\"isPartOf\":{\"@id\":\"https:\/\/coincards.com\/eu\/#website\"},\"primaryImageOfPage\":{\"@id\":\"https:\/\/coincards.com\/eu\/product\/gemo-online-gift-card-electronic-delivery\/#primaryimage\"},\"image\":{\"@id\":\"https:\/\/coincards.com\/eu\/product\/gemo-online-gift-card-electronic-delivery\/#primaryimage\"},\"thumbnailUrl\":\"https:\/\/assets.coincards.com\/wp-content\/uploads\/sites\/6\/2024\/06\/04183843\/GEMO-FR-card.png\",\"datePublished\":\"2024-05-23T22:30:02+00:00\",\"dateModified\":\"2026-04-06T19:49:02+00:00\",\"breadcrumb\":{\"@id\":\"https:\/\/coincards.com\/eu\/product\/gemo-online-gift-card-electronic-delivery\/#breadcrumb\"},\"inLanguage\":\"en-CA\",\"potentialAction\":[{\"@type\":\"ReadAction\",\"target\":[\"https:\/\/coincards.com\/eu\/product\/gemo-online-gift-card-electronic-delivery\/\"]}]},{\"@type\":\"ImageObject\",\"inLanguage\":\"en-CA\",\"@id\":\"https:\/\/coincards.com\/eu\/product\/gemo-online-gift-card-electronic-delivery\/#primaryimage\",\"url\":\"https:\/\/assets.coincards.com\/wp-content\/uploads\/sites\/6\/2024\/06\/04183843\/GEMO-FR-card.png\",\"contentUrl\":\"https:\/\/assets.coincards.com\/wp-content\/uploads\/sites\/6\/2024\/06\/04183843\/GEMO-FR-card.png\",\"width\":675,\"height\":425},{\"@type\":\"BreadcrumbList\",\"@id\":\"https:\/\/coincards.com\/eu\/product\/gemo-online-gift-card-electronic-delivery\/#breadcrumb\",\"itemListElement\":[{\"@type\":\"ListItem\",\"position\":1,\"name\":\"Home\",\"item\":\"https:\/\/coincards.com\/eu\/\"},{\"@type\":\"ListItem\",\"position\":2,\"name\":\"All Gift Cards\",\"item\":\"https:\/\/coincards.com\/eu\/all-gift-cards\/\"},{\"@type\":\"ListItem\",\"position\":3,\"name\":\"GEMO Online Gift Card (Electronic Delivery) (France)\"}]},{\"@type\":\"WebSite\",\"@id\":\"https:\/\/coincards.com\/eu\/#website\",\"url\":\"https:\/\/coincards.com\/eu\/\",\"name\":\"Coincards Europe\",\"description\":\"Austrlia&#039;s #1 Cryptocurrency to Gift Card Exchange Service\",\"potentialAction\":[{\"@type\":\"SearchAction\",\"target\":{\"@type\":\"EntryPoint\",\"urlTemplate\":\"https:\/\/coincards.com\/eu\/?s={search_term_string}\"},\"query-input\":{\"@type\":\"PropertyValueSpecification\",\"valueRequired\":true,\"valueName\":\"search_term_string\"}}],\"inLanguage\":\"en-CA\"}]}<\/script>\n<meta property=\"og:availability\" content=\"instock\" \/>\n<meta property=\"product:availability\" content=\"instock\" \/>\n<meta property=\"product:condition\" content=\"new\" \/>\n<!-- \/ Yoast SEO Premium plugin. -->","yoast_head_json":{"title":"GEMO Online Gift Card (Electronic Delivery) (France) - Coincards Europe","robots":{"index":"index","follow":"follow","max-snippet":"max-snippet:-1","max-image-preview":"max-image-preview:large","max-video-preview":"max-video-preview:-1"},"canonical":"https:\/\/coincards.com\/eu\/product\/gemo-online-gift-card-electronic-delivery\/","og_locale":"en_US","og_type":"article","og_title":"GEMO Online Gift Card (Electronic Delivery) (France)","og_description":"GEMO.FR est une boutique en ligne sp\u00e9cialis\u00e9e dans la vente de pr\u00eat-\u00e0-porter pour homme, femme, enfant et b\u00e9b\u00e9. Acc\u00e9dez, en quelques clics, \u00e0 un large choix de v\u00eatements : tee-shirts, chemises, pulls, jeans, shorts, robes, vestes et manteaux. Trouvez chaussure \u00e0 votre pied, parmi nos collections : ballerines, baskets, bottes, sandales, chaussures de sport, tongs et chaussons. Vous renouvelez votre dressing ? n'oubliez pas notre s\u00e9lection d'accessoires : sacs \u00e0 main, ceintures, bonnets et chapeaux, pour tous les go\u00fbts et toutes les envies. D\u00e9couvrez \u00e9galement notre collection mode pour B\u00e9b\u00e9 : v\u00eatements, chaussures et accessoires de pu\u00e9riculture pas chers pour le bien-\u00eatre et l'\u00e9veil de votre tout-petit. Nous proposons des v\u00eatements grande taille, v\u00eatements maternit\u00e9, et \u00e9galement de la lingerie : lingerie femme, sous-v\u00eatements homme et enfant. En tant que sp\u00e9cialistes de la mode en ligne, nos stylistes G\u00c9MO mettent \u00e0 votre disposition des conseils vid\u00e9os tendances du moment, des informations d'entretien ainsi qu'un descriptif d\u00e9taill\u00e9 de chaque pi\u00e8ce. Vous cr\u00e9ez ainsi \u00e0 chaque saison votre total look directement sur GEMO.FR. Vous retrouverez ici tous les avantages d'un site e-commerce : shopping en ligne 24h\/24, livraison gratuite en magasin d\u00e8s 15\u20ac et retours gratuits en magasin et en point relais, paiement 100% s\u00e9curis\u00e9 et service client personnalis\u00e9. Des petits prix sont pratiqu\u00e9s sur toutes nos r\u00e9f\u00e9rences, avec en plus de nombreuses promotions tout au long de l'ann\u00e9e. Pour encore plus d'\u00e9conomies, rendez-nous visite r\u00e9guli\u00e8rement sur GEMO.FR et inscrivez-vous \u00e0 notre newsletter pour b\u00e9n\u00e9ficier de nos offres exclusives. La communaut\u00e9 G\u00c9MO grandit de jour en jour, rejoignez-la ! Venez partager vos coups de c\u0153ur mode et participer \u00e0 nos jeux-concours sur Facebook, Instagram, Twitter ou YouTube pour gagner des bons cadeaux !","og_url":"https:\/\/coincards.com\/eu\/product\/gemo-online-gift-card-electronic-delivery\/","og_site_name":"Coincards Europe","article_modified_time":"2026-04-06T19:49:02+00:00","og_image":[{"width":675,"height":425,"url":"https:\/\/assets.coincards.com\/wp-content\/uploads\/sites\/6\/2024\/06\/04183843\/GEMO-FR-card.png","type":"image\/png"}],"twitter_card":"summary_large_image","twitter_misc":{"Availability":"In stock"},"schema":{"@context":"https:\/\/schema.org","@graph":[{"@type":"WebPage","@id":"https:\/\/coincards.com\/eu\/product\/gemo-online-gift-card-electronic-delivery\/","url":"https:\/\/coincards.com\/eu\/product\/gemo-online-gift-card-electronic-delivery\/","name":"GEMO Online Gift Card (Electronic Delivery) (France) - Coincards Europe","isPartOf":{"@id":"https:\/\/coincards.com\/eu\/#website"},"primaryImageOfPage":{"@id":"https:\/\/coincards.com\/eu\/product\/gemo-online-gift-card-electronic-delivery\/#primaryimage"},"image":{"@id":"https:\/\/coincards.com\/eu\/product\/gemo-online-gift-card-electronic-delivery\/#primaryimage"},"thumbnailUrl":"https:\/\/assets.coincards.com\/wp-content\/uploads\/sites\/6\/2024\/06\/04183843\/GEMO-FR-card.png","datePublished":"2024-05-23T22:30:02+00:00","dateModified":"2026-04-06T19:49:02+00:00","breadcrumb":{"@id":"https:\/\/coincards.com\/eu\/product\/gemo-online-gift-card-electronic-delivery\/#breadcrumb"},"inLanguage":"en-CA","potentialAction":[{"@type":"ReadAction","target":["https:\/\/coincards.com\/eu\/product\/gemo-online-gift-card-electronic-delivery\/"]}]},{"@type":"ImageObject","inLanguage":"en-CA","@id":"https:\/\/coincards.com\/eu\/product\/gemo-online-gift-card-electronic-delivery\/#primaryimage","url":"https:\/\/assets.coincards.com\/wp-content\/uploads\/sites\/6\/2024\/06\/04183843\/GEMO-FR-card.png","contentUrl":"https:\/\/assets.coincards.com\/wp-content\/uploads\/sites\/6\/2024\/06\/04183843\/GEMO-FR-card.png","width":675,"height":425},{"@type":"BreadcrumbList","@id":"https:\/\/coincards.com\/eu\/product\/gemo-online-gift-card-electronic-delivery\/#breadcrumb","itemListElement":[{"@type":"ListItem","position":1,"name":"Home","item":"https:\/\/coincards.com\/eu\/"},{"@type":"ListItem","position":2,"name":"All Gift Cards","item":"https:\/\/coincards.com\/eu\/all-gift-cards\/"},{"@type":"ListItem","position":3,"name":"GEMO Online Gift Card (Electronic Delivery) (France)"}]},{"@type":"WebSite","@id":"https:\/\/coincards.com\/eu\/#website","url":"https:\/\/coincards.com\/eu\/","name":"Coincards Europe","description":"Austrlia&#039;s #1 Cryptocurrency to Gift Card Exchange Service","potentialAction":[{"@type":"SearchAction","target":{"@type":"EntryPoint","urlTemplate":"https:\/\/coincards.com\/eu\/?s={search_term_string}"},"query-input":{"@type":"PropertyValueSpecification","valueRequired":true,"valueName":"search_term_string"}}],"inLanguage":"en-CA"}]},"og_availability":"instock","product_availability":"instock","product_condition":"new"},"_links":{"self":[{"href":"https:\/\/coincards.com\/eu\/wp-json\/wp\/v2\/product\/3117","targetHints":{"allow":["GET"]}}],"collection":[{"href":"https:\/\/coincards.com\/eu\/wp-json\/wp\/v2\/product"}],"about":[{"href":"https:\/\/coincards.com\/eu\/wp-json\/wp\/v2\/types\/product"}],"replies":[{"embeddable":true,"href":"https:\/\/coincards.com\/eu\/wp-json\/wp\/v2\/comments?post=3117"}],"wp:featuredmedia":[{"embeddable":true,"href":"https:\/\/coincards.com\/eu\/wp-json\/wp\/v2\/media\/5677"}],"wp:attachment":[{"href":"https:\/\/coincards.com\/eu\/wp-json\/wp\/v2\/media?parent=3117"}],"wp:term":[{"taxonomy":"product_cat","embeddable":true,"href":"https:\/\/coincards.com\/eu\/wp-json\/wp\/v2\/product_cat?post=3117"},{"taxonomy":"product_tag","embeddable":true,"href":"https:\/\/coincards.com\/eu\/wp-json\/wp\/v2\/product_tag?post=3117"}],"curies":[{"name":"wp","href":"https:\/\/api.w.org\/{rel}","templated":true}]}}