{"id":3081,"date":"2024-05-23T13:32:56","date_gmt":"2024-05-23T21:32:56","guid":{"rendered":"https:\/\/coincards.com\/eu\/?post_type=product&#038;p=3081"},"modified":"2024-06-05T15:20:22","modified_gmt":"2024-06-05T23:20:22","slug":"forzieri-online-gift-card-electronic-delivery-3","status":"publish","type":"product","link":"https:\/\/coincards.com\/eu\/product\/forzieri-online-gift-card-electronic-delivery-3\/","title":{"rendered":"FORZIERI Online Gift Card (Electronic Delivery) (Germany)"},"content":{"rendered":"<p>Je Bestellung kann nur ein Geschenkgutschein eingel\u00f6st werden. Gutscheine k\u00f6nnen nicht mit anderen Rabatten kombiniert werden. Gutscheine k\u00f6nnen nicht gegen Bargeld eingel\u00f6st oder zum Kauf anderer Gutscheine benutzt werden. Geschenkgutscheine k\u00f6nnen nicht zum Ausgleich offener Betr\u00e4ge im Forzieri-Account benutzt werden.<\/p>\n<p>W\u00e4hlen Sie die gew\u00fcnschten Produkte aus und wenden Sie den geschenkgutschein code auf die checkout an.<\/p>\n","protected":false},"excerpt":{"rendered":"<p>Forzieri geschenkgutschein ist in mehreren Konfessionen erh\u00e4ltlich und kann zum Kauf an der verwendet werden Forzieri.com online-Shop weltweit.<\/p>\n","protected":false},"featured_media":5670,"comment_status":"closed","ping_status":"closed","template":"","meta":{"_exactmetrics_skip_tracking":false,"_exactmetrics_sitenote_active":false,"_exactmetrics_sitenote_note":"","_exactmetrics_sitenote_category":0},"product_cat":[20],"product_tag":[],"class_list":{"0":"post-3081","1":"product","2":"type-product","3":"status-publish","4":"has-post-thumbnail","6":"product_brand-forzieri","7":"product_cat-electronic-gift-cards","8":"pa_country-availability-germany","10":"first","11":"instock","12":"shipping-taxable","13":"purchasable","14":"product-type-variable","15":"has-default-attributes"},"yoast_head":"<!-- This site is optimized with the Yoast SEO Premium plugin v20.11 (Yoast SEO v25.8) - https:\/\/yoast.com\/wordpress\/plugins\/seo\/ -->\n<title>FORZIERI Online Gift Card (Electronic Delivery) (Germany) - Coincards Europe<\/title>\n<meta name=\"robots\" content=\"index, follow, max-snippet:-1, max-image-preview:large, max-video-preview:-1\" \/>\n<link rel=\"canonical\" href=\"https:\/\/coincards.com\/eu\/product\/forzieri-online-gift-card-electronic-delivery-3\/\" \/>\n<meta property=\"og:locale\" content=\"en_US\" \/>\n<meta property=\"og:type\" content=\"article\" \/>\n<meta property=\"og:title\" content=\"FORZIERI Online Gift Card (Electronic Delivery) (Germany)\" \/>\n<meta property=\"og:description\" content=\"Forzieri geschenkgutschein ist in mehreren Konfessionen erh\u00e4ltlich und kann zum Kauf an der verwendet werden Forzieri.com online-Shop weltweit.\" \/>\n<meta property=\"og:url\" content=\"https:\/\/coincards.com\/eu\/product\/forzieri-online-gift-card-electronic-delivery-3\/\" \/>\n<meta property=\"og:site_name\" content=\"Coincards Europe\" \/>\n<meta property=\"article:modified_time\" content=\"2024-06-05T23:20:22+00:00\" \/>\n<meta property=\"og:image\" content=\"https:\/\/assets.coincards.com\/wp-content\/uploads\/sites\/6\/2024\/06\/04183824\/FORZRI-NL-card.png\" \/>\n\t<meta property=\"og:image:width\" content=\"675\" \/>\n\t<meta property=\"og:image:height\" content=\"425\" \/>\n\t<meta property=\"og:image:type\" content=\"image\/png\" \/>\n<meta name=\"twitter:card\" content=\"summary_large_image\" \/>\n<meta name=\"twitter:label1\" content=\"Availability\" \/>\n\t<meta name=\"twitter:data1\" content=\"In stock\" \/>\n<script type=\"application\/ld+json\" class=\"yoast-schema-graph\">{\"@context\":\"https:\/\/schema.org\",\"@graph\":[{\"@type\":\"WebPage\",\"@id\":\"https:\/\/coincards.com\/eu\/product\/forzieri-online-gift-card-electronic-delivery-3\/\",\"url\":\"https:\/\/coincards.com\/eu\/product\/forzieri-online-gift-card-electronic-delivery-3\/\",\"name\":\"FORZIERI Online Gift Card (Electronic Delivery) (Germany) - Coincards Europe\",\"isPartOf\":{\"@id\":\"https:\/\/coincards.com\/eu\/#website\"},\"primaryImageOfPage\":{\"@id\":\"https:\/\/coincards.com\/eu\/product\/forzieri-online-gift-card-electronic-delivery-3\/#primaryimage\"},\"image\":{\"@id\":\"https:\/\/coincards.com\/eu\/product\/forzieri-online-gift-card-electronic-delivery-3\/#primaryimage\"},\"thumbnailUrl\":\"https:\/\/assets.coincards.com\/wp-content\/uploads\/sites\/6\/2024\/06\/04183824\/FORZRI-NL-card.png\",\"datePublished\":\"2024-05-23T21:32:56+00:00\",\"dateModified\":\"2024-06-05T23:20:22+00:00\",\"breadcrumb\":{\"@id\":\"https:\/\/coincards.com\/eu\/product\/forzieri-online-gift-card-electronic-delivery-3\/#breadcrumb\"},\"inLanguage\":\"en-CA\",\"potentialAction\":[{\"@type\":\"ReadAction\",\"target\":[\"https:\/\/coincards.com\/eu\/product\/forzieri-online-gift-card-electronic-delivery-3\/\"]}]},{\"@type\":\"ImageObject\",\"inLanguage\":\"en-CA\",\"@id\":\"https:\/\/coincards.com\/eu\/product\/forzieri-online-gift-card-electronic-delivery-3\/#primaryimage\",\"url\":\"https:\/\/assets.coincards.com\/wp-content\/uploads\/sites\/6\/2024\/06\/04183824\/FORZRI-NL-card.png\",\"contentUrl\":\"https:\/\/assets.coincards.com\/wp-content\/uploads\/sites\/6\/2024\/06\/04183824\/FORZRI-NL-card.png\",\"width\":675,\"height\":425},{\"@type\":\"BreadcrumbList\",\"@id\":\"https:\/\/coincards.com\/eu\/product\/forzieri-online-gift-card-electronic-delivery-3\/#breadcrumb\",\"itemListElement\":[{\"@type\":\"ListItem\",\"position\":1,\"name\":\"Home\",\"item\":\"https:\/\/coincards.com\/eu\/\"},{\"@type\":\"ListItem\",\"position\":2,\"name\":\"All Gift Cards\",\"item\":\"https:\/\/coincards.com\/eu\/all-gift-cards\/\"},{\"@type\":\"ListItem\",\"position\":3,\"name\":\"FORZIERI Online Gift Card (Electronic Delivery) (Germany)\"}]},{\"@type\":\"WebSite\",\"@id\":\"https:\/\/coincards.com\/eu\/#website\",\"url\":\"https:\/\/coincards.com\/eu\/\",\"name\":\"Coincards Europe\",\"description\":\"Austrlia&#039;s #1 Cryptocurrency to Gift Card Exchange Service\",\"potentialAction\":[{\"@type\":\"SearchAction\",\"target\":{\"@type\":\"EntryPoint\",\"urlTemplate\":\"https:\/\/coincards.com\/eu\/?s={search_term_string}\"},\"query-input\":{\"@type\":\"PropertyValueSpecification\",\"valueRequired\":true,\"valueName\":\"search_term_string\"}}],\"inLanguage\":\"en-CA\"}]}<\/script>\n<meta property=\"og:availability\" content=\"instock\" \/>\n<meta property=\"product:availability\" content=\"instock\" \/>\n<meta property=\"product:condition\" content=\"new\" \/>\n<!-- \/ Yoast SEO Premium plugin. -->","yoast_head_json":{"title":"FORZIERI Online Gift Card (Electronic Delivery) (Germany) - Coincards Europe","robots":{"index":"index","follow":"follow","max-snippet":"max-snippet:-1","max-image-preview":"max-image-preview:large","max-video-preview":"max-video-preview:-1"},"canonical":"https:\/\/coincards.com\/eu\/product\/forzieri-online-gift-card-electronic-delivery-3\/","og_locale":"en_US","og_type":"article","og_title":"FORZIERI Online Gift Card (Electronic Delivery) (Germany)","og_description":"Forzieri geschenkgutschein ist in mehreren Konfessionen erh\u00e4ltlich und kann zum Kauf an der verwendet werden Forzieri.com online-Shop weltweit.","og_url":"https:\/\/coincards.com\/eu\/product\/forzieri-online-gift-card-electronic-delivery-3\/","og_site_name":"Coincards Europe","article_modified_time":"2024-06-05T23:20:22+00:00","og_image":[{"width":675,"height":425,"url":"https:\/\/assets.coincards.com\/wp-content\/uploads\/sites\/6\/2024\/06\/04183824\/FORZRI-NL-card.png","type":"image\/png"}],"twitter_card":"summary_large_image","twitter_misc":{"Availability":"In stock"},"schema":{"@context":"https:\/\/schema.org","@graph":[{"@type":"WebPage","@id":"https:\/\/coincards.com\/eu\/product\/forzieri-online-gift-card-electronic-delivery-3\/","url":"https:\/\/coincards.com\/eu\/product\/forzieri-online-gift-card-electronic-delivery-3\/","name":"FORZIERI Online Gift Card (Electronic Delivery) (Germany) - Coincards Europe","isPartOf":{"@id":"https:\/\/coincards.com\/eu\/#website"},"primaryImageOfPage":{"@id":"https:\/\/coincards.com\/eu\/product\/forzieri-online-gift-card-electronic-delivery-3\/#primaryimage"},"image":{"@id":"https:\/\/coincards.com\/eu\/product\/forzieri-online-gift-card-electronic-delivery-3\/#primaryimage"},"thumbnailUrl":"https:\/\/assets.coincards.com\/wp-content\/uploads\/sites\/6\/2024\/06\/04183824\/FORZRI-NL-card.png","datePublished":"2024-05-23T21:32:56+00:00","dateModified":"2024-06-05T23:20:22+00:00","breadcrumb":{"@id":"https:\/\/coincards.com\/eu\/product\/forzieri-online-gift-card-electronic-delivery-3\/#breadcrumb"},"inLanguage":"en-CA","potentialAction":[{"@type":"ReadAction","target":["https:\/\/coincards.com\/eu\/product\/forzieri-online-gift-card-electronic-delivery-3\/"]}]},{"@type":"ImageObject","inLanguage":"en-CA","@id":"https:\/\/coincards.com\/eu\/product\/forzieri-online-gift-card-electronic-delivery-3\/#primaryimage","url":"https:\/\/assets.coincards.com\/wp-content\/uploads\/sites\/6\/2024\/06\/04183824\/FORZRI-NL-card.png","contentUrl":"https:\/\/assets.coincards.com\/wp-content\/uploads\/sites\/6\/2024\/06\/04183824\/FORZRI-NL-card.png","width":675,"height":425},{"@type":"BreadcrumbList","@id":"https:\/\/coincards.com\/eu\/product\/forzieri-online-gift-card-electronic-delivery-3\/#breadcrumb","itemListElement":[{"@type":"ListItem","position":1,"name":"Home","item":"https:\/\/coincards.com\/eu\/"},{"@type":"ListItem","position":2,"name":"All Gift Cards","item":"https:\/\/coincards.com\/eu\/all-gift-cards\/"},{"@type":"ListItem","position":3,"name":"FORZIERI Online Gift Card (Electronic Delivery) (Germany)"}]},{"@type":"WebSite","@id":"https:\/\/coincards.com\/eu\/#website","url":"https:\/\/coincards.com\/eu\/","name":"Coincards Europe","description":"Austrlia&#039;s #1 Cryptocurrency to Gift Card Exchange Service","potentialAction":[{"@type":"SearchAction","target":{"@type":"EntryPoint","urlTemplate":"https:\/\/coincards.com\/eu\/?s={search_term_string}"},"query-input":{"@type":"PropertyValueSpecification","valueRequired":true,"valueName":"search_term_string"}}],"inLanguage":"en-CA"}]},"og_availability":"instock","product_availability":"instock","product_condition":"new"},"_links":{"self":[{"href":"https:\/\/coincards.com\/eu\/wp-json\/wp\/v2\/product\/3081","targetHints":{"allow":["GET"]}}],"collection":[{"href":"https:\/\/coincards.com\/eu\/wp-json\/wp\/v2\/product"}],"about":[{"href":"https:\/\/coincards.com\/eu\/wp-json\/wp\/v2\/types\/product"}],"replies":[{"embeddable":true,"href":"https:\/\/coincards.com\/eu\/wp-json\/wp\/v2\/comments?post=3081"}],"wp:featuredmedia":[{"embeddable":true,"href":"https:\/\/coincards.com\/eu\/wp-json\/wp\/v2\/media\/5670"}],"wp:attachment":[{"href":"https:\/\/coincards.com\/eu\/wp-json\/wp\/v2\/media?parent=3081"}],"wp:term":[{"taxonomy":"product_cat","embeddable":true,"href":"https:\/\/coincards.com\/eu\/wp-json\/wp\/v2\/product_cat?post=3081"},{"taxonomy":"product_tag","embeddable":true,"href":"https:\/\/coincards.com\/eu\/wp-json\/wp\/v2\/product_tag?post=3081"}],"curies":[{"name":"wp","href":"https:\/\/api.w.org\/{rel}","templated":true}]}}