{"id":3072,"date":"2024-05-23T13:16:39","date_gmt":"2024-05-23T21:16:39","guid":{"rendered":"https:\/\/coincards.com\/eu\/?post_type=product&#038;p=3072"},"modified":"2024-06-05T15:20:17","modified_gmt":"2024-06-05T23:20:17","slug":"foot-locker-fr-online-gift-card-electronic-delivery","status":"publish","type":"product","link":"https:\/\/coincards.com\/eu\/product\/foot-locker-fr-online-gift-card-electronic-delivery\/","title":{"rendered":"Foot Locker FR Online Gift Card (Electronic Delivery) (France)"},"content":{"rendered":"<p>Cette carte ne peut \u00eatre utilis\u00e9e que pour effectuer des achats dans un magasin Foot Locker ou Kids Foot Locker situ\u00e9 dans le pays d&#8217;\u00e9mission. Cette carte n&#8217;a aucune valeur tant qu&#8217;elle n&#8217;est pas cr\u00e9dit\u00e9e. Cette carte ne peut \u00eatre \u00e9chang\u00e9e contre de l&#8217;argent liquide et ne sera pas remplac\u00e9e en cas de perte ou de vol.<br \/>\nA chaque utilisation de cette carte, le montant des achats sera automatiquement d\u00e9duit du solde de la carte. Vous pouvez v\u00e9rifier le solde de la carte lors de vos achats, ou \u00e0 tout moment en allant dans un magasin Foot Locker, ou en appelant le 0800901091.<\/p>\n<p>En magasin : dans tous les magasins Foot Locker situ\u00e9s en France.<br \/>\nUtilisable \u00e0 l\u2019Euro pr\u00e8s, en une ou plusieurs fois.<br \/>\nLes e-Cartes sont cumulables pour un m\u00eame achat<br \/>\nImprimez cette page et pr\u00e9sentez-la lors de votre passage en magasin. Si le ch\u00e8que-cadeau est endommag\u00e9, imprimez-le \u00e0 nouveau<br \/>\nA la caisse s\u00e9lectionner \u201ccarte cadeau\u201d puis flasher le code ci-dessus<\/p>\n","protected":false},"excerpt":{"rendered":"<p>Profitez d\u00e8s maintenant de votre e-Carte cadeau Foot Locker<\/p>\n","protected":false},"featured_media":5669,"comment_status":"closed","ping_status":"closed","template":"","meta":{"_exactmetrics_skip_tracking":false,"_exactmetrics_sitenote_active":false,"_exactmetrics_sitenote_note":"","_exactmetrics_sitenote_category":0},"product_cat":[20],"product_tag":[],"class_list":{"0":"post-3072","1":"product","2":"type-product","3":"status-publish","4":"has-post-thumbnail","6":"product_brand-foot-locker","7":"product_cat-electronic-gift-cards","8":"pa_country-availability-france","10":"first","11":"instock","12":"virtual","13":"purchasable","14":"product-type-simple","15":"nyp-product"},"yoast_head":"<!-- This site is optimized with the Yoast SEO Premium plugin v20.11 (Yoast SEO v25.8) - https:\/\/yoast.com\/wordpress\/plugins\/seo\/ -->\n<title>Foot Locker FR Online Gift Card (Electronic Delivery) (France) - Coincards Europe<\/title>\n<meta name=\"robots\" content=\"index, follow, max-snippet:-1, max-image-preview:large, max-video-preview:-1\" \/>\n<link rel=\"canonical\" href=\"https:\/\/coincards.com\/eu\/product\/foot-locker-fr-online-gift-card-electronic-delivery\/\" \/>\n<meta property=\"og:locale\" content=\"en_US\" \/>\n<meta property=\"og:type\" content=\"article\" \/>\n<meta property=\"og:title\" content=\"Foot Locker FR Online Gift Card (Electronic Delivery) (France)\" \/>\n<meta property=\"og:description\" content=\"Profitez d\u00e8s maintenant de votre e-Carte cadeau Foot Locker\" \/>\n<meta property=\"og:url\" content=\"https:\/\/coincards.com\/eu\/product\/foot-locker-fr-online-gift-card-electronic-delivery\/\" \/>\n<meta property=\"og:site_name\" content=\"Coincards Europe\" \/>\n<meta property=\"article:modified_time\" content=\"2024-06-05T23:20:17+00:00\" \/>\n<meta property=\"og:image\" content=\"https:\/\/assets.coincards.com\/wp-content\/uploads\/sites\/6\/2024\/06\/04183819\/FOOT-card.png\" \/>\n\t<meta property=\"og:image:width\" content=\"675\" \/>\n\t<meta property=\"og:image:height\" content=\"425\" \/>\n\t<meta property=\"og:image:type\" content=\"image\/png\" \/>\n<meta name=\"twitter:card\" content=\"summary_large_image\" \/>\n<meta name=\"twitter:label1\" content=\"Price\" \/>\n\t<meta name=\"twitter:data1\" content=\"&euro;10.00\" \/>\n\t<meta name=\"twitter:label2\" content=\"Availability\" \/>\n\t<meta name=\"twitter:data2\" content=\"In stock\" \/>\n<script type=\"application\/ld+json\" class=\"yoast-schema-graph\">{\"@context\":\"https:\/\/schema.org\",\"@graph\":[{\"@type\":\"WebPage\",\"@id\":\"https:\/\/coincards.com\/eu\/product\/foot-locker-fr-online-gift-card-electronic-delivery\/\",\"url\":\"https:\/\/coincards.com\/eu\/product\/foot-locker-fr-online-gift-card-electronic-delivery\/\",\"name\":\"Foot Locker FR Online Gift Card (Electronic Delivery) (France) - Coincards Europe\",\"isPartOf\":{\"@id\":\"https:\/\/coincards.com\/eu\/#website\"},\"primaryImageOfPage\":{\"@id\":\"https:\/\/coincards.com\/eu\/product\/foot-locker-fr-online-gift-card-electronic-delivery\/#primaryimage\"},\"image\":{\"@id\":\"https:\/\/coincards.com\/eu\/product\/foot-locker-fr-online-gift-card-electronic-delivery\/#primaryimage\"},\"thumbnailUrl\":\"https:\/\/assets.coincards.com\/wp-content\/uploads\/sites\/6\/2024\/06\/04183819\/FOOT-card.png\",\"datePublished\":\"2024-05-23T21:16:39+00:00\",\"dateModified\":\"2024-06-05T23:20:17+00:00\",\"breadcrumb\":{\"@id\":\"https:\/\/coincards.com\/eu\/product\/foot-locker-fr-online-gift-card-electronic-delivery\/#breadcrumb\"},\"inLanguage\":\"en-CA\",\"potentialAction\":[{\"@type\":\"ReadAction\",\"target\":[\"https:\/\/coincards.com\/eu\/product\/foot-locker-fr-online-gift-card-electronic-delivery\/\"]}]},{\"@type\":\"ImageObject\",\"inLanguage\":\"en-CA\",\"@id\":\"https:\/\/coincards.com\/eu\/product\/foot-locker-fr-online-gift-card-electronic-delivery\/#primaryimage\",\"url\":\"https:\/\/assets.coincards.com\/wp-content\/uploads\/sites\/6\/2024\/06\/04183819\/FOOT-card.png\",\"contentUrl\":\"https:\/\/assets.coincards.com\/wp-content\/uploads\/sites\/6\/2024\/06\/04183819\/FOOT-card.png\",\"width\":675,\"height\":425},{\"@type\":\"BreadcrumbList\",\"@id\":\"https:\/\/coincards.com\/eu\/product\/foot-locker-fr-online-gift-card-electronic-delivery\/#breadcrumb\",\"itemListElement\":[{\"@type\":\"ListItem\",\"position\":1,\"name\":\"Home\",\"item\":\"https:\/\/coincards.com\/eu\/\"},{\"@type\":\"ListItem\",\"position\":2,\"name\":\"All Gift Cards\",\"item\":\"https:\/\/coincards.com\/eu\/all-gift-cards\/\"},{\"@type\":\"ListItem\",\"position\":3,\"name\":\"Foot Locker FR Online Gift Card (Electronic Delivery) (France)\"}]},{\"@type\":\"WebSite\",\"@id\":\"https:\/\/coincards.com\/eu\/#website\",\"url\":\"https:\/\/coincards.com\/eu\/\",\"name\":\"Coincards Europe\",\"description\":\"Austrlia&#039;s #1 Cryptocurrency to Gift Card Exchange Service\",\"potentialAction\":[{\"@type\":\"SearchAction\",\"target\":{\"@type\":\"EntryPoint\",\"urlTemplate\":\"https:\/\/coincards.com\/eu\/?s={search_term_string}\"},\"query-input\":{\"@type\":\"PropertyValueSpecification\",\"valueRequired\":true,\"valueName\":\"search_term_string\"}}],\"inLanguage\":\"en-CA\"}]}<\/script>\n<meta property=\"product:price:amount\" content=\"10.00\" \/>\n<meta property=\"product:price:currency\" content=\"EUR\" \/>\n<meta property=\"og:availability\" content=\"instock\" \/>\n<meta property=\"product:availability\" content=\"instock\" \/>\n<meta property=\"product:condition\" content=\"new\" \/>\n<!-- \/ Yoast SEO Premium plugin. -->","yoast_head_json":{"title":"Foot Locker FR Online Gift Card (Electronic Delivery) (France) - Coincards Europe","robots":{"index":"index","follow":"follow","max-snippet":"max-snippet:-1","max-image-preview":"max-image-preview:large","max-video-preview":"max-video-preview:-1"},"canonical":"https:\/\/coincards.com\/eu\/product\/foot-locker-fr-online-gift-card-electronic-delivery\/","og_locale":"en_US","og_type":"article","og_title":"Foot Locker FR Online Gift Card (Electronic Delivery) (France)","og_description":"Profitez d\u00e8s maintenant de votre e-Carte cadeau Foot Locker","og_url":"https:\/\/coincards.com\/eu\/product\/foot-locker-fr-online-gift-card-electronic-delivery\/","og_site_name":"Coincards Europe","article_modified_time":"2024-06-05T23:20:17+00:00","og_image":[{"width":675,"height":425,"url":"https:\/\/assets.coincards.com\/wp-content\/uploads\/sites\/6\/2024\/06\/04183819\/FOOT-card.png","type":"image\/png"}],"twitter_card":"summary_large_image","twitter_misc":{"Price":"&euro;10.00","Availability":"In stock"},"schema":{"@context":"https:\/\/schema.org","@graph":[{"@type":"WebPage","@id":"https:\/\/coincards.com\/eu\/product\/foot-locker-fr-online-gift-card-electronic-delivery\/","url":"https:\/\/coincards.com\/eu\/product\/foot-locker-fr-online-gift-card-electronic-delivery\/","name":"Foot Locker FR Online Gift Card (Electronic Delivery) (France) - Coincards Europe","isPartOf":{"@id":"https:\/\/coincards.com\/eu\/#website"},"primaryImageOfPage":{"@id":"https:\/\/coincards.com\/eu\/product\/foot-locker-fr-online-gift-card-electronic-delivery\/#primaryimage"},"image":{"@id":"https:\/\/coincards.com\/eu\/product\/foot-locker-fr-online-gift-card-electronic-delivery\/#primaryimage"},"thumbnailUrl":"https:\/\/assets.coincards.com\/wp-content\/uploads\/sites\/6\/2024\/06\/04183819\/FOOT-card.png","datePublished":"2024-05-23T21:16:39+00:00","dateModified":"2024-06-05T23:20:17+00:00","breadcrumb":{"@id":"https:\/\/coincards.com\/eu\/product\/foot-locker-fr-online-gift-card-electronic-delivery\/#breadcrumb"},"inLanguage":"en-CA","potentialAction":[{"@type":"ReadAction","target":["https:\/\/coincards.com\/eu\/product\/foot-locker-fr-online-gift-card-electronic-delivery\/"]}]},{"@type":"ImageObject","inLanguage":"en-CA","@id":"https:\/\/coincards.com\/eu\/product\/foot-locker-fr-online-gift-card-electronic-delivery\/#primaryimage","url":"https:\/\/assets.coincards.com\/wp-content\/uploads\/sites\/6\/2024\/06\/04183819\/FOOT-card.png","contentUrl":"https:\/\/assets.coincards.com\/wp-content\/uploads\/sites\/6\/2024\/06\/04183819\/FOOT-card.png","width":675,"height":425},{"@type":"BreadcrumbList","@id":"https:\/\/coincards.com\/eu\/product\/foot-locker-fr-online-gift-card-electronic-delivery\/#breadcrumb","itemListElement":[{"@type":"ListItem","position":1,"name":"Home","item":"https:\/\/coincards.com\/eu\/"},{"@type":"ListItem","position":2,"name":"All Gift Cards","item":"https:\/\/coincards.com\/eu\/all-gift-cards\/"},{"@type":"ListItem","position":3,"name":"Foot Locker FR Online Gift Card (Electronic Delivery) (France)"}]},{"@type":"WebSite","@id":"https:\/\/coincards.com\/eu\/#website","url":"https:\/\/coincards.com\/eu\/","name":"Coincards Europe","description":"Austrlia&#039;s #1 Cryptocurrency to Gift Card Exchange Service","potentialAction":[{"@type":"SearchAction","target":{"@type":"EntryPoint","urlTemplate":"https:\/\/coincards.com\/eu\/?s={search_term_string}"},"query-input":{"@type":"PropertyValueSpecification","valueRequired":true,"valueName":"search_term_string"}}],"inLanguage":"en-CA"}]},"product_price_amount":"10.00","product_price_currency":"EUR","og_availability":"instock","product_availability":"instock","product_condition":"new"},"_links":{"self":[{"href":"https:\/\/coincards.com\/eu\/wp-json\/wp\/v2\/product\/3072","targetHints":{"allow":["GET"]}}],"collection":[{"href":"https:\/\/coincards.com\/eu\/wp-json\/wp\/v2\/product"}],"about":[{"href":"https:\/\/coincards.com\/eu\/wp-json\/wp\/v2\/types\/product"}],"replies":[{"embeddable":true,"href":"https:\/\/coincards.com\/eu\/wp-json\/wp\/v2\/comments?post=3072"}],"wp:featuredmedia":[{"embeddable":true,"href":"https:\/\/coincards.com\/eu\/wp-json\/wp\/v2\/media\/5669"}],"wp:attachment":[{"href":"https:\/\/coincards.com\/eu\/wp-json\/wp\/v2\/media?parent=3072"}],"wp:term":[{"taxonomy":"product_cat","embeddable":true,"href":"https:\/\/coincards.com\/eu\/wp-json\/wp\/v2\/product_cat?post=3072"},{"taxonomy":"product_tag","embeddable":true,"href":"https:\/\/coincards.com\/eu\/wp-json\/wp\/v2\/product_tag?post=3072"}],"curies":[{"name":"wp","href":"https:\/\/api.w.org\/{rel}","templated":true}]}}