{"id":3012,"date":"2024-05-23T10:49:18","date_gmt":"2024-05-23T18:49:18","guid":{"rendered":"https:\/\/coincards.com\/eu\/?post_type=product&#038;p=3012"},"modified":"2026-03-24T04:32:18","modified_gmt":"2026-03-24T12:32:18","slug":"flixbus-it-online-gift-card-electronic-delivery","status":"publish","type":"product","link":"https:\/\/coincards.com\/eu\/product\/flixbus-it-online-gift-card-electronic-delivery\/","title":{"rendered":"FlixBus IT Online Gift Card (Electronic Delivery) (Italy)"},"content":{"rendered":"<p>DEU: Zum Herunterladen Ihrer Geschenkkarte erhalten Sie Sicherheitscodes mit Ablaufdatum und entsprechenden Anweisungen<br \/>\nEN: To download your Gift Card you will receive security codes with relative expiration date and usage instructions<br \/>\nESP: Para descargar tu Tarjeta Regalo, recibir\u00e1 c\u00f3digos de seguridad con una fecha de vencimiento y las instrucciones relativas<br \/>\nFR: Pour t\u00e9l\u00e9charger votre carte cadeau, vous recevrez des codes de s\u00e9curit\u00e9 avec une date d&#8217;expiration et les instructions correspondantes.<\/p>\n<p>*****LOCAL***** Avec la carte-cadeau FlixBus, vous pouvez organiser votre prochain voyage ou l\u00b4offrir \u00e0 qui vous voulez ! *****ENGLISH***** The Flixbus Gift Card allows the purchase of one or more tickets on the website www.flixbus.it or on the FlixBus app available on the App Store and Google Play.<br \/>\nTo spend the Flixbus Gift Card you must first activate the code indicated on the booking voucher, which is valid for 6 months from its issue. By following the instructions on the voucher you can download the spendable Gift Card. Further information on the expiry date will be available on the voucher itself.<br \/>\nThe Flixbus Gift Card can be used for more than one purchase while credit runs out and is not convertible, refundable or cumulative with other codes and promotions. If the amount of the cart exceeds the remaining credit on the voucher, you will need to supplement the difference with payment using the methods made available on www.flixbus.it. *****LOCAL***** \u00a1Con la tarjeta regalo FlixBus puedes organizar tu pr\u00f3ximo viaje o regalarla a quien prefieras! *****LOCAL***** Mit der Flixbus-Geschenkkarte k\u00f6nnen Sie Ihre n\u00e4chste Reise organisieren oder die Karte verschenken! *****LOCAL***** La Gift Card Flixbus permette l&#8217;acquisto di uno o pi\u00f9 titoli di viaggio sul sito www.flixbus.it o sull&#8217;app FlixBus disponibile su App Store e Google Play.<br \/>\nLa Gift Card Flixbus pu\u00f2 essere utilizzata per pi\u00f9 di un acquisto fino ad esaurimento del credito e non \u00e8 convertibile, rimborsabile o cumulabile con altri codici e promozioni.<br \/>\nSe l&#8217;importo del carrello eccede il credito residuo sul buono, occorrer\u00e0 integrare la differenza con pagamento tramite le modalit\u00e0 messe a disposizione su www.flixbus.it.<\/p>\n","protected":false},"excerpt":{"rendered":"<p>*****LOCAL***** Avec la carte-cadeau FlixBus, vous pouvez organiser votre prochain voyage ou l\u00b4offrir \u00e0 qui vous voulez ! *****ENGLISH***** The Flixbus Gift Card allows the purchase of one or more tickets on the website www.flixbus.it or on the FlixBus app available on the App Store and Google Play.<br \/>\nTo spend the Flixbus Gift Card you must first activate the code indicated on the booking voucher, which is valid for 6 months from its issue. By following the instructions on the voucher you can download the spendable Gift Card. Further information on the expiry date will be available on the voucher itself.<br \/>\nThe Flixbus Gift Card can be used for more than one purchase while credit runs out and is not convertible, refundable or cumulative with other codes and promotions. If the amount of the cart exceeds the remaining credit on the voucher, you will need to supplement the difference with payment using the methods made available on www.flixbus.it. *****LOCAL***** \u00a1Con la tarjeta regalo FlixBus puedes organizar tu pr\u00f3ximo viaje o regalarla a quien prefieras! *****LOCAL***** Mit der Flixbus-Geschenkkarte k\u00f6nnen Sie Ihre n\u00e4chste Reise organisieren oder die Karte verschenken! *****LOCAL***** La Gift Card Flixbus permette l&#8217;acquisto di uno o pi\u00f9 titoli di viaggio sul sito www.flixbus.it o sull&#8217;app FlixBus disponibile su App Store e Google Play.<br \/>\nLa Gift Card Flixbus pu\u00f2 essere utilizzata per pi\u00f9 di un acquisto fino ad esaurimento del credito e non \u00e8 convertibile, rimborsabile o cumulabile con altri codici e promozioni.<br \/>\nSe l&#8217;importo del carrello eccede il credito residuo sul buono, occorrer\u00e0 integrare la differenza con pagamento tramite le modalit\u00e0 messe a disposizione su www.flixbus.it.<\/p>\n","protected":false},"featured_media":5662,"comment_status":"closed","ping_status":"closed","template":"","meta":{"_exactmetrics_skip_tracking":false,"_exactmetrics_sitenote_active":false,"_exactmetrics_sitenote_note":"","_exactmetrics_sitenote_category":0},"product_cat":[20],"product_tag":[],"class_list":{"0":"post-3012","1":"product","2":"type-product","3":"status-publish","4":"has-post-thumbnail","6":"product_brand-flixbus","7":"product_cat-electronic-gift-cards","8":"pa_country-availability-italy","10":"first","11":"instock","12":"shipping-taxable","13":"purchasable","14":"product-type-variable"},"yoast_head":"<!-- This site is optimized with the Yoast SEO Premium plugin v20.11 (Yoast SEO v25.8) - https:\/\/yoast.com\/wordpress\/plugins\/seo\/ -->\n<title>FlixBus IT Online Gift Card (Electronic Delivery) (Italy) - Coincards Europe<\/title>\n<meta name=\"robots\" content=\"index, follow, max-snippet:-1, max-image-preview:large, max-video-preview:-1\" \/>\n<link rel=\"canonical\" href=\"https:\/\/coincards.com\/eu\/product\/flixbus-it-online-gift-card-electronic-delivery\/\" \/>\n<meta property=\"og:locale\" content=\"en_US\" \/>\n<meta property=\"og:type\" content=\"article\" \/>\n<meta property=\"og:title\" content=\"FlixBus IT Online Gift Card (Electronic Delivery) (Italy)\" \/>\n<meta property=\"og:description\" content=\"*****LOCAL***** Avec la carte-cadeau FlixBus, vous pouvez organiser votre prochain voyage ou l\u00b4offrir \u00e0 qui vous voulez ! *****ENGLISH***** The Flixbus Gift Card allows the purchase of one or more tickets on the website www.flixbus.it or on the FlixBus app available on the App Store and Google Play. To spend the Flixbus Gift Card you must first activate the code indicated on the booking voucher, which is valid for 6 months from its issue. By following the instructions on the voucher you can download the spendable Gift Card. Further information on the expiry date will be available on the voucher itself. The Flixbus Gift Card can be used for more than one purchase while credit runs out and is not convertible, refundable or cumulative with other codes and promotions. If the amount of the cart exceeds the remaining credit on the voucher, you will need to supplement the difference with payment using the methods made available on www.flixbus.it. *****LOCAL***** \u00a1Con la tarjeta regalo FlixBus puedes organizar tu pr\u00f3ximo viaje o regalarla a quien prefieras! *****LOCAL***** Mit der Flixbus-Geschenkkarte k\u00f6nnen Sie Ihre n\u00e4chste Reise organisieren oder die Karte verschenken! *****LOCAL***** La Gift Card Flixbus permette l&#039;acquisto di uno o pi\u00f9 titoli di viaggio sul sito www.flixbus.it o sull&#039;app FlixBus disponibile su App Store e Google Play. La Gift Card Flixbus pu\u00f2 essere utilizzata per pi\u00f9 di un acquisto fino ad esaurimento del credito e non \u00e8 convertibile, rimborsabile o cumulabile con altri codici e promozioni. Se l&#039;importo del carrello eccede il credito residuo sul buono, occorrer\u00e0 integrare la differenza con pagamento tramite le modalit\u00e0 messe a disposizione su www.flixbus.it.\" \/>\n<meta property=\"og:url\" content=\"https:\/\/coincards.com\/eu\/product\/flixbus-it-online-gift-card-electronic-delivery\/\" \/>\n<meta property=\"og:site_name\" content=\"Coincards Europe\" \/>\n<meta property=\"article:modified_time\" content=\"2026-03-24T12:32:18+00:00\" \/>\n<meta property=\"og:image\" content=\"https:\/\/assets.coincards.com\/wp-content\/uploads\/sites\/6\/2024\/06\/04183744\/FLIX-ES-card.png\" \/>\n\t<meta property=\"og:image:width\" content=\"675\" \/>\n\t<meta property=\"og:image:height\" content=\"425\" \/>\n\t<meta property=\"og:image:type\" content=\"image\/png\" \/>\n<meta name=\"twitter:card\" content=\"summary_large_image\" \/>\n<meta name=\"twitter:label1\" content=\"Availability\" \/>\n\t<meta name=\"twitter:data1\" content=\"In stock\" \/>\n<script type=\"application\/ld+json\" class=\"yoast-schema-graph\">{\"@context\":\"https:\/\/schema.org\",\"@graph\":[{\"@type\":\"WebPage\",\"@id\":\"https:\/\/coincards.com\/eu\/product\/flixbus-it-online-gift-card-electronic-delivery\/\",\"url\":\"https:\/\/coincards.com\/eu\/product\/flixbus-it-online-gift-card-electronic-delivery\/\",\"name\":\"FlixBus IT Online Gift Card (Electronic Delivery) (Italy) - Coincards Europe\",\"isPartOf\":{\"@id\":\"https:\/\/coincards.com\/eu\/#website\"},\"primaryImageOfPage\":{\"@id\":\"https:\/\/coincards.com\/eu\/product\/flixbus-it-online-gift-card-electronic-delivery\/#primaryimage\"},\"image\":{\"@id\":\"https:\/\/coincards.com\/eu\/product\/flixbus-it-online-gift-card-electronic-delivery\/#primaryimage\"},\"thumbnailUrl\":\"https:\/\/assets.coincards.com\/wp-content\/uploads\/sites\/6\/2024\/06\/04183744\/FLIX-ES-card.png\",\"datePublished\":\"2024-05-23T18:49:18+00:00\",\"dateModified\":\"2026-03-24T12:32:18+00:00\",\"breadcrumb\":{\"@id\":\"https:\/\/coincards.com\/eu\/product\/flixbus-it-online-gift-card-electronic-delivery\/#breadcrumb\"},\"inLanguage\":\"en-CA\",\"potentialAction\":[{\"@type\":\"ReadAction\",\"target\":[\"https:\/\/coincards.com\/eu\/product\/flixbus-it-online-gift-card-electronic-delivery\/\"]}]},{\"@type\":\"ImageObject\",\"inLanguage\":\"en-CA\",\"@id\":\"https:\/\/coincards.com\/eu\/product\/flixbus-it-online-gift-card-electronic-delivery\/#primaryimage\",\"url\":\"https:\/\/assets.coincards.com\/wp-content\/uploads\/sites\/6\/2024\/06\/04183744\/FLIX-ES-card.png\",\"contentUrl\":\"https:\/\/assets.coincards.com\/wp-content\/uploads\/sites\/6\/2024\/06\/04183744\/FLIX-ES-card.png\",\"width\":675,\"height\":425},{\"@type\":\"BreadcrumbList\",\"@id\":\"https:\/\/coincards.com\/eu\/product\/flixbus-it-online-gift-card-electronic-delivery\/#breadcrumb\",\"itemListElement\":[{\"@type\":\"ListItem\",\"position\":1,\"name\":\"Home\",\"item\":\"https:\/\/coincards.com\/eu\/\"},{\"@type\":\"ListItem\",\"position\":2,\"name\":\"All Gift Cards\",\"item\":\"https:\/\/coincards.com\/eu\/all-gift-cards\/\"},{\"@type\":\"ListItem\",\"position\":3,\"name\":\"FlixBus IT Online Gift Card (Electronic Delivery) (Italy)\"}]},{\"@type\":\"WebSite\",\"@id\":\"https:\/\/coincards.com\/eu\/#website\",\"url\":\"https:\/\/coincards.com\/eu\/\",\"name\":\"Coincards Europe\",\"description\":\"Austrlia&#039;s #1 Cryptocurrency to Gift Card Exchange Service\",\"potentialAction\":[{\"@type\":\"SearchAction\",\"target\":{\"@type\":\"EntryPoint\",\"urlTemplate\":\"https:\/\/coincards.com\/eu\/?s={search_term_string}\"},\"query-input\":{\"@type\":\"PropertyValueSpecification\",\"valueRequired\":true,\"valueName\":\"search_term_string\"}}],\"inLanguage\":\"en-CA\"}]}<\/script>\n<meta property=\"og:availability\" content=\"instock\" \/>\n<meta property=\"product:availability\" content=\"instock\" \/>\n<meta property=\"product:condition\" content=\"new\" \/>\n<!-- \/ Yoast SEO Premium plugin. -->","yoast_head_json":{"title":"FlixBus IT Online Gift Card (Electronic Delivery) (Italy) - Coincards Europe","robots":{"index":"index","follow":"follow","max-snippet":"max-snippet:-1","max-image-preview":"max-image-preview:large","max-video-preview":"max-video-preview:-1"},"canonical":"https:\/\/coincards.com\/eu\/product\/flixbus-it-online-gift-card-electronic-delivery\/","og_locale":"en_US","og_type":"article","og_title":"FlixBus IT Online Gift Card (Electronic Delivery) (Italy)","og_description":"*****LOCAL***** Avec la carte-cadeau FlixBus, vous pouvez organiser votre prochain voyage ou l\u00b4offrir \u00e0 qui vous voulez ! *****ENGLISH***** The Flixbus Gift Card allows the purchase of one or more tickets on the website www.flixbus.it or on the FlixBus app available on the App Store and Google Play. To spend the Flixbus Gift Card you must first activate the code indicated on the booking voucher, which is valid for 6 months from its issue. By following the instructions on the voucher you can download the spendable Gift Card. Further information on the expiry date will be available on the voucher itself. The Flixbus Gift Card can be used for more than one purchase while credit runs out and is not convertible, refundable or cumulative with other codes and promotions. If the amount of the cart exceeds the remaining credit on the voucher, you will need to supplement the difference with payment using the methods made available on www.flixbus.it. *****LOCAL***** \u00a1Con la tarjeta regalo FlixBus puedes organizar tu pr\u00f3ximo viaje o regalarla a quien prefieras! *****LOCAL***** Mit der Flixbus-Geschenkkarte k\u00f6nnen Sie Ihre n\u00e4chste Reise organisieren oder die Karte verschenken! *****LOCAL***** La Gift Card Flixbus permette l'acquisto di uno o pi\u00f9 titoli di viaggio sul sito www.flixbus.it o sull'app FlixBus disponibile su App Store e Google Play. La Gift Card Flixbus pu\u00f2 essere utilizzata per pi\u00f9 di un acquisto fino ad esaurimento del credito e non \u00e8 convertibile, rimborsabile o cumulabile con altri codici e promozioni. Se l'importo del carrello eccede il credito residuo sul buono, occorrer\u00e0 integrare la differenza con pagamento tramite le modalit\u00e0 messe a disposizione su www.flixbus.it.","og_url":"https:\/\/coincards.com\/eu\/product\/flixbus-it-online-gift-card-electronic-delivery\/","og_site_name":"Coincards Europe","article_modified_time":"2026-03-24T12:32:18+00:00","og_image":[{"width":675,"height":425,"url":"https:\/\/assets.coincards.com\/wp-content\/uploads\/sites\/6\/2024\/06\/04183744\/FLIX-ES-card.png","type":"image\/png"}],"twitter_card":"summary_large_image","twitter_misc":{"Availability":"In stock"},"schema":{"@context":"https:\/\/schema.org","@graph":[{"@type":"WebPage","@id":"https:\/\/coincards.com\/eu\/product\/flixbus-it-online-gift-card-electronic-delivery\/","url":"https:\/\/coincards.com\/eu\/product\/flixbus-it-online-gift-card-electronic-delivery\/","name":"FlixBus IT Online Gift Card (Electronic Delivery) (Italy) - Coincards Europe","isPartOf":{"@id":"https:\/\/coincards.com\/eu\/#website"},"primaryImageOfPage":{"@id":"https:\/\/coincards.com\/eu\/product\/flixbus-it-online-gift-card-electronic-delivery\/#primaryimage"},"image":{"@id":"https:\/\/coincards.com\/eu\/product\/flixbus-it-online-gift-card-electronic-delivery\/#primaryimage"},"thumbnailUrl":"https:\/\/assets.coincards.com\/wp-content\/uploads\/sites\/6\/2024\/06\/04183744\/FLIX-ES-card.png","datePublished":"2024-05-23T18:49:18+00:00","dateModified":"2026-03-24T12:32:18+00:00","breadcrumb":{"@id":"https:\/\/coincards.com\/eu\/product\/flixbus-it-online-gift-card-electronic-delivery\/#breadcrumb"},"inLanguage":"en-CA","potentialAction":[{"@type":"ReadAction","target":["https:\/\/coincards.com\/eu\/product\/flixbus-it-online-gift-card-electronic-delivery\/"]}]},{"@type":"ImageObject","inLanguage":"en-CA","@id":"https:\/\/coincards.com\/eu\/product\/flixbus-it-online-gift-card-electronic-delivery\/#primaryimage","url":"https:\/\/assets.coincards.com\/wp-content\/uploads\/sites\/6\/2024\/06\/04183744\/FLIX-ES-card.png","contentUrl":"https:\/\/assets.coincards.com\/wp-content\/uploads\/sites\/6\/2024\/06\/04183744\/FLIX-ES-card.png","width":675,"height":425},{"@type":"BreadcrumbList","@id":"https:\/\/coincards.com\/eu\/product\/flixbus-it-online-gift-card-electronic-delivery\/#breadcrumb","itemListElement":[{"@type":"ListItem","position":1,"name":"Home","item":"https:\/\/coincards.com\/eu\/"},{"@type":"ListItem","position":2,"name":"All Gift Cards","item":"https:\/\/coincards.com\/eu\/all-gift-cards\/"},{"@type":"ListItem","position":3,"name":"FlixBus IT Online Gift Card (Electronic Delivery) (Italy)"}]},{"@type":"WebSite","@id":"https:\/\/coincards.com\/eu\/#website","url":"https:\/\/coincards.com\/eu\/","name":"Coincards Europe","description":"Austrlia&#039;s #1 Cryptocurrency to Gift Card Exchange Service","potentialAction":[{"@type":"SearchAction","target":{"@type":"EntryPoint","urlTemplate":"https:\/\/coincards.com\/eu\/?s={search_term_string}"},"query-input":{"@type":"PropertyValueSpecification","valueRequired":true,"valueName":"search_term_string"}}],"inLanguage":"en-CA"}]},"og_availability":"instock","product_availability":"instock","product_condition":"new"},"_links":{"self":[{"href":"https:\/\/coincards.com\/eu\/wp-json\/wp\/v2\/product\/3012","targetHints":{"allow":["GET"]}}],"collection":[{"href":"https:\/\/coincards.com\/eu\/wp-json\/wp\/v2\/product"}],"about":[{"href":"https:\/\/coincards.com\/eu\/wp-json\/wp\/v2\/types\/product"}],"replies":[{"embeddable":true,"href":"https:\/\/coincards.com\/eu\/wp-json\/wp\/v2\/comments?post=3012"}],"wp:featuredmedia":[{"embeddable":true,"href":"https:\/\/coincards.com\/eu\/wp-json\/wp\/v2\/media\/5662"}],"wp:attachment":[{"href":"https:\/\/coincards.com\/eu\/wp-json\/wp\/v2\/media?parent=3012"}],"wp:term":[{"taxonomy":"product_cat","embeddable":true,"href":"https:\/\/coincards.com\/eu\/wp-json\/wp\/v2\/product_cat?post=3012"},{"taxonomy":"product_tag","embeddable":true,"href":"https:\/\/coincards.com\/eu\/wp-json\/wp\/v2\/product_tag?post=3012"}],"curies":[{"name":"wp","href":"https:\/\/api.w.org\/{rel}","templated":true}]}}