{"id":3004,"date":"2024-05-23T10:41:52","date_gmt":"2024-05-23T18:41:52","guid":{"rendered":"https:\/\/coincards.com\/eu\/?post_type=product&#038;p=3004"},"modified":"2024-06-04T18:38:07","modified_gmt":"2024-06-05T02:38:07","slug":"flixbus-es-online-gift-card-electronic-delivery","status":"publish","type":"product","link":"https:\/\/coincards.com\/eu\/product\/flixbus-es-online-gift-card-electronic-delivery\/","title":{"rendered":"FlixBus ES Online Gift Card (Electronic Delivery) (Spain)"},"content":{"rendered":"<p>DEU: Zum Herunterladen Ihrer Geschenkkarte erhalten Sie Sicherheitscodes mit Ablaufdatum und entsprechenden Anweisungen<br \/>\nEN: To download your Gift Card you will receive security codes with relative expiration date and usage instructions<br \/>\nESP: Para descargar tu Tarjeta Regalo, recibir\u00e1 c\u00f3digos de seguridad con una fecha de vencimiento y las instrucciones relativas<br \/>\nFR: Pour t\u00e9l\u00e9charger votre carte cadeau, vous recevrez des codes de s\u00e9curit\u00e9 avec une date d&#8217;expiration et les instructions correspondantes.<\/p>\n<p>*****LOCAL***** Avec les cartes cadeaux de Flixbus vous pouvez planifier votre prochain voyage ou l\u00b4offrir \u00e0 quelqu\u00b4un que vous aimez ! Si vous ne pouvez pas d\u00e9cider quoi offrir \u00e0 cette personne sp\u00e9ciale, quel meilleur cadeau qu\u00b4un voyage dans une ville europ\u00e9enne parmi plus de 1.000 avantages des prix super pratiques pour voyager dans 29 pays et plus de 2.000 destinations diff\u00e9rentes chaque jour de l\u00b4ann\u00e9e. Flixbus vous garantit le meilleur service : Wi-Fi avec vitesse 4G, si\u00e8ges avec espace suppl\u00e9mentaire pour les jambes, prises \u00e9lectriques pour vos appareils, espace pour vos bagages, snacks et boissons \u00e0 des prix abordables. Il suffit de choisir le montant de votre carte-cadeau, d\u00b4acheter en ligne et d\u00b4utiliser le cr\u00e9dit disponible jusqu\u00b4\u00e0 \u00e9puisement. *****LOCAL***** Si no puedes decidir qu\u00e9 regalarle a esa persona especial, \u00bfQu\u00e9 mejor regalo que una escapada a una ciudad europea de entre m\u00e1s de 1.000? Aprovecha de los precios s\u00faper convenientes para viajar a 29 pa\u00edses y m\u00e1s de 2.000 destinos diferentes cualquier d\u00eda del a\u00f1o. FlixBus te garantiza el mejor servicio: Wi-Fi gratuito con velocidad 4G, asientos con espacio adicional para las piernas, tomas de electricidad para tus dispositivos, espacio para tu equipaje, aperitivos y bebidas a precios econ\u00f3micos. S\u00f3lo tienes que elegir el importe de tu tarjeta regalo, comprarla online y utilizar el cr\u00e9dito disponible hasta que se agote. Las Tarjetas Regalo de FlixBus no son acumulables con otros c\u00f3digos o promociones. *****ENGLISH***** Still no idea on the perfect gift for that special person? What\u00b4s better than a trip to a city in Europe? You have more than 1000 to choose from!<br \/>\nEnjoy the best prices to travel to 29 countries and over 2000 destinations, each day of the year. Flixbus ensures the best service: free 4G Wi-Fi, seats with extra leg space, electric sockets, space for your luggages, snacks and drinks at cheap prices. You just need to choose the amount of the gift card, purchase it online and use it until the credit is over.<br \/>\nThe Flixbus gift cards cannot be cumulated with other codes or promotions. *****LOCAL***** Mit der Flixbus-Geschenkkarte k\u00f6nnen Sie Ihre n\u00e4chste Reise beginnen oder die Karte verschenken! Wenn Sie sich nicht entscheiden k\u00f6nnen, etwas Besonderes zu buchen, verschenken Sie einen Trip in eine europ\u00e4ische Stadt, als ein m\u00f6gliches Geschenk unter 1000 Preisvorteilen. Reisen Sie bequem an jedem Tag im Jahr in 29 L\u00e4ndern und in mehr als 2000 verschiedene Destinationen. Flixbus garantiert Ihnen den besten Service: WiFi mit 4G-Geschwindigkeit, Sitze mit mehr Beinfreiheit, Steckdosen f\u00fcr Ihre Ger\u00e4te, Platz f\u00fcrs Gep\u00e4ck, Snacks und Getr\u00e4nke zu erschwinglichen Preisen. W\u00e4hlen Sie einfach den Betrag Ihrer Geschenkkarte, kaufen Sie online und verwenden Sie den zur Verf\u00fcgung stehenden Betrag, bis dieser verbraucht ist. *****LOCAL***** Con le Gift Card di Flixbus puoi pianificare il tuo prossimo viaggio o regalarlo a qualcuno che ti piace! Se non riesci a decidere cosa regalare a quella persona speciale, quale miglior regalo di un viaggio in una citt\u00e0 europea tra pi\u00f9 di 1.000 vantaggi e prezzi super convenienti per viaggiare in 29 paesi e pi\u00f9 di 2.000 destinazioni diverse ogni giorno dell\u00b4anno. Flixbus ti garantisce il miglior servizio: Wi-Fi con velocit\u00e0 4G, sedili con spazio extra per le gambe, prese elettriche per i tuoi dispositivi, spazio per i tuoi bagagli, snack e bevande a prezzi convenienti. Basta scegliere l\u00b4importo della sua carta regalo, acquistare online e utilizzare il credito disponibile fino al suo esaurimento.<\/p>\n","protected":false},"excerpt":{"rendered":"<p>*****LOCAL***** Avec les cartes cadeaux de Flixbus vous pouvez planifier votre prochain voyage ou l\u00b4offrir \u00e0 quelqu\u00b4un que vous aimez ! Si vous ne pouvez pas d\u00e9cider quoi offrir \u00e0 cette personne sp\u00e9ciale, quel meilleur cadeau qu\u00b4un voyage dans une ville europ\u00e9enne parmi plus de 1.000 avantages des prix super pratiques pour voyager dans 29 pays et plus de 2.000 destinations diff\u00e9rentes chaque jour de l\u00b4ann\u00e9e. Flixbus vous garantit le meilleur service : Wi-Fi avec vitesse 4G, si\u00e8ges avec espace suppl\u00e9mentaire pour les jambes, prises \u00e9lectriques pour vos appareils, espace pour vos bagages, snacks et boissons \u00e0 des prix abordables. Il suffit de choisir le montant de votre carte-cadeau, d\u00b4acheter en ligne et d\u00b4utiliser le cr\u00e9dit disponible jusqu\u00b4\u00e0 \u00e9puisement. *****LOCAL***** Si no puedes decidir qu\u00e9 regalarle a esa persona especial, \u00bfQu\u00e9 mejor regalo que una escapada a una ciudad europea de entre m\u00e1s de 1.000? Aprovecha de los precios s\u00faper convenientes para viajar a 29 pa\u00edses y m\u00e1s de 2.000 destinos diferentes cualquier d\u00eda del a\u00f1o. FlixBus te garantiza el mejor servicio: Wi-Fi gratuito con velocidad 4G, asientos con espacio adicional para las piernas, tomas de electricidad para tus dispositivos, espacio para tu equipaje, aperitivos y bebidas a precios econ\u00f3micos. S\u00f3lo tienes que elegir el importe de tu tarjeta regalo, comprarla online y utilizar el cr\u00e9dito disponible hasta que se agote. Las Tarjetas Regalo de FlixBus no son acumulables con otros c\u00f3digos o promociones. *****ENGLISH***** Still no idea on the perfect gift for that special person? What\u00b4s better than a trip to a city in Europe? You have more than 1000 to choose from!<br \/>\nEnjoy the best prices to travel to 29 countries and over 2000 destinations, each day of the year. Flixbus ensures the best service: free 4G Wi-Fi, seats with extra leg space, electric sockets, space for your luggages, snacks and drinks at cheap prices. You just need to choose the amount of the gift card, purchase it online and use it until the credit is over.<br \/>\nThe Flixbus gift cards cannot be cumulated with other codes or promotions. *****LOCAL***** Mit der Flixbus-Geschenkkarte k\u00f6nnen Sie Ihre n\u00e4chste Reise beginnen oder die Karte verschenken! Wenn Sie sich nicht entscheiden k\u00f6nnen, etwas Besonderes zu buchen, verschenken Sie einen Trip in eine europ\u00e4ische Stadt, als ein m\u00f6gliches Geschenk unter 1000 Preisvorteilen. Reisen Sie bequem an jedem Tag im Jahr in 29 L\u00e4ndern und in mehr als 2000 verschiedene Destinationen. Flixbus garantiert Ihnen den besten Service: WiFi mit 4G-Geschwindigkeit, Sitze mit mehr Beinfreiheit, Steckdosen f\u00fcr Ihre Ger\u00e4te, Platz f\u00fcrs Gep\u00e4ck, Snacks und Getr\u00e4nke zu erschwinglichen Preisen. W\u00e4hlen Sie einfach den Betrag Ihrer Geschenkkarte, kaufen Sie online und verwenden Sie den zur Verf\u00fcgung stehenden Betrag, bis dieser verbraucht ist. *****LOCAL***** Con le Gift Card di Flixbus puoi pianificare il tuo prossimo viaggio o regalarlo a qualcuno che ti piace! Se non riesci a decidere cosa regalare a quella persona speciale, quale miglior regalo di un viaggio in una citt\u00e0 europea tra pi\u00f9 di 1.000 vantaggi e prezzi super convenienti per viaggiare in 29 paesi e pi\u00f9 di 2.000 destinazioni diverse ogni giorno dell\u00b4anno. Flixbus ti garantisce il miglior servizio: Wi-Fi con velocit\u00e0 4G, sedili con spazio extra per le gambe, prese elettriche per i tuoi dispositivi, spazio per i tuoi bagagli, snack e bevande a prezzi convenienti. Basta scegliere l\u00b4importo della sua carta regalo, acquistare online e utilizzare il credito disponibile fino al suo esaurimento.<\/p>\n","protected":false},"featured_media":5662,"comment_status":"closed","ping_status":"closed","template":"","meta":{"_exactmetrics_skip_tracking":false,"_exactmetrics_sitenote_active":false,"_exactmetrics_sitenote_note":"","_exactmetrics_sitenote_category":0},"product_cat":[20],"product_tag":[],"class_list":{"0":"post-3004","1":"product","2":"type-product","3":"status-publish","4":"has-post-thumbnail","6":"product_brand-flixbus","7":"product_cat-electronic-gift-cards","8":"pa_country-availability-spain","10":"first","11":"instock","12":"shipping-taxable","13":"purchasable","14":"product-type-variable"},"yoast_head":"<!-- This site is optimized with the Yoast SEO Premium plugin v20.11 (Yoast SEO v25.8) - https:\/\/yoast.com\/wordpress\/plugins\/seo\/ -->\n<title>FlixBus ES Online Gift Card (Electronic Delivery) (Spain) - Coincards Europe<\/title>\n<meta name=\"robots\" content=\"index, follow, max-snippet:-1, max-image-preview:large, max-video-preview:-1\" \/>\n<link rel=\"canonical\" href=\"https:\/\/coincards.com\/eu\/product\/flixbus-es-online-gift-card-electronic-delivery\/\" \/>\n<meta property=\"og:locale\" content=\"en_US\" \/>\n<meta property=\"og:type\" content=\"article\" \/>\n<meta property=\"og:title\" content=\"FlixBus ES Online Gift Card (Electronic Delivery) (Spain)\" \/>\n<meta property=\"og:description\" content=\"*****LOCAL***** Avec les cartes cadeaux de Flixbus vous pouvez planifier votre prochain voyage ou l\u00b4offrir \u00e0 quelqu\u00b4un que vous aimez ! Si vous ne pouvez pas d\u00e9cider quoi offrir \u00e0 cette personne sp\u00e9ciale, quel meilleur cadeau qu\u00b4un voyage dans une ville europ\u00e9enne parmi plus de 1.000 avantages des prix super pratiques pour voyager dans 29 pays et plus de 2.000 destinations diff\u00e9rentes chaque jour de l\u00b4ann\u00e9e. Flixbus vous garantit le meilleur service : Wi-Fi avec vitesse 4G, si\u00e8ges avec espace suppl\u00e9mentaire pour les jambes, prises \u00e9lectriques pour vos appareils, espace pour vos bagages, snacks et boissons \u00e0 des prix abordables. Il suffit de choisir le montant de votre carte-cadeau, d\u00b4acheter en ligne et d\u00b4utiliser le cr\u00e9dit disponible jusqu\u00b4\u00e0 \u00e9puisement. *****LOCAL***** Si no puedes decidir qu\u00e9 regalarle a esa persona especial, \u00bfQu\u00e9 mejor regalo que una escapada a una ciudad europea de entre m\u00e1s de 1.000? Aprovecha de los precios s\u00faper convenientes para viajar a 29 pa\u00edses y m\u00e1s de 2.000 destinos diferentes cualquier d\u00eda del a\u00f1o. FlixBus te garantiza el mejor servicio: Wi-Fi gratuito con velocidad 4G, asientos con espacio adicional para las piernas, tomas de electricidad para tus dispositivos, espacio para tu equipaje, aperitivos y bebidas a precios econ\u00f3micos. S\u00f3lo tienes que elegir el importe de tu tarjeta regalo, comprarla online y utilizar el cr\u00e9dito disponible hasta que se agote. Las Tarjetas Regalo de FlixBus no son acumulables con otros c\u00f3digos o promociones. *****ENGLISH***** Still no idea on the perfect gift for that special person? What\u00b4s better than a trip to a city in Europe? You have more than 1000 to choose from! Enjoy the best prices to travel to 29 countries and over 2000 destinations, each day of the year. Flixbus ensures the best service: free 4G Wi-Fi, seats with extra leg space, electric sockets, space for your luggages, snacks and drinks at cheap prices. You just need to choose the amount of the gift card, purchase it online and use it until the credit is over. The Flixbus gift cards cannot be cumulated with other codes or promotions. *****LOCAL***** Mit der Flixbus-Geschenkkarte k\u00f6nnen Sie Ihre n\u00e4chste Reise beginnen oder die Karte verschenken! Wenn Sie sich nicht entscheiden k\u00f6nnen, etwas Besonderes zu buchen, verschenken Sie einen Trip in eine europ\u00e4ische Stadt, als ein m\u00f6gliches Geschenk unter 1000 Preisvorteilen. Reisen Sie bequem an jedem Tag im Jahr in 29 L\u00e4ndern und in mehr als 2000 verschiedene Destinationen. Flixbus garantiert Ihnen den besten Service: WiFi mit 4G-Geschwindigkeit, Sitze mit mehr Beinfreiheit, Steckdosen f\u00fcr Ihre Ger\u00e4te, Platz f\u00fcrs Gep\u00e4ck, Snacks und Getr\u00e4nke zu erschwinglichen Preisen. W\u00e4hlen Sie einfach den Betrag Ihrer Geschenkkarte, kaufen Sie online und verwenden Sie den zur Verf\u00fcgung stehenden Betrag, bis dieser verbraucht ist. *****LOCAL***** Con le Gift Card di Flixbus puoi pianificare il tuo prossimo viaggio o regalarlo a qualcuno che ti piace! Se non riesci a decidere cosa regalare a quella persona speciale, quale miglior regalo di un viaggio in una citt\u00e0 europea tra pi\u00f9 di 1.000 vantaggi e prezzi super convenienti per viaggiare in 29 paesi e pi\u00f9 di 2.000 destinazioni diverse ogni giorno dell\u00b4anno. Flixbus ti garantisce il miglior servizio: Wi-Fi con velocit\u00e0 4G, sedili con spazio extra per le gambe, prese elettriche per i tuoi dispositivi, spazio per i tuoi bagagli, snack e bevande a prezzi convenienti. Basta scegliere l\u00b4importo della sua carta regalo, acquistare online e utilizzare il credito disponibile fino al suo esaurimento.\" \/>\n<meta property=\"og:url\" content=\"https:\/\/coincards.com\/eu\/product\/flixbus-es-online-gift-card-electronic-delivery\/\" \/>\n<meta property=\"og:site_name\" content=\"Coincards Europe\" \/>\n<meta property=\"article:modified_time\" content=\"2024-06-05T02:38:07+00:00\" \/>\n<meta property=\"og:image\" content=\"https:\/\/assets.coincards.com\/wp-content\/uploads\/sites\/6\/2024\/05\/23104702\/FLIX-ES-card.png\" \/>\n\t<meta property=\"og:image:width\" content=\"675\" \/>\n\t<meta property=\"og:image:height\" content=\"425\" \/>\n\t<meta property=\"og:image:type\" content=\"image\/png\" \/>\n<meta name=\"twitter:card\" content=\"summary_large_image\" \/>\n<meta name=\"twitter:label1\" content=\"Availability\" \/>\n\t<meta name=\"twitter:data1\" content=\"In stock\" \/>\n<script type=\"application\/ld+json\" class=\"yoast-schema-graph\">{\"@context\":\"https:\/\/schema.org\",\"@graph\":[{\"@type\":\"WebPage\",\"@id\":\"https:\/\/coincards.com\/eu\/product\/flixbus-es-online-gift-card-electronic-delivery\/\",\"url\":\"https:\/\/coincards.com\/eu\/product\/flixbus-es-online-gift-card-electronic-delivery\/\",\"name\":\"FlixBus ES Online Gift Card (Electronic Delivery) (Spain) - Coincards Europe\",\"isPartOf\":{\"@id\":\"https:\/\/coincards.com\/eu\/#website\"},\"primaryImageOfPage\":{\"@id\":\"https:\/\/coincards.com\/eu\/product\/flixbus-es-online-gift-card-electronic-delivery\/#primaryimage\"},\"image\":{\"@id\":\"https:\/\/coincards.com\/eu\/product\/flixbus-es-online-gift-card-electronic-delivery\/#primaryimage\"},\"thumbnailUrl\":\"https:\/\/assets.coincards.com\/wp-content\/uploads\/sites\/6\/2024\/06\/04183744\/FLIX-ES-card.png\",\"datePublished\":\"2024-05-23T18:41:52+00:00\",\"dateModified\":\"2024-06-05T02:38:07+00:00\",\"breadcrumb\":{\"@id\":\"https:\/\/coincards.com\/eu\/product\/flixbus-es-online-gift-card-electronic-delivery\/#breadcrumb\"},\"inLanguage\":\"en-CA\",\"potentialAction\":[{\"@type\":\"ReadAction\",\"target\":[\"https:\/\/coincards.com\/eu\/product\/flixbus-es-online-gift-card-electronic-delivery\/\"]}]},{\"@type\":\"ImageObject\",\"inLanguage\":\"en-CA\",\"@id\":\"https:\/\/coincards.com\/eu\/product\/flixbus-es-online-gift-card-electronic-delivery\/#primaryimage\",\"url\":\"https:\/\/assets.coincards.com\/wp-content\/uploads\/sites\/6\/2024\/06\/04183744\/FLIX-ES-card.png\",\"contentUrl\":\"https:\/\/assets.coincards.com\/wp-content\/uploads\/sites\/6\/2024\/06\/04183744\/FLIX-ES-card.png\",\"width\":675,\"height\":425},{\"@type\":\"BreadcrumbList\",\"@id\":\"https:\/\/coincards.com\/eu\/product\/flixbus-es-online-gift-card-electronic-delivery\/#breadcrumb\",\"itemListElement\":[{\"@type\":\"ListItem\",\"position\":1,\"name\":\"Home\",\"item\":\"https:\/\/coincards.com\/eu\/\"},{\"@type\":\"ListItem\",\"position\":2,\"name\":\"All Gift Cards\",\"item\":\"https:\/\/coincards.com\/eu\/all-gift-cards\/\"},{\"@type\":\"ListItem\",\"position\":3,\"name\":\"FlixBus ES Online Gift Card (Electronic Delivery) (Spain)\"}]},{\"@type\":\"WebSite\",\"@id\":\"https:\/\/coincards.com\/eu\/#website\",\"url\":\"https:\/\/coincards.com\/eu\/\",\"name\":\"Coincards Europe\",\"description\":\"Austrlia&#039;s #1 Cryptocurrency to Gift Card Exchange Service\",\"potentialAction\":[{\"@type\":\"SearchAction\",\"target\":{\"@type\":\"EntryPoint\",\"urlTemplate\":\"https:\/\/coincards.com\/eu\/?s={search_term_string}\"},\"query-input\":{\"@type\":\"PropertyValueSpecification\",\"valueRequired\":true,\"valueName\":\"search_term_string\"}}],\"inLanguage\":\"en-CA\"}]}<\/script>\n<meta property=\"og:availability\" content=\"instock\" \/>\n<meta property=\"product:availability\" content=\"instock\" \/>\n<meta property=\"product:condition\" content=\"new\" \/>\n<!-- \/ Yoast SEO Premium plugin. -->","yoast_head_json":{"title":"FlixBus ES Online Gift Card (Electronic Delivery) (Spain) - Coincards Europe","robots":{"index":"index","follow":"follow","max-snippet":"max-snippet:-1","max-image-preview":"max-image-preview:large","max-video-preview":"max-video-preview:-1"},"canonical":"https:\/\/coincards.com\/eu\/product\/flixbus-es-online-gift-card-electronic-delivery\/","og_locale":"en_US","og_type":"article","og_title":"FlixBus ES Online Gift Card (Electronic Delivery) (Spain)","og_description":"*****LOCAL***** Avec les cartes cadeaux de Flixbus vous pouvez planifier votre prochain voyage ou l\u00b4offrir \u00e0 quelqu\u00b4un que vous aimez ! Si vous ne pouvez pas d\u00e9cider quoi offrir \u00e0 cette personne sp\u00e9ciale, quel meilleur cadeau qu\u00b4un voyage dans une ville europ\u00e9enne parmi plus de 1.000 avantages des prix super pratiques pour voyager dans 29 pays et plus de 2.000 destinations diff\u00e9rentes chaque jour de l\u00b4ann\u00e9e. Flixbus vous garantit le meilleur service : Wi-Fi avec vitesse 4G, si\u00e8ges avec espace suppl\u00e9mentaire pour les jambes, prises \u00e9lectriques pour vos appareils, espace pour vos bagages, snacks et boissons \u00e0 des prix abordables. Il suffit de choisir le montant de votre carte-cadeau, d\u00b4acheter en ligne et d\u00b4utiliser le cr\u00e9dit disponible jusqu\u00b4\u00e0 \u00e9puisement. *****LOCAL***** Si no puedes decidir qu\u00e9 regalarle a esa persona especial, \u00bfQu\u00e9 mejor regalo que una escapada a una ciudad europea de entre m\u00e1s de 1.000? Aprovecha de los precios s\u00faper convenientes para viajar a 29 pa\u00edses y m\u00e1s de 2.000 destinos diferentes cualquier d\u00eda del a\u00f1o. FlixBus te garantiza el mejor servicio: Wi-Fi gratuito con velocidad 4G, asientos con espacio adicional para las piernas, tomas de electricidad para tus dispositivos, espacio para tu equipaje, aperitivos y bebidas a precios econ\u00f3micos. S\u00f3lo tienes que elegir el importe de tu tarjeta regalo, comprarla online y utilizar el cr\u00e9dito disponible hasta que se agote. Las Tarjetas Regalo de FlixBus no son acumulables con otros c\u00f3digos o promociones. *****ENGLISH***** Still no idea on the perfect gift for that special person? What\u00b4s better than a trip to a city in Europe? You have more than 1000 to choose from! Enjoy the best prices to travel to 29 countries and over 2000 destinations, each day of the year. Flixbus ensures the best service: free 4G Wi-Fi, seats with extra leg space, electric sockets, space for your luggages, snacks and drinks at cheap prices. You just need to choose the amount of the gift card, purchase it online and use it until the credit is over. The Flixbus gift cards cannot be cumulated with other codes or promotions. *****LOCAL***** Mit der Flixbus-Geschenkkarte k\u00f6nnen Sie Ihre n\u00e4chste Reise beginnen oder die Karte verschenken! Wenn Sie sich nicht entscheiden k\u00f6nnen, etwas Besonderes zu buchen, verschenken Sie einen Trip in eine europ\u00e4ische Stadt, als ein m\u00f6gliches Geschenk unter 1000 Preisvorteilen. Reisen Sie bequem an jedem Tag im Jahr in 29 L\u00e4ndern und in mehr als 2000 verschiedene Destinationen. Flixbus garantiert Ihnen den besten Service: WiFi mit 4G-Geschwindigkeit, Sitze mit mehr Beinfreiheit, Steckdosen f\u00fcr Ihre Ger\u00e4te, Platz f\u00fcrs Gep\u00e4ck, Snacks und Getr\u00e4nke zu erschwinglichen Preisen. W\u00e4hlen Sie einfach den Betrag Ihrer Geschenkkarte, kaufen Sie online und verwenden Sie den zur Verf\u00fcgung stehenden Betrag, bis dieser verbraucht ist. *****LOCAL***** Con le Gift Card di Flixbus puoi pianificare il tuo prossimo viaggio o regalarlo a qualcuno che ti piace! Se non riesci a decidere cosa regalare a quella persona speciale, quale miglior regalo di un viaggio in una citt\u00e0 europea tra pi\u00f9 di 1.000 vantaggi e prezzi super convenienti per viaggiare in 29 paesi e pi\u00f9 di 2.000 destinazioni diverse ogni giorno dell\u00b4anno. Flixbus ti garantisce il miglior servizio: Wi-Fi con velocit\u00e0 4G, sedili con spazio extra per le gambe, prese elettriche per i tuoi dispositivi, spazio per i tuoi bagagli, snack e bevande a prezzi convenienti. Basta scegliere l\u00b4importo della sua carta regalo, acquistare online e utilizzare il credito disponibile fino al suo esaurimento.","og_url":"https:\/\/coincards.com\/eu\/product\/flixbus-es-online-gift-card-electronic-delivery\/","og_site_name":"Coincards Europe","article_modified_time":"2024-06-05T02:38:07+00:00","og_image":[{"width":675,"height":425,"url":"https:\/\/assets.coincards.com\/wp-content\/uploads\/sites\/6\/2024\/05\/23104702\/FLIX-ES-card.png","type":"image\/png"}],"twitter_card":"summary_large_image","twitter_misc":{"Availability":"In stock"},"schema":{"@context":"https:\/\/schema.org","@graph":[{"@type":"WebPage","@id":"https:\/\/coincards.com\/eu\/product\/flixbus-es-online-gift-card-electronic-delivery\/","url":"https:\/\/coincards.com\/eu\/product\/flixbus-es-online-gift-card-electronic-delivery\/","name":"FlixBus ES Online Gift Card (Electronic Delivery) (Spain) - Coincards Europe","isPartOf":{"@id":"https:\/\/coincards.com\/eu\/#website"},"primaryImageOfPage":{"@id":"https:\/\/coincards.com\/eu\/product\/flixbus-es-online-gift-card-electronic-delivery\/#primaryimage"},"image":{"@id":"https:\/\/coincards.com\/eu\/product\/flixbus-es-online-gift-card-electronic-delivery\/#primaryimage"},"thumbnailUrl":"https:\/\/assets.coincards.com\/wp-content\/uploads\/sites\/6\/2024\/06\/04183744\/FLIX-ES-card.png","datePublished":"2024-05-23T18:41:52+00:00","dateModified":"2024-06-05T02:38:07+00:00","breadcrumb":{"@id":"https:\/\/coincards.com\/eu\/product\/flixbus-es-online-gift-card-electronic-delivery\/#breadcrumb"},"inLanguage":"en-CA","potentialAction":[{"@type":"ReadAction","target":["https:\/\/coincards.com\/eu\/product\/flixbus-es-online-gift-card-electronic-delivery\/"]}]},{"@type":"ImageObject","inLanguage":"en-CA","@id":"https:\/\/coincards.com\/eu\/product\/flixbus-es-online-gift-card-electronic-delivery\/#primaryimage","url":"https:\/\/assets.coincards.com\/wp-content\/uploads\/sites\/6\/2024\/06\/04183744\/FLIX-ES-card.png","contentUrl":"https:\/\/assets.coincards.com\/wp-content\/uploads\/sites\/6\/2024\/06\/04183744\/FLIX-ES-card.png","width":675,"height":425},{"@type":"BreadcrumbList","@id":"https:\/\/coincards.com\/eu\/product\/flixbus-es-online-gift-card-electronic-delivery\/#breadcrumb","itemListElement":[{"@type":"ListItem","position":1,"name":"Home","item":"https:\/\/coincards.com\/eu\/"},{"@type":"ListItem","position":2,"name":"All Gift Cards","item":"https:\/\/coincards.com\/eu\/all-gift-cards\/"},{"@type":"ListItem","position":3,"name":"FlixBus ES Online Gift Card (Electronic Delivery) (Spain)"}]},{"@type":"WebSite","@id":"https:\/\/coincards.com\/eu\/#website","url":"https:\/\/coincards.com\/eu\/","name":"Coincards Europe","description":"Austrlia&#039;s #1 Cryptocurrency to Gift Card Exchange Service","potentialAction":[{"@type":"SearchAction","target":{"@type":"EntryPoint","urlTemplate":"https:\/\/coincards.com\/eu\/?s={search_term_string}"},"query-input":{"@type":"PropertyValueSpecification","valueRequired":true,"valueName":"search_term_string"}}],"inLanguage":"en-CA"}]},"og_availability":"instock","product_availability":"instock","product_condition":"new"},"_links":{"self":[{"href":"https:\/\/coincards.com\/eu\/wp-json\/wp\/v2\/product\/3004","targetHints":{"allow":["GET"]}}],"collection":[{"href":"https:\/\/coincards.com\/eu\/wp-json\/wp\/v2\/product"}],"about":[{"href":"https:\/\/coincards.com\/eu\/wp-json\/wp\/v2\/types\/product"}],"replies":[{"embeddable":true,"href":"https:\/\/coincards.com\/eu\/wp-json\/wp\/v2\/comments?post=3004"}],"wp:featuredmedia":[{"embeddable":true,"href":"https:\/\/coincards.com\/eu\/wp-json\/wp\/v2\/media\/5662"}],"wp:attachment":[{"href":"https:\/\/coincards.com\/eu\/wp-json\/wp\/v2\/media?parent=3004"}],"wp:term":[{"taxonomy":"product_cat","embeddable":true,"href":"https:\/\/coincards.com\/eu\/wp-json\/wp\/v2\/product_cat?post=3004"},{"taxonomy":"product_tag","embeddable":true,"href":"https:\/\/coincards.com\/eu\/wp-json\/wp\/v2\/product_tag?post=3004"}],"curies":[{"name":"wp","href":"https:\/\/api.w.org\/{rel}","templated":true}]}}