{"id":2886,"date":"2024-05-22T16:28:01","date_gmt":"2024-05-23T00:28:01","guid":{"rendered":"https:\/\/coincards.com\/eu\/?post_type=product&#038;p=2886"},"modified":"2024-06-04T18:37:17","modified_gmt":"2024-06-05T02:37:17","slug":"fairytale-online-gift-card-electronic-delivery","status":"publish","type":"product","link":"https:\/\/coincards.com\/eu\/product\/fairytale-online-gift-card-electronic-delivery\/","title":{"rendered":"Fairytale Online Gift Card (Electronic Delivery) (France)"},"content":{"rendered":"<p>&#8216;- Utilisable uniquement sur le site fairytale.eco<br \/>\n&#8211; Valable 20 \u00e0 24 mois<br \/>\n&#8211; Utilisable en une ou plusieurs fois<br \/>\n&#8211; Les e-cartes cadeaux sont cumulables entre elles<br \/>\n&#8211; Cumulable avec les promotions et autres moyens de paiement<br \/>\n&#8211; Non \u00e9changeable, non remboursable<\/p>\n<p>Rendez-vous sur le site web fairytale.eco et faites vos achats :<\/p>\n<p>Effectuez votre shopping. Une fois votre panier valid\u00e9, lors de l&#8217;\u00e9tape Coordonn\u00e9es et adresse de livraison vous trouverez un encart d\u00e9di\u00e9 carte cadeau en haut \u00e0 droite de la page.<br \/>\nC&#8217;est ici que pourrez rentrer le code unique de votre carte cadeau. Le montant de votre carte sera automatiquement d\u00e9duit du montant d&#8217;achat. Il ne vous restera plus qu&#8217;\u00e0 finaliser votre achat.<\/p>\n","protected":false},"excerpt":{"rendered":"<p>Fairytale est un e-shop de mode \u00e9thique ET \u00e9cologique pour femmes qui rassemble + de 90 marques engag\u00e9es sous son toit.<br \/>\nNotre mission : Vous proposer des v\u00eatements bien pens\u00e9s et bien faits pour \u00eatre toujours bien habill\u00e9e. Des mati\u00e8res aux conditions de production, tout est scrut\u00e9 dans les moindres d\u00e9tails pour que vous puissiez acheter en toute confiance vos v\u00eatements responsables.<\/p>\n<p>Nous vous proposons de quoi vous habiller de la t\u00eate aux pieds avec plus de 6 000 r\u00e9f\u00e9rences responsables sur notre e-shop.<\/p>\n<p>Nous rassemblons sous notre toit toutes les bonnes \u00e9nergies : nos marques, nos \u00e9quipes et vous !<\/p>\n","protected":false},"featured_media":5651,"comment_status":"closed","ping_status":"closed","template":"","meta":{"_exactmetrics_skip_tracking":false,"_exactmetrics_sitenote_active":false,"_exactmetrics_sitenote_note":"","_exactmetrics_sitenote_category":0},"product_cat":[20],"product_tag":[],"class_list":{"0":"post-2886","1":"product","2":"type-product","3":"status-publish","4":"has-post-thumbnail","6":"product_brand-fairytale","7":"product_cat-electronic-gift-cards","8":"pa_country-availability-france","10":"first","11":"instock","12":"shipping-taxable","13":"purchasable","14":"product-type-variable"},"yoast_head":"<!-- This site is optimized with the Yoast SEO Premium plugin v20.11 (Yoast SEO v25.8) - https:\/\/yoast.com\/wordpress\/plugins\/seo\/ -->\n<title>Fairytale Online Gift Card (Electronic Delivery) (France) - Coincards Europe<\/title>\n<meta name=\"robots\" content=\"index, follow, max-snippet:-1, max-image-preview:large, max-video-preview:-1\" \/>\n<link rel=\"canonical\" href=\"https:\/\/coincards.com\/eu\/product\/fairytale-online-gift-card-electronic-delivery\/\" \/>\n<meta property=\"og:locale\" content=\"en_US\" \/>\n<meta property=\"og:type\" content=\"article\" \/>\n<meta property=\"og:title\" content=\"Fairytale Online Gift Card (Electronic Delivery) (France)\" \/>\n<meta property=\"og:description\" content=\"Fairytale est un e-shop de mode \u00e9thique ET \u00e9cologique pour femmes qui rassemble + de 90 marques engag\u00e9es sous son toit. Notre mission : Vous proposer des v\u00eatements bien pens\u00e9s et bien faits pour \u00eatre toujours bien habill\u00e9e. Des mati\u00e8res aux conditions de production, tout est scrut\u00e9 dans les moindres d\u00e9tails pour que vous puissiez acheter en toute confiance vos v\u00eatements responsables.  Nous vous proposons de quoi vous habiller de la t\u00eate aux pieds avec plus de 6 000 r\u00e9f\u00e9rences responsables sur notre e-shop.  Nous rassemblons sous notre toit toutes les bonnes \u00e9nergies : nos marques, nos \u00e9quipes et vous !\" \/>\n<meta property=\"og:url\" content=\"https:\/\/coincards.com\/eu\/product\/fairytale-online-gift-card-electronic-delivery\/\" \/>\n<meta property=\"og:site_name\" content=\"Coincards Europe\" \/>\n<meta property=\"article:modified_time\" content=\"2024-06-05T02:37:17+00:00\" \/>\n<meta property=\"og:image\" content=\"https:\/\/assets.coincards.com\/wp-content\/uploads\/sites\/6\/2024\/05\/22162646\/FRITL-FR-card.png\" \/>\n\t<meta property=\"og:image:width\" content=\"675\" \/>\n\t<meta property=\"og:image:height\" content=\"425\" \/>\n\t<meta property=\"og:image:type\" content=\"image\/png\" \/>\n<meta name=\"twitter:card\" content=\"summary_large_image\" \/>\n<meta name=\"twitter:label1\" content=\"Availability\" \/>\n\t<meta name=\"twitter:data1\" content=\"In stock\" \/>\n<script type=\"application\/ld+json\" class=\"yoast-schema-graph\">{\"@context\":\"https:\/\/schema.org\",\"@graph\":[{\"@type\":\"WebPage\",\"@id\":\"https:\/\/coincards.com\/eu\/product\/fairytale-online-gift-card-electronic-delivery\/\",\"url\":\"https:\/\/coincards.com\/eu\/product\/fairytale-online-gift-card-electronic-delivery\/\",\"name\":\"Fairytale Online Gift Card (Electronic Delivery) (France) - Coincards Europe\",\"isPartOf\":{\"@id\":\"https:\/\/coincards.com\/eu\/#website\"},\"primaryImageOfPage\":{\"@id\":\"https:\/\/coincards.com\/eu\/product\/fairytale-online-gift-card-electronic-delivery\/#primaryimage\"},\"image\":{\"@id\":\"https:\/\/coincards.com\/eu\/product\/fairytale-online-gift-card-electronic-delivery\/#primaryimage\"},\"thumbnailUrl\":\"https:\/\/assets.coincards.com\/wp-content\/uploads\/sites\/6\/2024\/06\/04183710\/FRITL-FR-card.png\",\"datePublished\":\"2024-05-23T00:28:01+00:00\",\"dateModified\":\"2024-06-05T02:37:17+00:00\",\"breadcrumb\":{\"@id\":\"https:\/\/coincards.com\/eu\/product\/fairytale-online-gift-card-electronic-delivery\/#breadcrumb\"},\"inLanguage\":\"en-CA\",\"potentialAction\":[{\"@type\":\"ReadAction\",\"target\":[\"https:\/\/coincards.com\/eu\/product\/fairytale-online-gift-card-electronic-delivery\/\"]}]},{\"@type\":\"ImageObject\",\"inLanguage\":\"en-CA\",\"@id\":\"https:\/\/coincards.com\/eu\/product\/fairytale-online-gift-card-electronic-delivery\/#primaryimage\",\"url\":\"https:\/\/assets.coincards.com\/wp-content\/uploads\/sites\/6\/2024\/06\/04183710\/FRITL-FR-card.png\",\"contentUrl\":\"https:\/\/assets.coincards.com\/wp-content\/uploads\/sites\/6\/2024\/06\/04183710\/FRITL-FR-card.png\",\"width\":675,\"height\":425},{\"@type\":\"BreadcrumbList\",\"@id\":\"https:\/\/coincards.com\/eu\/product\/fairytale-online-gift-card-electronic-delivery\/#breadcrumb\",\"itemListElement\":[{\"@type\":\"ListItem\",\"position\":1,\"name\":\"Home\",\"item\":\"https:\/\/coincards.com\/eu\/\"},{\"@type\":\"ListItem\",\"position\":2,\"name\":\"All Gift Cards\",\"item\":\"https:\/\/coincards.com\/eu\/all-gift-cards\/\"},{\"@type\":\"ListItem\",\"position\":3,\"name\":\"Fairytale Online Gift Card (Electronic Delivery) (France)\"}]},{\"@type\":\"WebSite\",\"@id\":\"https:\/\/coincards.com\/eu\/#website\",\"url\":\"https:\/\/coincards.com\/eu\/\",\"name\":\"Coincards Europe\",\"description\":\"Austrlia&#039;s #1 Cryptocurrency to Gift Card Exchange Service\",\"potentialAction\":[{\"@type\":\"SearchAction\",\"target\":{\"@type\":\"EntryPoint\",\"urlTemplate\":\"https:\/\/coincards.com\/eu\/?s={search_term_string}\"},\"query-input\":{\"@type\":\"PropertyValueSpecification\",\"valueRequired\":true,\"valueName\":\"search_term_string\"}}],\"inLanguage\":\"en-CA\"}]}<\/script>\n<meta property=\"og:availability\" content=\"instock\" \/>\n<meta property=\"product:availability\" content=\"instock\" \/>\n<meta property=\"product:condition\" content=\"new\" \/>\n<!-- \/ Yoast SEO Premium plugin. -->","yoast_head_json":{"title":"Fairytale Online Gift Card (Electronic Delivery) (France) - Coincards Europe","robots":{"index":"index","follow":"follow","max-snippet":"max-snippet:-1","max-image-preview":"max-image-preview:large","max-video-preview":"max-video-preview:-1"},"canonical":"https:\/\/coincards.com\/eu\/product\/fairytale-online-gift-card-electronic-delivery\/","og_locale":"en_US","og_type":"article","og_title":"Fairytale Online Gift Card (Electronic Delivery) (France)","og_description":"Fairytale est un e-shop de mode \u00e9thique ET \u00e9cologique pour femmes qui rassemble + de 90 marques engag\u00e9es sous son toit. Notre mission : Vous proposer des v\u00eatements bien pens\u00e9s et bien faits pour \u00eatre toujours bien habill\u00e9e. Des mati\u00e8res aux conditions de production, tout est scrut\u00e9 dans les moindres d\u00e9tails pour que vous puissiez acheter en toute confiance vos v\u00eatements responsables.  Nous vous proposons de quoi vous habiller de la t\u00eate aux pieds avec plus de 6 000 r\u00e9f\u00e9rences responsables sur notre e-shop.  Nous rassemblons sous notre toit toutes les bonnes \u00e9nergies : nos marques, nos \u00e9quipes et vous !","og_url":"https:\/\/coincards.com\/eu\/product\/fairytale-online-gift-card-electronic-delivery\/","og_site_name":"Coincards Europe","article_modified_time":"2024-06-05T02:37:17+00:00","og_image":[{"width":675,"height":425,"url":"https:\/\/assets.coincards.com\/wp-content\/uploads\/sites\/6\/2024\/05\/22162646\/FRITL-FR-card.png","type":"image\/png"}],"twitter_card":"summary_large_image","twitter_misc":{"Availability":"In stock"},"schema":{"@context":"https:\/\/schema.org","@graph":[{"@type":"WebPage","@id":"https:\/\/coincards.com\/eu\/product\/fairytale-online-gift-card-electronic-delivery\/","url":"https:\/\/coincards.com\/eu\/product\/fairytale-online-gift-card-electronic-delivery\/","name":"Fairytale Online Gift Card (Electronic Delivery) (France) - Coincards Europe","isPartOf":{"@id":"https:\/\/coincards.com\/eu\/#website"},"primaryImageOfPage":{"@id":"https:\/\/coincards.com\/eu\/product\/fairytale-online-gift-card-electronic-delivery\/#primaryimage"},"image":{"@id":"https:\/\/coincards.com\/eu\/product\/fairytale-online-gift-card-electronic-delivery\/#primaryimage"},"thumbnailUrl":"https:\/\/assets.coincards.com\/wp-content\/uploads\/sites\/6\/2024\/06\/04183710\/FRITL-FR-card.png","datePublished":"2024-05-23T00:28:01+00:00","dateModified":"2024-06-05T02:37:17+00:00","breadcrumb":{"@id":"https:\/\/coincards.com\/eu\/product\/fairytale-online-gift-card-electronic-delivery\/#breadcrumb"},"inLanguage":"en-CA","potentialAction":[{"@type":"ReadAction","target":["https:\/\/coincards.com\/eu\/product\/fairytale-online-gift-card-electronic-delivery\/"]}]},{"@type":"ImageObject","inLanguage":"en-CA","@id":"https:\/\/coincards.com\/eu\/product\/fairytale-online-gift-card-electronic-delivery\/#primaryimage","url":"https:\/\/assets.coincards.com\/wp-content\/uploads\/sites\/6\/2024\/06\/04183710\/FRITL-FR-card.png","contentUrl":"https:\/\/assets.coincards.com\/wp-content\/uploads\/sites\/6\/2024\/06\/04183710\/FRITL-FR-card.png","width":675,"height":425},{"@type":"BreadcrumbList","@id":"https:\/\/coincards.com\/eu\/product\/fairytale-online-gift-card-electronic-delivery\/#breadcrumb","itemListElement":[{"@type":"ListItem","position":1,"name":"Home","item":"https:\/\/coincards.com\/eu\/"},{"@type":"ListItem","position":2,"name":"All Gift Cards","item":"https:\/\/coincards.com\/eu\/all-gift-cards\/"},{"@type":"ListItem","position":3,"name":"Fairytale Online Gift Card (Electronic Delivery) (France)"}]},{"@type":"WebSite","@id":"https:\/\/coincards.com\/eu\/#website","url":"https:\/\/coincards.com\/eu\/","name":"Coincards Europe","description":"Austrlia&#039;s #1 Cryptocurrency to Gift Card Exchange Service","potentialAction":[{"@type":"SearchAction","target":{"@type":"EntryPoint","urlTemplate":"https:\/\/coincards.com\/eu\/?s={search_term_string}"},"query-input":{"@type":"PropertyValueSpecification","valueRequired":true,"valueName":"search_term_string"}}],"inLanguage":"en-CA"}]},"og_availability":"instock","product_availability":"instock","product_condition":"new"},"_links":{"self":[{"href":"https:\/\/coincards.com\/eu\/wp-json\/wp\/v2\/product\/2886","targetHints":{"allow":["GET"]}}],"collection":[{"href":"https:\/\/coincards.com\/eu\/wp-json\/wp\/v2\/product"}],"about":[{"href":"https:\/\/coincards.com\/eu\/wp-json\/wp\/v2\/types\/product"}],"replies":[{"embeddable":true,"href":"https:\/\/coincards.com\/eu\/wp-json\/wp\/v2\/comments?post=2886"}],"wp:featuredmedia":[{"embeddable":true,"href":"https:\/\/coincards.com\/eu\/wp-json\/wp\/v2\/media\/5651"}],"wp:attachment":[{"href":"https:\/\/coincards.com\/eu\/wp-json\/wp\/v2\/media?parent=2886"}],"wp:term":[{"taxonomy":"product_cat","embeddable":true,"href":"https:\/\/coincards.com\/eu\/wp-json\/wp\/v2\/product_cat?post=2886"},{"taxonomy":"product_tag","embeddable":true,"href":"https:\/\/coincards.com\/eu\/wp-json\/wp\/v2\/product_tag?post=2886"}],"curies":[{"name":"wp","href":"https:\/\/api.w.org\/{rel}","templated":true}]}}