{"id":2866,"date":"2024-05-22T16:01:58","date_gmt":"2024-05-23T00:01:58","guid":{"rendered":"https:\/\/coincards.com\/eu\/?post_type=product&#038;p=2866"},"modified":"2024-06-04T18:33:00","modified_gmt":"2024-06-05T02:33:00","slug":"europcar-online-gift-card-electronic-delivery","status":"publish","type":"product","link":"https:\/\/coincards.com\/eu\/product\/europcar-online-gift-card-electronic-delivery\/","title":{"rendered":"Europcar Online Gift Card (Electronic Delivery) (Germany)"},"content":{"rendered":"<p><a href=\"https:\/\/www.europcar.de\/allgemeine-bedingungen\" target=\"_blank\" rel=\"noopener\">https:\/\/www.europcar.de\/allgemeine-bedingungen<\/a><\/p>\n<p>Buchungen nur online auf\u00a0[europcar.de\/fahrspass-bonago](europcar.de\/fahrspass-bonago). Eingabe der Gutscheinnummer in der Reservierung nicht m\u00f6glich.<\/p>\n<p>Reservierung \u00fcber Hotline oder in der Station nicht m\u00f6glich.<\/p>\n<p>Gutschein muss zum Anmietzeitpunkt im Original vorgelegt werden.<\/p>\n<p>G\u00fcltig f\u00fcr private PKW-und LKW Anmietungen in Deutschland.<\/p>\n<p>Der Gutschein ist nicht auf Specials, Prepaid (Vorauszahlung) &#8211; oder vertraglich vereinbarte Raten anwendbar.<\/p>\n<p>Der Gutschein ist nicht mit anderen Aktionen, Gutscheinen oder Gutscheincodes kombinierbar.<\/p>\n<p>Eine finanzielle Aufrechnung ist nicht m\u00f6glich, Restbetr\u00e4ge k\u00f6nnen nicht ausbezahlt werden.<\/p>\n<p>Pro Anmietung kann nur ein Gutschein eingel\u00f6st werden.<\/p>\n<p>Es gelten die allgemeinen Vermietbedingungen der Europcar Autovermietung GmbH.<\/p>\n","protected":false},"excerpt":{"rendered":"<p>Europcar &#8211; Europas f\u00fchrende Autovermietung!<\/p>\n<p>Wir bieten Ihnen weit mehr als ein Fahrzeug auf Zeit. Sie profitieren vom Know-how eines internationalen Unternehmens mit \u00fcber 90 Jahren Mobilit\u00e4tserfahrung in Deutschland. Freuen Sie sich mit jeder Buchung auf eine moderne Fahrzeugflotte, professioneller Beratung und einen Service mit pers\u00f6nlicher Note. Ob f\u00fcr einen Tag, eine Woche oder mehrere Monate. Wir bieten Ihnen sowohl f\u00fcr den kurz- als auch f\u00fcr den langfristigen Bedarf attraktive Miet- und Abol\u00f6sungen.<\/p>\n<p>Durch unser dichtes Stationsnetz sind wir \u00fcberall dort f\u00fcr Sie pr\u00e4sent, wo Sie uns privat und beruflich brauchen. So finden Sie uns direkt in der City Ihrer Heimatstadt genauso wie am Airport Ihres Urlaubsorts. Wie weit Sie ihr Weg mit Europcar also auch f\u00fchrt: Er beginnt stets ganz nah.<\/p>\n<p>Unsere vielf\u00e4ltige Flotte bietet Ihnen die Wahl aus zahlreichen Fahrzeugen. Das Angebot reicht von agilen Cityflitzern \u00fcber sportliche Coup\u00e9s und elegante Limousinen bis zu ger\u00e4umigen Transportern und LKW. Und falls Sie einmal ein Elektrofahrzeug ausprobieren m\u00f6chten, sind Sie bei uns ebenfalls genau richtig. Dadurch genie\u00dfen Sie das gute Gef\u00fchl f\u00fcr jeden Anlass, jedes Ziel und jeden Moment die passende Mobilit\u00e4t zu haben.<\/p>\n","protected":false},"featured_media":5647,"comment_status":"closed","ping_status":"closed","template":"","meta":{"_exactmetrics_skip_tracking":false,"_exactmetrics_sitenote_active":false,"_exactmetrics_sitenote_note":"","_exactmetrics_sitenote_category":0},"product_cat":[20],"product_tag":[],"class_list":{"0":"post-2866","1":"product","2":"type-product","3":"status-publish","4":"has-post-thumbnail","6":"product_brand-europcar","7":"product_cat-electronic-gift-cards","8":"pa_country-availability-germany","10":"first","11":"instock","12":"shipping-taxable","13":"purchasable","14":"product-type-variable"},"yoast_head":"<!-- This site is optimized with the Yoast SEO Premium plugin v20.11 (Yoast SEO v27.3) - https:\/\/yoast.com\/product\/yoast-seo-premium-wordpress\/ -->\n<title>Europcar Online Gift Card (Electronic Delivery) (Germany) - Coincards Europe<\/title>\n<meta name=\"robots\" content=\"index, follow, max-snippet:-1, max-image-preview:large, max-video-preview:-1\" \/>\n<link rel=\"canonical\" href=\"https:\/\/coincards.com\/eu\/product\/europcar-online-gift-card-electronic-delivery\/\" \/>\n<meta property=\"og:locale\" content=\"en_US\" \/>\n<meta property=\"og:type\" content=\"article\" \/>\n<meta property=\"og:title\" content=\"Europcar Online Gift Card (Electronic Delivery) (Germany)\" \/>\n<meta property=\"og:description\" content=\"Europcar - Europas f\u00fchrende Autovermietung!  Wir bieten Ihnen weit mehr als ein Fahrzeug auf Zeit. Sie profitieren vom Know-how eines internationalen Unternehmens mit \u00fcber 90 Jahren Mobilit\u00e4tserfahrung in Deutschland. Freuen Sie sich mit jeder Buchung auf eine moderne Fahrzeugflotte, professioneller Beratung und einen Service mit pers\u00f6nlicher Note. Ob f\u00fcr einen Tag, eine Woche oder mehrere Monate. Wir bieten Ihnen sowohl f\u00fcr den kurz- als auch f\u00fcr den langfristigen Bedarf attraktive Miet- und Abol\u00f6sungen.  Durch unser dichtes Stationsnetz sind wir \u00fcberall dort f\u00fcr Sie pr\u00e4sent, wo Sie uns privat und beruflich brauchen. So finden Sie uns direkt in der City Ihrer Heimatstadt genauso wie am Airport Ihres Urlaubsorts. Wie weit Sie ihr Weg mit Europcar also auch f\u00fchrt: Er beginnt stets ganz nah.  Unsere vielf\u00e4ltige Flotte bietet Ihnen die Wahl aus zahlreichen Fahrzeugen. Das Angebot reicht von agilen Cityflitzern \u00fcber sportliche Coup\u00e9s und elegante Limousinen bis zu ger\u00e4umigen Transportern und LKW. Und falls Sie einmal ein Elektrofahrzeug ausprobieren m\u00f6chten, sind Sie bei uns ebenfalls genau richtig. Dadurch genie\u00dfen Sie das gute Gef\u00fchl f\u00fcr jeden Anlass, jedes Ziel und jeden Moment die passende Mobilit\u00e4t zu haben.\" \/>\n<meta property=\"og:url\" content=\"https:\/\/coincards.com\/eu\/product\/europcar-online-gift-card-electronic-delivery\/\" \/>\n<meta property=\"og:site_name\" content=\"Coincards Europe\" \/>\n<meta property=\"article:modified_time\" content=\"2024-06-05T02:33:00+00:00\" \/>\n<meta property=\"og:image\" content=\"https:\/\/assets.coincards.com\/wp-content\/uploads\/sites\/6\/2024\/05\/22160019\/EURPCR-DE-card.png\" \/>\n\t<meta property=\"og:image:width\" content=\"675\" \/>\n\t<meta property=\"og:image:height\" content=\"425\" \/>\n\t<meta property=\"og:image:type\" content=\"image\/png\" \/>\n<meta name=\"twitter:card\" content=\"summary_large_image\" \/>\n<meta name=\"twitter:label1\" content=\"Availability\" \/>\n\t<meta name=\"twitter:data1\" content=\"In stock\" \/>\n<script type=\"application\/ld+json\" class=\"yoast-schema-graph\">{\"@context\":\"https:\\\/\\\/schema.org\",\"@graph\":[{\"@type\":\"WebPage\",\"@id\":\"https:\\\/\\\/coincards.com\\\/eu\\\/product\\\/europcar-online-gift-card-electronic-delivery\\\/\",\"url\":\"https:\\\/\\\/coincards.com\\\/eu\\\/product\\\/europcar-online-gift-card-electronic-delivery\\\/\",\"name\":\"Europcar Online Gift Card (Electronic Delivery) (Germany) - Coincards Europe\",\"isPartOf\":{\"@id\":\"https:\\\/\\\/coincards.com\\\/eu\\\/#website\"},\"primaryImageOfPage\":{\"@id\":\"https:\\\/\\\/coincards.com\\\/eu\\\/product\\\/europcar-online-gift-card-electronic-delivery\\\/#primaryimage\"},\"image\":{\"@id\":\"https:\\\/\\\/coincards.com\\\/eu\\\/product\\\/europcar-online-gift-card-electronic-delivery\\\/#primaryimage\"},\"thumbnailUrl\":\"https:\\\/\\\/assets.coincards.com\\\/wp-content\\\/uploads\\\/sites\\\/6\\\/2024\\\/06\\\/04183255\\\/EURPCR-DE-card.png\",\"datePublished\":\"2024-05-23T00:01:58+00:00\",\"dateModified\":\"2024-06-05T02:33:00+00:00\",\"breadcrumb\":{\"@id\":\"https:\\\/\\\/coincards.com\\\/eu\\\/product\\\/europcar-online-gift-card-electronic-delivery\\\/#breadcrumb\"},\"inLanguage\":\"en-CA\",\"potentialAction\":[{\"@type\":\"ReadAction\",\"target\":[\"https:\\\/\\\/coincards.com\\\/eu\\\/product\\\/europcar-online-gift-card-electronic-delivery\\\/\"]}]},{\"@type\":\"ImageObject\",\"inLanguage\":\"en-CA\",\"@id\":\"https:\\\/\\\/coincards.com\\\/eu\\\/product\\\/europcar-online-gift-card-electronic-delivery\\\/#primaryimage\",\"url\":\"https:\\\/\\\/assets.coincards.com\\\/wp-content\\\/uploads\\\/sites\\\/6\\\/2024\\\/06\\\/04183255\\\/EURPCR-DE-card.png\",\"contentUrl\":\"https:\\\/\\\/assets.coincards.com\\\/wp-content\\\/uploads\\\/sites\\\/6\\\/2024\\\/06\\\/04183255\\\/EURPCR-DE-card.png\",\"width\":675,\"height\":425},{\"@type\":\"BreadcrumbList\",\"@id\":\"https:\\\/\\\/coincards.com\\\/eu\\\/product\\\/europcar-online-gift-card-electronic-delivery\\\/#breadcrumb\",\"itemListElement\":[{\"@type\":\"ListItem\",\"position\":1,\"name\":\"Home\",\"item\":\"https:\\\/\\\/coincards.com\\\/eu\\\/\"},{\"@type\":\"ListItem\",\"position\":2,\"name\":\"All Gift Cards\",\"item\":\"https:\\\/\\\/coincards.com\\\/eu\\\/all-gift-cards\\\/\"},{\"@type\":\"ListItem\",\"position\":3,\"name\":\"Europcar Online Gift Card (Electronic Delivery) (Germany)\"}]},{\"@type\":\"WebSite\",\"@id\":\"https:\\\/\\\/coincards.com\\\/eu\\\/#website\",\"url\":\"https:\\\/\\\/coincards.com\\\/eu\\\/\",\"name\":\"Coincards Europe\",\"description\":\"Austrlia&#039;s #1 Cryptocurrency to Gift Card Exchange Service\",\"potentialAction\":[{\"@type\":\"SearchAction\",\"target\":{\"@type\":\"EntryPoint\",\"urlTemplate\":\"https:\\\/\\\/coincards.com\\\/eu\\\/?s={search_term_string}\"},\"query-input\":{\"@type\":\"PropertyValueSpecification\",\"valueRequired\":true,\"valueName\":\"search_term_string\"}}],\"inLanguage\":\"en-CA\"}]}<\/script>\n<meta property=\"og:availability\" content=\"instock\" \/>\n<meta property=\"product:availability\" content=\"instock\" \/>\n<meta property=\"product:condition\" content=\"new\" \/>\n<!-- \/ Yoast SEO Premium plugin. -->","yoast_head_json":{"title":"Europcar Online Gift Card (Electronic Delivery) (Germany) - Coincards Europe","robots":{"index":"index","follow":"follow","max-snippet":"max-snippet:-1","max-image-preview":"max-image-preview:large","max-video-preview":"max-video-preview:-1"},"canonical":"https:\/\/coincards.com\/eu\/product\/europcar-online-gift-card-electronic-delivery\/","og_locale":"en_US","og_type":"article","og_title":"Europcar Online Gift Card (Electronic Delivery) (Germany)","og_description":"Europcar - Europas f\u00fchrende Autovermietung!  Wir bieten Ihnen weit mehr als ein Fahrzeug auf Zeit. Sie profitieren vom Know-how eines internationalen Unternehmens mit \u00fcber 90 Jahren Mobilit\u00e4tserfahrung in Deutschland. Freuen Sie sich mit jeder Buchung auf eine moderne Fahrzeugflotte, professioneller Beratung und einen Service mit pers\u00f6nlicher Note. Ob f\u00fcr einen Tag, eine Woche oder mehrere Monate. Wir bieten Ihnen sowohl f\u00fcr den kurz- als auch f\u00fcr den langfristigen Bedarf attraktive Miet- und Abol\u00f6sungen.  Durch unser dichtes Stationsnetz sind wir \u00fcberall dort f\u00fcr Sie pr\u00e4sent, wo Sie uns privat und beruflich brauchen. So finden Sie uns direkt in der City Ihrer Heimatstadt genauso wie am Airport Ihres Urlaubsorts. Wie weit Sie ihr Weg mit Europcar also auch f\u00fchrt: Er beginnt stets ganz nah.  Unsere vielf\u00e4ltige Flotte bietet Ihnen die Wahl aus zahlreichen Fahrzeugen. Das Angebot reicht von agilen Cityflitzern \u00fcber sportliche Coup\u00e9s und elegante Limousinen bis zu ger\u00e4umigen Transportern und LKW. Und falls Sie einmal ein Elektrofahrzeug ausprobieren m\u00f6chten, sind Sie bei uns ebenfalls genau richtig. Dadurch genie\u00dfen Sie das gute Gef\u00fchl f\u00fcr jeden Anlass, jedes Ziel und jeden Moment die passende Mobilit\u00e4t zu haben.","og_url":"https:\/\/coincards.com\/eu\/product\/europcar-online-gift-card-electronic-delivery\/","og_site_name":"Coincards Europe","article_modified_time":"2024-06-05T02:33:00+00:00","og_image":[{"width":675,"height":425,"url":"https:\/\/assets.coincards.com\/wp-content\/uploads\/sites\/6\/2024\/05\/22160019\/EURPCR-DE-card.png","type":"image\/png"}],"twitter_card":"summary_large_image","twitter_misc":{"Availability":"In stock"},"schema":{"@context":"https:\/\/schema.org","@graph":[{"@type":"WebPage","@id":"https:\/\/coincards.com\/eu\/product\/europcar-online-gift-card-electronic-delivery\/","url":"https:\/\/coincards.com\/eu\/product\/europcar-online-gift-card-electronic-delivery\/","name":"Europcar Online Gift Card (Electronic Delivery) (Germany) - Coincards Europe","isPartOf":{"@id":"https:\/\/coincards.com\/eu\/#website"},"primaryImageOfPage":{"@id":"https:\/\/coincards.com\/eu\/product\/europcar-online-gift-card-electronic-delivery\/#primaryimage"},"image":{"@id":"https:\/\/coincards.com\/eu\/product\/europcar-online-gift-card-electronic-delivery\/#primaryimage"},"thumbnailUrl":"https:\/\/assets.coincards.com\/wp-content\/uploads\/sites\/6\/2024\/06\/04183255\/EURPCR-DE-card.png","datePublished":"2024-05-23T00:01:58+00:00","dateModified":"2024-06-05T02:33:00+00:00","breadcrumb":{"@id":"https:\/\/coincards.com\/eu\/product\/europcar-online-gift-card-electronic-delivery\/#breadcrumb"},"inLanguage":"en-CA","potentialAction":[{"@type":"ReadAction","target":["https:\/\/coincards.com\/eu\/product\/europcar-online-gift-card-electronic-delivery\/"]}]},{"@type":"ImageObject","inLanguage":"en-CA","@id":"https:\/\/coincards.com\/eu\/product\/europcar-online-gift-card-electronic-delivery\/#primaryimage","url":"https:\/\/assets.coincards.com\/wp-content\/uploads\/sites\/6\/2024\/06\/04183255\/EURPCR-DE-card.png","contentUrl":"https:\/\/assets.coincards.com\/wp-content\/uploads\/sites\/6\/2024\/06\/04183255\/EURPCR-DE-card.png","width":675,"height":425},{"@type":"BreadcrumbList","@id":"https:\/\/coincards.com\/eu\/product\/europcar-online-gift-card-electronic-delivery\/#breadcrumb","itemListElement":[{"@type":"ListItem","position":1,"name":"Home","item":"https:\/\/coincards.com\/eu\/"},{"@type":"ListItem","position":2,"name":"All Gift Cards","item":"https:\/\/coincards.com\/eu\/all-gift-cards\/"},{"@type":"ListItem","position":3,"name":"Europcar Online Gift Card (Electronic Delivery) (Germany)"}]},{"@type":"WebSite","@id":"https:\/\/coincards.com\/eu\/#website","url":"https:\/\/coincards.com\/eu\/","name":"Coincards Europe","description":"Austrlia&#039;s #1 Cryptocurrency to Gift Card Exchange Service","potentialAction":[{"@type":"SearchAction","target":{"@type":"EntryPoint","urlTemplate":"https:\/\/coincards.com\/eu\/?s={search_term_string}"},"query-input":{"@type":"PropertyValueSpecification","valueRequired":true,"valueName":"search_term_string"}}],"inLanguage":"en-CA"}]},"og_availability":"instock","product_availability":"instock","product_condition":"new"},"_links":{"self":[{"href":"https:\/\/coincards.com\/eu\/wp-json\/wp\/v2\/product\/2866","targetHints":{"allow":["GET"]}}],"collection":[{"href":"https:\/\/coincards.com\/eu\/wp-json\/wp\/v2\/product"}],"about":[{"href":"https:\/\/coincards.com\/eu\/wp-json\/wp\/v2\/types\/product"}],"replies":[{"embeddable":true,"href":"https:\/\/coincards.com\/eu\/wp-json\/wp\/v2\/comments?post=2866"}],"wp:featuredmedia":[{"embeddable":true,"href":"https:\/\/coincards.com\/eu\/wp-json\/wp\/v2\/media\/5647"}],"wp:attachment":[{"href":"https:\/\/coincards.com\/eu\/wp-json\/wp\/v2\/media?parent=2866"}],"wp:term":[{"taxonomy":"product_cat","embeddable":true,"href":"https:\/\/coincards.com\/eu\/wp-json\/wp\/v2\/product_cat?post=2866"},{"taxonomy":"product_tag","embeddable":true,"href":"https:\/\/coincards.com\/eu\/wp-json\/wp\/v2\/product_tag?post=2866"}],"curies":[{"name":"wp","href":"https:\/\/api.w.org\/{rel}","templated":true}]}}