{"id":2833,"date":"2024-05-22T15:33:53","date_gmt":"2024-05-22T23:33:53","guid":{"rendered":"https:\/\/coincards.com\/eu\/?post_type=product&#038;p=2833"},"modified":"2025-08-19T08:32:31","modified_gmt":"2025-08-19T16:32:31","slug":"ernstings-family-online-gift-card-electronic-delivery","status":"publish","type":"product","link":"https:\/\/coincards.com\/eu\/product\/ernstings-family-online-gift-card-electronic-delivery\/","title":{"rendered":"Ernsting&#8217;s family Online Gift Card (Electronic Delivery) (Germany)"},"content":{"rendered":"<p><a href=\"https:\/\/www.ernstings-family.de\/agb\" target=\"_blank\" rel=\"noopener\">https:\/\/www.ernstings-family.de\/agb<\/a><\/p>\n<p>**Einl\u00f6sem\u00f6glichkeit**<br \/>\nDer Gutschein kann in den Filialen in Deutschland eingel\u00f6st werden. Im Internet k\u00f6nnen Sie den Gutschein unter www.ernstings-family.de einl\u00f6sen.<\/p>\n<p>Bitte beachten Sie, dass die Gutscheine, die Sie erwerben, ihrerseits gesonderten AGBs unterliegen.<\/p>\n<p>**Anzahl einl\u00f6sbarer Gutscheine:**<br \/>\nPro Bestellung online k\u00f6nnen Sie nur einen Gutschein einl\u00f6sen. In der Filiale ist die Einl\u00f6sung von mehreren Gutscheinen pro Einkauf m\u00f6glich.<\/p>\n<p>**G\u00fcltigkeit:**<br \/>\nDer Gutschein ist unbegrenzt g\u00fcltig.<\/p>\n<p>**Restguthaben:**<br \/>\nDer Restbetrag verbleibt auf dem Gutschein und kann f\u00fcr weitere Eink\u00e4ufe verwendet werden.<\/p>\n<p>** Lieferbedingungen:**<br \/>\nDie Lieferung erfolgt auf Ihren Wunsch in eine Ernsting&#8217;s family Filiale, zu Ihnen nach Hause oder an eine abweichende Lieferanschrift, die Sie im Bestellverlauf eingeben k\u00f6nnen. Die Lieferung erfolgt nur an Lieferadressen in Deutschland. Weitere Informationen erhalten Sie auf der Website.<\/p>\n<p>**Einl\u00f6sebeschreibung:**<br \/>\nZur Bezahlung m\u00fcssen Sie den ausgedruckten Gutschein einfach beim Bezahlen an der Kasse aush\u00e4ndigen.<\/p>\n<p>Bei einer Online Bestellung ist die Einl\u00f6sung des Gutscheins von der Lieferart abh\u00e4ngig:<\/p>\n<p>**Lieferung nach Hause: **<br \/>\nEs \u00f6ffnet sich im Online Shop ein Feld zur Erfassung des Codes. (Bitte entnehmen Sie eventuell anfallende Versandkosten der Webseite des Gutschein-Anbieters.)<br \/>\n**Bei Lieferung in eine Filiale:**<br \/>\nEs erfolgt die Bezahlung in der Filiale. Somit erfolgt die Erfassung des Gutscheincodes erst in der Filiale.<\/p>\n<p>** Zur Bezahlung im Internet: **<br \/>\n1. Legen Sie die gew\u00fcnschten Produkte in den Warenkorb.<br \/>\n2. Klicken Sie auf \u201eWarenkorb\u201c um zum Warenkorb zu gelangen.<br \/>\n3. Loggen Sie sich mit Ihrem Nutzerkonto ein oder registrieren Sie sich als Neukunde.<br \/>\n4. W\u00e4hlen Sie die gew\u00fcnschte Zahlungs- und Versandart aus.<br \/>\n5. Geben Sie den Gutschein-Code in das daf\u00fcr vorgesehene Feld &#8220;&#8221;Rabatt-\/Gutschein&#8221;&#8221; ein (nur bei Lieferung nach Hause). Best\u00e4tigen Sie Ihre Bestellung. Achtung: Sie haben die M\u00f6glichkeit sich Ihre Bestellung per Post nach Hause liefern zu lassen (Versandkosten 4,20\u20ac) oder kostenlos in eine Filiale. Bei Bestellung in eine Filiale, erfolgt die Bezahlung erst in der Filiale. Bitte entnehmen Sie eventuell anfallende Versandkosten der Webseite des Gutschein-Anbieters.<\/p>\n","protected":false},"excerpt":{"rendered":"<p>Ernsting&#8217;s &#8211; von fr\u00f6hlichen Familien empfohlen.<\/p>\n<p>Ernsting\u00b4s family ist mit 1500 Filialen in ganz Deutschland und \u00d6sterreich vertreten und bietet aktuelle Mode, trendige Accessoires, Spielwaren und sch\u00f6ne saisonal wechselnde Deko-Artikel f\u00fcr die ganze Familie.<\/p>\n<p>Neben einer Auswahl an Damen- und Herrenmode kann au\u00dferdem eine gro\u00dfe Vielfalt an Mode f\u00fcr Babys, Kids und Teens gefunden werden. F\u00fcr das Qualit\u00e4ts-Preis-Verh\u00e4ltnis wurde das Unternehmen bereits mehrfach ausgezeichnet.<\/p>\n<p>2010 erhielt Ernsting\u00b4s family den Titel &#8220;&#8221;H\u00e4ndler des Jahres 2010&#8243;&#8221; und erzielte ebenfalls in den Kategorien &#8220;&#8221;Baby- und Kindermode&#8221;&#8221; sowie &#8220;&#8221;Damenmode&#8221;&#8221; den ersten Platz.<\/p>\n","protected":false},"featured_media":5643,"comment_status":"closed","ping_status":"closed","template":"","meta":{"_exactmetrics_skip_tracking":false,"_exactmetrics_sitenote_active":false,"_exactmetrics_sitenote_note":"","_exactmetrics_sitenote_category":0},"product_cat":[20],"product_tag":[],"class_list":{"0":"post-2833","1":"product","2":"type-product","3":"status-publish","4":"has-post-thumbnail","6":"product_brand-ernstings-family","7":"product_cat-electronic-gift-cards","8":"pa_country-availability-germany","10":"first","11":"instock","12":"shipping-taxable","13":"purchasable","14":"product-type-variable"},"yoast_head":"<!-- This site is optimized with the Yoast SEO Premium plugin v20.11 (Yoast SEO v25.8) - https:\/\/yoast.com\/wordpress\/plugins\/seo\/ -->\n<title>Ernsting&#039;s family Online Gift Card (Electronic Delivery) (Germany) - Coincards Europe<\/title>\n<meta name=\"robots\" content=\"index, follow, max-snippet:-1, max-image-preview:large, max-video-preview:-1\" \/>\n<link rel=\"canonical\" href=\"https:\/\/coincards.com\/eu\/product\/ernstings-family-online-gift-card-electronic-delivery\/\" \/>\n<meta property=\"og:locale\" content=\"en_US\" \/>\n<meta property=\"og:type\" content=\"article\" \/>\n<meta property=\"og:title\" content=\"Ernsting&#039;s family Online Gift Card (Electronic Delivery) (Germany)\" \/>\n<meta property=\"og:description\" content=\"Ernsting&#039;s - von fr\u00f6hlichen Familien empfohlen.  Ernsting\u00b4s family ist mit 1500 Filialen in ganz Deutschland und \u00d6sterreich vertreten und bietet aktuelle Mode, trendige Accessoires, Spielwaren und sch\u00f6ne saisonal wechselnde Deko-Artikel f\u00fcr die ganze Familie.  Neben einer Auswahl an Damen- und Herrenmode kann au\u00dferdem eine gro\u00dfe Vielfalt an Mode f\u00fcr Babys, Kids und Teens gefunden werden. F\u00fcr das Qualit\u00e4ts-Preis-Verh\u00e4ltnis wurde das Unternehmen bereits mehrfach ausgezeichnet.  2010 erhielt Ernsting\u00b4s family den Titel &quot;&quot;H\u00e4ndler des Jahres 2010&quot;&quot; und erzielte ebenfalls in den Kategorien &quot;&quot;Baby- und Kindermode&quot;&quot; sowie &quot;&quot;Damenmode&quot;&quot; den ersten Platz.\" \/>\n<meta property=\"og:url\" content=\"https:\/\/coincards.com\/eu\/product\/ernstings-family-online-gift-card-electronic-delivery\/\" \/>\n<meta property=\"og:site_name\" content=\"Coincards Europe\" \/>\n<meta property=\"article:modified_time\" content=\"2025-08-19T16:32:31+00:00\" \/>\n<meta property=\"og:image\" content=\"https:\/\/assets.coincards.com\/wp-content\/uploads\/sites\/6\/2024\/06\/04183242\/ERNST-DE-card.png\" \/>\n\t<meta property=\"og:image:width\" content=\"675\" \/>\n\t<meta property=\"og:image:height\" content=\"425\" \/>\n\t<meta property=\"og:image:type\" content=\"image\/png\" \/>\n<meta name=\"twitter:card\" content=\"summary_large_image\" \/>\n<meta name=\"twitter:label1\" content=\"Availability\" \/>\n\t<meta name=\"twitter:data1\" content=\"In stock\" \/>\n<script type=\"application\/ld+json\" class=\"yoast-schema-graph\">{\"@context\":\"https:\/\/schema.org\",\"@graph\":[{\"@type\":\"WebPage\",\"@id\":\"https:\/\/coincards.com\/eu\/product\/ernstings-family-online-gift-card-electronic-delivery\/\",\"url\":\"https:\/\/coincards.com\/eu\/product\/ernstings-family-online-gift-card-electronic-delivery\/\",\"name\":\"Ernsting's family Online Gift Card (Electronic Delivery) (Germany) - Coincards Europe\",\"isPartOf\":{\"@id\":\"https:\/\/coincards.com\/eu\/#website\"},\"primaryImageOfPage\":{\"@id\":\"https:\/\/coincards.com\/eu\/product\/ernstings-family-online-gift-card-electronic-delivery\/#primaryimage\"},\"image\":{\"@id\":\"https:\/\/coincards.com\/eu\/product\/ernstings-family-online-gift-card-electronic-delivery\/#primaryimage\"},\"thumbnailUrl\":\"https:\/\/assets.coincards.com\/wp-content\/uploads\/sites\/6\/2024\/06\/04183242\/ERNST-DE-card.png\",\"datePublished\":\"2024-05-22T23:33:53+00:00\",\"dateModified\":\"2025-08-19T16:32:31+00:00\",\"breadcrumb\":{\"@id\":\"https:\/\/coincards.com\/eu\/product\/ernstings-family-online-gift-card-electronic-delivery\/#breadcrumb\"},\"inLanguage\":\"en-CA\",\"potentialAction\":[{\"@type\":\"ReadAction\",\"target\":[\"https:\/\/coincards.com\/eu\/product\/ernstings-family-online-gift-card-electronic-delivery\/\"]}]},{\"@type\":\"ImageObject\",\"inLanguage\":\"en-CA\",\"@id\":\"https:\/\/coincards.com\/eu\/product\/ernstings-family-online-gift-card-electronic-delivery\/#primaryimage\",\"url\":\"https:\/\/assets.coincards.com\/wp-content\/uploads\/sites\/6\/2024\/06\/04183242\/ERNST-DE-card.png\",\"contentUrl\":\"https:\/\/assets.coincards.com\/wp-content\/uploads\/sites\/6\/2024\/06\/04183242\/ERNST-DE-card.png\",\"width\":675,\"height\":425},{\"@type\":\"BreadcrumbList\",\"@id\":\"https:\/\/coincards.com\/eu\/product\/ernstings-family-online-gift-card-electronic-delivery\/#breadcrumb\",\"itemListElement\":[{\"@type\":\"ListItem\",\"position\":1,\"name\":\"Home\",\"item\":\"https:\/\/coincards.com\/eu\/\"},{\"@type\":\"ListItem\",\"position\":2,\"name\":\"All Gift Cards\",\"item\":\"https:\/\/coincards.com\/eu\/all-gift-cards\/\"},{\"@type\":\"ListItem\",\"position\":3,\"name\":\"Ernsting&#8217;s family Online Gift Card (Electronic Delivery) (Germany)\"}]},{\"@type\":\"WebSite\",\"@id\":\"https:\/\/coincards.com\/eu\/#website\",\"url\":\"https:\/\/coincards.com\/eu\/\",\"name\":\"Coincards Europe\",\"description\":\"Austrlia&#039;s #1 Cryptocurrency to Gift Card Exchange Service\",\"potentialAction\":[{\"@type\":\"SearchAction\",\"target\":{\"@type\":\"EntryPoint\",\"urlTemplate\":\"https:\/\/coincards.com\/eu\/?s={search_term_string}\"},\"query-input\":{\"@type\":\"PropertyValueSpecification\",\"valueRequired\":true,\"valueName\":\"search_term_string\"}}],\"inLanguage\":\"en-CA\"}]}<\/script>\n<meta property=\"og:availability\" content=\"instock\" \/>\n<meta property=\"product:availability\" content=\"instock\" \/>\n<meta property=\"product:condition\" content=\"new\" \/>\n<!-- \/ Yoast SEO Premium plugin. -->","yoast_head_json":{"title":"Ernsting's family Online Gift Card (Electronic Delivery) (Germany) - Coincards Europe","robots":{"index":"index","follow":"follow","max-snippet":"max-snippet:-1","max-image-preview":"max-image-preview:large","max-video-preview":"max-video-preview:-1"},"canonical":"https:\/\/coincards.com\/eu\/product\/ernstings-family-online-gift-card-electronic-delivery\/","og_locale":"en_US","og_type":"article","og_title":"Ernsting's family Online Gift Card (Electronic Delivery) (Germany)","og_description":"Ernsting's - von fr\u00f6hlichen Familien empfohlen.  Ernsting\u00b4s family ist mit 1500 Filialen in ganz Deutschland und \u00d6sterreich vertreten und bietet aktuelle Mode, trendige Accessoires, Spielwaren und sch\u00f6ne saisonal wechselnde Deko-Artikel f\u00fcr die ganze Familie.  Neben einer Auswahl an Damen- und Herrenmode kann au\u00dferdem eine gro\u00dfe Vielfalt an Mode f\u00fcr Babys, Kids und Teens gefunden werden. F\u00fcr das Qualit\u00e4ts-Preis-Verh\u00e4ltnis wurde das Unternehmen bereits mehrfach ausgezeichnet.  2010 erhielt Ernsting\u00b4s family den Titel \"\"H\u00e4ndler des Jahres 2010\"\" und erzielte ebenfalls in den Kategorien \"\"Baby- und Kindermode\"\" sowie \"\"Damenmode\"\" den ersten Platz.","og_url":"https:\/\/coincards.com\/eu\/product\/ernstings-family-online-gift-card-electronic-delivery\/","og_site_name":"Coincards Europe","article_modified_time":"2025-08-19T16:32:31+00:00","og_image":[{"width":675,"height":425,"url":"https:\/\/assets.coincards.com\/wp-content\/uploads\/sites\/6\/2024\/06\/04183242\/ERNST-DE-card.png","type":"image\/png"}],"twitter_card":"summary_large_image","twitter_misc":{"Availability":"In stock"},"schema":{"@context":"https:\/\/schema.org","@graph":[{"@type":"WebPage","@id":"https:\/\/coincards.com\/eu\/product\/ernstings-family-online-gift-card-electronic-delivery\/","url":"https:\/\/coincards.com\/eu\/product\/ernstings-family-online-gift-card-electronic-delivery\/","name":"Ernsting's family Online Gift Card (Electronic Delivery) (Germany) - Coincards Europe","isPartOf":{"@id":"https:\/\/coincards.com\/eu\/#website"},"primaryImageOfPage":{"@id":"https:\/\/coincards.com\/eu\/product\/ernstings-family-online-gift-card-electronic-delivery\/#primaryimage"},"image":{"@id":"https:\/\/coincards.com\/eu\/product\/ernstings-family-online-gift-card-electronic-delivery\/#primaryimage"},"thumbnailUrl":"https:\/\/assets.coincards.com\/wp-content\/uploads\/sites\/6\/2024\/06\/04183242\/ERNST-DE-card.png","datePublished":"2024-05-22T23:33:53+00:00","dateModified":"2025-08-19T16:32:31+00:00","breadcrumb":{"@id":"https:\/\/coincards.com\/eu\/product\/ernstings-family-online-gift-card-electronic-delivery\/#breadcrumb"},"inLanguage":"en-CA","potentialAction":[{"@type":"ReadAction","target":["https:\/\/coincards.com\/eu\/product\/ernstings-family-online-gift-card-electronic-delivery\/"]}]},{"@type":"ImageObject","inLanguage":"en-CA","@id":"https:\/\/coincards.com\/eu\/product\/ernstings-family-online-gift-card-electronic-delivery\/#primaryimage","url":"https:\/\/assets.coincards.com\/wp-content\/uploads\/sites\/6\/2024\/06\/04183242\/ERNST-DE-card.png","contentUrl":"https:\/\/assets.coincards.com\/wp-content\/uploads\/sites\/6\/2024\/06\/04183242\/ERNST-DE-card.png","width":675,"height":425},{"@type":"BreadcrumbList","@id":"https:\/\/coincards.com\/eu\/product\/ernstings-family-online-gift-card-electronic-delivery\/#breadcrumb","itemListElement":[{"@type":"ListItem","position":1,"name":"Home","item":"https:\/\/coincards.com\/eu\/"},{"@type":"ListItem","position":2,"name":"All Gift Cards","item":"https:\/\/coincards.com\/eu\/all-gift-cards\/"},{"@type":"ListItem","position":3,"name":"Ernsting&#8217;s family Online Gift Card (Electronic Delivery) (Germany)"}]},{"@type":"WebSite","@id":"https:\/\/coincards.com\/eu\/#website","url":"https:\/\/coincards.com\/eu\/","name":"Coincards Europe","description":"Austrlia&#039;s #1 Cryptocurrency to Gift Card Exchange Service","potentialAction":[{"@type":"SearchAction","target":{"@type":"EntryPoint","urlTemplate":"https:\/\/coincards.com\/eu\/?s={search_term_string}"},"query-input":{"@type":"PropertyValueSpecification","valueRequired":true,"valueName":"search_term_string"}}],"inLanguage":"en-CA"}]},"og_availability":"instock","product_availability":"instock","product_condition":"new"},"_links":{"self":[{"href":"https:\/\/coincards.com\/eu\/wp-json\/wp\/v2\/product\/2833","targetHints":{"allow":["GET"]}}],"collection":[{"href":"https:\/\/coincards.com\/eu\/wp-json\/wp\/v2\/product"}],"about":[{"href":"https:\/\/coincards.com\/eu\/wp-json\/wp\/v2\/types\/product"}],"replies":[{"embeddable":true,"href":"https:\/\/coincards.com\/eu\/wp-json\/wp\/v2\/comments?post=2833"}],"wp:featuredmedia":[{"embeddable":true,"href":"https:\/\/coincards.com\/eu\/wp-json\/wp\/v2\/media\/5643"}],"wp:attachment":[{"href":"https:\/\/coincards.com\/eu\/wp-json\/wp\/v2\/media?parent=2833"}],"wp:term":[{"taxonomy":"product_cat","embeddable":true,"href":"https:\/\/coincards.com\/eu\/wp-json\/wp\/v2\/product_cat?post=2833"},{"taxonomy":"product_tag","embeddable":true,"href":"https:\/\/coincards.com\/eu\/wp-json\/wp\/v2\/product_tag?post=2833"}],"curies":[{"name":"wp","href":"https:\/\/api.w.org\/{rel}","templated":true}]}}