{"id":2814,"date":"2024-05-22T14:35:42","date_gmt":"2024-05-22T22:35:42","guid":{"rendered":"https:\/\/coincards.com\/eu\/?post_type=product&#038;p=2814"},"modified":"2025-10-29T10:51:56","modified_gmt":"2025-10-29T18:51:56","slug":"elearngift-online-gift-card-electronic-delivery-8","status":"publish","type":"product","link":"https:\/\/coincards.com\/eu\/product\/elearngift-online-gift-card-electronic-delivery-8\/","title":{"rendered":"eLearnGift Online Gift Card (Electronic Delivery) (Latvia)"},"content":{"rendered":"<p>1) Vien\u0101 dar\u012bjum\u0101 ir at\u013cauti ne vair\u0101k k\u0101 2 eD\u0101vanu kar\u0161u kodi, ja j\u016bsu groza v\u0113rt\u012bba p\u0101rsniedz eD\u0101vanu kar\u0161u v\u0113rt\u012bbu, starp\u012bbu varat apmaks\u0101t, izmantojot Visa, MasterCard vai American Express.<br \/>\n2) FlystayGift d\u0101vanu kart\u0113m ir 12\u00a0m\u0113ne\u0161u der\u012bguma termi\u0146\u0161 no izsnieg\u0161anas br\u012b\u017ea, iz\u0146emot Zieme\u013camerikas rezidentiem d\u0101vanu kar\u0161u der\u012bguma termi\u0146\u0161. \u012arijas der\u012bguma termi\u0146\u0161 ir 60\u00a0m\u0113ne\u0161i, bet Austr\u0101lijai un V\u0101cijai\u00a0\u2014 36\u00a0m\u0113ne\u0161i saska\u0146\u0101 ar viet\u0113jiem valsts un valsts ties\u012bbu aktiem un jebkuru nepiecie\u0161amo atliku\u0161o atmaksas v\u0113rt\u012bbu katrai valstij un valstij. Pilnus noteikumus un nosac\u012bjumus par val\u016btas un dz\u012bvesvietas valsts izpirk\u0161anas pras\u012bb\u0101m skatiet vietn\u0113 http: \/\/tripgift.com\/info\/terms-and-conditions.aspx<br \/>\n3) Viss m\u0101jas lapas saturs, klientu apkalpo\u0161ana, bi\u013cetes un eVou\u010deri b\u016bs ang\u013cu valod\u0101. D\u0101vanu kartes un e-Vau\u010derus nevar apmain\u012bt vai atmaks\u0101t.<br \/>\n4) Lai ieg\u016btu \u0101tras atbildes un visus jaut\u0101jumus par d\u0101vanu kart\u0113m un lab\u0101ko izmanto\u0161anu, l\u016bdzu, apmekl\u0113jiet vietni https:\/\/faqs.tripgift.com\/<\/p>\n<p>Izpirkt (izmantot) Tikai tie\u0161saist\u0113: https:\/\/www.tripgift.com\/productsearch.aspx?aff=elearngift<br \/>\n1) Re\u0123istr\u0113jiet kontu vietn\u0113 https:\/\/www.tripgift.com\/productsearch.aspx?aff=elearngift, p\u0113c tam noklik\u0161\u0137iniet uz Rezerv\u0113t ce\u013cojumu | Izpirkt<br \/>\n2) Mekl\u0113jiet, rezerv\u0113jiet vai ieg\u0101d\u0101jieties, pamatojoties uz j\u016bsu produktu vajadz\u012bb\u0101m.<br \/>\n3) Kad esat izv\u0113l\u0113jies sav\u0101m vajadz\u012bb\u0101m vispiem\u0113rot\u0101k\u0101s iesp\u0113jas, ievadiet personas vai visu rezerv\u0101cij\u0101 vai produkta dar\u012bjum\u0101 iesaist\u012bto personu datus.<br \/>\n4) Dodieties uz izrakst\u012b\u0161an\u0101s lapu un kop\u0113jiet un iel\u012bm\u0113jiet e-d\u0101vanu kartes kodu sada\u013c\u0101 Izpirkt<br \/>\ne-D\u0101vanu kartes koda lodzi\u0146\u0101 un noklik\u0161\u0137iniet uz Iesniegt, turpiniet, lai piekristu noteikumiem un nosac\u012bjumiem, un noklik\u0161\u0137iniet uz Pas\u016bt\u012bt t\u016bl\u012bt uz<br \/>\nPabeidziet rezerv\u0101ciju un dar\u012bjumu, j\u016bs dr\u012bz sa\u0146emsit apstiprin\u0101jumu pa e-pastu.<br \/>\n5) Vienam dar\u012bjumam ir at\u013cauti ne vair\u0101k k\u0101 2 eD\u0101vanu kar\u0161u kodi, ja J\u016bsu groza v\u0113rt\u012bba p\u0101rsniedz eD\u0101vanu kar\u0161u v\u0113rt\u012bbu, starp\u012bbu varat apmaks\u0101t, izmantojot Visa, MasterCard vai American Express.<br \/>\n6) FlystayGift d\u0101vanu kart\u0113m ir 12\u00a0m\u0113ne\u0161u der\u012bguma termi\u0146\u0161 no izsnieg\u0161anas br\u012b\u017ea, iz\u0146emot Zieme\u013camerikas rezidentiem d\u0101vanu kar\u0161u der\u012bguma termi\u0146\u0161. \u012arijas der\u012bguma termi\u0146\u0161 ir 60\u00a0m\u0113ne\u0161i, bet Austr\u0101lijai un V\u0101cijai\u00a0\u2014 36\u00a0m\u0113ne\u0161i saska\u0146\u0101 ar viet\u0113jiem valsts un valsts ties\u012bbu aktiem un jebkuru nepiecie\u0161amo atliku\u0161o atmaksas v\u0113rt\u012bbu katrai valstij un valstij. Pilnus noteikumus un nosac\u012bjumus par val\u016btas un dz\u012bvesvietas valsts izpirk\u0161anas pras\u012bb\u0101m skatiet vietn\u0113 http: \/\/tripgift.com\/info\/terms-and-conditions.aspx<br \/>\n7) Viss m\u0101jas lapas saturs, klientu apkalpo\u0161ana, bi\u013cetes un eVou\u010deri b\u016bs ang\u013cu valod\u0101. D\u0101vanu kartes un e-Vau\u010derus nevar apmain\u012bt vai atmaks\u0101t.<br \/>\n8) Lai ieg\u016btu \u0101tras atbildes un visus jaut\u0101jumus par d\u0101vanu kart\u0113m un lab\u0101ko izmanto\u0161anu, l\u016bdzu, apmekl\u0113jiet vietni https:\/\/faqs.tripgift.com\/<\/p>\n","protected":false},"excerpt":{"rendered":"<p>eLearnGift pied\u0101v\u0101 aizraujo\u0161u vair\u0101k nek\u0101 200 tie\u0161saistes valodu un m\u0101c\u012bbu kursu kl\u0101stu. Izklaidei un person\u012bgai att\u012bst\u012bbai. M\u0101cieties no vair\u0101k nek\u0101 200 valodu kursiem ar t\u0101d\u0101m popul\u0101r\u0101m valod\u0101m k\u0101 sp\u0101\u0146u, fran\u010du, it\u0101\u013cu, v\u0101cu, jap\u0101\u0146u, mandar\u012bnu un daudz\u0101m cit\u0101m valod\u0101m.<\/p>\n","protected":false},"featured_media":5640,"comment_status":"closed","ping_status":"closed","template":"","meta":{"_exactmetrics_skip_tracking":false,"_exactmetrics_sitenote_active":false,"_exactmetrics_sitenote_note":"","_exactmetrics_sitenote_category":0},"product_cat":[20],"product_tag":[],"class_list":{"0":"post-2814","1":"product","2":"type-product","3":"status-publish","4":"has-post-thumbnail","6":"product_brand-elearngift","7":"product_cat-electronic-gift-cards","8":"pa_country-availability-latvia","10":"first","11":"instock","12":"virtual","13":"purchasable","14":"product-type-simple","15":"nyp-product"},"yoast_head":"<!-- This site is optimized with the Yoast SEO Premium plugin v20.11 (Yoast SEO v25.8) - https:\/\/yoast.com\/wordpress\/plugins\/seo\/ -->\n<title>eLearnGift Online Gift Card (Electronic Delivery) (Latvia) - Coincards Europe<\/title>\n<meta name=\"robots\" content=\"index, follow, max-snippet:-1, max-image-preview:large, max-video-preview:-1\" \/>\n<link rel=\"canonical\" href=\"https:\/\/coincards.com\/eu\/product\/elearngift-online-gift-card-electronic-delivery-8\/\" \/>\n<meta property=\"og:locale\" content=\"en_US\" \/>\n<meta property=\"og:type\" content=\"article\" \/>\n<meta property=\"og:title\" content=\"eLearnGift Online Gift Card (Electronic Delivery) (Latvia)\" \/>\n<meta property=\"og:description\" content=\"eLearnGift pied\u0101v\u0101 aizraujo\u0161u vair\u0101k nek\u0101 200 tie\u0161saistes valodu un m\u0101c\u012bbu kursu kl\u0101stu. Izklaidei un person\u012bgai att\u012bst\u012bbai. M\u0101cieties no vair\u0101k nek\u0101 200 valodu kursiem ar t\u0101d\u0101m popul\u0101r\u0101m valod\u0101m k\u0101 sp\u0101\u0146u, fran\u010du, it\u0101\u013cu, v\u0101cu, jap\u0101\u0146u, mandar\u012bnu un daudz\u0101m cit\u0101m valod\u0101m.\" \/>\n<meta property=\"og:url\" content=\"https:\/\/coincards.com\/eu\/product\/elearngift-online-gift-card-electronic-delivery-8\/\" \/>\n<meta property=\"og:site_name\" content=\"Coincards Europe\" \/>\n<meta property=\"article:modified_time\" content=\"2025-10-29T18:51:56+00:00\" \/>\n<meta property=\"og:image\" content=\"https:\/\/assets.coincards.com\/wp-content\/uploads\/sites\/6\/2024\/06\/04183221\/LGIFT-ES-card.png\" \/>\n\t<meta property=\"og:image:width\" content=\"675\" \/>\n\t<meta property=\"og:image:height\" content=\"425\" \/>\n\t<meta property=\"og:image:type\" content=\"image\/png\" \/>\n<meta name=\"twitter:card\" content=\"summary_large_image\" \/>\n<meta name=\"twitter:label1\" content=\"Price\" \/>\n\t<meta name=\"twitter:data1\" content=\"&euro;20.00\" \/>\n\t<meta name=\"twitter:label2\" content=\"Availability\" \/>\n\t<meta name=\"twitter:data2\" content=\"In stock\" \/>\n<script type=\"application\/ld+json\" class=\"yoast-schema-graph\">{\"@context\":\"https:\/\/schema.org\",\"@graph\":[{\"@type\":\"WebPage\",\"@id\":\"https:\/\/coincards.com\/eu\/product\/elearngift-online-gift-card-electronic-delivery-8\/\",\"url\":\"https:\/\/coincards.com\/eu\/product\/elearngift-online-gift-card-electronic-delivery-8\/\",\"name\":\"eLearnGift Online Gift Card (Electronic Delivery) (Latvia) - Coincards Europe\",\"isPartOf\":{\"@id\":\"https:\/\/coincards.com\/eu\/#website\"},\"primaryImageOfPage\":{\"@id\":\"https:\/\/coincards.com\/eu\/product\/elearngift-online-gift-card-electronic-delivery-8\/#primaryimage\"},\"image\":{\"@id\":\"https:\/\/coincards.com\/eu\/product\/elearngift-online-gift-card-electronic-delivery-8\/#primaryimage\"},\"thumbnailUrl\":\"https:\/\/assets.coincards.com\/wp-content\/uploads\/sites\/6\/2024\/06\/04183221\/LGIFT-ES-card.png\",\"datePublished\":\"2024-05-22T22:35:42+00:00\",\"dateModified\":\"2025-10-29T18:51:56+00:00\",\"breadcrumb\":{\"@id\":\"https:\/\/coincards.com\/eu\/product\/elearngift-online-gift-card-electronic-delivery-8\/#breadcrumb\"},\"inLanguage\":\"en-CA\",\"potentialAction\":[{\"@type\":\"ReadAction\",\"target\":[\"https:\/\/coincards.com\/eu\/product\/elearngift-online-gift-card-electronic-delivery-8\/\"]}]},{\"@type\":\"ImageObject\",\"inLanguage\":\"en-CA\",\"@id\":\"https:\/\/coincards.com\/eu\/product\/elearngift-online-gift-card-electronic-delivery-8\/#primaryimage\",\"url\":\"https:\/\/assets.coincards.com\/wp-content\/uploads\/sites\/6\/2024\/06\/04183221\/LGIFT-ES-card.png\",\"contentUrl\":\"https:\/\/assets.coincards.com\/wp-content\/uploads\/sites\/6\/2024\/06\/04183221\/LGIFT-ES-card.png\",\"width\":675,\"height\":425},{\"@type\":\"BreadcrumbList\",\"@id\":\"https:\/\/coincards.com\/eu\/product\/elearngift-online-gift-card-electronic-delivery-8\/#breadcrumb\",\"itemListElement\":[{\"@type\":\"ListItem\",\"position\":1,\"name\":\"Home\",\"item\":\"https:\/\/coincards.com\/eu\/\"},{\"@type\":\"ListItem\",\"position\":2,\"name\":\"All Gift Cards\",\"item\":\"https:\/\/coincards.com\/eu\/all-gift-cards\/\"},{\"@type\":\"ListItem\",\"position\":3,\"name\":\"eLearnGift Online Gift Card (Electronic Delivery) (Latvia)\"}]},{\"@type\":\"WebSite\",\"@id\":\"https:\/\/coincards.com\/eu\/#website\",\"url\":\"https:\/\/coincards.com\/eu\/\",\"name\":\"Coincards Europe\",\"description\":\"Austrlia&#039;s #1 Cryptocurrency to Gift Card Exchange Service\",\"potentialAction\":[{\"@type\":\"SearchAction\",\"target\":{\"@type\":\"EntryPoint\",\"urlTemplate\":\"https:\/\/coincards.com\/eu\/?s={search_term_string}\"},\"query-input\":{\"@type\":\"PropertyValueSpecification\",\"valueRequired\":true,\"valueName\":\"search_term_string\"}}],\"inLanguage\":\"en-CA\"}]}<\/script>\n<meta property=\"product:price:amount\" content=\"20.00\" \/>\n<meta property=\"product:price:currency\" content=\"EUR\" \/>\n<meta property=\"og:availability\" content=\"instock\" \/>\n<meta property=\"product:availability\" content=\"instock\" \/>\n<meta property=\"product:condition\" content=\"new\" \/>\n<!-- \/ Yoast SEO Premium plugin. -->","yoast_head_json":{"title":"eLearnGift Online Gift Card (Electronic Delivery) (Latvia) - Coincards Europe","robots":{"index":"index","follow":"follow","max-snippet":"max-snippet:-1","max-image-preview":"max-image-preview:large","max-video-preview":"max-video-preview:-1"},"canonical":"https:\/\/coincards.com\/eu\/product\/elearngift-online-gift-card-electronic-delivery-8\/","og_locale":"en_US","og_type":"article","og_title":"eLearnGift Online Gift Card (Electronic Delivery) (Latvia)","og_description":"eLearnGift pied\u0101v\u0101 aizraujo\u0161u vair\u0101k nek\u0101 200 tie\u0161saistes valodu un m\u0101c\u012bbu kursu kl\u0101stu. Izklaidei un person\u012bgai att\u012bst\u012bbai. M\u0101cieties no vair\u0101k nek\u0101 200 valodu kursiem ar t\u0101d\u0101m popul\u0101r\u0101m valod\u0101m k\u0101 sp\u0101\u0146u, fran\u010du, it\u0101\u013cu, v\u0101cu, jap\u0101\u0146u, mandar\u012bnu un daudz\u0101m cit\u0101m valod\u0101m.","og_url":"https:\/\/coincards.com\/eu\/product\/elearngift-online-gift-card-electronic-delivery-8\/","og_site_name":"Coincards Europe","article_modified_time":"2025-10-29T18:51:56+00:00","og_image":[{"width":675,"height":425,"url":"https:\/\/assets.coincards.com\/wp-content\/uploads\/sites\/6\/2024\/06\/04183221\/LGIFT-ES-card.png","type":"image\/png"}],"twitter_card":"summary_large_image","twitter_misc":{"Price":"&euro;20.00","Availability":"In stock"},"schema":{"@context":"https:\/\/schema.org","@graph":[{"@type":"WebPage","@id":"https:\/\/coincards.com\/eu\/product\/elearngift-online-gift-card-electronic-delivery-8\/","url":"https:\/\/coincards.com\/eu\/product\/elearngift-online-gift-card-electronic-delivery-8\/","name":"eLearnGift Online Gift Card (Electronic Delivery) (Latvia) - Coincards Europe","isPartOf":{"@id":"https:\/\/coincards.com\/eu\/#website"},"primaryImageOfPage":{"@id":"https:\/\/coincards.com\/eu\/product\/elearngift-online-gift-card-electronic-delivery-8\/#primaryimage"},"image":{"@id":"https:\/\/coincards.com\/eu\/product\/elearngift-online-gift-card-electronic-delivery-8\/#primaryimage"},"thumbnailUrl":"https:\/\/assets.coincards.com\/wp-content\/uploads\/sites\/6\/2024\/06\/04183221\/LGIFT-ES-card.png","datePublished":"2024-05-22T22:35:42+00:00","dateModified":"2025-10-29T18:51:56+00:00","breadcrumb":{"@id":"https:\/\/coincards.com\/eu\/product\/elearngift-online-gift-card-electronic-delivery-8\/#breadcrumb"},"inLanguage":"en-CA","potentialAction":[{"@type":"ReadAction","target":["https:\/\/coincards.com\/eu\/product\/elearngift-online-gift-card-electronic-delivery-8\/"]}]},{"@type":"ImageObject","inLanguage":"en-CA","@id":"https:\/\/coincards.com\/eu\/product\/elearngift-online-gift-card-electronic-delivery-8\/#primaryimage","url":"https:\/\/assets.coincards.com\/wp-content\/uploads\/sites\/6\/2024\/06\/04183221\/LGIFT-ES-card.png","contentUrl":"https:\/\/assets.coincards.com\/wp-content\/uploads\/sites\/6\/2024\/06\/04183221\/LGIFT-ES-card.png","width":675,"height":425},{"@type":"BreadcrumbList","@id":"https:\/\/coincards.com\/eu\/product\/elearngift-online-gift-card-electronic-delivery-8\/#breadcrumb","itemListElement":[{"@type":"ListItem","position":1,"name":"Home","item":"https:\/\/coincards.com\/eu\/"},{"@type":"ListItem","position":2,"name":"All Gift Cards","item":"https:\/\/coincards.com\/eu\/all-gift-cards\/"},{"@type":"ListItem","position":3,"name":"eLearnGift Online Gift Card (Electronic Delivery) (Latvia)"}]},{"@type":"WebSite","@id":"https:\/\/coincards.com\/eu\/#website","url":"https:\/\/coincards.com\/eu\/","name":"Coincards Europe","description":"Austrlia&#039;s #1 Cryptocurrency to Gift Card Exchange Service","potentialAction":[{"@type":"SearchAction","target":{"@type":"EntryPoint","urlTemplate":"https:\/\/coincards.com\/eu\/?s={search_term_string}"},"query-input":{"@type":"PropertyValueSpecification","valueRequired":true,"valueName":"search_term_string"}}],"inLanguage":"en-CA"}]},"product_price_amount":"20.00","product_price_currency":"EUR","og_availability":"instock","product_availability":"instock","product_condition":"new"},"_links":{"self":[{"href":"https:\/\/coincards.com\/eu\/wp-json\/wp\/v2\/product\/2814","targetHints":{"allow":["GET"]}}],"collection":[{"href":"https:\/\/coincards.com\/eu\/wp-json\/wp\/v2\/product"}],"about":[{"href":"https:\/\/coincards.com\/eu\/wp-json\/wp\/v2\/types\/product"}],"replies":[{"embeddable":true,"href":"https:\/\/coincards.com\/eu\/wp-json\/wp\/v2\/comments?post=2814"}],"wp:featuredmedia":[{"embeddable":true,"href":"https:\/\/coincards.com\/eu\/wp-json\/wp\/v2\/media\/5640"}],"wp:attachment":[{"href":"https:\/\/coincards.com\/eu\/wp-json\/wp\/v2\/media?parent=2814"}],"wp:term":[{"taxonomy":"product_cat","embeddable":true,"href":"https:\/\/coincards.com\/eu\/wp-json\/wp\/v2\/product_cat?post=2814"},{"taxonomy":"product_tag","embeddable":true,"href":"https:\/\/coincards.com\/eu\/wp-json\/wp\/v2\/product_tag?post=2814"}],"curies":[{"name":"wp","href":"https:\/\/api.w.org\/{rel}","templated":true}]}}