{"id":2806,"date":"2024-05-22T14:12:00","date_gmt":"2024-05-22T22:12:00","guid":{"rendered":"https:\/\/coincards.com\/eu\/?post_type=product&#038;p=2806"},"modified":"2025-10-29T10:49:45","modified_gmt":"2025-10-29T18:49:45","slug":"elearngift-online-gift-card-electronic-delivery","status":"publish","type":"product","link":"https:\/\/coincards.com\/eu\/product\/elearngift-online-gift-card-electronic-delivery\/","title":{"rendered":"eLearnGift Online Gift Card (Electronic Delivery) (Spain)"},"content":{"rendered":"<p>1) Se permite un m\u00e1ximo de 2 c\u00f3digos de tarjetas de regalo electr\u00f3nicas por transacci\u00f3n; si el valor de su cesta excede el valor de las tarjetas de regalo electr\u00f3nicas, puede pagar la diferencia con Visa, MasterCard o American Express.<\/p>\n<p>2) Las tarjetas de regalo eLearnGift tienen un vencimiento de 12 meses desde su emisi\u00f3n, excepto para residentes en Norteam\u00e9rica, las tarjetas de regalo no vencen. El vencimiento en Irlanda es de 60 meses y en Australia y Alemania es de 36 meses, sujeto a las leyes estatales y nacionales locales y a cualquier valor de reembolso residual requerido para cada estado y pa\u00eds. Para conocer los t\u00e9rminos y condiciones completos sobre los requisitos de canje en moneda y pa\u00eds de residencia, visite http: \/\/tripgift.com\/info\/terms-and-conditions.aspx<\/p>\n<p>3) Todo el contenido del sitio web, el servicio al cliente, los boletos y los cupones electr\u00f3nicos estar\u00e1n en ingl\u00e9s. Las tarjetas de regalo y los cupones electr\u00f3nicos no se pueden cambiar ni reembolsar.<\/p>\n<p>4) Para obtener respuestas r\u00e1pidas y cualquier pregunta sobre las tarjetas de regalo y el mejor uso, visite https:\/\/faqs.tripgift.com\/<\/p>\n<p>Canjee (use) solo en l\u00ednea en: https:\/\/www.tripgift.com\/productsearch.aspx?aff=elearngift<\/p>\n<p>1) Registre una cuenta en https:\/\/www.tripgift.com\/productsearch.aspx?aff=elearngift y luego haga clic en Reservar viaje | Canjear<\/p>\n<p>2) Busque, reserve o compre seg\u00fan las necesidades de su producto.<\/p>\n<p>3) Una vez que haya seleccionado las opciones que mejor se adapten a sus necesidades, ingrese los datos de la persona o todas las personas involucradas en la reserva o transacci\u00f3n del producto.<\/p>\n<p>4) Vaya a la p\u00e1gina de pago y copie y pegue el c\u00f3digo de su tarjeta de regalo electr\u00f3nica en el Canjear.<br \/>\ncuadro de c\u00f3digo de tarjeta de regalo electr\u00f3nica y haga clic en enviar, proceda a aceptar los t\u00e9rminos y condiciones y haga clic en Ordenar ahora para<br \/>\nComplete su reserva y transacci\u00f3n, en breve recibir\u00e1 una confirmaci\u00f3n por correo electr\u00f3nico.<\/p>\n<p>5) Se permite un m\u00e1ximo de 2 c\u00f3digos de tarjetas de regalo electr\u00f3nicas por transacci\u00f3n; si el valor de su cesta excede el valor de las tarjetas de regalo electr\u00f3nicas, puede pagar la diferencia utilizando Visa, MasterCard o American Express.<\/p>\n<p>6) Las tarjetas de regalo eLearnGift tienen un vencimiento de 12 meses desde su emisi\u00f3n, excepto para residentes en Norteam\u00e9rica, las tarjetas de regalo no vencen. El vencimiento en Irlanda es de 60 meses y en Australia y Alemania es de 36 meses, sujeto a las leyes estatales y nacionales locales y a cualquier valor de reembolso residual requerido para cada estado y pa\u00eds. Para conocer los t\u00e9rminos y condiciones completos sobre los requisitos de canje en moneda y pa\u00eds de residencia, visite http: \/\/tripgift.com\/info\/terms-and-conditions.aspx<\/p>\n<p>7) Todo el contenido del sitio web, el servicio al cliente, los boletos y los cupones electr\u00f3nicos estar\u00e1n en ingl\u00e9s. Las tarjetas de regalo y los cupones electr\u00f3nicos no se pueden cambiar ni reembolsar.<\/p>\n<p>8) Para obtener respuestas r\u00e1pidas y cualquier pregunta sobre las tarjetas de regalo y el mejor uso, visite https:\/\/faqs.tripgift.com\/<\/p>\n","protected":false},"excerpt":{"rendered":"<p>eLearnGift ofrece una interesante variedad de m\u00e1s de 200 cursos de aprendizaje e idiomas en l\u00ednea. Para la diversi\u00f3n y el desarrollo personal. Aprenda de una selecci\u00f3n de m\u00e1s de 200 cursos de idiomas con idiomas populares como espa\u00f1ol, franc\u00e9s, italiano, alem\u00e1n, japon\u00e9s, mandar\u00edn y muchos m\u00e1s.<\/p>\n","protected":false},"featured_media":5640,"comment_status":"closed","ping_status":"closed","template":"","meta":{"_exactmetrics_skip_tracking":false,"_exactmetrics_sitenote_active":false,"_exactmetrics_sitenote_note":"","_exactmetrics_sitenote_category":0},"product_cat":[20],"product_tag":[],"class_list":{"0":"post-2806","1":"product","2":"type-product","3":"status-publish","4":"has-post-thumbnail","6":"product_brand-elearngift","7":"product_cat-electronic-gift-cards","8":"pa_country-availability-spain","10":"first","11":"instock","12":"virtual","13":"purchasable","14":"product-type-simple","15":"nyp-product"},"yoast_head":"<!-- This site is optimized with the Yoast SEO Premium plugin v20.11 (Yoast SEO v27.3) - https:\/\/yoast.com\/product\/yoast-seo-premium-wordpress\/ -->\n<title>eLearnGift Online Gift Card (Electronic Delivery) (Spain) - Coincards Europe<\/title>\n<meta name=\"robots\" content=\"index, follow, max-snippet:-1, max-image-preview:large, max-video-preview:-1\" \/>\n<link rel=\"canonical\" href=\"https:\/\/coincards.com\/eu\/product\/elearngift-online-gift-card-electronic-delivery\/\" \/>\n<meta property=\"og:locale\" content=\"en_US\" \/>\n<meta property=\"og:type\" content=\"article\" \/>\n<meta property=\"og:title\" content=\"eLearnGift Online Gift Card (Electronic Delivery) (Spain)\" \/>\n<meta property=\"og:description\" content=\"eLearnGift ofrece una interesante variedad de m\u00e1s de 200 cursos de aprendizaje e idiomas en l\u00ednea. Para la diversi\u00f3n y el desarrollo personal. Aprenda de una selecci\u00f3n de m\u00e1s de 200 cursos de idiomas con idiomas populares como espa\u00f1ol, franc\u00e9s, italiano, alem\u00e1n, japon\u00e9s, mandar\u00edn y muchos m\u00e1s.\" \/>\n<meta property=\"og:url\" content=\"https:\/\/coincards.com\/eu\/product\/elearngift-online-gift-card-electronic-delivery\/\" \/>\n<meta property=\"og:site_name\" content=\"Coincards Europe\" \/>\n<meta property=\"article:modified_time\" content=\"2025-10-29T18:49:45+00:00\" \/>\n<meta property=\"og:image\" content=\"https:\/\/assets.coincards.com\/wp-content\/uploads\/sites\/6\/2024\/06\/04183221\/LGIFT-ES-card.png\" \/>\n\t<meta property=\"og:image:width\" content=\"675\" \/>\n\t<meta property=\"og:image:height\" content=\"425\" \/>\n\t<meta property=\"og:image:type\" content=\"image\/png\" \/>\n<meta name=\"twitter:card\" content=\"summary_large_image\" \/>\n<meta name=\"twitter:label1\" content=\"Price\" \/>\n\t<meta name=\"twitter:data1\" content=\"&euro;20.00\" \/>\n\t<meta name=\"twitter:label2\" content=\"Availability\" \/>\n\t<meta name=\"twitter:data2\" content=\"In stock\" \/>\n<script type=\"application\/ld+json\" class=\"yoast-schema-graph\">{\"@context\":\"https:\\\/\\\/schema.org\",\"@graph\":[{\"@type\":\"WebPage\",\"@id\":\"https:\\\/\\\/coincards.com\\\/eu\\\/product\\\/elearngift-online-gift-card-electronic-delivery\\\/\",\"url\":\"https:\\\/\\\/coincards.com\\\/eu\\\/product\\\/elearngift-online-gift-card-electronic-delivery\\\/\",\"name\":\"eLearnGift Online Gift Card (Electronic Delivery) (Spain) - Coincards Europe\",\"isPartOf\":{\"@id\":\"https:\\\/\\\/coincards.com\\\/eu\\\/#website\"},\"primaryImageOfPage\":{\"@id\":\"https:\\\/\\\/coincards.com\\\/eu\\\/product\\\/elearngift-online-gift-card-electronic-delivery\\\/#primaryimage\"},\"image\":{\"@id\":\"https:\\\/\\\/coincards.com\\\/eu\\\/product\\\/elearngift-online-gift-card-electronic-delivery\\\/#primaryimage\"},\"thumbnailUrl\":\"https:\\\/\\\/assets.coincards.com\\\/wp-content\\\/uploads\\\/sites\\\/6\\\/2024\\\/06\\\/04183221\\\/LGIFT-ES-card.png\",\"datePublished\":\"2024-05-22T22:12:00+00:00\",\"dateModified\":\"2025-10-29T18:49:45+00:00\",\"breadcrumb\":{\"@id\":\"https:\\\/\\\/coincards.com\\\/eu\\\/product\\\/elearngift-online-gift-card-electronic-delivery\\\/#breadcrumb\"},\"inLanguage\":\"en-CA\",\"potentialAction\":[{\"@type\":\"ReadAction\",\"target\":[\"https:\\\/\\\/coincards.com\\\/eu\\\/product\\\/elearngift-online-gift-card-electronic-delivery\\\/\"]}]},{\"@type\":\"ImageObject\",\"inLanguage\":\"en-CA\",\"@id\":\"https:\\\/\\\/coincards.com\\\/eu\\\/product\\\/elearngift-online-gift-card-electronic-delivery\\\/#primaryimage\",\"url\":\"https:\\\/\\\/assets.coincards.com\\\/wp-content\\\/uploads\\\/sites\\\/6\\\/2024\\\/06\\\/04183221\\\/LGIFT-ES-card.png\",\"contentUrl\":\"https:\\\/\\\/assets.coincards.com\\\/wp-content\\\/uploads\\\/sites\\\/6\\\/2024\\\/06\\\/04183221\\\/LGIFT-ES-card.png\",\"width\":675,\"height\":425},{\"@type\":\"BreadcrumbList\",\"@id\":\"https:\\\/\\\/coincards.com\\\/eu\\\/product\\\/elearngift-online-gift-card-electronic-delivery\\\/#breadcrumb\",\"itemListElement\":[{\"@type\":\"ListItem\",\"position\":1,\"name\":\"Home\",\"item\":\"https:\\\/\\\/coincards.com\\\/eu\\\/\"},{\"@type\":\"ListItem\",\"position\":2,\"name\":\"All Gift Cards\",\"item\":\"https:\\\/\\\/coincards.com\\\/eu\\\/all-gift-cards\\\/\"},{\"@type\":\"ListItem\",\"position\":3,\"name\":\"eLearnGift Online Gift Card (Electronic Delivery) (Spain)\"}]},{\"@type\":\"WebSite\",\"@id\":\"https:\\\/\\\/coincards.com\\\/eu\\\/#website\",\"url\":\"https:\\\/\\\/coincards.com\\\/eu\\\/\",\"name\":\"Coincards Europe\",\"description\":\"Austrlia&#039;s #1 Cryptocurrency to Gift Card Exchange Service\",\"potentialAction\":[{\"@type\":\"SearchAction\",\"target\":{\"@type\":\"EntryPoint\",\"urlTemplate\":\"https:\\\/\\\/coincards.com\\\/eu\\\/?s={search_term_string}\"},\"query-input\":{\"@type\":\"PropertyValueSpecification\",\"valueRequired\":true,\"valueName\":\"search_term_string\"}}],\"inLanguage\":\"en-CA\"}]}<\/script>\n<meta property=\"product:price:amount\" content=\"20.00\" \/>\n<meta property=\"product:price:currency\" content=\"EUR\" \/>\n<meta property=\"og:availability\" content=\"instock\" \/>\n<meta property=\"product:availability\" content=\"instock\" \/>\n<meta property=\"product:condition\" content=\"new\" \/>\n<!-- \/ Yoast SEO Premium plugin. -->","yoast_head_json":{"title":"eLearnGift Online Gift Card (Electronic Delivery) (Spain) - Coincards Europe","robots":{"index":"index","follow":"follow","max-snippet":"max-snippet:-1","max-image-preview":"max-image-preview:large","max-video-preview":"max-video-preview:-1"},"canonical":"https:\/\/coincards.com\/eu\/product\/elearngift-online-gift-card-electronic-delivery\/","og_locale":"en_US","og_type":"article","og_title":"eLearnGift Online Gift Card (Electronic Delivery) (Spain)","og_description":"eLearnGift ofrece una interesante variedad de m\u00e1s de 200 cursos de aprendizaje e idiomas en l\u00ednea. Para la diversi\u00f3n y el desarrollo personal. Aprenda de una selecci\u00f3n de m\u00e1s de 200 cursos de idiomas con idiomas populares como espa\u00f1ol, franc\u00e9s, italiano, alem\u00e1n, japon\u00e9s, mandar\u00edn y muchos m\u00e1s.","og_url":"https:\/\/coincards.com\/eu\/product\/elearngift-online-gift-card-electronic-delivery\/","og_site_name":"Coincards Europe","article_modified_time":"2025-10-29T18:49:45+00:00","og_image":[{"width":675,"height":425,"url":"https:\/\/assets.coincards.com\/wp-content\/uploads\/sites\/6\/2024\/06\/04183221\/LGIFT-ES-card.png","type":"image\/png"}],"twitter_card":"summary_large_image","twitter_misc":{"Price":"&euro;20.00","Availability":"In stock"},"schema":{"@context":"https:\/\/schema.org","@graph":[{"@type":"WebPage","@id":"https:\/\/coincards.com\/eu\/product\/elearngift-online-gift-card-electronic-delivery\/","url":"https:\/\/coincards.com\/eu\/product\/elearngift-online-gift-card-electronic-delivery\/","name":"eLearnGift Online Gift Card (Electronic Delivery) (Spain) - Coincards Europe","isPartOf":{"@id":"https:\/\/coincards.com\/eu\/#website"},"primaryImageOfPage":{"@id":"https:\/\/coincards.com\/eu\/product\/elearngift-online-gift-card-electronic-delivery\/#primaryimage"},"image":{"@id":"https:\/\/coincards.com\/eu\/product\/elearngift-online-gift-card-electronic-delivery\/#primaryimage"},"thumbnailUrl":"https:\/\/assets.coincards.com\/wp-content\/uploads\/sites\/6\/2024\/06\/04183221\/LGIFT-ES-card.png","datePublished":"2024-05-22T22:12:00+00:00","dateModified":"2025-10-29T18:49:45+00:00","breadcrumb":{"@id":"https:\/\/coincards.com\/eu\/product\/elearngift-online-gift-card-electronic-delivery\/#breadcrumb"},"inLanguage":"en-CA","potentialAction":[{"@type":"ReadAction","target":["https:\/\/coincards.com\/eu\/product\/elearngift-online-gift-card-electronic-delivery\/"]}]},{"@type":"ImageObject","inLanguage":"en-CA","@id":"https:\/\/coincards.com\/eu\/product\/elearngift-online-gift-card-electronic-delivery\/#primaryimage","url":"https:\/\/assets.coincards.com\/wp-content\/uploads\/sites\/6\/2024\/06\/04183221\/LGIFT-ES-card.png","contentUrl":"https:\/\/assets.coincards.com\/wp-content\/uploads\/sites\/6\/2024\/06\/04183221\/LGIFT-ES-card.png","width":675,"height":425},{"@type":"BreadcrumbList","@id":"https:\/\/coincards.com\/eu\/product\/elearngift-online-gift-card-electronic-delivery\/#breadcrumb","itemListElement":[{"@type":"ListItem","position":1,"name":"Home","item":"https:\/\/coincards.com\/eu\/"},{"@type":"ListItem","position":2,"name":"All Gift Cards","item":"https:\/\/coincards.com\/eu\/all-gift-cards\/"},{"@type":"ListItem","position":3,"name":"eLearnGift Online Gift Card (Electronic Delivery) (Spain)"}]},{"@type":"WebSite","@id":"https:\/\/coincards.com\/eu\/#website","url":"https:\/\/coincards.com\/eu\/","name":"Coincards Europe","description":"Austrlia&#039;s #1 Cryptocurrency to Gift Card Exchange Service","potentialAction":[{"@type":"SearchAction","target":{"@type":"EntryPoint","urlTemplate":"https:\/\/coincards.com\/eu\/?s={search_term_string}"},"query-input":{"@type":"PropertyValueSpecification","valueRequired":true,"valueName":"search_term_string"}}],"inLanguage":"en-CA"}]},"product_price_amount":"20.00","product_price_currency":"EUR","og_availability":"instock","product_availability":"instock","product_condition":"new"},"_links":{"self":[{"href":"https:\/\/coincards.com\/eu\/wp-json\/wp\/v2\/product\/2806","targetHints":{"allow":["GET"]}}],"collection":[{"href":"https:\/\/coincards.com\/eu\/wp-json\/wp\/v2\/product"}],"about":[{"href":"https:\/\/coincards.com\/eu\/wp-json\/wp\/v2\/types\/product"}],"replies":[{"embeddable":true,"href":"https:\/\/coincards.com\/eu\/wp-json\/wp\/v2\/comments?post=2806"}],"wp:featuredmedia":[{"embeddable":true,"href":"https:\/\/coincards.com\/eu\/wp-json\/wp\/v2\/media\/5640"}],"wp:attachment":[{"href":"https:\/\/coincards.com\/eu\/wp-json\/wp\/v2\/media?parent=2806"}],"wp:term":[{"taxonomy":"product_cat","embeddable":true,"href":"https:\/\/coincards.com\/eu\/wp-json\/wp\/v2\/product_cat?post=2806"},{"taxonomy":"product_tag","embeddable":true,"href":"https:\/\/coincards.com\/eu\/wp-json\/wp\/v2\/product_tag?post=2806"}],"curies":[{"name":"wp","href":"https:\/\/api.w.org\/{rel}","templated":true}]}}