{"id":2765,"date":"2024-05-22T13:27:36","date_gmt":"2024-05-22T21:27:36","guid":{"rendered":"https:\/\/coincards.com\/eu\/?post_type=product&#038;p=2765"},"modified":"2024-06-04T18:31:58","modified_gmt":"2024-06-05T02:31:58","slug":"e-bon-dachat-avenue-des-parfums-online-gift-card-electronic-delivery","status":"publish","type":"product","link":"https:\/\/coincards.com\/eu\/product\/e-bon-dachat-avenue-des-parfums-online-gift-card-electronic-delivery\/","title":{"rendered":"E-bon d&#8217;achat Avenue des Parfums Online Gift Card (Electronic Delivery) (France)"},"content":{"rendered":"<p>&#8216;- Les Ebons d&#8217;achat ne peuvent pas \u00eatre utils\u00e9s sur des produits en promotions\/soldes, sur les frais de livraison et ne sont pas cumulabes avec d&#8217;autres promotions en cours.<br \/>\n&#8211; Les ebons d&#8217;achat ne sont pas cumulables entre eux, 1 ebon = 1 commande<br \/>\n&#8211; Le montant n&#8217;est pas s\u00e9cable, l&#8217;ebon doit \u00eatre utilis\u00e9 en 1 seule fois.<\/p>\n<p>1. Connectez-vous sur le site www.avenue-des-parfums.fr<br \/>\n2. Connectez-vous \u00e0 votre compte client ou cr\u00e9ez-en un<br \/>\n3. Choisissez votre mode de livraison<br \/>\n4. Dans votre panier saisissez votre code dans l&#8217;encart : &#8220;j&#8217;ai un ebon&#8221; puis validez<\/p>\n","protected":false},"excerpt":{"rendered":"<p>L&#8217;Avenue des Parfums, et si c&#8217;\u00e9tait la plus belle Avenue du monde !<\/p>\n<p>Avenue des Parfums est une parfumerie en ligne qui vous propose un large choix de parfums et de cosm\u00e9tiques des plus grandes marques. Retrouvez vos marques pr\u00e9f\u00e9r\u00e9es de parfums pour femmes, hommes et enfants, mais aussi du maquillage et des cosm\u00e9tiques.<br \/>\nPour vous faire plaisir ou pour offrir, d\u00e9couvrez \u00e9galement une collection de coffrets cadeaux.<\/p>\n","protected":false},"featured_media":5631,"comment_status":"closed","ping_status":"closed","template":"","meta":{"_exactmetrics_skip_tracking":false,"_exactmetrics_sitenote_active":false,"_exactmetrics_sitenote_note":"","_exactmetrics_sitenote_category":0},"product_cat":[20],"product_tag":[],"class_list":{"0":"post-2765","1":"product","2":"type-product","3":"status-publish","4":"has-post-thumbnail","6":"product_brand-e-bon-dachat-avenue-des-parfums","7":"product_cat-electronic-gift-cards","8":"pa_country-availability-france","10":"first","11":"instock","12":"virtual","13":"purchasable","14":"product-type-simple","15":"nyp-product"},"yoast_head":"<!-- This site is optimized with the Yoast SEO Premium plugin v20.11 (Yoast SEO v25.8) - https:\/\/yoast.com\/wordpress\/plugins\/seo\/ -->\n<title>E-bon d&#039;achat Avenue des Parfums Online Gift Card (Electronic Delivery) (France) - Coincards Europe<\/title>\n<meta name=\"robots\" content=\"index, follow, max-snippet:-1, max-image-preview:large, max-video-preview:-1\" \/>\n<link rel=\"canonical\" href=\"https:\/\/coincards.com\/eu\/product\/e-bon-dachat-avenue-des-parfums-online-gift-card-electronic-delivery\/\" \/>\n<meta property=\"og:locale\" content=\"en_US\" \/>\n<meta property=\"og:type\" content=\"article\" \/>\n<meta property=\"og:title\" content=\"E-bon d&#039;achat Avenue des Parfums Online Gift Card (Electronic Delivery) (France)\" \/>\n<meta property=\"og:description\" content=\"L&#039;Avenue des Parfums, et si c&#039;\u00e9tait la plus belle Avenue du monde !  Avenue des Parfums est une parfumerie en ligne qui vous propose un large choix de parfums et de cosm\u00e9tiques des plus grandes marques. Retrouvez vos marques pr\u00e9f\u00e9r\u00e9es de parfums pour femmes, hommes et enfants, mais aussi du maquillage et des cosm\u00e9tiques. Pour vous faire plaisir ou pour offrir, d\u00e9couvrez \u00e9galement une collection de coffrets cadeaux.\" \/>\n<meta property=\"og:url\" content=\"https:\/\/coincards.com\/eu\/product\/e-bon-dachat-avenue-des-parfums-online-gift-card-electronic-delivery\/\" \/>\n<meta property=\"og:site_name\" content=\"Coincards Europe\" \/>\n<meta property=\"article:modified_time\" content=\"2024-06-05T02:31:58+00:00\" \/>\n<meta property=\"og:image\" content=\"https:\/\/assets.coincards.com\/wp-content\/uploads\/sites\/6\/2024\/05\/22132632\/EBONA-FR-card.png\" \/>\n\t<meta property=\"og:image:width\" content=\"675\" \/>\n\t<meta property=\"og:image:height\" content=\"425\" \/>\n\t<meta property=\"og:image:type\" content=\"image\/png\" \/>\n<meta name=\"twitter:card\" content=\"summary_large_image\" \/>\n<meta name=\"twitter:label1\" content=\"Price\" \/>\n\t<meta name=\"twitter:data1\" content=\"&euro;70.00\" \/>\n\t<meta name=\"twitter:label2\" content=\"Availability\" \/>\n\t<meta name=\"twitter:data2\" content=\"In stock\" \/>\n<script type=\"application\/ld+json\" class=\"yoast-schema-graph\">{\"@context\":\"https:\/\/schema.org\",\"@graph\":[{\"@type\":\"WebPage\",\"@id\":\"https:\/\/coincards.com\/eu\/product\/e-bon-dachat-avenue-des-parfums-online-gift-card-electronic-delivery\/\",\"url\":\"https:\/\/coincards.com\/eu\/product\/e-bon-dachat-avenue-des-parfums-online-gift-card-electronic-delivery\/\",\"name\":\"E-bon d'achat Avenue des Parfums Online Gift Card (Electronic Delivery) (France) - Coincards Europe\",\"isPartOf\":{\"@id\":\"https:\/\/coincards.com\/eu\/#website\"},\"primaryImageOfPage\":{\"@id\":\"https:\/\/coincards.com\/eu\/product\/e-bon-dachat-avenue-des-parfums-online-gift-card-electronic-delivery\/#primaryimage\"},\"image\":{\"@id\":\"https:\/\/coincards.com\/eu\/product\/e-bon-dachat-avenue-des-parfums-online-gift-card-electronic-delivery\/#primaryimage\"},\"thumbnailUrl\":\"https:\/\/assets.coincards.com\/wp-content\/uploads\/sites\/6\/2024\/06\/04183158\/EBONA-FR-card.png\",\"datePublished\":\"2024-05-22T21:27:36+00:00\",\"dateModified\":\"2024-06-05T02:31:58+00:00\",\"breadcrumb\":{\"@id\":\"https:\/\/coincards.com\/eu\/product\/e-bon-dachat-avenue-des-parfums-online-gift-card-electronic-delivery\/#breadcrumb\"},\"inLanguage\":\"en-CA\",\"potentialAction\":[{\"@type\":\"ReadAction\",\"target\":[\"https:\/\/coincards.com\/eu\/product\/e-bon-dachat-avenue-des-parfums-online-gift-card-electronic-delivery\/\"]}]},{\"@type\":\"ImageObject\",\"inLanguage\":\"en-CA\",\"@id\":\"https:\/\/coincards.com\/eu\/product\/e-bon-dachat-avenue-des-parfums-online-gift-card-electronic-delivery\/#primaryimage\",\"url\":\"https:\/\/assets.coincards.com\/wp-content\/uploads\/sites\/6\/2024\/06\/04183158\/EBONA-FR-card.png\",\"contentUrl\":\"https:\/\/assets.coincards.com\/wp-content\/uploads\/sites\/6\/2024\/06\/04183158\/EBONA-FR-card.png\",\"width\":675,\"height\":425},{\"@type\":\"BreadcrumbList\",\"@id\":\"https:\/\/coincards.com\/eu\/product\/e-bon-dachat-avenue-des-parfums-online-gift-card-electronic-delivery\/#breadcrumb\",\"itemListElement\":[{\"@type\":\"ListItem\",\"position\":1,\"name\":\"Home\",\"item\":\"https:\/\/coincards.com\/eu\/\"},{\"@type\":\"ListItem\",\"position\":2,\"name\":\"All Gift Cards\",\"item\":\"https:\/\/coincards.com\/eu\/all-gift-cards\/\"},{\"@type\":\"ListItem\",\"position\":3,\"name\":\"E-bon d&#8217;achat Avenue des Parfums Online Gift Card (Electronic Delivery) (France)\"}]},{\"@type\":\"WebSite\",\"@id\":\"https:\/\/coincards.com\/eu\/#website\",\"url\":\"https:\/\/coincards.com\/eu\/\",\"name\":\"Coincards Europe\",\"description\":\"Austrlia&#039;s #1 Cryptocurrency to Gift Card Exchange Service\",\"potentialAction\":[{\"@type\":\"SearchAction\",\"target\":{\"@type\":\"EntryPoint\",\"urlTemplate\":\"https:\/\/coincards.com\/eu\/?s={search_term_string}\"},\"query-input\":{\"@type\":\"PropertyValueSpecification\",\"valueRequired\":true,\"valueName\":\"search_term_string\"}}],\"inLanguage\":\"en-CA\"}]}<\/script>\n<meta property=\"product:price:amount\" content=\"70.00\" \/>\n<meta property=\"product:price:currency\" content=\"EUR\" \/>\n<meta property=\"og:availability\" content=\"instock\" \/>\n<meta property=\"product:availability\" content=\"instock\" \/>\n<meta property=\"product:condition\" content=\"new\" \/>\n<!-- \/ Yoast SEO Premium plugin. -->","yoast_head_json":{"title":"E-bon d'achat Avenue des Parfums Online Gift Card (Electronic Delivery) (France) - Coincards Europe","robots":{"index":"index","follow":"follow","max-snippet":"max-snippet:-1","max-image-preview":"max-image-preview:large","max-video-preview":"max-video-preview:-1"},"canonical":"https:\/\/coincards.com\/eu\/product\/e-bon-dachat-avenue-des-parfums-online-gift-card-electronic-delivery\/","og_locale":"en_US","og_type":"article","og_title":"E-bon d'achat Avenue des Parfums Online Gift Card (Electronic Delivery) (France)","og_description":"L'Avenue des Parfums, et si c'\u00e9tait la plus belle Avenue du monde !  Avenue des Parfums est une parfumerie en ligne qui vous propose un large choix de parfums et de cosm\u00e9tiques des plus grandes marques. Retrouvez vos marques pr\u00e9f\u00e9r\u00e9es de parfums pour femmes, hommes et enfants, mais aussi du maquillage et des cosm\u00e9tiques. Pour vous faire plaisir ou pour offrir, d\u00e9couvrez \u00e9galement une collection de coffrets cadeaux.","og_url":"https:\/\/coincards.com\/eu\/product\/e-bon-dachat-avenue-des-parfums-online-gift-card-electronic-delivery\/","og_site_name":"Coincards Europe","article_modified_time":"2024-06-05T02:31:58+00:00","og_image":[{"width":675,"height":425,"url":"https:\/\/assets.coincards.com\/wp-content\/uploads\/sites\/6\/2024\/05\/22132632\/EBONA-FR-card.png","type":"image\/png"}],"twitter_card":"summary_large_image","twitter_misc":{"Price":"&euro;70.00","Availability":"In stock"},"schema":{"@context":"https:\/\/schema.org","@graph":[{"@type":"WebPage","@id":"https:\/\/coincards.com\/eu\/product\/e-bon-dachat-avenue-des-parfums-online-gift-card-electronic-delivery\/","url":"https:\/\/coincards.com\/eu\/product\/e-bon-dachat-avenue-des-parfums-online-gift-card-electronic-delivery\/","name":"E-bon d'achat Avenue des Parfums Online Gift Card (Electronic Delivery) (France) - Coincards Europe","isPartOf":{"@id":"https:\/\/coincards.com\/eu\/#website"},"primaryImageOfPage":{"@id":"https:\/\/coincards.com\/eu\/product\/e-bon-dachat-avenue-des-parfums-online-gift-card-electronic-delivery\/#primaryimage"},"image":{"@id":"https:\/\/coincards.com\/eu\/product\/e-bon-dachat-avenue-des-parfums-online-gift-card-electronic-delivery\/#primaryimage"},"thumbnailUrl":"https:\/\/assets.coincards.com\/wp-content\/uploads\/sites\/6\/2024\/06\/04183158\/EBONA-FR-card.png","datePublished":"2024-05-22T21:27:36+00:00","dateModified":"2024-06-05T02:31:58+00:00","breadcrumb":{"@id":"https:\/\/coincards.com\/eu\/product\/e-bon-dachat-avenue-des-parfums-online-gift-card-electronic-delivery\/#breadcrumb"},"inLanguage":"en-CA","potentialAction":[{"@type":"ReadAction","target":["https:\/\/coincards.com\/eu\/product\/e-bon-dachat-avenue-des-parfums-online-gift-card-electronic-delivery\/"]}]},{"@type":"ImageObject","inLanguage":"en-CA","@id":"https:\/\/coincards.com\/eu\/product\/e-bon-dachat-avenue-des-parfums-online-gift-card-electronic-delivery\/#primaryimage","url":"https:\/\/assets.coincards.com\/wp-content\/uploads\/sites\/6\/2024\/06\/04183158\/EBONA-FR-card.png","contentUrl":"https:\/\/assets.coincards.com\/wp-content\/uploads\/sites\/6\/2024\/06\/04183158\/EBONA-FR-card.png","width":675,"height":425},{"@type":"BreadcrumbList","@id":"https:\/\/coincards.com\/eu\/product\/e-bon-dachat-avenue-des-parfums-online-gift-card-electronic-delivery\/#breadcrumb","itemListElement":[{"@type":"ListItem","position":1,"name":"Home","item":"https:\/\/coincards.com\/eu\/"},{"@type":"ListItem","position":2,"name":"All Gift Cards","item":"https:\/\/coincards.com\/eu\/all-gift-cards\/"},{"@type":"ListItem","position":3,"name":"E-bon d&#8217;achat Avenue des Parfums Online Gift Card (Electronic Delivery) (France)"}]},{"@type":"WebSite","@id":"https:\/\/coincards.com\/eu\/#website","url":"https:\/\/coincards.com\/eu\/","name":"Coincards Europe","description":"Austrlia&#039;s #1 Cryptocurrency to Gift Card Exchange Service","potentialAction":[{"@type":"SearchAction","target":{"@type":"EntryPoint","urlTemplate":"https:\/\/coincards.com\/eu\/?s={search_term_string}"},"query-input":{"@type":"PropertyValueSpecification","valueRequired":true,"valueName":"search_term_string"}}],"inLanguage":"en-CA"}]},"product_price_amount":"70.00","product_price_currency":"EUR","og_availability":"instock","product_availability":"instock","product_condition":"new"},"_links":{"self":[{"href":"https:\/\/coincards.com\/eu\/wp-json\/wp\/v2\/product\/2765","targetHints":{"allow":["GET"]}}],"collection":[{"href":"https:\/\/coincards.com\/eu\/wp-json\/wp\/v2\/product"}],"about":[{"href":"https:\/\/coincards.com\/eu\/wp-json\/wp\/v2\/types\/product"}],"replies":[{"embeddable":true,"href":"https:\/\/coincards.com\/eu\/wp-json\/wp\/v2\/comments?post=2765"}],"wp:featuredmedia":[{"embeddable":true,"href":"https:\/\/coincards.com\/eu\/wp-json\/wp\/v2\/media\/5631"}],"wp:attachment":[{"href":"https:\/\/coincards.com\/eu\/wp-json\/wp\/v2\/media?parent=2765"}],"wp:term":[{"taxonomy":"product_cat","embeddable":true,"href":"https:\/\/coincards.com\/eu\/wp-json\/wp\/v2\/product_cat?post=2765"},{"taxonomy":"product_tag","embeddable":true,"href":"https:\/\/coincards.com\/eu\/wp-json\/wp\/v2\/product_tag?post=2765"}],"curies":[{"name":"wp","href":"https:\/\/api.w.org\/{rel}","templated":true}]}}