{"id":2711,"date":"2024-05-22T12:49:53","date_gmt":"2024-05-22T20:49:53","guid":{"rendered":"https:\/\/coincards.com\/eu\/?post_type=product&#038;p=2711"},"modified":"2024-06-04T18:31:46","modified_gmt":"2024-06-05T02:31:46","slug":"divine-box-online-gift-card-electronic-delivery","status":"publish","type":"product","link":"https:\/\/coincards.com\/eu\/product\/divine-box-online-gift-card-electronic-delivery\/","title":{"rendered":"Divine Box Online Gift Card (Electronic Delivery) (France)"},"content":{"rendered":"<p>&#8216;- Utilisable sur la boutique https:\/\/divinebox.fr\/boutique-monastique\/ ou pour un abonnement (https:\/\/divinebox.fr\/boutique\/choix-formule\/)<br \/>\n&#8211; Valable de 15 \u00e0 18 mois<br \/>\n&#8211; Utilisable en 1 seule fois<br \/>\n&#8211; Les e-cartes cadeaux ne sont pas cumulables entre elles<br \/>\n&#8211; Non \u00e9changeable, non remboursable<\/p>\n<p>Rendez-vous sur le site divinebox.fr\/boutique-monastique . ou pour un abonement, la boutique https:\/\/divinebox.fr\/boutique\/choix-formule\/, divinebox.fr\/boutique\/choix-formule.<br \/>\nVous pouvez entrer votre code promo \u00e0 l&#8217;\u00e9tape panier : sous la liste des produits, vous verrez une case &#8220;&#8221;code promo&#8221;&#8221; \u00e0 remplir. Pensez \u00e0 bien cliquer sur &#8220;&#8221;appliquer le code promo&#8221;&#8221; !<\/p>\n","protected":false},"excerpt":{"rendered":"<p>Divine Box, c&#8217;est une joyeuse aventure imagin\u00e9e par Astrid et C\u00f4me, fr\u00e8re et s\u0153ur. L&#8217;objectif : vous livrer les meilleurs produits d&#8217;\u00e9picerie fine en provenance des abbayes. P\u00e2t\u00e9s, bi\u00e8res, confitures, liqueurs, g\u00e2teaux\u2026 Avec toujours des infos, photos et vid\u00e9os dispo sur nos r\u00e9seaux sociaux, notre site, le livret de nos box etc&#8230; Combien sont-ils de moines \u00e0 l&#8217;abbaye du Barroux ? Quand a \u00e9t\u00e9 fond\u00e9 l&#8217;abbaye de Boulaur ? Que veut dire un moine &#8220;trappiste&#8221; etc&#8230; on vous dit tout !<\/p>\n","protected":false},"featured_media":5622,"comment_status":"closed","ping_status":"closed","template":"","meta":{"_exactmetrics_skip_tracking":false,"_exactmetrics_sitenote_active":false,"_exactmetrics_sitenote_note":"","_exactmetrics_sitenote_category":0},"product_cat":[20],"product_tag":[],"class_list":{"0":"post-2711","1":"product","2":"type-product","3":"status-publish","4":"has-post-thumbnail","6":"product_brand-divine-box","7":"product_cat-electronic-gift-cards","8":"pa_country-availability-france","10":"first","11":"instock","12":"shipping-taxable","13":"purchasable","14":"product-type-variable"},"yoast_head":"<!-- This site is optimized with the Yoast SEO Premium plugin v20.11 (Yoast SEO v25.8) - https:\/\/yoast.com\/wordpress\/plugins\/seo\/ -->\n<title>Divine Box Online Gift Card (Electronic Delivery) (France) - Coincards Europe<\/title>\n<meta name=\"robots\" content=\"index, follow, max-snippet:-1, max-image-preview:large, max-video-preview:-1\" \/>\n<link rel=\"canonical\" href=\"https:\/\/coincards.com\/eu\/product\/divine-box-online-gift-card-electronic-delivery\/\" \/>\n<meta property=\"og:locale\" content=\"en_US\" \/>\n<meta property=\"og:type\" content=\"article\" \/>\n<meta property=\"og:title\" content=\"Divine Box Online Gift Card (Electronic Delivery) (France)\" \/>\n<meta property=\"og:description\" content=\"Divine Box, c&#039;est une joyeuse aventure imagin\u00e9e par Astrid et C\u00f4me, fr\u00e8re et s\u0153ur. L&#039;objectif : vous livrer les meilleurs produits d&#039;\u00e9picerie fine en provenance des abbayes. P\u00e2t\u00e9s, bi\u00e8res, confitures, liqueurs, g\u00e2teaux\u2026 Avec toujours des infos, photos et vid\u00e9os dispo sur nos r\u00e9seaux sociaux, notre site, le livret de nos box etc... Combien sont-ils de moines \u00e0 l&#039;abbaye du Barroux ? Quand a \u00e9t\u00e9 fond\u00e9 l&#039;abbaye de Boulaur ? Que veut dire un moine &quot;trappiste&quot; etc... on vous dit tout !\" \/>\n<meta property=\"og:url\" content=\"https:\/\/coincards.com\/eu\/product\/divine-box-online-gift-card-electronic-delivery\/\" \/>\n<meta property=\"og:site_name\" content=\"Coincards Europe\" \/>\n<meta property=\"article:modified_time\" content=\"2024-06-05T02:31:46+00:00\" \/>\n<meta property=\"og:image\" content=\"https:\/\/assets.coincards.com\/wp-content\/uploads\/sites\/6\/2024\/05\/22124849\/DVBOX-FR-card.png\" \/>\n\t<meta property=\"og:image:width\" content=\"675\" \/>\n\t<meta property=\"og:image:height\" content=\"425\" \/>\n\t<meta property=\"og:image:type\" content=\"image\/png\" \/>\n<meta name=\"twitter:card\" content=\"summary_large_image\" \/>\n<meta name=\"twitter:label1\" content=\"Availability\" \/>\n\t<meta name=\"twitter:data1\" content=\"In stock\" \/>\n<script type=\"application\/ld+json\" class=\"yoast-schema-graph\">{\"@context\":\"https:\/\/schema.org\",\"@graph\":[{\"@type\":\"WebPage\",\"@id\":\"https:\/\/coincards.com\/eu\/product\/divine-box-online-gift-card-electronic-delivery\/\",\"url\":\"https:\/\/coincards.com\/eu\/product\/divine-box-online-gift-card-electronic-delivery\/\",\"name\":\"Divine Box Online Gift Card (Electronic Delivery) (France) - Coincards Europe\",\"isPartOf\":{\"@id\":\"https:\/\/coincards.com\/eu\/#website\"},\"primaryImageOfPage\":{\"@id\":\"https:\/\/coincards.com\/eu\/product\/divine-box-online-gift-card-electronic-delivery\/#primaryimage\"},\"image\":{\"@id\":\"https:\/\/coincards.com\/eu\/product\/divine-box-online-gift-card-electronic-delivery\/#primaryimage\"},\"thumbnailUrl\":\"https:\/\/assets.coincards.com\/wp-content\/uploads\/sites\/6\/2024\/06\/04183136\/DVBOX-FR-card.png\",\"datePublished\":\"2024-05-22T20:49:53+00:00\",\"dateModified\":\"2024-06-05T02:31:46+00:00\",\"breadcrumb\":{\"@id\":\"https:\/\/coincards.com\/eu\/product\/divine-box-online-gift-card-electronic-delivery\/#breadcrumb\"},\"inLanguage\":\"en-CA\",\"potentialAction\":[{\"@type\":\"ReadAction\",\"target\":[\"https:\/\/coincards.com\/eu\/product\/divine-box-online-gift-card-electronic-delivery\/\"]}]},{\"@type\":\"ImageObject\",\"inLanguage\":\"en-CA\",\"@id\":\"https:\/\/coincards.com\/eu\/product\/divine-box-online-gift-card-electronic-delivery\/#primaryimage\",\"url\":\"https:\/\/assets.coincards.com\/wp-content\/uploads\/sites\/6\/2024\/06\/04183136\/DVBOX-FR-card.png\",\"contentUrl\":\"https:\/\/assets.coincards.com\/wp-content\/uploads\/sites\/6\/2024\/06\/04183136\/DVBOX-FR-card.png\",\"width\":675,\"height\":425},{\"@type\":\"BreadcrumbList\",\"@id\":\"https:\/\/coincards.com\/eu\/product\/divine-box-online-gift-card-electronic-delivery\/#breadcrumb\",\"itemListElement\":[{\"@type\":\"ListItem\",\"position\":1,\"name\":\"Home\",\"item\":\"https:\/\/coincards.com\/eu\/\"},{\"@type\":\"ListItem\",\"position\":2,\"name\":\"All Gift Cards\",\"item\":\"https:\/\/coincards.com\/eu\/all-gift-cards\/\"},{\"@type\":\"ListItem\",\"position\":3,\"name\":\"Divine Box Online Gift Card (Electronic Delivery) (France)\"}]},{\"@type\":\"WebSite\",\"@id\":\"https:\/\/coincards.com\/eu\/#website\",\"url\":\"https:\/\/coincards.com\/eu\/\",\"name\":\"Coincards Europe\",\"description\":\"Austrlia&#039;s #1 Cryptocurrency to Gift Card Exchange Service\",\"potentialAction\":[{\"@type\":\"SearchAction\",\"target\":{\"@type\":\"EntryPoint\",\"urlTemplate\":\"https:\/\/coincards.com\/eu\/?s={search_term_string}\"},\"query-input\":{\"@type\":\"PropertyValueSpecification\",\"valueRequired\":true,\"valueName\":\"search_term_string\"}}],\"inLanguage\":\"en-CA\"}]}<\/script>\n<meta property=\"og:availability\" content=\"instock\" \/>\n<meta property=\"product:availability\" content=\"instock\" \/>\n<meta property=\"product:condition\" content=\"new\" \/>\n<!-- \/ Yoast SEO Premium plugin. -->","yoast_head_json":{"title":"Divine Box Online Gift Card (Electronic Delivery) (France) - Coincards Europe","robots":{"index":"index","follow":"follow","max-snippet":"max-snippet:-1","max-image-preview":"max-image-preview:large","max-video-preview":"max-video-preview:-1"},"canonical":"https:\/\/coincards.com\/eu\/product\/divine-box-online-gift-card-electronic-delivery\/","og_locale":"en_US","og_type":"article","og_title":"Divine Box Online Gift Card (Electronic Delivery) (France)","og_description":"Divine Box, c'est une joyeuse aventure imagin\u00e9e par Astrid et C\u00f4me, fr\u00e8re et s\u0153ur. L'objectif : vous livrer les meilleurs produits d'\u00e9picerie fine en provenance des abbayes. P\u00e2t\u00e9s, bi\u00e8res, confitures, liqueurs, g\u00e2teaux\u2026 Avec toujours des infos, photos et vid\u00e9os dispo sur nos r\u00e9seaux sociaux, notre site, le livret de nos box etc... Combien sont-ils de moines \u00e0 l'abbaye du Barroux ? Quand a \u00e9t\u00e9 fond\u00e9 l'abbaye de Boulaur ? Que veut dire un moine \"trappiste\" etc... on vous dit tout !","og_url":"https:\/\/coincards.com\/eu\/product\/divine-box-online-gift-card-electronic-delivery\/","og_site_name":"Coincards Europe","article_modified_time":"2024-06-05T02:31:46+00:00","og_image":[{"width":675,"height":425,"url":"https:\/\/assets.coincards.com\/wp-content\/uploads\/sites\/6\/2024\/05\/22124849\/DVBOX-FR-card.png","type":"image\/png"}],"twitter_card":"summary_large_image","twitter_misc":{"Availability":"In stock"},"schema":{"@context":"https:\/\/schema.org","@graph":[{"@type":"WebPage","@id":"https:\/\/coincards.com\/eu\/product\/divine-box-online-gift-card-electronic-delivery\/","url":"https:\/\/coincards.com\/eu\/product\/divine-box-online-gift-card-electronic-delivery\/","name":"Divine Box Online Gift Card (Electronic Delivery) (France) - Coincards Europe","isPartOf":{"@id":"https:\/\/coincards.com\/eu\/#website"},"primaryImageOfPage":{"@id":"https:\/\/coincards.com\/eu\/product\/divine-box-online-gift-card-electronic-delivery\/#primaryimage"},"image":{"@id":"https:\/\/coincards.com\/eu\/product\/divine-box-online-gift-card-electronic-delivery\/#primaryimage"},"thumbnailUrl":"https:\/\/assets.coincards.com\/wp-content\/uploads\/sites\/6\/2024\/06\/04183136\/DVBOX-FR-card.png","datePublished":"2024-05-22T20:49:53+00:00","dateModified":"2024-06-05T02:31:46+00:00","breadcrumb":{"@id":"https:\/\/coincards.com\/eu\/product\/divine-box-online-gift-card-electronic-delivery\/#breadcrumb"},"inLanguage":"en-CA","potentialAction":[{"@type":"ReadAction","target":["https:\/\/coincards.com\/eu\/product\/divine-box-online-gift-card-electronic-delivery\/"]}]},{"@type":"ImageObject","inLanguage":"en-CA","@id":"https:\/\/coincards.com\/eu\/product\/divine-box-online-gift-card-electronic-delivery\/#primaryimage","url":"https:\/\/assets.coincards.com\/wp-content\/uploads\/sites\/6\/2024\/06\/04183136\/DVBOX-FR-card.png","contentUrl":"https:\/\/assets.coincards.com\/wp-content\/uploads\/sites\/6\/2024\/06\/04183136\/DVBOX-FR-card.png","width":675,"height":425},{"@type":"BreadcrumbList","@id":"https:\/\/coincards.com\/eu\/product\/divine-box-online-gift-card-electronic-delivery\/#breadcrumb","itemListElement":[{"@type":"ListItem","position":1,"name":"Home","item":"https:\/\/coincards.com\/eu\/"},{"@type":"ListItem","position":2,"name":"All Gift Cards","item":"https:\/\/coincards.com\/eu\/all-gift-cards\/"},{"@type":"ListItem","position":3,"name":"Divine Box Online Gift Card (Electronic Delivery) (France)"}]},{"@type":"WebSite","@id":"https:\/\/coincards.com\/eu\/#website","url":"https:\/\/coincards.com\/eu\/","name":"Coincards Europe","description":"Austrlia&#039;s #1 Cryptocurrency to Gift Card Exchange Service","potentialAction":[{"@type":"SearchAction","target":{"@type":"EntryPoint","urlTemplate":"https:\/\/coincards.com\/eu\/?s={search_term_string}"},"query-input":{"@type":"PropertyValueSpecification","valueRequired":true,"valueName":"search_term_string"}}],"inLanguage":"en-CA"}]},"og_availability":"instock","product_availability":"instock","product_condition":"new"},"_links":{"self":[{"href":"https:\/\/coincards.com\/eu\/wp-json\/wp\/v2\/product\/2711","targetHints":{"allow":["GET"]}}],"collection":[{"href":"https:\/\/coincards.com\/eu\/wp-json\/wp\/v2\/product"}],"about":[{"href":"https:\/\/coincards.com\/eu\/wp-json\/wp\/v2\/types\/product"}],"replies":[{"embeddable":true,"href":"https:\/\/coincards.com\/eu\/wp-json\/wp\/v2\/comments?post=2711"}],"wp:featuredmedia":[{"embeddable":true,"href":"https:\/\/coincards.com\/eu\/wp-json\/wp\/v2\/media\/5622"}],"wp:attachment":[{"href":"https:\/\/coincards.com\/eu\/wp-json\/wp\/v2\/media?parent=2711"}],"wp:term":[{"taxonomy":"product_cat","embeddable":true,"href":"https:\/\/coincards.com\/eu\/wp-json\/wp\/v2\/product_cat?post=2711"},{"taxonomy":"product_tag","embeddable":true,"href":"https:\/\/coincards.com\/eu\/wp-json\/wp\/v2\/product_tag?post=2711"}],"curies":[{"name":"wp","href":"https:\/\/api.w.org\/{rel}","templated":true}]}}