{"id":2643,"date":"2024-05-22T11:57:24","date_gmt":"2024-05-22T19:57:24","guid":{"rendered":"https:\/\/coincards.com\/eu\/?post_type=product&#038;p=2643"},"modified":"2026-01-07T07:05:25","modified_gmt":"2026-01-07T15:05:25","slug":"debongout-online-gift-card-electronic-delivery","status":"publish","type":"product","link":"https:\/\/coincards.com\/eu\/product\/debongout-online-gift-card-electronic-delivery\/","title":{"rendered":"Debongout Online Gift Card (Electronic Delivery) (France)"},"content":{"rendered":"<p>&#8216;- Utilisable sur le site https:\/\/debongout-paris.com debongout-paris.com et en boutique au 4 rue Martel \u00e0 Paris<br \/>\n&#8211; Valable sur tous les produits (neufs et chin\u00e9s)<br \/>\n&#8211; Valable 9 mois<br \/>\n&#8211; Utilisable en une seule fois<br \/>\n&#8211; Cumulable avec des produits en promotion mais les e-cartes cadeaux ne sont pas cumulables entre elles<br \/>\n&#8211; Possibilit\u00e9 de compl\u00e9ter le montant par un autre mode de r\u00e8glement<br \/>\n&#8211; Non \u00e9changeable, non remboursable<\/p>\n<p>Rendez-vous sur https:\/\/debongout-paris.com et en boutique au 4 rue Martel \u00e0 Paris. En ligne: rendez-vous dans votre panier d\u2019achat. Au moment du paiement, renseignez votre e-carte dans la case &#8220;code promo&#8221;. Le prix se mettra ainsi \u00e0 jour en tenant compte du montant de votre e-carte. En magasin: communiquez le code en caisse<\/p>\n","protected":false},"excerpt":{"rendered":"<p>Qu\u2019elles soient chin\u00e9es, neuves ou issues de l\u2019artisanat, elles correspondent \u00e0 la fa\u00e7on dont on consomme et dont on se meuble aujourd\u2019hui, plus responsable, les pi\u00e8ces Debongout, sont inspir\u00e9es de moments de vie. Chaque collection contient peu de pi\u00e8ces pour permettre d\u2019avoir l\u2019exclusivit\u00e9 sur le produit, mais toujours accessible parce qu\u2019aujourd\u2019hui le bon go\u00fbt n\u2019est plus un luxe.<\/p>\n","protected":false},"featured_media":5615,"comment_status":"closed","ping_status":"closed","template":"","meta":{"_exactmetrics_skip_tracking":false,"_exactmetrics_sitenote_active":false,"_exactmetrics_sitenote_note":"","_exactmetrics_sitenote_category":0},"product_cat":[20],"product_tag":[],"class_list":{"0":"post-2643","1":"product","2":"type-product","3":"status-publish","4":"has-post-thumbnail","6":"product_brand-debongout","7":"product_cat-electronic-gift-cards","8":"pa_country-availability-france","10":"first","11":"instock","12":"shipping-taxable","13":"purchasable","14":"product-type-variable"},"yoast_head":"<!-- This site is optimized with the Yoast SEO Premium plugin v20.11 (Yoast SEO v25.8) - https:\/\/yoast.com\/wordpress\/plugins\/seo\/ -->\n<title>Debongout Online Gift Card (Electronic Delivery) (France) - Coincards Europe<\/title>\n<meta name=\"robots\" content=\"index, follow, max-snippet:-1, max-image-preview:large, max-video-preview:-1\" \/>\n<link rel=\"canonical\" href=\"https:\/\/coincards.com\/eu\/product\/debongout-online-gift-card-electronic-delivery\/\" \/>\n<meta property=\"og:locale\" content=\"en_US\" \/>\n<meta property=\"og:type\" content=\"article\" \/>\n<meta property=\"og:title\" content=\"Debongout Online Gift Card (Electronic Delivery) (France)\" \/>\n<meta property=\"og:description\" content=\"Qu\u2019elles soient chin\u00e9es, neuves ou issues de l\u2019artisanat, elles correspondent \u00e0 la fa\u00e7on dont on consomme et dont on se meuble aujourd\u2019hui, plus responsable, les pi\u00e8ces Debongout, sont inspir\u00e9es de moments de vie. Chaque collection contient peu de pi\u00e8ces pour permettre d\u2019avoir l\u2019exclusivit\u00e9 sur le produit, mais toujours accessible parce qu\u2019aujourd\u2019hui le bon go\u00fbt n\u2019est plus un luxe.\" \/>\n<meta property=\"og:url\" content=\"https:\/\/coincards.com\/eu\/product\/debongout-online-gift-card-electronic-delivery\/\" \/>\n<meta property=\"og:site_name\" content=\"Coincards Europe\" \/>\n<meta property=\"article:modified_time\" content=\"2026-01-07T15:05:25+00:00\" \/>\n<meta property=\"og:image\" content=\"https:\/\/assets.coincards.com\/wp-content\/uploads\/sites\/6\/2024\/05\/22115617\/DEBONG-FR-card.png\" \/>\n\t<meta property=\"og:image:width\" content=\"675\" \/>\n\t<meta property=\"og:image:height\" content=\"425\" \/>\n\t<meta property=\"og:image:type\" content=\"image\/png\" \/>\n<meta name=\"twitter:card\" content=\"summary_large_image\" \/>\n<meta name=\"twitter:label1\" content=\"Availability\" \/>\n\t<meta name=\"twitter:data1\" content=\"In stock\" \/>\n<script type=\"application\/ld+json\" class=\"yoast-schema-graph\">{\"@context\":\"https:\/\/schema.org\",\"@graph\":[{\"@type\":\"WebPage\",\"@id\":\"https:\/\/coincards.com\/eu\/product\/debongout-online-gift-card-electronic-delivery\/\",\"url\":\"https:\/\/coincards.com\/eu\/product\/debongout-online-gift-card-electronic-delivery\/\",\"name\":\"Debongout Online Gift Card (Electronic Delivery) (France) - Coincards Europe\",\"isPartOf\":{\"@id\":\"https:\/\/coincards.com\/eu\/#website\"},\"primaryImageOfPage\":{\"@id\":\"https:\/\/coincards.com\/eu\/product\/debongout-online-gift-card-electronic-delivery\/#primaryimage\"},\"image\":{\"@id\":\"https:\/\/coincards.com\/eu\/product\/debongout-online-gift-card-electronic-delivery\/#primaryimage\"},\"thumbnailUrl\":\"https:\/\/assets.coincards.com\/wp-content\/uploads\/sites\/6\/2024\/06\/04183109\/DEBONG-FR-card.png\",\"datePublished\":\"2024-05-22T19:57:24+00:00\",\"dateModified\":\"2026-01-07T15:05:25+00:00\",\"breadcrumb\":{\"@id\":\"https:\/\/coincards.com\/eu\/product\/debongout-online-gift-card-electronic-delivery\/#breadcrumb\"},\"inLanguage\":\"en-CA\",\"potentialAction\":[{\"@type\":\"ReadAction\",\"target\":[\"https:\/\/coincards.com\/eu\/product\/debongout-online-gift-card-electronic-delivery\/\"]}]},{\"@type\":\"ImageObject\",\"inLanguage\":\"en-CA\",\"@id\":\"https:\/\/coincards.com\/eu\/product\/debongout-online-gift-card-electronic-delivery\/#primaryimage\",\"url\":\"https:\/\/assets.coincards.com\/wp-content\/uploads\/sites\/6\/2024\/06\/04183109\/DEBONG-FR-card.png\",\"contentUrl\":\"https:\/\/assets.coincards.com\/wp-content\/uploads\/sites\/6\/2024\/06\/04183109\/DEBONG-FR-card.png\",\"width\":675,\"height\":425},{\"@type\":\"BreadcrumbList\",\"@id\":\"https:\/\/coincards.com\/eu\/product\/debongout-online-gift-card-electronic-delivery\/#breadcrumb\",\"itemListElement\":[{\"@type\":\"ListItem\",\"position\":1,\"name\":\"Home\",\"item\":\"https:\/\/coincards.com\/eu\/\"},{\"@type\":\"ListItem\",\"position\":2,\"name\":\"All Gift Cards\",\"item\":\"https:\/\/coincards.com\/eu\/all-gift-cards\/\"},{\"@type\":\"ListItem\",\"position\":3,\"name\":\"Debongout Online Gift Card (Electronic Delivery) (France)\"}]},{\"@type\":\"WebSite\",\"@id\":\"https:\/\/coincards.com\/eu\/#website\",\"url\":\"https:\/\/coincards.com\/eu\/\",\"name\":\"Coincards Europe\",\"description\":\"Austrlia&#039;s #1 Cryptocurrency to Gift Card Exchange Service\",\"potentialAction\":[{\"@type\":\"SearchAction\",\"target\":{\"@type\":\"EntryPoint\",\"urlTemplate\":\"https:\/\/coincards.com\/eu\/?s={search_term_string}\"},\"query-input\":{\"@type\":\"PropertyValueSpecification\",\"valueRequired\":true,\"valueName\":\"search_term_string\"}}],\"inLanguage\":\"en-CA\"}]}<\/script>\n<meta property=\"og:availability\" content=\"instock\" \/>\n<meta property=\"product:availability\" content=\"instock\" \/>\n<meta property=\"product:condition\" content=\"new\" \/>\n<!-- \/ Yoast SEO Premium plugin. -->","yoast_head_json":{"title":"Debongout Online Gift Card (Electronic Delivery) (France) - Coincards Europe","robots":{"index":"index","follow":"follow","max-snippet":"max-snippet:-1","max-image-preview":"max-image-preview:large","max-video-preview":"max-video-preview:-1"},"canonical":"https:\/\/coincards.com\/eu\/product\/debongout-online-gift-card-electronic-delivery\/","og_locale":"en_US","og_type":"article","og_title":"Debongout Online Gift Card (Electronic Delivery) (France)","og_description":"Qu\u2019elles soient chin\u00e9es, neuves ou issues de l\u2019artisanat, elles correspondent \u00e0 la fa\u00e7on dont on consomme et dont on se meuble aujourd\u2019hui, plus responsable, les pi\u00e8ces Debongout, sont inspir\u00e9es de moments de vie. Chaque collection contient peu de pi\u00e8ces pour permettre d\u2019avoir l\u2019exclusivit\u00e9 sur le produit, mais toujours accessible parce qu\u2019aujourd\u2019hui le bon go\u00fbt n\u2019est plus un luxe.","og_url":"https:\/\/coincards.com\/eu\/product\/debongout-online-gift-card-electronic-delivery\/","og_site_name":"Coincards Europe","article_modified_time":"2026-01-07T15:05:25+00:00","og_image":[{"width":675,"height":425,"url":"https:\/\/assets.coincards.com\/wp-content\/uploads\/sites\/6\/2024\/05\/22115617\/DEBONG-FR-card.png","type":"image\/png"}],"twitter_card":"summary_large_image","twitter_misc":{"Availability":"In stock"},"schema":{"@context":"https:\/\/schema.org","@graph":[{"@type":"WebPage","@id":"https:\/\/coincards.com\/eu\/product\/debongout-online-gift-card-electronic-delivery\/","url":"https:\/\/coincards.com\/eu\/product\/debongout-online-gift-card-electronic-delivery\/","name":"Debongout Online Gift Card (Electronic Delivery) (France) - Coincards Europe","isPartOf":{"@id":"https:\/\/coincards.com\/eu\/#website"},"primaryImageOfPage":{"@id":"https:\/\/coincards.com\/eu\/product\/debongout-online-gift-card-electronic-delivery\/#primaryimage"},"image":{"@id":"https:\/\/coincards.com\/eu\/product\/debongout-online-gift-card-electronic-delivery\/#primaryimage"},"thumbnailUrl":"https:\/\/assets.coincards.com\/wp-content\/uploads\/sites\/6\/2024\/06\/04183109\/DEBONG-FR-card.png","datePublished":"2024-05-22T19:57:24+00:00","dateModified":"2026-01-07T15:05:25+00:00","breadcrumb":{"@id":"https:\/\/coincards.com\/eu\/product\/debongout-online-gift-card-electronic-delivery\/#breadcrumb"},"inLanguage":"en-CA","potentialAction":[{"@type":"ReadAction","target":["https:\/\/coincards.com\/eu\/product\/debongout-online-gift-card-electronic-delivery\/"]}]},{"@type":"ImageObject","inLanguage":"en-CA","@id":"https:\/\/coincards.com\/eu\/product\/debongout-online-gift-card-electronic-delivery\/#primaryimage","url":"https:\/\/assets.coincards.com\/wp-content\/uploads\/sites\/6\/2024\/06\/04183109\/DEBONG-FR-card.png","contentUrl":"https:\/\/assets.coincards.com\/wp-content\/uploads\/sites\/6\/2024\/06\/04183109\/DEBONG-FR-card.png","width":675,"height":425},{"@type":"BreadcrumbList","@id":"https:\/\/coincards.com\/eu\/product\/debongout-online-gift-card-electronic-delivery\/#breadcrumb","itemListElement":[{"@type":"ListItem","position":1,"name":"Home","item":"https:\/\/coincards.com\/eu\/"},{"@type":"ListItem","position":2,"name":"All Gift Cards","item":"https:\/\/coincards.com\/eu\/all-gift-cards\/"},{"@type":"ListItem","position":3,"name":"Debongout Online Gift Card (Electronic Delivery) (France)"}]},{"@type":"WebSite","@id":"https:\/\/coincards.com\/eu\/#website","url":"https:\/\/coincards.com\/eu\/","name":"Coincards Europe","description":"Austrlia&#039;s #1 Cryptocurrency to Gift Card Exchange Service","potentialAction":[{"@type":"SearchAction","target":{"@type":"EntryPoint","urlTemplate":"https:\/\/coincards.com\/eu\/?s={search_term_string}"},"query-input":{"@type":"PropertyValueSpecification","valueRequired":true,"valueName":"search_term_string"}}],"inLanguage":"en-CA"}]},"og_availability":"instock","product_availability":"instock","product_condition":"new"},"_links":{"self":[{"href":"https:\/\/coincards.com\/eu\/wp-json\/wp\/v2\/product\/2643","targetHints":{"allow":["GET"]}}],"collection":[{"href":"https:\/\/coincards.com\/eu\/wp-json\/wp\/v2\/product"}],"about":[{"href":"https:\/\/coincards.com\/eu\/wp-json\/wp\/v2\/types\/product"}],"replies":[{"embeddable":true,"href":"https:\/\/coincards.com\/eu\/wp-json\/wp\/v2\/comments?post=2643"}],"wp:featuredmedia":[{"embeddable":true,"href":"https:\/\/coincards.com\/eu\/wp-json\/wp\/v2\/media\/5615"}],"wp:attachment":[{"href":"https:\/\/coincards.com\/eu\/wp-json\/wp\/v2\/media?parent=2643"}],"wp:term":[{"taxonomy":"product_cat","embeddable":true,"href":"https:\/\/coincards.com\/eu\/wp-json\/wp\/v2\/product_cat?post=2643"},{"taxonomy":"product_tag","embeddable":true,"href":"https:\/\/coincards.com\/eu\/wp-json\/wp\/v2\/product_tag?post=2643"}],"curies":[{"name":"wp","href":"https:\/\/api.w.org\/{rel}","templated":true}]}}