{"id":2588,"date":"2024-05-22T10:49:02","date_gmt":"2024-05-22T18:49:02","guid":{"rendered":"https:\/\/coincards.com\/eu\/?post_type=product&#038;p=2588"},"modified":"2026-01-29T05:54:12","modified_gmt":"2026-01-29T13:54:12","slug":"crazy-horse-online-gift-card-electronic-delivery","status":"publish","type":"product","link":"https:\/\/coincards.com\/eu\/product\/crazy-horse-online-gift-card-electronic-delivery\/","title":{"rendered":"Crazy Horse Online Gift Card (Electronic Delivery) (France)"},"content":{"rendered":"<p>&#8216;- R\u00e9servation du spectacle par email<br \/>\n&#8211; Valable 4 mois<br \/>\n&#8211; Utilisable en 1 seule fois<br \/>\n&#8211; Les e-cartes cadeaux ne sont pas cumulables entre elles<br \/>\n&#8211; Non \u00e9changeable, non remboursable<\/p>\n<p>Pour utiliser le bon cadeau Crazy Horse, envoyer le num\u00e9ro de la carte cadeau Crazy Horse par email \u00e0 reservation@lecrazyhorseparis.com avec votre nom, pr\u00e9nom, num\u00e9ro de t\u00e9l\u00e9phone, date de la prestation souhait\u00e9e avec horaire et spectacle.<\/p>\n","protected":false},"excerpt":{"rendered":"<p>Situ\u00e9 \u00e0 proximit\u00e9 de la Tour Eiffel et des Elys\u00e9es, sur la prestigieuse avenue George V, le Crazy Horse, &#8220;le plus avant-gardiste des cabarets parisiens&#8221;, est vou\u00e9 \u00e0 la vision cr\u00e9ative de sublimation du corps de la femme. Ses spectacles sensuels et \u00e9l\u00e9gants habillent de lumi\u00e8re ses danseuses sophistiqu\u00e9es. Il accueille dans son spectacle des &#8220;femmes d&#8217;exception dans un lieu d&#8217;exception&#8221; comme Dita von Teese ou Pamela Anderson, invit\u00e9es de marque de trois ou quatre tableaux exceptionnels.<\/p>\n","protected":false},"featured_media":5607,"comment_status":"closed","ping_status":"closed","template":"","meta":{"_exactmetrics_skip_tracking":false,"_exactmetrics_sitenote_active":false,"_exactmetrics_sitenote_note":"","_exactmetrics_sitenote_category":0},"product_cat":[20],"product_tag":[],"class_list":{"0":"post-2588","1":"product","2":"type-product","3":"status-publish","4":"has-post-thumbnail","6":"product_brand-crazy-horse","7":"product_cat-electronic-gift-cards","8":"pa_country-availability-france","10":"first","11":"instock","12":"shipping-taxable","13":"purchasable","14":"product-type-variable"},"yoast_head":"<!-- This site is optimized with the Yoast SEO Premium plugin v20.11 (Yoast SEO v27.3) - https:\/\/yoast.com\/product\/yoast-seo-premium-wordpress\/ -->\n<title>Crazy Horse Online Gift Card (Electronic Delivery) (France) - Coincards Europe<\/title>\n<meta name=\"robots\" content=\"index, follow, max-snippet:-1, max-image-preview:large, max-video-preview:-1\" \/>\n<link rel=\"canonical\" href=\"https:\/\/coincards.com\/eu\/product\/crazy-horse-online-gift-card-electronic-delivery\/\" \/>\n<meta property=\"og:locale\" content=\"en_US\" \/>\n<meta property=\"og:type\" content=\"article\" \/>\n<meta property=\"og:title\" content=\"Crazy Horse Online Gift Card (Electronic Delivery) (France)\" \/>\n<meta property=\"og:description\" content=\"Situ\u00e9 \u00e0 proximit\u00e9 de la Tour Eiffel et des Elys\u00e9es, sur la prestigieuse avenue George V, le Crazy Horse, &quot;le plus avant-gardiste des cabarets parisiens&quot;, est vou\u00e9 \u00e0 la vision cr\u00e9ative de sublimation du corps de la femme. Ses spectacles sensuels et \u00e9l\u00e9gants habillent de lumi\u00e8re ses danseuses sophistiqu\u00e9es. Il accueille dans son spectacle des &quot;femmes d&#039;exception dans un lieu d&#039;exception&quot; comme Dita von Teese ou Pamela Anderson, invit\u00e9es de marque de trois ou quatre tableaux exceptionnels.\" \/>\n<meta property=\"og:url\" content=\"https:\/\/coincards.com\/eu\/product\/crazy-horse-online-gift-card-electronic-delivery\/\" \/>\n<meta property=\"og:site_name\" content=\"Coincards Europe\" \/>\n<meta property=\"article:modified_time\" content=\"2026-01-29T13:54:12+00:00\" \/>\n<meta property=\"og:image\" content=\"https:\/\/assets.coincards.com\/wp-content\/uploads\/sites\/6\/2024\/05\/22105940\/CRZHRS-FR-card.png\" \/>\n\t<meta property=\"og:image:width\" content=\"675\" \/>\n\t<meta property=\"og:image:height\" content=\"425\" \/>\n\t<meta property=\"og:image:type\" content=\"image\/png\" \/>\n<meta name=\"twitter:card\" content=\"summary_large_image\" \/>\n<meta name=\"twitter:label1\" content=\"Availability\" \/>\n\t<meta name=\"twitter:data1\" content=\"In stock\" \/>\n<script type=\"application\/ld+json\" class=\"yoast-schema-graph\">{\"@context\":\"https:\\\/\\\/schema.org\",\"@graph\":[{\"@type\":\"WebPage\",\"@id\":\"https:\\\/\\\/coincards.com\\\/eu\\\/product\\\/crazy-horse-online-gift-card-electronic-delivery\\\/\",\"url\":\"https:\\\/\\\/coincards.com\\\/eu\\\/product\\\/crazy-horse-online-gift-card-electronic-delivery\\\/\",\"name\":\"Crazy Horse Online Gift Card (Electronic Delivery) (France) - Coincards Europe\",\"isPartOf\":{\"@id\":\"https:\\\/\\\/coincards.com\\\/eu\\\/#website\"},\"primaryImageOfPage\":{\"@id\":\"https:\\\/\\\/coincards.com\\\/eu\\\/product\\\/crazy-horse-online-gift-card-electronic-delivery\\\/#primaryimage\"},\"image\":{\"@id\":\"https:\\\/\\\/coincards.com\\\/eu\\\/product\\\/crazy-horse-online-gift-card-electronic-delivery\\\/#primaryimage\"},\"thumbnailUrl\":\"https:\\\/\\\/assets.coincards.com\\\/wp-content\\\/uploads\\\/sites\\\/6\\\/2024\\\/06\\\/04183048\\\/CRZHRS-FR-card.png\",\"datePublished\":\"2024-05-22T18:49:02+00:00\",\"dateModified\":\"2026-01-29T13:54:12+00:00\",\"breadcrumb\":{\"@id\":\"https:\\\/\\\/coincards.com\\\/eu\\\/product\\\/crazy-horse-online-gift-card-electronic-delivery\\\/#breadcrumb\"},\"inLanguage\":\"en-CA\",\"potentialAction\":[{\"@type\":\"ReadAction\",\"target\":[\"https:\\\/\\\/coincards.com\\\/eu\\\/product\\\/crazy-horse-online-gift-card-electronic-delivery\\\/\"]}]},{\"@type\":\"ImageObject\",\"inLanguage\":\"en-CA\",\"@id\":\"https:\\\/\\\/coincards.com\\\/eu\\\/product\\\/crazy-horse-online-gift-card-electronic-delivery\\\/#primaryimage\",\"url\":\"https:\\\/\\\/assets.coincards.com\\\/wp-content\\\/uploads\\\/sites\\\/6\\\/2024\\\/06\\\/04183048\\\/CRZHRS-FR-card.png\",\"contentUrl\":\"https:\\\/\\\/assets.coincards.com\\\/wp-content\\\/uploads\\\/sites\\\/6\\\/2024\\\/06\\\/04183048\\\/CRZHRS-FR-card.png\",\"width\":675,\"height\":425},{\"@type\":\"BreadcrumbList\",\"@id\":\"https:\\\/\\\/coincards.com\\\/eu\\\/product\\\/crazy-horse-online-gift-card-electronic-delivery\\\/#breadcrumb\",\"itemListElement\":[{\"@type\":\"ListItem\",\"position\":1,\"name\":\"Home\",\"item\":\"https:\\\/\\\/coincards.com\\\/eu\\\/\"},{\"@type\":\"ListItem\",\"position\":2,\"name\":\"All Gift Cards\",\"item\":\"https:\\\/\\\/coincards.com\\\/eu\\\/all-gift-cards\\\/\"},{\"@type\":\"ListItem\",\"position\":3,\"name\":\"Crazy Horse Online Gift Card (Electronic Delivery) (France)\"}]},{\"@type\":\"WebSite\",\"@id\":\"https:\\\/\\\/coincards.com\\\/eu\\\/#website\",\"url\":\"https:\\\/\\\/coincards.com\\\/eu\\\/\",\"name\":\"Coincards Europe\",\"description\":\"Austrlia&#039;s #1 Cryptocurrency to Gift Card Exchange Service\",\"potentialAction\":[{\"@type\":\"SearchAction\",\"target\":{\"@type\":\"EntryPoint\",\"urlTemplate\":\"https:\\\/\\\/coincards.com\\\/eu\\\/?s={search_term_string}\"},\"query-input\":{\"@type\":\"PropertyValueSpecification\",\"valueRequired\":true,\"valueName\":\"search_term_string\"}}],\"inLanguage\":\"en-CA\"}]}<\/script>\n<meta property=\"og:availability\" content=\"instock\" \/>\n<meta property=\"product:availability\" content=\"instock\" \/>\n<meta property=\"product:condition\" content=\"new\" \/>\n<!-- \/ Yoast SEO Premium plugin. -->","yoast_head_json":{"title":"Crazy Horse Online Gift Card (Electronic Delivery) (France) - Coincards Europe","robots":{"index":"index","follow":"follow","max-snippet":"max-snippet:-1","max-image-preview":"max-image-preview:large","max-video-preview":"max-video-preview:-1"},"canonical":"https:\/\/coincards.com\/eu\/product\/crazy-horse-online-gift-card-electronic-delivery\/","og_locale":"en_US","og_type":"article","og_title":"Crazy Horse Online Gift Card (Electronic Delivery) (France)","og_description":"Situ\u00e9 \u00e0 proximit\u00e9 de la Tour Eiffel et des Elys\u00e9es, sur la prestigieuse avenue George V, le Crazy Horse, \"le plus avant-gardiste des cabarets parisiens\", est vou\u00e9 \u00e0 la vision cr\u00e9ative de sublimation du corps de la femme. Ses spectacles sensuels et \u00e9l\u00e9gants habillent de lumi\u00e8re ses danseuses sophistiqu\u00e9es. Il accueille dans son spectacle des \"femmes d'exception dans un lieu d'exception\" comme Dita von Teese ou Pamela Anderson, invit\u00e9es de marque de trois ou quatre tableaux exceptionnels.","og_url":"https:\/\/coincards.com\/eu\/product\/crazy-horse-online-gift-card-electronic-delivery\/","og_site_name":"Coincards Europe","article_modified_time":"2026-01-29T13:54:12+00:00","og_image":[{"width":675,"height":425,"url":"https:\/\/assets.coincards.com\/wp-content\/uploads\/sites\/6\/2024\/05\/22105940\/CRZHRS-FR-card.png","type":"image\/png"}],"twitter_card":"summary_large_image","twitter_misc":{"Availability":"In stock"},"schema":{"@context":"https:\/\/schema.org","@graph":[{"@type":"WebPage","@id":"https:\/\/coincards.com\/eu\/product\/crazy-horse-online-gift-card-electronic-delivery\/","url":"https:\/\/coincards.com\/eu\/product\/crazy-horse-online-gift-card-electronic-delivery\/","name":"Crazy Horse Online Gift Card (Electronic Delivery) (France) - Coincards Europe","isPartOf":{"@id":"https:\/\/coincards.com\/eu\/#website"},"primaryImageOfPage":{"@id":"https:\/\/coincards.com\/eu\/product\/crazy-horse-online-gift-card-electronic-delivery\/#primaryimage"},"image":{"@id":"https:\/\/coincards.com\/eu\/product\/crazy-horse-online-gift-card-electronic-delivery\/#primaryimage"},"thumbnailUrl":"https:\/\/assets.coincards.com\/wp-content\/uploads\/sites\/6\/2024\/06\/04183048\/CRZHRS-FR-card.png","datePublished":"2024-05-22T18:49:02+00:00","dateModified":"2026-01-29T13:54:12+00:00","breadcrumb":{"@id":"https:\/\/coincards.com\/eu\/product\/crazy-horse-online-gift-card-electronic-delivery\/#breadcrumb"},"inLanguage":"en-CA","potentialAction":[{"@type":"ReadAction","target":["https:\/\/coincards.com\/eu\/product\/crazy-horse-online-gift-card-electronic-delivery\/"]}]},{"@type":"ImageObject","inLanguage":"en-CA","@id":"https:\/\/coincards.com\/eu\/product\/crazy-horse-online-gift-card-electronic-delivery\/#primaryimage","url":"https:\/\/assets.coincards.com\/wp-content\/uploads\/sites\/6\/2024\/06\/04183048\/CRZHRS-FR-card.png","contentUrl":"https:\/\/assets.coincards.com\/wp-content\/uploads\/sites\/6\/2024\/06\/04183048\/CRZHRS-FR-card.png","width":675,"height":425},{"@type":"BreadcrumbList","@id":"https:\/\/coincards.com\/eu\/product\/crazy-horse-online-gift-card-electronic-delivery\/#breadcrumb","itemListElement":[{"@type":"ListItem","position":1,"name":"Home","item":"https:\/\/coincards.com\/eu\/"},{"@type":"ListItem","position":2,"name":"All Gift Cards","item":"https:\/\/coincards.com\/eu\/all-gift-cards\/"},{"@type":"ListItem","position":3,"name":"Crazy Horse Online Gift Card (Electronic Delivery) (France)"}]},{"@type":"WebSite","@id":"https:\/\/coincards.com\/eu\/#website","url":"https:\/\/coincards.com\/eu\/","name":"Coincards Europe","description":"Austrlia&#039;s #1 Cryptocurrency to Gift Card Exchange Service","potentialAction":[{"@type":"SearchAction","target":{"@type":"EntryPoint","urlTemplate":"https:\/\/coincards.com\/eu\/?s={search_term_string}"},"query-input":{"@type":"PropertyValueSpecification","valueRequired":true,"valueName":"search_term_string"}}],"inLanguage":"en-CA"}]},"og_availability":"instock","product_availability":"instock","product_condition":"new"},"_links":{"self":[{"href":"https:\/\/coincards.com\/eu\/wp-json\/wp\/v2\/product\/2588","targetHints":{"allow":["GET"]}}],"collection":[{"href":"https:\/\/coincards.com\/eu\/wp-json\/wp\/v2\/product"}],"about":[{"href":"https:\/\/coincards.com\/eu\/wp-json\/wp\/v2\/types\/product"}],"replies":[{"embeddable":true,"href":"https:\/\/coincards.com\/eu\/wp-json\/wp\/v2\/comments?post=2588"}],"wp:featuredmedia":[{"embeddable":true,"href":"https:\/\/coincards.com\/eu\/wp-json\/wp\/v2\/media\/5607"}],"wp:attachment":[{"href":"https:\/\/coincards.com\/eu\/wp-json\/wp\/v2\/media?parent=2588"}],"wp:term":[{"taxonomy":"product_cat","embeddable":true,"href":"https:\/\/coincards.com\/eu\/wp-json\/wp\/v2\/product_cat?post=2588"},{"taxonomy":"product_tag","embeddable":true,"href":"https:\/\/coincards.com\/eu\/wp-json\/wp\/v2\/product_tag?post=2588"}],"curies":[{"name":"wp","href":"https:\/\/api.w.org\/{rel}","templated":true}]}}