{"id":2500,"date":"2024-05-22T10:01:25","date_gmt":"2024-05-22T18:01:25","guid":{"rendered":"https:\/\/coincards.com\/eu\/?post_type=product&#038;p=2500"},"modified":"2024-06-04T18:30:29","modified_gmt":"2024-06-05T02:30:29","slug":"coccinelle-it-online-gift-card-electronic-delivery","status":"publish","type":"product","link":"https:\/\/coincards.com\/eu\/product\/coccinelle-it-online-gift-card-electronic-delivery\/","title":{"rendered":"Coccinelle IT Online Gift Card (Electronic Delivery) (Italy)"},"content":{"rendered":"<p>DEU: Zum Herunterladen Ihrer Geschenkkarte erhalten Sie Sicherheitscodes mit Ablaufdatum und entsprechenden Anweisungen<br \/>\nEN: To download your Gift Card you will receive security codes with relative expiration date and usage instructions<br \/>\nESP: Para descargar tu Tarjeta Regalo, recibir\u00e1 c\u00f3digos de seguridad con una fecha de vencimiento y las instrucciones relativas<br \/>\nFR: Pour t\u00e9l\u00e9charger votre carte cadeau, vous recevrez des codes de s\u00e9curit\u00e9 avec une date d&#8217;expiration et les instructions correspondantes.<\/p>\n<p>*****LOCAL***** La Gift Card Coccinelle \u00e8 spendibile in un&#8217;unica soluzione ed \u00e8 cumulabile.<br \/>\nPer utilizzare la tua Gift Card, stampala e presentala alla cassa di uno dei negozi Coccinelle aderenti al circuito:<\/p>\n<p>&#8211; Bologna, Via Ugo Bassi 7\/A<br \/>\n&#8211; Brescia, Corso Zanardelli 12<br \/>\n&#8211; Ferno, Terminal 1 &#8211; imbarchi A<br \/>\n&#8211; Firenze, Via Calzaiuoli 28\/R<br \/>\n&#8211; Fiumicino, Terminal 2<br \/>\n&#8211; Milano, Via Manzoni ang. Via Bigli<br \/>\n&#8211; Milano, Corso Vittorio Emanuele II, 15<br \/>\n&#8211; Milano, C.so Buenos Aires 42<br \/>\n&#8211; Napoli, Aeroporto Capodichino, Viale Ruffo Di Calabria, T1 Piano 1<br \/>\n&#8211; Orio al Serio, Via Portico 1<br \/>\n&#8211; Parma, Via Garibaldi 10\/A<br \/>\n&#8211; Roma, Via Alberto Lionello, 201<br \/>\n&#8211; Venezia, Mercerie San Marco 4958<br \/>\n&#8211; Verona, Via Mazzini 56<\/p>\n<p>La Gift Card Coccinelle non \u00e8 valida per lo store online.<\/p>\n<p>*****ENGLISH***** Coccinelle is the reference brand in the production of quality and elegant bags and fashion accessories, dedicated to the modern woman.<br \/>\nThe Coccinelle Gift Card can be spent in a single solution and is cumulative.<br \/>\nTo use your Gift Card, print it and present it at the counter of one of the Coccinelle stores participating in the circuit.<br \/>\nAttention: the Coccinelle Gift Card is not valid for the online store.<\/p>\n","protected":false},"excerpt":{"rendered":"<p>*****LOCAL***** La Gift Card Coccinelle \u00e8 spendibile in un&#8217;unica soluzione ed \u00e8 cumulabile.<br \/>\nPer utilizzare la tua Gift Card, stampala e presentala alla cassa di uno dei negozi Coccinelle aderenti al circuito:<\/p>\n<p>&#8211; Bologna, Via Ugo Bassi 7\/A<br \/>\n&#8211; Brescia, Corso Zanardelli 12<br \/>\n&#8211; Ferno, Terminal 1 &#8211; imbarchi A<br \/>\n&#8211; Firenze, Via Calzaiuoli 28\/R<br \/>\n&#8211; Fiumicino, Terminal 2<br \/>\n&#8211; Milano, Via Manzoni ang. Via Bigli<br \/>\n&#8211; Milano, Corso Vittorio Emanuele II, 15<br \/>\n&#8211; Milano, C.so Buenos Aires 42<br \/>\n&#8211; Napoli, Aeroporto Capodichino, Viale Ruffo Di Calabria, T1 Piano 1<br \/>\n&#8211; Orio al Serio, Via Portico 1<br \/>\n&#8211; Parma, Via Garibaldi 10\/A<br \/>\n&#8211; Roma, Via Alberto Lionello, 201<br \/>\n&#8211; Venezia, Mercerie San Marco 4958<br \/>\n&#8211; Verona, Via Mazzini 56<\/p>\n<p>La Gift Card Coccinelle non \u00e8 valida per lo store online.<\/p>\n<p>*****ENGLISH***** Coccinelle is the reference brand in the production of quality and elegant bags and fashion accessories, dedicated to the modern woman.<br \/>\nThe Coccinelle Gift Card can be spent in a single solution and is cumulative.<br \/>\nTo use your Gift Card, print it and present it at the counter of one of the Coccinelle stores participating in the circuit.<br \/>\nAttention: the Coccinelle Gift Card is not valid for the online store.<\/p>\n","protected":false},"featured_media":5599,"comment_status":"closed","ping_status":"closed","template":"","meta":{"_exactmetrics_skip_tracking":false,"_exactmetrics_sitenote_active":false,"_exactmetrics_sitenote_note":"","_exactmetrics_sitenote_category":0},"product_cat":[20],"product_tag":[],"class_list":{"0":"post-2500","1":"product","2":"type-product","3":"status-publish","4":"has-post-thumbnail","6":"product_brand-coccinelle-it","7":"product_cat-electronic-gift-cards","8":"pa_country-availability-italy","10":"first","11":"instock","12":"shipping-taxable","13":"purchasable","14":"product-type-variable"},"yoast_head":"<!-- This site is optimized with the Yoast SEO Premium plugin v20.11 (Yoast SEO v25.8) - https:\/\/yoast.com\/wordpress\/plugins\/seo\/ -->\n<title>Coccinelle IT Online Gift Card (Electronic Delivery) (Italy) - Coincards Europe<\/title>\n<meta name=\"robots\" content=\"index, follow, max-snippet:-1, max-image-preview:large, max-video-preview:-1\" \/>\n<link rel=\"canonical\" href=\"https:\/\/coincards.com\/eu\/product\/coccinelle-it-online-gift-card-electronic-delivery\/\" \/>\n<meta property=\"og:locale\" content=\"en_US\" \/>\n<meta property=\"og:type\" content=\"article\" \/>\n<meta property=\"og:title\" content=\"Coccinelle IT Online Gift Card (Electronic Delivery) (Italy)\" \/>\n<meta property=\"og:description\" content=\"*****LOCAL***** La Gift Card Coccinelle \u00e8 spendibile in un&#039;unica soluzione ed \u00e8 cumulabile. Per utilizzare la tua Gift Card, stampala e presentala alla cassa di uno dei negozi Coccinelle aderenti al circuito:  - Bologna, Via Ugo Bassi 7\/A - Brescia, Corso Zanardelli 12 - Ferno, Terminal 1 - imbarchi A - Firenze, Via Calzaiuoli 28\/R - Fiumicino, Terminal 2 - Milano, Via Manzoni ang. Via Bigli - Milano, Corso Vittorio Emanuele II, 15 - Milano, C.so Buenos Aires 42 - Napoli, Aeroporto Capodichino, Viale Ruffo Di Calabria, T1 Piano 1 - Orio al Serio, Via Portico 1 - Parma, Via Garibaldi 10\/A - Roma, Via Alberto Lionello, 201 - Venezia, Mercerie San Marco 4958 - Verona, Via Mazzini 56  La Gift Card Coccinelle non \u00e8 valida per lo store online.  *****ENGLISH***** Coccinelle is the reference brand in the production of quality and elegant bags and fashion accessories, dedicated to the modern woman. The Coccinelle Gift Card can be spent in a single solution and is cumulative. To use your Gift Card, print it and present it at the counter of one of the Coccinelle stores participating in the circuit. Attention: the Coccinelle Gift Card is not valid for the online store.\" \/>\n<meta property=\"og:url\" content=\"https:\/\/coincards.com\/eu\/product\/coccinelle-it-online-gift-card-electronic-delivery\/\" \/>\n<meta property=\"og:site_name\" content=\"Coincards Europe\" \/>\n<meta property=\"article:modified_time\" content=\"2024-06-05T02:30:29+00:00\" \/>\n<meta property=\"og:image\" content=\"https:\/\/assets.coincards.com\/wp-content\/uploads\/sites\/6\/2024\/05\/22095728\/COCCI-IT-card.png\" \/>\n\t<meta property=\"og:image:width\" content=\"675\" \/>\n\t<meta property=\"og:image:height\" content=\"425\" \/>\n\t<meta property=\"og:image:type\" content=\"image\/png\" \/>\n<meta name=\"twitter:card\" content=\"summary_large_image\" \/>\n<meta name=\"twitter:label1\" content=\"Availability\" \/>\n\t<meta name=\"twitter:data1\" content=\"In stock\" \/>\n<script type=\"application\/ld+json\" class=\"yoast-schema-graph\">{\"@context\":\"https:\/\/schema.org\",\"@graph\":[{\"@type\":\"WebPage\",\"@id\":\"https:\/\/coincards.com\/eu\/product\/coccinelle-it-online-gift-card-electronic-delivery\/\",\"url\":\"https:\/\/coincards.com\/eu\/product\/coccinelle-it-online-gift-card-electronic-delivery\/\",\"name\":\"Coccinelle IT Online Gift Card (Electronic Delivery) (Italy) - Coincards Europe\",\"isPartOf\":{\"@id\":\"https:\/\/coincards.com\/eu\/#website\"},\"primaryImageOfPage\":{\"@id\":\"https:\/\/coincards.com\/eu\/product\/coccinelle-it-online-gift-card-electronic-delivery\/#primaryimage\"},\"image\":{\"@id\":\"https:\/\/coincards.com\/eu\/product\/coccinelle-it-online-gift-card-electronic-delivery\/#primaryimage\"},\"thumbnailUrl\":\"https:\/\/assets.coincards.com\/wp-content\/uploads\/sites\/6\/2024\/06\/04183025\/COCCI-IT-card.png\",\"datePublished\":\"2024-05-22T18:01:25+00:00\",\"dateModified\":\"2024-06-05T02:30:29+00:00\",\"breadcrumb\":{\"@id\":\"https:\/\/coincards.com\/eu\/product\/coccinelle-it-online-gift-card-electronic-delivery\/#breadcrumb\"},\"inLanguage\":\"en-CA\",\"potentialAction\":[{\"@type\":\"ReadAction\",\"target\":[\"https:\/\/coincards.com\/eu\/product\/coccinelle-it-online-gift-card-electronic-delivery\/\"]}]},{\"@type\":\"ImageObject\",\"inLanguage\":\"en-CA\",\"@id\":\"https:\/\/coincards.com\/eu\/product\/coccinelle-it-online-gift-card-electronic-delivery\/#primaryimage\",\"url\":\"https:\/\/assets.coincards.com\/wp-content\/uploads\/sites\/6\/2024\/06\/04183025\/COCCI-IT-card.png\",\"contentUrl\":\"https:\/\/assets.coincards.com\/wp-content\/uploads\/sites\/6\/2024\/06\/04183025\/COCCI-IT-card.png\",\"width\":675,\"height\":425},{\"@type\":\"BreadcrumbList\",\"@id\":\"https:\/\/coincards.com\/eu\/product\/coccinelle-it-online-gift-card-electronic-delivery\/#breadcrumb\",\"itemListElement\":[{\"@type\":\"ListItem\",\"position\":1,\"name\":\"Home\",\"item\":\"https:\/\/coincards.com\/eu\/\"},{\"@type\":\"ListItem\",\"position\":2,\"name\":\"All Gift Cards\",\"item\":\"https:\/\/coincards.com\/eu\/all-gift-cards\/\"},{\"@type\":\"ListItem\",\"position\":3,\"name\":\"Coccinelle IT Online Gift Card (Electronic Delivery) (Italy)\"}]},{\"@type\":\"WebSite\",\"@id\":\"https:\/\/coincards.com\/eu\/#website\",\"url\":\"https:\/\/coincards.com\/eu\/\",\"name\":\"Coincards Europe\",\"description\":\"Austrlia&#039;s #1 Cryptocurrency to Gift Card Exchange Service\",\"potentialAction\":[{\"@type\":\"SearchAction\",\"target\":{\"@type\":\"EntryPoint\",\"urlTemplate\":\"https:\/\/coincards.com\/eu\/?s={search_term_string}\"},\"query-input\":{\"@type\":\"PropertyValueSpecification\",\"valueRequired\":true,\"valueName\":\"search_term_string\"}}],\"inLanguage\":\"en-CA\"}]}<\/script>\n<meta property=\"og:availability\" content=\"instock\" \/>\n<meta property=\"product:availability\" content=\"instock\" \/>\n<meta property=\"product:condition\" content=\"new\" \/>\n<!-- \/ Yoast SEO Premium plugin. -->","yoast_head_json":{"title":"Coccinelle IT Online Gift Card (Electronic Delivery) (Italy) - Coincards Europe","robots":{"index":"index","follow":"follow","max-snippet":"max-snippet:-1","max-image-preview":"max-image-preview:large","max-video-preview":"max-video-preview:-1"},"canonical":"https:\/\/coincards.com\/eu\/product\/coccinelle-it-online-gift-card-electronic-delivery\/","og_locale":"en_US","og_type":"article","og_title":"Coccinelle IT Online Gift Card (Electronic Delivery) (Italy)","og_description":"*****LOCAL***** La Gift Card Coccinelle \u00e8 spendibile in un'unica soluzione ed \u00e8 cumulabile. Per utilizzare la tua Gift Card, stampala e presentala alla cassa di uno dei negozi Coccinelle aderenti al circuito:  - Bologna, Via Ugo Bassi 7\/A - Brescia, Corso Zanardelli 12 - Ferno, Terminal 1 - imbarchi A - Firenze, Via Calzaiuoli 28\/R - Fiumicino, Terminal 2 - Milano, Via Manzoni ang. Via Bigli - Milano, Corso Vittorio Emanuele II, 15 - Milano, C.so Buenos Aires 42 - Napoli, Aeroporto Capodichino, Viale Ruffo Di Calabria, T1 Piano 1 - Orio al Serio, Via Portico 1 - Parma, Via Garibaldi 10\/A - Roma, Via Alberto Lionello, 201 - Venezia, Mercerie San Marco 4958 - Verona, Via Mazzini 56  La Gift Card Coccinelle non \u00e8 valida per lo store online.  *****ENGLISH***** Coccinelle is the reference brand in the production of quality and elegant bags and fashion accessories, dedicated to the modern woman. The Coccinelle Gift Card can be spent in a single solution and is cumulative. To use your Gift Card, print it and present it at the counter of one of the Coccinelle stores participating in the circuit. Attention: the Coccinelle Gift Card is not valid for the online store.","og_url":"https:\/\/coincards.com\/eu\/product\/coccinelle-it-online-gift-card-electronic-delivery\/","og_site_name":"Coincards Europe","article_modified_time":"2024-06-05T02:30:29+00:00","og_image":[{"width":675,"height":425,"url":"https:\/\/assets.coincards.com\/wp-content\/uploads\/sites\/6\/2024\/05\/22095728\/COCCI-IT-card.png","type":"image\/png"}],"twitter_card":"summary_large_image","twitter_misc":{"Availability":"In stock"},"schema":{"@context":"https:\/\/schema.org","@graph":[{"@type":"WebPage","@id":"https:\/\/coincards.com\/eu\/product\/coccinelle-it-online-gift-card-electronic-delivery\/","url":"https:\/\/coincards.com\/eu\/product\/coccinelle-it-online-gift-card-electronic-delivery\/","name":"Coccinelle IT Online Gift Card (Electronic Delivery) (Italy) - Coincards Europe","isPartOf":{"@id":"https:\/\/coincards.com\/eu\/#website"},"primaryImageOfPage":{"@id":"https:\/\/coincards.com\/eu\/product\/coccinelle-it-online-gift-card-electronic-delivery\/#primaryimage"},"image":{"@id":"https:\/\/coincards.com\/eu\/product\/coccinelle-it-online-gift-card-electronic-delivery\/#primaryimage"},"thumbnailUrl":"https:\/\/assets.coincards.com\/wp-content\/uploads\/sites\/6\/2024\/06\/04183025\/COCCI-IT-card.png","datePublished":"2024-05-22T18:01:25+00:00","dateModified":"2024-06-05T02:30:29+00:00","breadcrumb":{"@id":"https:\/\/coincards.com\/eu\/product\/coccinelle-it-online-gift-card-electronic-delivery\/#breadcrumb"},"inLanguage":"en-CA","potentialAction":[{"@type":"ReadAction","target":["https:\/\/coincards.com\/eu\/product\/coccinelle-it-online-gift-card-electronic-delivery\/"]}]},{"@type":"ImageObject","inLanguage":"en-CA","@id":"https:\/\/coincards.com\/eu\/product\/coccinelle-it-online-gift-card-electronic-delivery\/#primaryimage","url":"https:\/\/assets.coincards.com\/wp-content\/uploads\/sites\/6\/2024\/06\/04183025\/COCCI-IT-card.png","contentUrl":"https:\/\/assets.coincards.com\/wp-content\/uploads\/sites\/6\/2024\/06\/04183025\/COCCI-IT-card.png","width":675,"height":425},{"@type":"BreadcrumbList","@id":"https:\/\/coincards.com\/eu\/product\/coccinelle-it-online-gift-card-electronic-delivery\/#breadcrumb","itemListElement":[{"@type":"ListItem","position":1,"name":"Home","item":"https:\/\/coincards.com\/eu\/"},{"@type":"ListItem","position":2,"name":"All Gift Cards","item":"https:\/\/coincards.com\/eu\/all-gift-cards\/"},{"@type":"ListItem","position":3,"name":"Coccinelle IT Online Gift Card (Electronic Delivery) (Italy)"}]},{"@type":"WebSite","@id":"https:\/\/coincards.com\/eu\/#website","url":"https:\/\/coincards.com\/eu\/","name":"Coincards Europe","description":"Austrlia&#039;s #1 Cryptocurrency to Gift Card Exchange Service","potentialAction":[{"@type":"SearchAction","target":{"@type":"EntryPoint","urlTemplate":"https:\/\/coincards.com\/eu\/?s={search_term_string}"},"query-input":{"@type":"PropertyValueSpecification","valueRequired":true,"valueName":"search_term_string"}}],"inLanguage":"en-CA"}]},"og_availability":"instock","product_availability":"instock","product_condition":"new"},"_links":{"self":[{"href":"https:\/\/coincards.com\/eu\/wp-json\/wp\/v2\/product\/2500","targetHints":{"allow":["GET"]}}],"collection":[{"href":"https:\/\/coincards.com\/eu\/wp-json\/wp\/v2\/product"}],"about":[{"href":"https:\/\/coincards.com\/eu\/wp-json\/wp\/v2\/types\/product"}],"replies":[{"embeddable":true,"href":"https:\/\/coincards.com\/eu\/wp-json\/wp\/v2\/comments?post=2500"}],"wp:featuredmedia":[{"embeddable":true,"href":"https:\/\/coincards.com\/eu\/wp-json\/wp\/v2\/media\/5599"}],"wp:attachment":[{"href":"https:\/\/coincards.com\/eu\/wp-json\/wp\/v2\/media?parent=2500"}],"wp:term":[{"taxonomy":"product_cat","embeddable":true,"href":"https:\/\/coincards.com\/eu\/wp-json\/wp\/v2\/product_cat?post=2500"},{"taxonomy":"product_tag","embeddable":true,"href":"https:\/\/coincards.com\/eu\/wp-json\/wp\/v2\/product_tag?post=2500"}],"curies":[{"name":"wp","href":"https:\/\/api.w.org\/{rel}","templated":true}]}}