{"id":2491,"date":"2024-05-21T14:25:32","date_gmt":"2024-05-21T22:25:32","guid":{"rendered":"https:\/\/coincards.com\/eu\/?post_type=product&#038;p=2491"},"modified":"2025-12-30T05:19:47","modified_gmt":"2025-12-30T13:19:47","slug":"cineplex-online-gift-card-electronic-delivery","status":"publish","type":"product","link":"https:\/\/coincards.com\/eu\/product\/cineplex-online-gift-card-electronic-delivery\/","title":{"rendered":"Cineplex Online Gift Card (Electronic Delivery) (Germany)"},"content":{"rendered":"<p>Mit unserem Onlinegutschein f\u00fcr Erwachsene und Kinder habt ihr nicht nur ein passendes Geschenk, sondern genie\u00dft auch vollkommene Freiheit bei der Einl\u00f6sung. Denn unabh\u00e4ngig von Eintrittspreisen oder \u00d6ffnungszeiten eures Cineplexes k\u00f6nnt ihr oder der\/die Beschenkte euer Filmerlebnis ganz idividuell planen.<\/p>\n<p>Habt ihr euch danach den passenden Film aus unserem Kinoprogramm ausgesucht, kann der Sofortgutschein in jedem Cineplex oder online eingel\u00f6st werden. Neben Kinokarten k\u00f6nnt ihr ihn auch f\u00fcr Popcorn, Nachos oder Getr\u00e4nke an der Theke verwenden. Der Wert kann auch auf mehrere K\u00e4ufe aufgeteilt werden. Eine Barauszahlung (auch teilweise) ist nicht m\u00f6glich.<\/p>\n<p>G\u00fcltig: drei Jahre ab Kaufdatum<\/p>\n<p>Unser Support ist unter sofortgutschein@cineplex.de sieben Tage die Woche per E-Mail erreichbar.<\/p>\n<p>&nbsp;<\/p>\n<p>**Im Kino**: Zeigen Sie Ihre Geschenkkarte der Kasse und scannen Sie den QR-Code.<\/p>\n<p>**Online:** Geben Sie den Code auf Ihrer Geschenkkarte an der Checkout ein.<\/p>\n","protected":false},"excerpt":{"rendered":"<p>Schenke eine sch\u00f6ne Zeit!<\/p>\n<p>Schenke Kino in seiner sch\u00f6nsten Form. Egal ob romantischer Liebesfilm, actionreiches Abenteuer oder ein Film f\u00fcr die ganze Familie &#8211; unser flexibel einl\u00f6sbarer Kinogutschein von Cineplex passt sich ganz deinem Geschmack an.<\/p>\n","protected":false},"featured_media":5597,"comment_status":"closed","ping_status":"closed","template":"","meta":{"_exactmetrics_skip_tracking":false,"_exactmetrics_sitenote_active":false,"_exactmetrics_sitenote_note":"","_exactmetrics_sitenote_category":0},"product_cat":[20],"product_tag":[],"class_list":{"0":"post-2491","1":"product","2":"type-product","3":"status-publish","4":"has-post-thumbnail","6":"product_brand-cineplex","7":"product_cat-electronic-gift-cards","8":"pa_country-availability-germany","10":"first","11":"instock","12":"shipping-taxable","13":"purchasable","14":"product-type-variable"},"yoast_head":"<!-- This site is optimized with the Yoast SEO Premium plugin v20.11 (Yoast SEO v25.8) - https:\/\/yoast.com\/wordpress\/plugins\/seo\/ -->\n<title>Cineplex Online Gift Card (Electronic Delivery) (Germany) - Coincards Europe<\/title>\n<meta name=\"robots\" content=\"index, follow, max-snippet:-1, max-image-preview:large, max-video-preview:-1\" \/>\n<link rel=\"canonical\" href=\"https:\/\/coincards.com\/eu\/product\/cineplex-online-gift-card-electronic-delivery\/\" \/>\n<meta property=\"og:locale\" content=\"en_US\" \/>\n<meta property=\"og:type\" content=\"article\" \/>\n<meta property=\"og:title\" content=\"Cineplex Online Gift Card (Electronic Delivery) (Germany)\" \/>\n<meta property=\"og:description\" content=\"Schenke eine sch\u00f6ne Zeit!  Schenke Kino in seiner sch\u00f6nsten Form. Egal ob romantischer Liebesfilm, actionreiches Abenteuer oder ein Film f\u00fcr die ganze Familie - unser flexibel einl\u00f6sbarer Kinogutschein von Cineplex passt sich ganz deinem Geschmack an.\" \/>\n<meta property=\"og:url\" content=\"https:\/\/coincards.com\/eu\/product\/cineplex-online-gift-card-electronic-delivery\/\" \/>\n<meta property=\"og:site_name\" content=\"Coincards Europe\" \/>\n<meta property=\"article:modified_time\" content=\"2025-12-30T13:19:47+00:00\" \/>\n<meta property=\"og:image\" content=\"https:\/\/assets.coincards.com\/wp-content\/uploads\/sites\/6\/2024\/06\/04183022\/CPLEX-DE-card.png\" \/>\n\t<meta property=\"og:image:width\" content=\"675\" \/>\n\t<meta property=\"og:image:height\" content=\"425\" \/>\n\t<meta property=\"og:image:type\" content=\"image\/png\" \/>\n<meta name=\"twitter:card\" content=\"summary_large_image\" \/>\n<meta name=\"twitter:label1\" content=\"Availability\" \/>\n\t<meta name=\"twitter:data1\" content=\"In stock\" \/>\n<script type=\"application\/ld+json\" class=\"yoast-schema-graph\">{\"@context\":\"https:\/\/schema.org\",\"@graph\":[{\"@type\":\"WebPage\",\"@id\":\"https:\/\/coincards.com\/eu\/product\/cineplex-online-gift-card-electronic-delivery\/\",\"url\":\"https:\/\/coincards.com\/eu\/product\/cineplex-online-gift-card-electronic-delivery\/\",\"name\":\"Cineplex Online Gift Card (Electronic Delivery) (Germany) - Coincards Europe\",\"isPartOf\":{\"@id\":\"https:\/\/coincards.com\/eu\/#website\"},\"primaryImageOfPage\":{\"@id\":\"https:\/\/coincards.com\/eu\/product\/cineplex-online-gift-card-electronic-delivery\/#primaryimage\"},\"image\":{\"@id\":\"https:\/\/coincards.com\/eu\/product\/cineplex-online-gift-card-electronic-delivery\/#primaryimage\"},\"thumbnailUrl\":\"https:\/\/assets.coincards.com\/wp-content\/uploads\/sites\/6\/2024\/06\/04183022\/CPLEX-DE-card.png\",\"datePublished\":\"2024-05-21T22:25:32+00:00\",\"dateModified\":\"2025-12-30T13:19:47+00:00\",\"breadcrumb\":{\"@id\":\"https:\/\/coincards.com\/eu\/product\/cineplex-online-gift-card-electronic-delivery\/#breadcrumb\"},\"inLanguage\":\"en-CA\",\"potentialAction\":[{\"@type\":\"ReadAction\",\"target\":[\"https:\/\/coincards.com\/eu\/product\/cineplex-online-gift-card-electronic-delivery\/\"]}]},{\"@type\":\"ImageObject\",\"inLanguage\":\"en-CA\",\"@id\":\"https:\/\/coincards.com\/eu\/product\/cineplex-online-gift-card-electronic-delivery\/#primaryimage\",\"url\":\"https:\/\/assets.coincards.com\/wp-content\/uploads\/sites\/6\/2024\/06\/04183022\/CPLEX-DE-card.png\",\"contentUrl\":\"https:\/\/assets.coincards.com\/wp-content\/uploads\/sites\/6\/2024\/06\/04183022\/CPLEX-DE-card.png\",\"width\":675,\"height\":425},{\"@type\":\"BreadcrumbList\",\"@id\":\"https:\/\/coincards.com\/eu\/product\/cineplex-online-gift-card-electronic-delivery\/#breadcrumb\",\"itemListElement\":[{\"@type\":\"ListItem\",\"position\":1,\"name\":\"Home\",\"item\":\"https:\/\/coincards.com\/eu\/\"},{\"@type\":\"ListItem\",\"position\":2,\"name\":\"All Gift Cards\",\"item\":\"https:\/\/coincards.com\/eu\/all-gift-cards\/\"},{\"@type\":\"ListItem\",\"position\":3,\"name\":\"Cineplex Online Gift Card (Electronic Delivery) (Germany)\"}]},{\"@type\":\"WebSite\",\"@id\":\"https:\/\/coincards.com\/eu\/#website\",\"url\":\"https:\/\/coincards.com\/eu\/\",\"name\":\"Coincards Europe\",\"description\":\"Austrlia&#039;s #1 Cryptocurrency to Gift Card Exchange Service\",\"potentialAction\":[{\"@type\":\"SearchAction\",\"target\":{\"@type\":\"EntryPoint\",\"urlTemplate\":\"https:\/\/coincards.com\/eu\/?s={search_term_string}\"},\"query-input\":{\"@type\":\"PropertyValueSpecification\",\"valueRequired\":true,\"valueName\":\"search_term_string\"}}],\"inLanguage\":\"en-CA\"}]}<\/script>\n<meta property=\"og:availability\" content=\"instock\" \/>\n<meta property=\"product:availability\" content=\"instock\" \/>\n<meta property=\"product:condition\" content=\"new\" \/>\n<!-- \/ Yoast SEO Premium plugin. -->","yoast_head_json":{"title":"Cineplex Online Gift Card (Electronic Delivery) (Germany) - Coincards Europe","robots":{"index":"index","follow":"follow","max-snippet":"max-snippet:-1","max-image-preview":"max-image-preview:large","max-video-preview":"max-video-preview:-1"},"canonical":"https:\/\/coincards.com\/eu\/product\/cineplex-online-gift-card-electronic-delivery\/","og_locale":"en_US","og_type":"article","og_title":"Cineplex Online Gift Card (Electronic Delivery) (Germany)","og_description":"Schenke eine sch\u00f6ne Zeit!  Schenke Kino in seiner sch\u00f6nsten Form. Egal ob romantischer Liebesfilm, actionreiches Abenteuer oder ein Film f\u00fcr die ganze Familie - unser flexibel einl\u00f6sbarer Kinogutschein von Cineplex passt sich ganz deinem Geschmack an.","og_url":"https:\/\/coincards.com\/eu\/product\/cineplex-online-gift-card-electronic-delivery\/","og_site_name":"Coincards Europe","article_modified_time":"2025-12-30T13:19:47+00:00","og_image":[{"width":675,"height":425,"url":"https:\/\/assets.coincards.com\/wp-content\/uploads\/sites\/6\/2024\/06\/04183022\/CPLEX-DE-card.png","type":"image\/png"}],"twitter_card":"summary_large_image","twitter_misc":{"Availability":"In stock"},"schema":{"@context":"https:\/\/schema.org","@graph":[{"@type":"WebPage","@id":"https:\/\/coincards.com\/eu\/product\/cineplex-online-gift-card-electronic-delivery\/","url":"https:\/\/coincards.com\/eu\/product\/cineplex-online-gift-card-electronic-delivery\/","name":"Cineplex Online Gift Card (Electronic Delivery) (Germany) - Coincards Europe","isPartOf":{"@id":"https:\/\/coincards.com\/eu\/#website"},"primaryImageOfPage":{"@id":"https:\/\/coincards.com\/eu\/product\/cineplex-online-gift-card-electronic-delivery\/#primaryimage"},"image":{"@id":"https:\/\/coincards.com\/eu\/product\/cineplex-online-gift-card-electronic-delivery\/#primaryimage"},"thumbnailUrl":"https:\/\/assets.coincards.com\/wp-content\/uploads\/sites\/6\/2024\/06\/04183022\/CPLEX-DE-card.png","datePublished":"2024-05-21T22:25:32+00:00","dateModified":"2025-12-30T13:19:47+00:00","breadcrumb":{"@id":"https:\/\/coincards.com\/eu\/product\/cineplex-online-gift-card-electronic-delivery\/#breadcrumb"},"inLanguage":"en-CA","potentialAction":[{"@type":"ReadAction","target":["https:\/\/coincards.com\/eu\/product\/cineplex-online-gift-card-electronic-delivery\/"]}]},{"@type":"ImageObject","inLanguage":"en-CA","@id":"https:\/\/coincards.com\/eu\/product\/cineplex-online-gift-card-electronic-delivery\/#primaryimage","url":"https:\/\/assets.coincards.com\/wp-content\/uploads\/sites\/6\/2024\/06\/04183022\/CPLEX-DE-card.png","contentUrl":"https:\/\/assets.coincards.com\/wp-content\/uploads\/sites\/6\/2024\/06\/04183022\/CPLEX-DE-card.png","width":675,"height":425},{"@type":"BreadcrumbList","@id":"https:\/\/coincards.com\/eu\/product\/cineplex-online-gift-card-electronic-delivery\/#breadcrumb","itemListElement":[{"@type":"ListItem","position":1,"name":"Home","item":"https:\/\/coincards.com\/eu\/"},{"@type":"ListItem","position":2,"name":"All Gift Cards","item":"https:\/\/coincards.com\/eu\/all-gift-cards\/"},{"@type":"ListItem","position":3,"name":"Cineplex Online Gift Card (Electronic Delivery) (Germany)"}]},{"@type":"WebSite","@id":"https:\/\/coincards.com\/eu\/#website","url":"https:\/\/coincards.com\/eu\/","name":"Coincards Europe","description":"Austrlia&#039;s #1 Cryptocurrency to Gift Card Exchange Service","potentialAction":[{"@type":"SearchAction","target":{"@type":"EntryPoint","urlTemplate":"https:\/\/coincards.com\/eu\/?s={search_term_string}"},"query-input":{"@type":"PropertyValueSpecification","valueRequired":true,"valueName":"search_term_string"}}],"inLanguage":"en-CA"}]},"og_availability":"instock","product_availability":"instock","product_condition":"new"},"_links":{"self":[{"href":"https:\/\/coincards.com\/eu\/wp-json\/wp\/v2\/product\/2491","targetHints":{"allow":["GET"]}}],"collection":[{"href":"https:\/\/coincards.com\/eu\/wp-json\/wp\/v2\/product"}],"about":[{"href":"https:\/\/coincards.com\/eu\/wp-json\/wp\/v2\/types\/product"}],"replies":[{"embeddable":true,"href":"https:\/\/coincards.com\/eu\/wp-json\/wp\/v2\/comments?post=2491"}],"wp:featuredmedia":[{"embeddable":true,"href":"https:\/\/coincards.com\/eu\/wp-json\/wp\/v2\/media\/5597"}],"wp:attachment":[{"href":"https:\/\/coincards.com\/eu\/wp-json\/wp\/v2\/media?parent=2491"}],"wp:term":[{"taxonomy":"product_cat","embeddable":true,"href":"https:\/\/coincards.com\/eu\/wp-json\/wp\/v2\/product_cat?post=2491"},{"taxonomy":"product_tag","embeddable":true,"href":"https:\/\/coincards.com\/eu\/wp-json\/wp\/v2\/product_tag?post=2491"}],"curies":[{"name":"wp","href":"https:\/\/api.w.org\/{rel}","templated":true}]}}