{"id":2444,"date":"2024-05-21T13:36:37","date_gmt":"2024-05-21T21:36:37","guid":{"rendered":"https:\/\/coincards.com\/eu\/?post_type=product&#038;p=2444"},"modified":"2024-06-04T18:30:09","modified_gmt":"2024-06-05T02:30:09","slug":"castorama-online-gift-card-electronic-delivery","status":"publish","type":"product","link":"https:\/\/coincards.com\/eu\/product\/castorama-online-gift-card-electronic-delivery\/","title":{"rendered":"Castorama Online Gift Card (Electronic Delivery) (France)"},"content":{"rendered":"<p>Carte cadeau valable exclusivement dans les magasins\u00a0Castorama\u00a0de France et sur\u00a0www.castorama.fr. Valable 1 an d\u00e8s son activation. Utilisable en une ou plusieurs fois dans la limite de sa valeur. Ne peut donner lieu \u00e0 un remboursement m\u00eame partiel, ni \u00eatre port\u00e9e au cr\u00e9dit d\u2019un compte bancaire ou d\u2019une carte bancaire. Elle ne peut \u00eatre ni \u00e9chang\u00e9e, ni revendue, ni remplac\u00e9e en cas de perte, de vol ou de d\u00e9passement de la date de fin de validit\u00e9. Elle ne peut pas faire l\u2019objet d\u2019escompte. Une carte cadeau\u00a0Castorama\u00a0ne peut \u00eatre achet\u00e9e avec une autre carte cadeau\u00a0Castorama\u00a0et\/ou multi enseignes, ni avec des bons d\u2019achats\u00a0Castorama, ni avec une carte\u00a0Castorama\u00a0provisoire et ni avec un ch\u00e8que. Les cartes cadeaux ne peuvent \u00eatre accept\u00e9es pour tout achat sup\u00e9rieur \u00e0 3\u00a0000\u20ac.<\/p>\n<p>En magasin:<br \/>\nImprimer cette page et faire scanner le code barre en caisse.<\/p>\n<p>Sur internet:<br \/>\nAllez sur le site [www.castorama.fr](http:\/\/www.castorama.fr) pour r\u00e9aliser vos achats. Apr\u00e8s avoir valid\u00e9 vos achats, choisissez la &#8220;carte-cadeau&#8221; comme m\u00e9thode de paiement et entrez le code cadeau et le PIN indiqu\u00e9s sur la carte.<\/p>\n","protected":false},"excerpt":{"rendered":"<p>Offrez tout Casto dans une carte cadeau.<br \/>\nUn cadeau facile \u00e0 offrir, avec l&#8217;assurance de faire plaisir, original, moderne, vous offrez la libert\u00e9 de choisir !<\/p>\n","protected":false},"featured_media":5590,"comment_status":"closed","ping_status":"closed","template":"","meta":{"_exactmetrics_skip_tracking":false,"_exactmetrics_sitenote_active":false,"_exactmetrics_sitenote_note":"","_exactmetrics_sitenote_category":0},"product_cat":[20],"product_tag":[],"class_list":{"0":"post-2444","1":"product","2":"type-product","3":"status-publish","4":"has-post-thumbnail","6":"product_brand-castorama","7":"product_cat-electronic-gift-cards","8":"pa_country-availability-france","10":"first","11":"instock","12":"shipping-taxable","13":"purchasable","14":"product-type-variable"},"yoast_head":"<!-- This site is optimized with the Yoast SEO Premium plugin v20.11 (Yoast SEO v25.8) - https:\/\/yoast.com\/wordpress\/plugins\/seo\/ -->\n<title>Castorama Online Gift Card (Electronic Delivery) (France) - Coincards Europe<\/title>\n<meta name=\"robots\" content=\"index, follow, max-snippet:-1, max-image-preview:large, max-video-preview:-1\" \/>\n<link rel=\"canonical\" href=\"https:\/\/coincards.com\/eu\/product\/castorama-online-gift-card-electronic-delivery\/\" \/>\n<meta property=\"og:locale\" content=\"en_US\" \/>\n<meta property=\"og:type\" content=\"article\" \/>\n<meta property=\"og:title\" content=\"Castorama Online Gift Card (Electronic Delivery) (France)\" \/>\n<meta property=\"og:description\" content=\"Offrez tout Casto dans une carte cadeau. Un cadeau facile \u00e0 offrir, avec l&#039;assurance de faire plaisir, original, moderne, vous offrez la libert\u00e9 de choisir !\" \/>\n<meta property=\"og:url\" content=\"https:\/\/coincards.com\/eu\/product\/castorama-online-gift-card-electronic-delivery\/\" \/>\n<meta property=\"og:site_name\" content=\"Coincards Europe\" \/>\n<meta property=\"article:modified_time\" content=\"2024-06-05T02:30:09+00:00\" \/>\n<meta property=\"og:image\" content=\"https:\/\/assets.coincards.com\/wp-content\/uploads\/sites\/6\/2024\/05\/21133757\/CASTO-FR-card.png\" \/>\n\t<meta property=\"og:image:width\" content=\"675\" \/>\n\t<meta property=\"og:image:height\" content=\"425\" \/>\n\t<meta property=\"og:image:type\" content=\"image\/png\" \/>\n<meta name=\"twitter:card\" content=\"summary_large_image\" \/>\n<meta name=\"twitter:label1\" content=\"Availability\" \/>\n\t<meta name=\"twitter:data1\" content=\"In stock\" \/>\n<script type=\"application\/ld+json\" class=\"yoast-schema-graph\">{\"@context\":\"https:\/\/schema.org\",\"@graph\":[{\"@type\":\"WebPage\",\"@id\":\"https:\/\/coincards.com\/eu\/product\/castorama-online-gift-card-electronic-delivery\/\",\"url\":\"https:\/\/coincards.com\/eu\/product\/castorama-online-gift-card-electronic-delivery\/\",\"name\":\"Castorama Online Gift Card (Electronic Delivery) (France) - Coincards Europe\",\"isPartOf\":{\"@id\":\"https:\/\/coincards.com\/eu\/#website\"},\"primaryImageOfPage\":{\"@id\":\"https:\/\/coincards.com\/eu\/product\/castorama-online-gift-card-electronic-delivery\/#primaryimage\"},\"image\":{\"@id\":\"https:\/\/coincards.com\/eu\/product\/castorama-online-gift-card-electronic-delivery\/#primaryimage\"},\"thumbnailUrl\":\"https:\/\/assets.coincards.com\/wp-content\/uploads\/sites\/6\/2024\/06\/04183003\/CASTO-FR-card.png\",\"datePublished\":\"2024-05-21T21:36:37+00:00\",\"dateModified\":\"2024-06-05T02:30:09+00:00\",\"breadcrumb\":{\"@id\":\"https:\/\/coincards.com\/eu\/product\/castorama-online-gift-card-electronic-delivery\/#breadcrumb\"},\"inLanguage\":\"en-CA\",\"potentialAction\":[{\"@type\":\"ReadAction\",\"target\":[\"https:\/\/coincards.com\/eu\/product\/castorama-online-gift-card-electronic-delivery\/\"]}]},{\"@type\":\"ImageObject\",\"inLanguage\":\"en-CA\",\"@id\":\"https:\/\/coincards.com\/eu\/product\/castorama-online-gift-card-electronic-delivery\/#primaryimage\",\"url\":\"https:\/\/assets.coincards.com\/wp-content\/uploads\/sites\/6\/2024\/06\/04183003\/CASTO-FR-card.png\",\"contentUrl\":\"https:\/\/assets.coincards.com\/wp-content\/uploads\/sites\/6\/2024\/06\/04183003\/CASTO-FR-card.png\",\"width\":675,\"height\":425},{\"@type\":\"BreadcrumbList\",\"@id\":\"https:\/\/coincards.com\/eu\/product\/castorama-online-gift-card-electronic-delivery\/#breadcrumb\",\"itemListElement\":[{\"@type\":\"ListItem\",\"position\":1,\"name\":\"Home\",\"item\":\"https:\/\/coincards.com\/eu\/\"},{\"@type\":\"ListItem\",\"position\":2,\"name\":\"All Gift Cards\",\"item\":\"https:\/\/coincards.com\/eu\/all-gift-cards\/\"},{\"@type\":\"ListItem\",\"position\":3,\"name\":\"Castorama Online Gift Card (Electronic Delivery) (France)\"}]},{\"@type\":\"WebSite\",\"@id\":\"https:\/\/coincards.com\/eu\/#website\",\"url\":\"https:\/\/coincards.com\/eu\/\",\"name\":\"Coincards Europe\",\"description\":\"Austrlia&#039;s #1 Cryptocurrency to Gift Card Exchange Service\",\"potentialAction\":[{\"@type\":\"SearchAction\",\"target\":{\"@type\":\"EntryPoint\",\"urlTemplate\":\"https:\/\/coincards.com\/eu\/?s={search_term_string}\"},\"query-input\":{\"@type\":\"PropertyValueSpecification\",\"valueRequired\":true,\"valueName\":\"search_term_string\"}}],\"inLanguage\":\"en-CA\"}]}<\/script>\n<meta property=\"og:availability\" content=\"instock\" \/>\n<meta property=\"product:availability\" content=\"instock\" \/>\n<meta property=\"product:condition\" content=\"new\" \/>\n<!-- \/ Yoast SEO Premium plugin. -->","yoast_head_json":{"title":"Castorama Online Gift Card (Electronic Delivery) (France) - Coincards Europe","robots":{"index":"index","follow":"follow","max-snippet":"max-snippet:-1","max-image-preview":"max-image-preview:large","max-video-preview":"max-video-preview:-1"},"canonical":"https:\/\/coincards.com\/eu\/product\/castorama-online-gift-card-electronic-delivery\/","og_locale":"en_US","og_type":"article","og_title":"Castorama Online Gift Card (Electronic Delivery) (France)","og_description":"Offrez tout Casto dans une carte cadeau. Un cadeau facile \u00e0 offrir, avec l'assurance de faire plaisir, original, moderne, vous offrez la libert\u00e9 de choisir !","og_url":"https:\/\/coincards.com\/eu\/product\/castorama-online-gift-card-electronic-delivery\/","og_site_name":"Coincards Europe","article_modified_time":"2024-06-05T02:30:09+00:00","og_image":[{"width":675,"height":425,"url":"https:\/\/assets.coincards.com\/wp-content\/uploads\/sites\/6\/2024\/05\/21133757\/CASTO-FR-card.png","type":"image\/png"}],"twitter_card":"summary_large_image","twitter_misc":{"Availability":"In stock"},"schema":{"@context":"https:\/\/schema.org","@graph":[{"@type":"WebPage","@id":"https:\/\/coincards.com\/eu\/product\/castorama-online-gift-card-electronic-delivery\/","url":"https:\/\/coincards.com\/eu\/product\/castorama-online-gift-card-electronic-delivery\/","name":"Castorama Online Gift Card (Electronic Delivery) (France) - Coincards Europe","isPartOf":{"@id":"https:\/\/coincards.com\/eu\/#website"},"primaryImageOfPage":{"@id":"https:\/\/coincards.com\/eu\/product\/castorama-online-gift-card-electronic-delivery\/#primaryimage"},"image":{"@id":"https:\/\/coincards.com\/eu\/product\/castorama-online-gift-card-electronic-delivery\/#primaryimage"},"thumbnailUrl":"https:\/\/assets.coincards.com\/wp-content\/uploads\/sites\/6\/2024\/06\/04183003\/CASTO-FR-card.png","datePublished":"2024-05-21T21:36:37+00:00","dateModified":"2024-06-05T02:30:09+00:00","breadcrumb":{"@id":"https:\/\/coincards.com\/eu\/product\/castorama-online-gift-card-electronic-delivery\/#breadcrumb"},"inLanguage":"en-CA","potentialAction":[{"@type":"ReadAction","target":["https:\/\/coincards.com\/eu\/product\/castorama-online-gift-card-electronic-delivery\/"]}]},{"@type":"ImageObject","inLanguage":"en-CA","@id":"https:\/\/coincards.com\/eu\/product\/castorama-online-gift-card-electronic-delivery\/#primaryimage","url":"https:\/\/assets.coincards.com\/wp-content\/uploads\/sites\/6\/2024\/06\/04183003\/CASTO-FR-card.png","contentUrl":"https:\/\/assets.coincards.com\/wp-content\/uploads\/sites\/6\/2024\/06\/04183003\/CASTO-FR-card.png","width":675,"height":425},{"@type":"BreadcrumbList","@id":"https:\/\/coincards.com\/eu\/product\/castorama-online-gift-card-electronic-delivery\/#breadcrumb","itemListElement":[{"@type":"ListItem","position":1,"name":"Home","item":"https:\/\/coincards.com\/eu\/"},{"@type":"ListItem","position":2,"name":"All Gift Cards","item":"https:\/\/coincards.com\/eu\/all-gift-cards\/"},{"@type":"ListItem","position":3,"name":"Castorama Online Gift Card (Electronic Delivery) (France)"}]},{"@type":"WebSite","@id":"https:\/\/coincards.com\/eu\/#website","url":"https:\/\/coincards.com\/eu\/","name":"Coincards Europe","description":"Austrlia&#039;s #1 Cryptocurrency to Gift Card Exchange Service","potentialAction":[{"@type":"SearchAction","target":{"@type":"EntryPoint","urlTemplate":"https:\/\/coincards.com\/eu\/?s={search_term_string}"},"query-input":{"@type":"PropertyValueSpecification","valueRequired":true,"valueName":"search_term_string"}}],"inLanguage":"en-CA"}]},"og_availability":"instock","product_availability":"instock","product_condition":"new"},"_links":{"self":[{"href":"https:\/\/coincards.com\/eu\/wp-json\/wp\/v2\/product\/2444","targetHints":{"allow":["GET"]}}],"collection":[{"href":"https:\/\/coincards.com\/eu\/wp-json\/wp\/v2\/product"}],"about":[{"href":"https:\/\/coincards.com\/eu\/wp-json\/wp\/v2\/types\/product"}],"replies":[{"embeddable":true,"href":"https:\/\/coincards.com\/eu\/wp-json\/wp\/v2\/comments?post=2444"}],"wp:featuredmedia":[{"embeddable":true,"href":"https:\/\/coincards.com\/eu\/wp-json\/wp\/v2\/media\/5590"}],"wp:attachment":[{"href":"https:\/\/coincards.com\/eu\/wp-json\/wp\/v2\/media?parent=2444"}],"wp:term":[{"taxonomy":"product_cat","embeddable":true,"href":"https:\/\/coincards.com\/eu\/wp-json\/wp\/v2\/product_cat?post=2444"},{"taxonomy":"product_tag","embeddable":true,"href":"https:\/\/coincards.com\/eu\/wp-json\/wp\/v2\/product_tag?post=2444"}],"curies":[{"name":"wp","href":"https:\/\/api.w.org\/{rel}","templated":true}]}}