{"id":2377,"date":"2024-05-21T11:53:31","date_gmt":"2024-05-21T19:53:31","guid":{"rendered":"https:\/\/coincards.com\/eu\/?post_type=product&#038;p=2377"},"modified":"2024-06-04T18:29:40","modified_gmt":"2024-06-05T02:29:40","slug":"calzedonia-online-gift-card-electronic-delivery-4","status":"publish","type":"product","link":"https:\/\/coincards.com\/eu\/product\/calzedonia-online-gift-card-electronic-delivery-4\/","title":{"rendered":"Calzedonia Online Gift Card (Electronic Delivery) (France)"},"content":{"rendered":"<p>La Carte Cadeau est imm\u00e9diatement activ\u00e9e et est associ\u00e9e \u00e0 l&#8217;email qui lui est attribu\u00e9.<br \/>\nVous pouvez utiliser votre Gift Card en ligne ou dans les magasins Calzedonia participants.<br \/>\nVous pouvez r\u00e9partir le montant total de votre carte-cadeau sur plusieurs achats (en ligne et hors ligne).<br \/>\nLa Carte Cadeau est valable 3 ans \u00e0 compter de la date d&#8217;achat. Pour plus d&#8217;informations, consultez les conditions g\u00e9n\u00e9rales compl\u00e8tes sur\u00a0<a href=\"http:\/\/www.calzedonia.com\/fr\/\" target=\"_blank\" rel=\"noopener\">http:\/\/www.calzedonia.com\/fr\/<\/a><\/p>\n<p>Pour t\u00e9l\u00e9charger votre carte cadeau, vous recevrez des codes de s\u00e9curit\u00e9 avec une date d&#8217;expiration et les instructions correspondantes.<\/p>\n<p>&nbsp;<\/p>\n","protected":false},"excerpt":{"rendered":"<p>Depuis 1986, Calzedonia r\u00e9v\u00e8le les tendances collants et beachwear les plus innovantes dans chacune de ses collections, alliant qualit\u00e9 de fabrication, style et prix abordables. Marque DN.<\/p>\n","protected":false},"featured_media":5581,"comment_status":"closed","ping_status":"closed","template":"","meta":{"_exactmetrics_skip_tracking":false,"_exactmetrics_sitenote_active":false,"_exactmetrics_sitenote_note":"","_exactmetrics_sitenote_category":0},"product_cat":[20],"product_tag":[],"class_list":{"0":"post-2377","1":"product","2":"type-product","3":"status-publish","4":"has-post-thumbnail","6":"product_cat-electronic-gift-cards","7":"pa_country-availability-france","9":"first","10":"instock","11":"shipping-taxable","12":"purchasable","13":"product-type-variable"},"yoast_head":"<!-- This site is optimized with the Yoast SEO Premium plugin v20.11 (Yoast SEO v25.8) - https:\/\/yoast.com\/wordpress\/plugins\/seo\/ -->\n<title>Calzedonia Online Gift Card (Electronic Delivery) (France) - Coincards Europe<\/title>\n<meta name=\"robots\" content=\"index, follow, max-snippet:-1, max-image-preview:large, max-video-preview:-1\" \/>\n<link rel=\"canonical\" href=\"https:\/\/coincards.com\/eu\/product\/calzedonia-online-gift-card-electronic-delivery-4\/\" \/>\n<meta property=\"og:locale\" content=\"en_US\" \/>\n<meta property=\"og:type\" content=\"article\" \/>\n<meta property=\"og:title\" content=\"Calzedonia Online Gift Card (Electronic Delivery) (France)\" \/>\n<meta property=\"og:description\" content=\"Depuis 1986, Calzedonia r\u00e9v\u00e8le les tendances collants et beachwear les plus innovantes dans chacune de ses collections, alliant qualit\u00e9 de fabrication, style et prix abordables. Marque DN.\" \/>\n<meta property=\"og:url\" content=\"https:\/\/coincards.com\/eu\/product\/calzedonia-online-gift-card-electronic-delivery-4\/\" \/>\n<meta property=\"og:site_name\" content=\"Coincards Europe\" \/>\n<meta property=\"article:modified_time\" content=\"2024-06-05T02:29:40+00:00\" \/>\n<meta property=\"og:image\" content=\"https:\/\/assets.coincards.com\/wp-content\/uploads\/sites\/6\/2024\/05\/21114640\/CALZ-ES-card.png\" \/>\n\t<meta property=\"og:image:width\" content=\"675\" \/>\n\t<meta property=\"og:image:height\" content=\"425\" \/>\n\t<meta property=\"og:image:type\" content=\"image\/png\" \/>\n<meta name=\"twitter:card\" content=\"summary_large_image\" \/>\n<meta name=\"twitter:label1\" content=\"Availability\" \/>\n\t<meta name=\"twitter:data1\" content=\"In stock\" \/>\n<script type=\"application\/ld+json\" class=\"yoast-schema-graph\">{\"@context\":\"https:\/\/schema.org\",\"@graph\":[{\"@type\":\"WebPage\",\"@id\":\"https:\/\/coincards.com\/eu\/product\/calzedonia-online-gift-card-electronic-delivery-4\/\",\"url\":\"https:\/\/coincards.com\/eu\/product\/calzedonia-online-gift-card-electronic-delivery-4\/\",\"name\":\"Calzedonia Online Gift Card (Electronic Delivery) (France) - Coincards Europe\",\"isPartOf\":{\"@id\":\"https:\/\/coincards.com\/eu\/#website\"},\"primaryImageOfPage\":{\"@id\":\"https:\/\/coincards.com\/eu\/product\/calzedonia-online-gift-card-electronic-delivery-4\/#primaryimage\"},\"image\":{\"@id\":\"https:\/\/coincards.com\/eu\/product\/calzedonia-online-gift-card-electronic-delivery-4\/#primaryimage\"},\"thumbnailUrl\":\"https:\/\/assets.coincards.com\/wp-content\/uploads\/sites\/6\/2024\/06\/04182931\/CALZ-ES-card.png\",\"datePublished\":\"2024-05-21T19:53:31+00:00\",\"dateModified\":\"2024-06-05T02:29:40+00:00\",\"breadcrumb\":{\"@id\":\"https:\/\/coincards.com\/eu\/product\/calzedonia-online-gift-card-electronic-delivery-4\/#breadcrumb\"},\"inLanguage\":\"en-CA\",\"potentialAction\":[{\"@type\":\"ReadAction\",\"target\":[\"https:\/\/coincards.com\/eu\/product\/calzedonia-online-gift-card-electronic-delivery-4\/\"]}]},{\"@type\":\"ImageObject\",\"inLanguage\":\"en-CA\",\"@id\":\"https:\/\/coincards.com\/eu\/product\/calzedonia-online-gift-card-electronic-delivery-4\/#primaryimage\",\"url\":\"https:\/\/assets.coincards.com\/wp-content\/uploads\/sites\/6\/2024\/06\/04182931\/CALZ-ES-card.png\",\"contentUrl\":\"https:\/\/assets.coincards.com\/wp-content\/uploads\/sites\/6\/2024\/06\/04182931\/CALZ-ES-card.png\",\"width\":675,\"height\":425},{\"@type\":\"BreadcrumbList\",\"@id\":\"https:\/\/coincards.com\/eu\/product\/calzedonia-online-gift-card-electronic-delivery-4\/#breadcrumb\",\"itemListElement\":[{\"@type\":\"ListItem\",\"position\":1,\"name\":\"Home\",\"item\":\"https:\/\/coincards.com\/eu\/\"},{\"@type\":\"ListItem\",\"position\":2,\"name\":\"All Gift Cards\",\"item\":\"https:\/\/coincards.com\/eu\/all-gift-cards\/\"},{\"@type\":\"ListItem\",\"position\":3,\"name\":\"Calzedonia Online Gift Card (Electronic Delivery) (France)\"}]},{\"@type\":\"WebSite\",\"@id\":\"https:\/\/coincards.com\/eu\/#website\",\"url\":\"https:\/\/coincards.com\/eu\/\",\"name\":\"Coincards Europe\",\"description\":\"Austrlia&#039;s #1 Cryptocurrency to Gift Card Exchange Service\",\"potentialAction\":[{\"@type\":\"SearchAction\",\"target\":{\"@type\":\"EntryPoint\",\"urlTemplate\":\"https:\/\/coincards.com\/eu\/?s={search_term_string}\"},\"query-input\":{\"@type\":\"PropertyValueSpecification\",\"valueRequired\":true,\"valueName\":\"search_term_string\"}}],\"inLanguage\":\"en-CA\"}]}<\/script>\n<meta property=\"og:availability\" content=\"instock\" \/>\n<meta property=\"product:availability\" content=\"instock\" \/>\n<meta property=\"product:condition\" content=\"new\" \/>\n<!-- \/ Yoast SEO Premium plugin. -->","yoast_head_json":{"title":"Calzedonia Online Gift Card (Electronic Delivery) (France) - Coincards Europe","robots":{"index":"index","follow":"follow","max-snippet":"max-snippet:-1","max-image-preview":"max-image-preview:large","max-video-preview":"max-video-preview:-1"},"canonical":"https:\/\/coincards.com\/eu\/product\/calzedonia-online-gift-card-electronic-delivery-4\/","og_locale":"en_US","og_type":"article","og_title":"Calzedonia Online Gift Card (Electronic Delivery) (France)","og_description":"Depuis 1986, Calzedonia r\u00e9v\u00e8le les tendances collants et beachwear les plus innovantes dans chacune de ses collections, alliant qualit\u00e9 de fabrication, style et prix abordables. Marque DN.","og_url":"https:\/\/coincards.com\/eu\/product\/calzedonia-online-gift-card-electronic-delivery-4\/","og_site_name":"Coincards Europe","article_modified_time":"2024-06-05T02:29:40+00:00","og_image":[{"width":675,"height":425,"url":"https:\/\/assets.coincards.com\/wp-content\/uploads\/sites\/6\/2024\/05\/21114640\/CALZ-ES-card.png","type":"image\/png"}],"twitter_card":"summary_large_image","twitter_misc":{"Availability":"In stock"},"schema":{"@context":"https:\/\/schema.org","@graph":[{"@type":"WebPage","@id":"https:\/\/coincards.com\/eu\/product\/calzedonia-online-gift-card-electronic-delivery-4\/","url":"https:\/\/coincards.com\/eu\/product\/calzedonia-online-gift-card-electronic-delivery-4\/","name":"Calzedonia Online Gift Card (Electronic Delivery) (France) - Coincards Europe","isPartOf":{"@id":"https:\/\/coincards.com\/eu\/#website"},"primaryImageOfPage":{"@id":"https:\/\/coincards.com\/eu\/product\/calzedonia-online-gift-card-electronic-delivery-4\/#primaryimage"},"image":{"@id":"https:\/\/coincards.com\/eu\/product\/calzedonia-online-gift-card-electronic-delivery-4\/#primaryimage"},"thumbnailUrl":"https:\/\/assets.coincards.com\/wp-content\/uploads\/sites\/6\/2024\/06\/04182931\/CALZ-ES-card.png","datePublished":"2024-05-21T19:53:31+00:00","dateModified":"2024-06-05T02:29:40+00:00","breadcrumb":{"@id":"https:\/\/coincards.com\/eu\/product\/calzedonia-online-gift-card-electronic-delivery-4\/#breadcrumb"},"inLanguage":"en-CA","potentialAction":[{"@type":"ReadAction","target":["https:\/\/coincards.com\/eu\/product\/calzedonia-online-gift-card-electronic-delivery-4\/"]}]},{"@type":"ImageObject","inLanguage":"en-CA","@id":"https:\/\/coincards.com\/eu\/product\/calzedonia-online-gift-card-electronic-delivery-4\/#primaryimage","url":"https:\/\/assets.coincards.com\/wp-content\/uploads\/sites\/6\/2024\/06\/04182931\/CALZ-ES-card.png","contentUrl":"https:\/\/assets.coincards.com\/wp-content\/uploads\/sites\/6\/2024\/06\/04182931\/CALZ-ES-card.png","width":675,"height":425},{"@type":"BreadcrumbList","@id":"https:\/\/coincards.com\/eu\/product\/calzedonia-online-gift-card-electronic-delivery-4\/#breadcrumb","itemListElement":[{"@type":"ListItem","position":1,"name":"Home","item":"https:\/\/coincards.com\/eu\/"},{"@type":"ListItem","position":2,"name":"All Gift Cards","item":"https:\/\/coincards.com\/eu\/all-gift-cards\/"},{"@type":"ListItem","position":3,"name":"Calzedonia Online Gift Card (Electronic Delivery) (France)"}]},{"@type":"WebSite","@id":"https:\/\/coincards.com\/eu\/#website","url":"https:\/\/coincards.com\/eu\/","name":"Coincards Europe","description":"Austrlia&#039;s #1 Cryptocurrency to Gift Card Exchange Service","potentialAction":[{"@type":"SearchAction","target":{"@type":"EntryPoint","urlTemplate":"https:\/\/coincards.com\/eu\/?s={search_term_string}"},"query-input":{"@type":"PropertyValueSpecification","valueRequired":true,"valueName":"search_term_string"}}],"inLanguage":"en-CA"}]},"og_availability":"instock","product_availability":"instock","product_condition":"new"},"_links":{"self":[{"href":"https:\/\/coincards.com\/eu\/wp-json\/wp\/v2\/product\/2377","targetHints":{"allow":["GET"]}}],"collection":[{"href":"https:\/\/coincards.com\/eu\/wp-json\/wp\/v2\/product"}],"about":[{"href":"https:\/\/coincards.com\/eu\/wp-json\/wp\/v2\/types\/product"}],"replies":[{"embeddable":true,"href":"https:\/\/coincards.com\/eu\/wp-json\/wp\/v2\/comments?post=2377"}],"wp:featuredmedia":[{"embeddable":true,"href":"https:\/\/coincards.com\/eu\/wp-json\/wp\/v2\/media\/5581"}],"wp:attachment":[{"href":"https:\/\/coincards.com\/eu\/wp-json\/wp\/v2\/media?parent=2377"}],"wp:term":[{"taxonomy":"product_cat","embeddable":true,"href":"https:\/\/coincards.com\/eu\/wp-json\/wp\/v2\/product_cat?post=2377"},{"taxonomy":"product_tag","embeddable":true,"href":"https:\/\/coincards.com\/eu\/wp-json\/wp\/v2\/product_tag?post=2377"}],"curies":[{"name":"wp","href":"https:\/\/api.w.org\/{rel}","templated":true}]}}