{"id":2322,"date":"2024-05-21T10:57:56","date_gmt":"2024-05-21T18:57:56","guid":{"rendered":"https:\/\/coincards.com\/eu\/?post_type=product&#038;p=2322"},"modified":"2025-10-29T10:39:56","modified_gmt":"2025-10-29T18:39:56","slug":"bucketlistgift-online-gift-card-electronic-delivery-14","status":"publish","type":"product","link":"https:\/\/coincards.com\/eu\/product\/bucketlistgift-online-gift-card-electronic-delivery-14\/","title":{"rendered":"BucketlistGift Online Gift Card (Electronic Delivery) (Finland)"},"content":{"rendered":"<p>please visit <a href=\"http:\/\/tripgift.com\/info\/terms-and-conditions.aspx\" target=\"_blank\" rel=\"noopener\">http:\/\/tripgift.com\/info\/terms-and-conditions.aspx<\/a><\/p>\n<p>Lunastusohjeet. Lue alta ohjeet lahjakortin lunastamiseen.<br \/>\nLunasta (k\u00e4yt\u00e4) Vain verkossa osoitteessa: http:\/\/bucketlistgift.com<br \/>\n1) Rekister\u00f6i tili osoitteessa http:\/\/bucketlistgift.com napsauta Varaa matka | Lunastaa<br \/>\n2) Hae, varaa tai osta tuotetarpeidesi perusteella.<br \/>\n3) Kun olet valinnut tarpeitasi parhaiten vastaavat vaihtoehdot, kirjoita varaukseen tai tuotetapahtumaan osallistuvan henkil\u00f6n tai kaikkien henkil\u00f6iden tiedot<br \/>\n4) Siirry uloskirjautumissivulle ja kopioi ja liit\u00e4 e-lahjakorttisi koodi Lunasta e-lahjakorttikoodi -ruutuun ja napsauta L\u00e4het\u00e4, jatka hyv\u00e4ksy\u00e4ksesi k\u00e4ytt\u00f6ehdot ja napsauta Tilaa nyt viimeistell\u00e4ksesi varauksesi ja tapahtumasi, saat pian vahvistus s\u00e4hk\u00f6postitse.<br \/>\n5) Yht\u00e4 tapahtumaa kohden sallitaan enint\u00e4\u00e4n 2 e-Lahjakorttikoodia, jos ostoskorisi arvo ylitt\u00e4\u00e4 e-Lahjakorttien arvon, voit maksaa erotuksen Visa-, MasterCard- tai American Express -korteilla.<br \/>\n6) Bucketlist-lahjakorteilla on 12 kuukauden voimassaoloaika my\u00f6nt\u00e4misest\u00e4, paitsi Pohjois-Amerikan asukkaiden lahjakortit eiv\u00e4t vanhene. Irlannin voimassaoloaika on 60 kuukautta ja Australiassa ja Saksassa 36 kuukautta paikallisen osavaltion ja maan lains\u00e4\u00e4d\u00e4nn\u00f6n ja kunkin osavaltion ja maan vaaditun j\u00e4\u00e4nn\u00f6spalautuksen arvon alaisuudessa. Valuutta- ja asuinmaan lunastusvaatimuksia koskevat t\u00e4ydelliset ehdot ja ehdot ovat osoitteessa http:\/\/tripgift.com\/info\/terms-and-conditions<br \/>\n7) Kaikki verkkosivuston sis\u00e4lt\u00f6, asiakaspalvelu, liput ja eVoucherit ovat englanninkielisi\u00e4. Lahjakortteja ja eVouchereja ei voi vaihtaa tai palauttaa.<br \/>\n8) Nopeat vastaukset ja kaikki lahjakortteja ja parasta k\u00e4ytt\u00f6\u00e4 koskevat kysymykset l\u00f6yd\u00e4t osoitteesta https:\/\/faqs.tripgift.com\/<\/p>\n","protected":false},"excerpt":{"rendered":"<p>BucketlistGift tarjoaa ainutlaatuisen ja h\u00e4mm\u00e4stytt\u00e4v\u00e4n p\u00e4\u00e4syn maailman ihmeisiin kokemuksiin, r\u00e4\u00e4t\u00e4l\u00f6ityihin safarimatkoihin, bucket list -kaupunkeihin, kuratoituihin konsertteihin, epicurean-el\u00e4myksiin ja VVIP-urheilu- ja kulttuuritapahtumiin. Yli 20 000 lento-, hotelli- ja VIP-el\u00e4myst\u00e4 valikoimalla paketteja kiertomatkoja t\u00e4ydellisen yksityismatkan varaamiseksi! BucketlistGift tarjoaa j\u00e4nnitt\u00e4v\u00e4n valikoiman yksityisi\u00e4 kiertueel\u00e4myksi\u00e4, mukaan lukien ruokailuel\u00e4myksi\u00e4, kuumailmapallo- tai helikopterimatkoja, safari-, jahti- ja maantieretki\u00e4, luoden positiivisia muistoja, jotka kest\u00e4v\u00e4t elini\u00e4n.<\/p>\n","protected":false},"featured_media":5574,"comment_status":"closed","ping_status":"closed","template":"","meta":{"_exactmetrics_skip_tracking":false,"_exactmetrics_sitenote_active":false,"_exactmetrics_sitenote_note":"","_exactmetrics_sitenote_category":0},"product_cat":[20],"product_tag":[],"class_list":{"0":"post-2322","1":"product","2":"type-product","3":"status-publish","4":"has-post-thumbnail","6":"product_brand-tripgift","7":"product_cat-electronic-gift-cards","8":"pa_country-availability-finland","10":"first","11":"instock","12":"virtual","13":"purchasable","14":"product-type-simple","15":"nyp-product"},"yoast_head":"<!-- This site is optimized with the Yoast SEO Premium plugin v20.11 (Yoast SEO v25.8) - https:\/\/yoast.com\/wordpress\/plugins\/seo\/ -->\n<title>BucketlistGift Online Gift Card (Electronic Delivery) (Finland) - Coincards Europe<\/title>\n<meta name=\"robots\" content=\"index, follow, max-snippet:-1, max-image-preview:large, max-video-preview:-1\" \/>\n<link rel=\"canonical\" href=\"https:\/\/coincards.com\/eu\/product\/bucketlistgift-online-gift-card-electronic-delivery-14\/\" \/>\n<meta property=\"og:locale\" content=\"en_US\" \/>\n<meta property=\"og:type\" content=\"article\" \/>\n<meta property=\"og:title\" content=\"BucketlistGift Online Gift Card (Electronic Delivery) (Finland)\" \/>\n<meta property=\"og:description\" content=\"BucketlistGift tarjoaa ainutlaatuisen ja h\u00e4mm\u00e4stytt\u00e4v\u00e4n p\u00e4\u00e4syn maailman ihmeisiin kokemuksiin, r\u00e4\u00e4t\u00e4l\u00f6ityihin safarimatkoihin, bucket list -kaupunkeihin, kuratoituihin konsertteihin, epicurean-el\u00e4myksiin ja VVIP-urheilu- ja kulttuuritapahtumiin. Yli 20 000 lento-, hotelli- ja VIP-el\u00e4myst\u00e4 valikoimalla paketteja kiertomatkoja t\u00e4ydellisen yksityismatkan varaamiseksi! BucketlistGift tarjoaa j\u00e4nnitt\u00e4v\u00e4n valikoiman yksityisi\u00e4 kiertueel\u00e4myksi\u00e4, mukaan lukien ruokailuel\u00e4myksi\u00e4, kuumailmapallo- tai helikopterimatkoja, safari-, jahti- ja maantieretki\u00e4, luoden positiivisia muistoja, jotka kest\u00e4v\u00e4t elini\u00e4n.\" \/>\n<meta property=\"og:url\" content=\"https:\/\/coincards.com\/eu\/product\/bucketlistgift-online-gift-card-electronic-delivery-14\/\" \/>\n<meta property=\"og:site_name\" content=\"Coincards Europe\" \/>\n<meta property=\"article:modified_time\" content=\"2025-10-29T18:39:56+00:00\" \/>\n<meta property=\"og:image\" content=\"https:\/\/assets.coincards.com\/wp-content\/uploads\/sites\/6\/2024\/06\/04182450\/BUCKET-SI-card.png\" \/>\n\t<meta property=\"og:image:width\" content=\"675\" \/>\n\t<meta property=\"og:image:height\" content=\"425\" \/>\n\t<meta property=\"og:image:type\" content=\"image\/png\" \/>\n<meta name=\"twitter:card\" content=\"summary_large_image\" \/>\n<meta name=\"twitter:label1\" content=\"Price\" \/>\n\t<meta name=\"twitter:data1\" content=\"&euro;20.00\" \/>\n\t<meta name=\"twitter:label2\" content=\"Availability\" \/>\n\t<meta name=\"twitter:data2\" content=\"In stock\" \/>\n<script type=\"application\/ld+json\" class=\"yoast-schema-graph\">{\"@context\":\"https:\/\/schema.org\",\"@graph\":[{\"@type\":\"WebPage\",\"@id\":\"https:\/\/coincards.com\/eu\/product\/bucketlistgift-online-gift-card-electronic-delivery-14\/\",\"url\":\"https:\/\/coincards.com\/eu\/product\/bucketlistgift-online-gift-card-electronic-delivery-14\/\",\"name\":\"BucketlistGift Online Gift Card (Electronic Delivery) (Finland) - Coincards Europe\",\"isPartOf\":{\"@id\":\"https:\/\/coincards.com\/eu\/#website\"},\"primaryImageOfPage\":{\"@id\":\"https:\/\/coincards.com\/eu\/product\/bucketlistgift-online-gift-card-electronic-delivery-14\/#primaryimage\"},\"image\":{\"@id\":\"https:\/\/coincards.com\/eu\/product\/bucketlistgift-online-gift-card-electronic-delivery-14\/#primaryimage\"},\"thumbnailUrl\":\"https:\/\/assets.coincards.com\/wp-content\/uploads\/sites\/6\/2024\/06\/04182450\/BUCKET-SI-card.png\",\"datePublished\":\"2024-05-21T18:57:56+00:00\",\"dateModified\":\"2025-10-29T18:39:56+00:00\",\"breadcrumb\":{\"@id\":\"https:\/\/coincards.com\/eu\/product\/bucketlistgift-online-gift-card-electronic-delivery-14\/#breadcrumb\"},\"inLanguage\":\"en-CA\",\"potentialAction\":[{\"@type\":\"ReadAction\",\"target\":[\"https:\/\/coincards.com\/eu\/product\/bucketlistgift-online-gift-card-electronic-delivery-14\/\"]}]},{\"@type\":\"ImageObject\",\"inLanguage\":\"en-CA\",\"@id\":\"https:\/\/coincards.com\/eu\/product\/bucketlistgift-online-gift-card-electronic-delivery-14\/#primaryimage\",\"url\":\"https:\/\/assets.coincards.com\/wp-content\/uploads\/sites\/6\/2024\/06\/04182450\/BUCKET-SI-card.png\",\"contentUrl\":\"https:\/\/assets.coincards.com\/wp-content\/uploads\/sites\/6\/2024\/06\/04182450\/BUCKET-SI-card.png\",\"width\":675,\"height\":425},{\"@type\":\"BreadcrumbList\",\"@id\":\"https:\/\/coincards.com\/eu\/product\/bucketlistgift-online-gift-card-electronic-delivery-14\/#breadcrumb\",\"itemListElement\":[{\"@type\":\"ListItem\",\"position\":1,\"name\":\"Home\",\"item\":\"https:\/\/coincards.com\/eu\/\"},{\"@type\":\"ListItem\",\"position\":2,\"name\":\"All Gift Cards\",\"item\":\"https:\/\/coincards.com\/eu\/all-gift-cards\/\"},{\"@type\":\"ListItem\",\"position\":3,\"name\":\"BucketlistGift Online Gift Card (Electronic Delivery) (Finland)\"}]},{\"@type\":\"WebSite\",\"@id\":\"https:\/\/coincards.com\/eu\/#website\",\"url\":\"https:\/\/coincards.com\/eu\/\",\"name\":\"Coincards Europe\",\"description\":\"Austrlia&#039;s #1 Cryptocurrency to Gift Card Exchange Service\",\"potentialAction\":[{\"@type\":\"SearchAction\",\"target\":{\"@type\":\"EntryPoint\",\"urlTemplate\":\"https:\/\/coincards.com\/eu\/?s={search_term_string}\"},\"query-input\":{\"@type\":\"PropertyValueSpecification\",\"valueRequired\":true,\"valueName\":\"search_term_string\"}}],\"inLanguage\":\"en-CA\"}]}<\/script>\n<meta property=\"product:price:amount\" content=\"20.00\" \/>\n<meta property=\"product:price:currency\" content=\"EUR\" \/>\n<meta property=\"og:availability\" content=\"instock\" \/>\n<meta property=\"product:availability\" content=\"instock\" \/>\n<meta property=\"product:condition\" content=\"new\" \/>\n<!-- \/ Yoast SEO Premium plugin. -->","yoast_head_json":{"title":"BucketlistGift Online Gift Card (Electronic Delivery) (Finland) - Coincards Europe","robots":{"index":"index","follow":"follow","max-snippet":"max-snippet:-1","max-image-preview":"max-image-preview:large","max-video-preview":"max-video-preview:-1"},"canonical":"https:\/\/coincards.com\/eu\/product\/bucketlistgift-online-gift-card-electronic-delivery-14\/","og_locale":"en_US","og_type":"article","og_title":"BucketlistGift Online Gift Card (Electronic Delivery) (Finland)","og_description":"BucketlistGift tarjoaa ainutlaatuisen ja h\u00e4mm\u00e4stytt\u00e4v\u00e4n p\u00e4\u00e4syn maailman ihmeisiin kokemuksiin, r\u00e4\u00e4t\u00e4l\u00f6ityihin safarimatkoihin, bucket list -kaupunkeihin, kuratoituihin konsertteihin, epicurean-el\u00e4myksiin ja VVIP-urheilu- ja kulttuuritapahtumiin. Yli 20 000 lento-, hotelli- ja VIP-el\u00e4myst\u00e4 valikoimalla paketteja kiertomatkoja t\u00e4ydellisen yksityismatkan varaamiseksi! BucketlistGift tarjoaa j\u00e4nnitt\u00e4v\u00e4n valikoiman yksityisi\u00e4 kiertueel\u00e4myksi\u00e4, mukaan lukien ruokailuel\u00e4myksi\u00e4, kuumailmapallo- tai helikopterimatkoja, safari-, jahti- ja maantieretki\u00e4, luoden positiivisia muistoja, jotka kest\u00e4v\u00e4t elini\u00e4n.","og_url":"https:\/\/coincards.com\/eu\/product\/bucketlistgift-online-gift-card-electronic-delivery-14\/","og_site_name":"Coincards Europe","article_modified_time":"2025-10-29T18:39:56+00:00","og_image":[{"width":675,"height":425,"url":"https:\/\/assets.coincards.com\/wp-content\/uploads\/sites\/6\/2024\/06\/04182450\/BUCKET-SI-card.png","type":"image\/png"}],"twitter_card":"summary_large_image","twitter_misc":{"Price":"&euro;20.00","Availability":"In stock"},"schema":{"@context":"https:\/\/schema.org","@graph":[{"@type":"WebPage","@id":"https:\/\/coincards.com\/eu\/product\/bucketlistgift-online-gift-card-electronic-delivery-14\/","url":"https:\/\/coincards.com\/eu\/product\/bucketlistgift-online-gift-card-electronic-delivery-14\/","name":"BucketlistGift Online Gift Card (Electronic Delivery) (Finland) - Coincards Europe","isPartOf":{"@id":"https:\/\/coincards.com\/eu\/#website"},"primaryImageOfPage":{"@id":"https:\/\/coincards.com\/eu\/product\/bucketlistgift-online-gift-card-electronic-delivery-14\/#primaryimage"},"image":{"@id":"https:\/\/coincards.com\/eu\/product\/bucketlistgift-online-gift-card-electronic-delivery-14\/#primaryimage"},"thumbnailUrl":"https:\/\/assets.coincards.com\/wp-content\/uploads\/sites\/6\/2024\/06\/04182450\/BUCKET-SI-card.png","datePublished":"2024-05-21T18:57:56+00:00","dateModified":"2025-10-29T18:39:56+00:00","breadcrumb":{"@id":"https:\/\/coincards.com\/eu\/product\/bucketlistgift-online-gift-card-electronic-delivery-14\/#breadcrumb"},"inLanguage":"en-CA","potentialAction":[{"@type":"ReadAction","target":["https:\/\/coincards.com\/eu\/product\/bucketlistgift-online-gift-card-electronic-delivery-14\/"]}]},{"@type":"ImageObject","inLanguage":"en-CA","@id":"https:\/\/coincards.com\/eu\/product\/bucketlistgift-online-gift-card-electronic-delivery-14\/#primaryimage","url":"https:\/\/assets.coincards.com\/wp-content\/uploads\/sites\/6\/2024\/06\/04182450\/BUCKET-SI-card.png","contentUrl":"https:\/\/assets.coincards.com\/wp-content\/uploads\/sites\/6\/2024\/06\/04182450\/BUCKET-SI-card.png","width":675,"height":425},{"@type":"BreadcrumbList","@id":"https:\/\/coincards.com\/eu\/product\/bucketlistgift-online-gift-card-electronic-delivery-14\/#breadcrumb","itemListElement":[{"@type":"ListItem","position":1,"name":"Home","item":"https:\/\/coincards.com\/eu\/"},{"@type":"ListItem","position":2,"name":"All Gift Cards","item":"https:\/\/coincards.com\/eu\/all-gift-cards\/"},{"@type":"ListItem","position":3,"name":"BucketlistGift Online Gift Card (Electronic Delivery) (Finland)"}]},{"@type":"WebSite","@id":"https:\/\/coincards.com\/eu\/#website","url":"https:\/\/coincards.com\/eu\/","name":"Coincards Europe","description":"Austrlia&#039;s #1 Cryptocurrency to Gift Card Exchange Service","potentialAction":[{"@type":"SearchAction","target":{"@type":"EntryPoint","urlTemplate":"https:\/\/coincards.com\/eu\/?s={search_term_string}"},"query-input":{"@type":"PropertyValueSpecification","valueRequired":true,"valueName":"search_term_string"}}],"inLanguage":"en-CA"}]},"product_price_amount":"20.00","product_price_currency":"EUR","og_availability":"instock","product_availability":"instock","product_condition":"new"},"_links":{"self":[{"href":"https:\/\/coincards.com\/eu\/wp-json\/wp\/v2\/product\/2322","targetHints":{"allow":["GET"]}}],"collection":[{"href":"https:\/\/coincards.com\/eu\/wp-json\/wp\/v2\/product"}],"about":[{"href":"https:\/\/coincards.com\/eu\/wp-json\/wp\/v2\/types\/product"}],"replies":[{"embeddable":true,"href":"https:\/\/coincards.com\/eu\/wp-json\/wp\/v2\/comments?post=2322"}],"wp:featuredmedia":[{"embeddable":true,"href":"https:\/\/coincards.com\/eu\/wp-json\/wp\/v2\/media\/5574"}],"wp:attachment":[{"href":"https:\/\/coincards.com\/eu\/wp-json\/wp\/v2\/media?parent=2322"}],"wp:term":[{"taxonomy":"product_cat","embeddable":true,"href":"https:\/\/coincards.com\/eu\/wp-json\/wp\/v2\/product_cat?post=2322"},{"taxonomy":"product_tag","embeddable":true,"href":"https:\/\/coincards.com\/eu\/wp-json\/wp\/v2\/product_tag?post=2322"}],"curies":[{"name":"wp","href":"https:\/\/api.w.org\/{rel}","templated":true}]}}