{"id":2312,"date":"2024-05-17T21:21:45","date_gmt":"2024-05-18T05:21:45","guid":{"rendered":"https:\/\/coincards.com\/eu\/?post_type=product&#038;p=2312"},"modified":"2025-10-29T10:39:03","modified_gmt":"2025-10-29T18:39:03","slug":"bucketlistgift-online-gift-card-electronic-delivery-4","status":"publish","type":"product","link":"https:\/\/coincards.com\/eu\/product\/bucketlistgift-online-gift-card-electronic-delivery-4\/","title":{"rendered":"BucketlistGift Online Gift Card (Electronic Delivery) (Latvia)"},"content":{"rendered":"<p>l\u016bdzu apmekl\u0113jiet <a href=\"http:\/\/tripgift.com\/info\/terms-and-conditions.aspxx\" target=\"_blank\" rel=\"noopener\">http:\/\/tripgift.com\/info\/terms-and-conditions.aspxx<\/a><\/p>\n<p>Atpirk\u0161anas instrukcijas. L\u016bdzu, izlasiet t\u0101l\u0101k sniegto inform\u0101ciju, lai ieg\u016btu nor\u0101d\u012bjumus par d\u0101vanu kartes izpirk\u0161anu.<br \/>\nIzpirkt (izmantot) Tikai tie\u0161saist\u0113: http:\/\/bucketlistgift.com<\/p>\n<p>1) Re\u0123istr\u0113jiet kontu vietn\u0113 http:\/\/bucketlistgift.com, noklik\u0161\u0137iniet uz Book Trip | Izpirkt<\/p>\n<p>2) Mekl\u0113jiet, rezerv\u0113jiet vai ieg\u0101d\u0101jieties, pamatojoties uz j\u016bsu produktu vajadz\u012bb\u0101m.<\/p>\n<p>3) Kad esat izv\u0113l\u0113jies sav\u0101m vajadz\u012bb\u0101m vispiem\u0113rot\u0101k\u0101s iesp\u0113jas, ievadiet personas vai visu rezerv\u0101cij\u0101 vai produkta dar\u012bjum\u0101 iesaist\u012bto personu datus.<\/p>\n<p>4) P\u0101rejiet uz izrakst\u012b\u0161an\u0101s lapu un kop\u0113jiet un iel\u012bm\u0113jiet savu e-d\u0101vanu kartes kodu lodzi\u0146\u0101 Izpirkt e-d\u0101vanu kartes kodu un noklik\u0161\u0137iniet uz Iesniegt, turpiniet, lai piekristu noteikumiem un nosac\u012bjumiem, un noklik\u0161\u0137iniet uz Pas\u016bt\u012bt t\u016bl\u012bt, lai pabeigtu rezerv\u0101ciju un dar\u012bjumu. Dr\u012bzum\u0101 j\u016bs sa\u0146emsit apstiprin\u0101jums pa e-pastu.<\/p>\n<p>5) Vienam dar\u012bjumam ir at\u013cauti ne vair\u0101k k\u0101 2 eD\u0101vanu kar\u0161u kodi, ja J\u016bsu groza v\u0113rt\u012bba p\u0101rsniedz eD\u0101vanu kar\u0161u v\u0113rt\u012bbu, starp\u012bbu varat apmaks\u0101t, izmantojot Visa, MasterCard vai American Express.<\/p>\n<p>6) Bucketlist d\u0101vanu kart\u0113m ir 12\u00a0m\u0113ne\u0161u der\u012bguma termi\u0146\u0161 no izsnieg\u0161anas br\u012b\u017ea, iz\u0146emot Zieme\u013camerikas rezidentiem d\u0101vanu kar\u0161u der\u012bguma termi\u0146\u0161 nav beidzies. \u012arijas der\u012bguma termi\u0146\u0161 ir 60\u00a0m\u0113ne\u0161i, bet Austr\u0101lijai un V\u0101cijai\u00a0\u2014 36\u00a0m\u0113ne\u0161i saska\u0146\u0101 ar viet\u0113jiem valsts un valsts ties\u012bbu aktiem un jebkuru nepiecie\u0161amo atliku\u0161o atmaksas v\u0113rt\u012bbu katrai valstij un valstij. Pilnus noteikumus un nosac\u012bjumus par val\u016btas un dz\u012bvesvietas valsts izpirk\u0161anas pras\u012bb\u0101m skatiet vietn\u0113 http:\/\/tripgift.com\/info\/terms-and-conditions<\/p>\n<p>7) Viss m\u0101jas lapas saturs, klientu apkalpo\u0161ana, bi\u013cetes un eVou\u010deri b\u016bs ang\u013cu valod\u0101. D\u0101vanu kartes un e-Vau\u010derus nevar apmain\u012bt vai atmaks\u0101t.<\/p>\n<p>8) Lai ieg\u016btu \u0101tras atbildes un visus jaut\u0101jumus par d\u0101vanu kart\u0113m un lab\u0101ko izmanto\u0161anu, l\u016bdzu, apmekl\u0113jiet vietni https:\/\/faqs.tripgift.com\/<\/p>\n","protected":false},"excerpt":{"rendered":"<p>AirlineGift pied\u0101v\u0101 pasaul\u0113 lab\u0101ko aviokomp\u0101niju d\u0101vanu kartes un ce\u013cojumu rezerv\u0101cijas tie\u0161saist\u0113 ar unik\u0101lu 450 aviol\u012bniju izv\u0113li, lai rezerv\u0113tu lidojumu uz gandr\u012bz jebkuru vietu pasaul\u0113. AirlineGift pied\u0101v\u0101 t\u0101dus ce\u013cojumu z\u012bmolus k\u0101 Delta Airlines, American Airlines, United Airlines, British Airways, Qantas, Air France, KLM, Air Canada, Emirates, Etihad, Cathay Pacific, Singapore Airlines un simtiem citu uzticamu ce\u013cojumu partneru.<\/p>\n","protected":false},"featured_media":5574,"comment_status":"closed","ping_status":"closed","template":"","meta":{"_exactmetrics_skip_tracking":false,"_exactmetrics_sitenote_active":false,"_exactmetrics_sitenote_note":"","_exactmetrics_sitenote_category":0},"product_cat":[20],"product_tag":[],"class_list":{"0":"post-2312","1":"product","2":"type-product","3":"status-publish","4":"has-post-thumbnail","6":"product_brand-tripgift","7":"product_cat-electronic-gift-cards","8":"pa_country-availability-latvia","10":"first","11":"instock","12":"virtual","13":"purchasable","14":"product-type-simple","15":"nyp-product"},"yoast_head":"<!-- This site is optimized with the Yoast SEO Premium plugin v20.11 (Yoast SEO v25.8) - https:\/\/yoast.com\/wordpress\/plugins\/seo\/ -->\n<title>BucketlistGift Online Gift Card (Electronic Delivery) (Latvia) - Coincards Europe<\/title>\n<meta name=\"robots\" content=\"index, follow, max-snippet:-1, max-image-preview:large, max-video-preview:-1\" \/>\n<link rel=\"canonical\" href=\"https:\/\/coincards.com\/eu\/product\/bucketlistgift-online-gift-card-electronic-delivery-4\/\" \/>\n<meta property=\"og:locale\" content=\"en_US\" \/>\n<meta property=\"og:type\" content=\"article\" \/>\n<meta property=\"og:title\" content=\"BucketlistGift Online Gift Card (Electronic Delivery) (Latvia)\" \/>\n<meta property=\"og:description\" content=\"AirlineGift pied\u0101v\u0101 pasaul\u0113 lab\u0101ko aviokomp\u0101niju d\u0101vanu kartes un ce\u013cojumu rezerv\u0101cijas tie\u0161saist\u0113 ar unik\u0101lu 450 aviol\u012bniju izv\u0113li, lai rezerv\u0113tu lidojumu uz gandr\u012bz jebkuru vietu pasaul\u0113. AirlineGift pied\u0101v\u0101 t\u0101dus ce\u013cojumu z\u012bmolus k\u0101 Delta Airlines, American Airlines, United Airlines, British Airways, Qantas, Air France, KLM, Air Canada, Emirates, Etihad, Cathay Pacific, Singapore Airlines un simtiem citu uzticamu ce\u013cojumu partneru.\" \/>\n<meta property=\"og:url\" content=\"https:\/\/coincards.com\/eu\/product\/bucketlistgift-online-gift-card-electronic-delivery-4\/\" \/>\n<meta property=\"og:site_name\" content=\"Coincards Europe\" \/>\n<meta property=\"article:modified_time\" content=\"2025-10-29T18:39:03+00:00\" \/>\n<meta property=\"og:image\" content=\"https:\/\/assets.coincards.com\/wp-content\/uploads\/sites\/6\/2024\/06\/04182450\/BUCKET-SI-card.png\" \/>\n\t<meta property=\"og:image:width\" content=\"675\" \/>\n\t<meta property=\"og:image:height\" content=\"425\" \/>\n\t<meta property=\"og:image:type\" content=\"image\/png\" \/>\n<meta name=\"twitter:card\" content=\"summary_large_image\" \/>\n<meta name=\"twitter:label1\" content=\"Price\" \/>\n\t<meta name=\"twitter:data1\" content=\"&euro;20.00\" \/>\n\t<meta name=\"twitter:label2\" content=\"Availability\" \/>\n\t<meta name=\"twitter:data2\" content=\"In stock\" \/>\n<script type=\"application\/ld+json\" class=\"yoast-schema-graph\">{\"@context\":\"https:\/\/schema.org\",\"@graph\":[{\"@type\":\"WebPage\",\"@id\":\"https:\/\/coincards.com\/eu\/product\/bucketlistgift-online-gift-card-electronic-delivery-4\/\",\"url\":\"https:\/\/coincards.com\/eu\/product\/bucketlistgift-online-gift-card-electronic-delivery-4\/\",\"name\":\"BucketlistGift Online Gift Card (Electronic Delivery) (Latvia) - Coincards Europe\",\"isPartOf\":{\"@id\":\"https:\/\/coincards.com\/eu\/#website\"},\"primaryImageOfPage\":{\"@id\":\"https:\/\/coincards.com\/eu\/product\/bucketlistgift-online-gift-card-electronic-delivery-4\/#primaryimage\"},\"image\":{\"@id\":\"https:\/\/coincards.com\/eu\/product\/bucketlistgift-online-gift-card-electronic-delivery-4\/#primaryimage\"},\"thumbnailUrl\":\"https:\/\/assets.coincards.com\/wp-content\/uploads\/sites\/6\/2024\/06\/04182450\/BUCKET-SI-card.png\",\"datePublished\":\"2024-05-18T05:21:45+00:00\",\"dateModified\":\"2025-10-29T18:39:03+00:00\",\"breadcrumb\":{\"@id\":\"https:\/\/coincards.com\/eu\/product\/bucketlistgift-online-gift-card-electronic-delivery-4\/#breadcrumb\"},\"inLanguage\":\"en-CA\",\"potentialAction\":[{\"@type\":\"ReadAction\",\"target\":[\"https:\/\/coincards.com\/eu\/product\/bucketlistgift-online-gift-card-electronic-delivery-4\/\"]}]},{\"@type\":\"ImageObject\",\"inLanguage\":\"en-CA\",\"@id\":\"https:\/\/coincards.com\/eu\/product\/bucketlistgift-online-gift-card-electronic-delivery-4\/#primaryimage\",\"url\":\"https:\/\/assets.coincards.com\/wp-content\/uploads\/sites\/6\/2024\/06\/04182450\/BUCKET-SI-card.png\",\"contentUrl\":\"https:\/\/assets.coincards.com\/wp-content\/uploads\/sites\/6\/2024\/06\/04182450\/BUCKET-SI-card.png\",\"width\":675,\"height\":425},{\"@type\":\"BreadcrumbList\",\"@id\":\"https:\/\/coincards.com\/eu\/product\/bucketlistgift-online-gift-card-electronic-delivery-4\/#breadcrumb\",\"itemListElement\":[{\"@type\":\"ListItem\",\"position\":1,\"name\":\"Home\",\"item\":\"https:\/\/coincards.com\/eu\/\"},{\"@type\":\"ListItem\",\"position\":2,\"name\":\"All Gift Cards\",\"item\":\"https:\/\/coincards.com\/eu\/all-gift-cards\/\"},{\"@type\":\"ListItem\",\"position\":3,\"name\":\"BucketlistGift Online Gift Card (Electronic Delivery) (Latvia)\"}]},{\"@type\":\"WebSite\",\"@id\":\"https:\/\/coincards.com\/eu\/#website\",\"url\":\"https:\/\/coincards.com\/eu\/\",\"name\":\"Coincards Europe\",\"description\":\"Austrlia&#039;s #1 Cryptocurrency to Gift Card Exchange Service\",\"potentialAction\":[{\"@type\":\"SearchAction\",\"target\":{\"@type\":\"EntryPoint\",\"urlTemplate\":\"https:\/\/coincards.com\/eu\/?s={search_term_string}\"},\"query-input\":{\"@type\":\"PropertyValueSpecification\",\"valueRequired\":true,\"valueName\":\"search_term_string\"}}],\"inLanguage\":\"en-CA\"}]}<\/script>\n<meta property=\"product:price:amount\" content=\"20.00\" \/>\n<meta property=\"product:price:currency\" content=\"EUR\" \/>\n<meta property=\"og:availability\" content=\"instock\" \/>\n<meta property=\"product:availability\" content=\"instock\" \/>\n<meta property=\"product:condition\" content=\"new\" \/>\n<!-- \/ Yoast SEO Premium plugin. -->","yoast_head_json":{"title":"BucketlistGift Online Gift Card (Electronic Delivery) (Latvia) - Coincards Europe","robots":{"index":"index","follow":"follow","max-snippet":"max-snippet:-1","max-image-preview":"max-image-preview:large","max-video-preview":"max-video-preview:-1"},"canonical":"https:\/\/coincards.com\/eu\/product\/bucketlistgift-online-gift-card-electronic-delivery-4\/","og_locale":"en_US","og_type":"article","og_title":"BucketlistGift Online Gift Card (Electronic Delivery) (Latvia)","og_description":"AirlineGift pied\u0101v\u0101 pasaul\u0113 lab\u0101ko aviokomp\u0101niju d\u0101vanu kartes un ce\u013cojumu rezerv\u0101cijas tie\u0161saist\u0113 ar unik\u0101lu 450 aviol\u012bniju izv\u0113li, lai rezerv\u0113tu lidojumu uz gandr\u012bz jebkuru vietu pasaul\u0113. AirlineGift pied\u0101v\u0101 t\u0101dus ce\u013cojumu z\u012bmolus k\u0101 Delta Airlines, American Airlines, United Airlines, British Airways, Qantas, Air France, KLM, Air Canada, Emirates, Etihad, Cathay Pacific, Singapore Airlines un simtiem citu uzticamu ce\u013cojumu partneru.","og_url":"https:\/\/coincards.com\/eu\/product\/bucketlistgift-online-gift-card-electronic-delivery-4\/","og_site_name":"Coincards Europe","article_modified_time":"2025-10-29T18:39:03+00:00","og_image":[{"width":675,"height":425,"url":"https:\/\/assets.coincards.com\/wp-content\/uploads\/sites\/6\/2024\/06\/04182450\/BUCKET-SI-card.png","type":"image\/png"}],"twitter_card":"summary_large_image","twitter_misc":{"Price":"&euro;20.00","Availability":"In stock"},"schema":{"@context":"https:\/\/schema.org","@graph":[{"@type":"WebPage","@id":"https:\/\/coincards.com\/eu\/product\/bucketlistgift-online-gift-card-electronic-delivery-4\/","url":"https:\/\/coincards.com\/eu\/product\/bucketlistgift-online-gift-card-electronic-delivery-4\/","name":"BucketlistGift Online Gift Card (Electronic Delivery) (Latvia) - Coincards Europe","isPartOf":{"@id":"https:\/\/coincards.com\/eu\/#website"},"primaryImageOfPage":{"@id":"https:\/\/coincards.com\/eu\/product\/bucketlistgift-online-gift-card-electronic-delivery-4\/#primaryimage"},"image":{"@id":"https:\/\/coincards.com\/eu\/product\/bucketlistgift-online-gift-card-electronic-delivery-4\/#primaryimage"},"thumbnailUrl":"https:\/\/assets.coincards.com\/wp-content\/uploads\/sites\/6\/2024\/06\/04182450\/BUCKET-SI-card.png","datePublished":"2024-05-18T05:21:45+00:00","dateModified":"2025-10-29T18:39:03+00:00","breadcrumb":{"@id":"https:\/\/coincards.com\/eu\/product\/bucketlistgift-online-gift-card-electronic-delivery-4\/#breadcrumb"},"inLanguage":"en-CA","potentialAction":[{"@type":"ReadAction","target":["https:\/\/coincards.com\/eu\/product\/bucketlistgift-online-gift-card-electronic-delivery-4\/"]}]},{"@type":"ImageObject","inLanguage":"en-CA","@id":"https:\/\/coincards.com\/eu\/product\/bucketlistgift-online-gift-card-electronic-delivery-4\/#primaryimage","url":"https:\/\/assets.coincards.com\/wp-content\/uploads\/sites\/6\/2024\/06\/04182450\/BUCKET-SI-card.png","contentUrl":"https:\/\/assets.coincards.com\/wp-content\/uploads\/sites\/6\/2024\/06\/04182450\/BUCKET-SI-card.png","width":675,"height":425},{"@type":"BreadcrumbList","@id":"https:\/\/coincards.com\/eu\/product\/bucketlistgift-online-gift-card-electronic-delivery-4\/#breadcrumb","itemListElement":[{"@type":"ListItem","position":1,"name":"Home","item":"https:\/\/coincards.com\/eu\/"},{"@type":"ListItem","position":2,"name":"All Gift Cards","item":"https:\/\/coincards.com\/eu\/all-gift-cards\/"},{"@type":"ListItem","position":3,"name":"BucketlistGift Online Gift Card (Electronic Delivery) (Latvia)"}]},{"@type":"WebSite","@id":"https:\/\/coincards.com\/eu\/#website","url":"https:\/\/coincards.com\/eu\/","name":"Coincards Europe","description":"Austrlia&#039;s #1 Cryptocurrency to Gift Card Exchange Service","potentialAction":[{"@type":"SearchAction","target":{"@type":"EntryPoint","urlTemplate":"https:\/\/coincards.com\/eu\/?s={search_term_string}"},"query-input":{"@type":"PropertyValueSpecification","valueRequired":true,"valueName":"search_term_string"}}],"inLanguage":"en-CA"}]},"product_price_amount":"20.00","product_price_currency":"EUR","og_availability":"instock","product_availability":"instock","product_condition":"new"},"_links":{"self":[{"href":"https:\/\/coincards.com\/eu\/wp-json\/wp\/v2\/product\/2312","targetHints":{"allow":["GET"]}}],"collection":[{"href":"https:\/\/coincards.com\/eu\/wp-json\/wp\/v2\/product"}],"about":[{"href":"https:\/\/coincards.com\/eu\/wp-json\/wp\/v2\/types\/product"}],"replies":[{"embeddable":true,"href":"https:\/\/coincards.com\/eu\/wp-json\/wp\/v2\/comments?post=2312"}],"wp:featuredmedia":[{"embeddable":true,"href":"https:\/\/coincards.com\/eu\/wp-json\/wp\/v2\/media\/5574"}],"wp:attachment":[{"href":"https:\/\/coincards.com\/eu\/wp-json\/wp\/v2\/media?parent=2312"}],"wp:term":[{"taxonomy":"product_cat","embeddable":true,"href":"https:\/\/coincards.com\/eu\/wp-json\/wp\/v2\/product_cat?post=2312"},{"taxonomy":"product_tag","embeddable":true,"href":"https:\/\/coincards.com\/eu\/wp-json\/wp\/v2\/product_tag?post=2312"}],"curies":[{"name":"wp","href":"https:\/\/api.w.org\/{rel}","templated":true}]}}