{"id":2308,"date":"2024-05-17T21:16:03","date_gmt":"2024-05-18T05:16:03","guid":{"rendered":"https:\/\/coincards.com\/eu\/?post_type=product&#038;p=2308"},"modified":"2025-10-29T10:38:46","modified_gmt":"2025-10-29T18:38:46","slug":"bucketlistgift-online-gift-card-electronic-delivery","status":"publish","type":"product","link":"https:\/\/coincards.com\/eu\/product\/bucketlistgift-online-gift-card-electronic-delivery\/","title":{"rendered":"BucketlistGift Online Gift Card (Electronic Delivery) (Slovenia)"},"content":{"rendered":"<p>prosim obi\u0161\u010dite <a href=\"http:\/\/tripgift.com\/info\/terms-and-conditions\" target=\"_blank\" rel=\"noopener\">http:\/\/tripgift.com\/info\/terms-and-conditions<\/a><\/p>\n<p>Navodila za odkup. Preberite spodnje informacije za navodila o tem, kako unov\u010diti svojo darilno kartico.<br \/>\nUnov\u010dite (uporabite) samo na spletu na: http:\/\/bucketlistgift.com<\/p>\n<p>1) Registrirajte ra\u010dun na http:\/\/bucketlistgift.com kliknite Rezerviraj potovanje | Odkupi<\/p>\n<p>2) I\u0161\u010dite, rezervirajte ali kupite glede na va\u0161e potrebe po izdelku.<\/p>\n<p>3) Ko izberete mo\u017enosti, ki najbolj ustrezajo va\u0161im potrebam, vnesite podatke o osebi ali vseh osebah, vklju\u010denih v rezervacijo ali transakcijo izdelka<\/p>\n<p>4) Nadaljujte na stran za odjavo ter kopirajte in prilepite svojo kodo eGift kartice v polje Izkoristi kodo eGift kartice in kliknite Po\u0161lji, nadaljujte, da se strinjate s pogoji in pogoji in kliknite Naro\u010di zdaj, da zaklju\u010dite svojo rezervacijo in transakcijo, kmalu boste prejeli potrditev po elektronski po\u0161ti.<\/p>\n<p>5) Na transakcijo sta dovoljeni najve\u010d 2 kodi kartice eGift. \u010ce vrednost va\u0161e ko\u0161arice presega vrednost kartice eGift, lahko razliko pla\u010date s kartico Visa, MasterCard ali American Express.<\/p>\n<p>6) Darilne kartice Bucketlist pote\u010dejo 12 mesecev od izdaje, razen za prebivalce Severne Amerike darilne kartice ne pote\u010dejo. Veljavnost na Irskem je 60 mesecev, v Avstraliji in Nem\u010diji pa 36 mesecev, v skladu z lokalno zakonodajo zvezne dr\u017eave in dr\u017eave ter kakr\u0161no koli zahtevano vrednostjo preostalega vra\u010dila za vsako zvezno dr\u017eavo in dr\u017eavo. Za popolne pogoje glede valute in zahtev za unov\u010denje v dr\u017eavi stalnega prebivali\u0161\u010da obi\u0161\u010dite http:\/\/tripgift.com\/info\/terms-and-conditions<\/p>\n<p>7) Vsa vsebina spletnega mesta, storitve za stranke, vstopnice in eVav\u010derji bodo v angle\u0161kem jeziku. Darilnih kartic in e-bonov ni mogo\u010de zamenjati ali povrniti.<\/p>\n<p>8) Za hitre odgovore in vsa vpra\u0161anja v zvezi z darilnimi karticami in najbolj\u0161o uporabo obi\u0161\u010dite https:\/\/faqs.tripgift.com\/<\/p>\n","protected":false},"excerpt":{"rendered":"<p>AirlineGift ponuja darilno kartico najbolj\u0161ih letalskih prevoznikov na svetu in izbor spletnih rezervacij potovanj z edinstveno izbiro 450 letalskih prevoznikov za rezervacijo leta skoraj kamor koli na svetu. AirlineGift ponuja potovalne znamke, kot so Delta Airlines, American Airlines, United Airlines, British Airways, Qantas, Air France, KLM, Air Canada, Emirates, Etihad, Cathay Pacific, Singapore Airlines in na stotine drugih zaupanja vrednih potovalnih partnerjev.<\/p>\n","protected":false},"featured_media":5574,"comment_status":"closed","ping_status":"closed","template":"","meta":{"_exactmetrics_skip_tracking":false,"_exactmetrics_sitenote_active":false,"_exactmetrics_sitenote_note":"","_exactmetrics_sitenote_category":0},"product_cat":[20],"product_tag":[],"class_list":{"0":"post-2308","1":"product","2":"type-product","3":"status-publish","4":"has-post-thumbnail","6":"product_brand-tripgift","7":"product_cat-electronic-gift-cards","8":"pa_country-availability-slovenia","10":"first","11":"instock","12":"virtual","13":"purchasable","14":"product-type-simple","15":"nyp-product"},"yoast_head":"<!-- This site is optimized with the Yoast SEO Premium plugin v20.11 (Yoast SEO v27.3) - https:\/\/yoast.com\/product\/yoast-seo-premium-wordpress\/ -->\n<title>BucketlistGift Online Gift Card (Electronic Delivery) (Slovenia) - Coincards Europe<\/title>\n<meta name=\"robots\" content=\"index, follow, max-snippet:-1, max-image-preview:large, max-video-preview:-1\" \/>\n<link rel=\"canonical\" href=\"https:\/\/coincards.com\/eu\/product\/bucketlistgift-online-gift-card-electronic-delivery\/\" \/>\n<meta property=\"og:locale\" content=\"en_US\" \/>\n<meta property=\"og:type\" content=\"article\" \/>\n<meta property=\"og:title\" content=\"BucketlistGift Online Gift Card (Electronic Delivery) (Slovenia)\" \/>\n<meta property=\"og:description\" content=\"AirlineGift ponuja darilno kartico najbolj\u0161ih letalskih prevoznikov na svetu in izbor spletnih rezervacij potovanj z edinstveno izbiro 450 letalskih prevoznikov za rezervacijo leta skoraj kamor koli na svetu. AirlineGift ponuja potovalne znamke, kot so Delta Airlines, American Airlines, United Airlines, British Airways, Qantas, Air France, KLM, Air Canada, Emirates, Etihad, Cathay Pacific, Singapore Airlines in na stotine drugih zaupanja vrednih potovalnih partnerjev.\" \/>\n<meta property=\"og:url\" content=\"https:\/\/coincards.com\/eu\/product\/bucketlistgift-online-gift-card-electronic-delivery\/\" \/>\n<meta property=\"og:site_name\" content=\"Coincards Europe\" \/>\n<meta property=\"article:modified_time\" content=\"2025-10-29T18:38:46+00:00\" \/>\n<meta property=\"og:image\" content=\"https:\/\/assets.coincards.com\/wp-content\/uploads\/sites\/6\/2024\/06\/04182450\/BUCKET-SI-card.png\" \/>\n\t<meta property=\"og:image:width\" content=\"675\" \/>\n\t<meta property=\"og:image:height\" content=\"425\" \/>\n\t<meta property=\"og:image:type\" content=\"image\/png\" \/>\n<meta name=\"twitter:card\" content=\"summary_large_image\" \/>\n<meta name=\"twitter:label1\" content=\"Price\" \/>\n\t<meta name=\"twitter:data1\" content=\"&euro;20.00\" \/>\n\t<meta name=\"twitter:label2\" content=\"Availability\" \/>\n\t<meta name=\"twitter:data2\" content=\"In stock\" \/>\n<script type=\"application\/ld+json\" class=\"yoast-schema-graph\">{\"@context\":\"https:\\\/\\\/schema.org\",\"@graph\":[{\"@type\":\"WebPage\",\"@id\":\"https:\\\/\\\/coincards.com\\\/eu\\\/product\\\/bucketlistgift-online-gift-card-electronic-delivery\\\/\",\"url\":\"https:\\\/\\\/coincards.com\\\/eu\\\/product\\\/bucketlistgift-online-gift-card-electronic-delivery\\\/\",\"name\":\"BucketlistGift Online Gift Card (Electronic Delivery) (Slovenia) - Coincards Europe\",\"isPartOf\":{\"@id\":\"https:\\\/\\\/coincards.com\\\/eu\\\/#website\"},\"primaryImageOfPage\":{\"@id\":\"https:\\\/\\\/coincards.com\\\/eu\\\/product\\\/bucketlistgift-online-gift-card-electronic-delivery\\\/#primaryimage\"},\"image\":{\"@id\":\"https:\\\/\\\/coincards.com\\\/eu\\\/product\\\/bucketlistgift-online-gift-card-electronic-delivery\\\/#primaryimage\"},\"thumbnailUrl\":\"https:\\\/\\\/assets.coincards.com\\\/wp-content\\\/uploads\\\/sites\\\/6\\\/2024\\\/06\\\/04182450\\\/BUCKET-SI-card.png\",\"datePublished\":\"2024-05-18T05:16:03+00:00\",\"dateModified\":\"2025-10-29T18:38:46+00:00\",\"breadcrumb\":{\"@id\":\"https:\\\/\\\/coincards.com\\\/eu\\\/product\\\/bucketlistgift-online-gift-card-electronic-delivery\\\/#breadcrumb\"},\"inLanguage\":\"en-CA\",\"potentialAction\":[{\"@type\":\"ReadAction\",\"target\":[\"https:\\\/\\\/coincards.com\\\/eu\\\/product\\\/bucketlistgift-online-gift-card-electronic-delivery\\\/\"]}]},{\"@type\":\"ImageObject\",\"inLanguage\":\"en-CA\",\"@id\":\"https:\\\/\\\/coincards.com\\\/eu\\\/product\\\/bucketlistgift-online-gift-card-electronic-delivery\\\/#primaryimage\",\"url\":\"https:\\\/\\\/assets.coincards.com\\\/wp-content\\\/uploads\\\/sites\\\/6\\\/2024\\\/06\\\/04182450\\\/BUCKET-SI-card.png\",\"contentUrl\":\"https:\\\/\\\/assets.coincards.com\\\/wp-content\\\/uploads\\\/sites\\\/6\\\/2024\\\/06\\\/04182450\\\/BUCKET-SI-card.png\",\"width\":675,\"height\":425},{\"@type\":\"BreadcrumbList\",\"@id\":\"https:\\\/\\\/coincards.com\\\/eu\\\/product\\\/bucketlistgift-online-gift-card-electronic-delivery\\\/#breadcrumb\",\"itemListElement\":[{\"@type\":\"ListItem\",\"position\":1,\"name\":\"Home\",\"item\":\"https:\\\/\\\/coincards.com\\\/eu\\\/\"},{\"@type\":\"ListItem\",\"position\":2,\"name\":\"All Gift Cards\",\"item\":\"https:\\\/\\\/coincards.com\\\/eu\\\/all-gift-cards\\\/\"},{\"@type\":\"ListItem\",\"position\":3,\"name\":\"BucketlistGift Online Gift Card (Electronic Delivery) (Slovenia)\"}]},{\"@type\":\"WebSite\",\"@id\":\"https:\\\/\\\/coincards.com\\\/eu\\\/#website\",\"url\":\"https:\\\/\\\/coincards.com\\\/eu\\\/\",\"name\":\"Coincards Europe\",\"description\":\"Austrlia&#039;s #1 Cryptocurrency to Gift Card Exchange Service\",\"potentialAction\":[{\"@type\":\"SearchAction\",\"target\":{\"@type\":\"EntryPoint\",\"urlTemplate\":\"https:\\\/\\\/coincards.com\\\/eu\\\/?s={search_term_string}\"},\"query-input\":{\"@type\":\"PropertyValueSpecification\",\"valueRequired\":true,\"valueName\":\"search_term_string\"}}],\"inLanguage\":\"en-CA\"}]}<\/script>\n<meta property=\"product:price:amount\" content=\"20.00\" \/>\n<meta property=\"product:price:currency\" content=\"EUR\" \/>\n<meta property=\"og:availability\" content=\"instock\" \/>\n<meta property=\"product:availability\" content=\"instock\" \/>\n<meta property=\"product:condition\" content=\"new\" \/>\n<!-- \/ Yoast SEO Premium plugin. -->","yoast_head_json":{"title":"BucketlistGift Online Gift Card (Electronic Delivery) (Slovenia) - Coincards Europe","robots":{"index":"index","follow":"follow","max-snippet":"max-snippet:-1","max-image-preview":"max-image-preview:large","max-video-preview":"max-video-preview:-1"},"canonical":"https:\/\/coincards.com\/eu\/product\/bucketlistgift-online-gift-card-electronic-delivery\/","og_locale":"en_US","og_type":"article","og_title":"BucketlistGift Online Gift Card (Electronic Delivery) (Slovenia)","og_description":"AirlineGift ponuja darilno kartico najbolj\u0161ih letalskih prevoznikov na svetu in izbor spletnih rezervacij potovanj z edinstveno izbiro 450 letalskih prevoznikov za rezervacijo leta skoraj kamor koli na svetu. AirlineGift ponuja potovalne znamke, kot so Delta Airlines, American Airlines, United Airlines, British Airways, Qantas, Air France, KLM, Air Canada, Emirates, Etihad, Cathay Pacific, Singapore Airlines in na stotine drugih zaupanja vrednih potovalnih partnerjev.","og_url":"https:\/\/coincards.com\/eu\/product\/bucketlistgift-online-gift-card-electronic-delivery\/","og_site_name":"Coincards Europe","article_modified_time":"2025-10-29T18:38:46+00:00","og_image":[{"width":675,"height":425,"url":"https:\/\/assets.coincards.com\/wp-content\/uploads\/sites\/6\/2024\/06\/04182450\/BUCKET-SI-card.png","type":"image\/png"}],"twitter_card":"summary_large_image","twitter_misc":{"Price":"&euro;20.00","Availability":"In stock"},"schema":{"@context":"https:\/\/schema.org","@graph":[{"@type":"WebPage","@id":"https:\/\/coincards.com\/eu\/product\/bucketlistgift-online-gift-card-electronic-delivery\/","url":"https:\/\/coincards.com\/eu\/product\/bucketlistgift-online-gift-card-electronic-delivery\/","name":"BucketlistGift Online Gift Card (Electronic Delivery) (Slovenia) - Coincards Europe","isPartOf":{"@id":"https:\/\/coincards.com\/eu\/#website"},"primaryImageOfPage":{"@id":"https:\/\/coincards.com\/eu\/product\/bucketlistgift-online-gift-card-electronic-delivery\/#primaryimage"},"image":{"@id":"https:\/\/coincards.com\/eu\/product\/bucketlistgift-online-gift-card-electronic-delivery\/#primaryimage"},"thumbnailUrl":"https:\/\/assets.coincards.com\/wp-content\/uploads\/sites\/6\/2024\/06\/04182450\/BUCKET-SI-card.png","datePublished":"2024-05-18T05:16:03+00:00","dateModified":"2025-10-29T18:38:46+00:00","breadcrumb":{"@id":"https:\/\/coincards.com\/eu\/product\/bucketlistgift-online-gift-card-electronic-delivery\/#breadcrumb"},"inLanguage":"en-CA","potentialAction":[{"@type":"ReadAction","target":["https:\/\/coincards.com\/eu\/product\/bucketlistgift-online-gift-card-electronic-delivery\/"]}]},{"@type":"ImageObject","inLanguage":"en-CA","@id":"https:\/\/coincards.com\/eu\/product\/bucketlistgift-online-gift-card-electronic-delivery\/#primaryimage","url":"https:\/\/assets.coincards.com\/wp-content\/uploads\/sites\/6\/2024\/06\/04182450\/BUCKET-SI-card.png","contentUrl":"https:\/\/assets.coincards.com\/wp-content\/uploads\/sites\/6\/2024\/06\/04182450\/BUCKET-SI-card.png","width":675,"height":425},{"@type":"BreadcrumbList","@id":"https:\/\/coincards.com\/eu\/product\/bucketlistgift-online-gift-card-electronic-delivery\/#breadcrumb","itemListElement":[{"@type":"ListItem","position":1,"name":"Home","item":"https:\/\/coincards.com\/eu\/"},{"@type":"ListItem","position":2,"name":"All Gift Cards","item":"https:\/\/coincards.com\/eu\/all-gift-cards\/"},{"@type":"ListItem","position":3,"name":"BucketlistGift Online Gift Card (Electronic Delivery) (Slovenia)"}]},{"@type":"WebSite","@id":"https:\/\/coincards.com\/eu\/#website","url":"https:\/\/coincards.com\/eu\/","name":"Coincards Europe","description":"Austrlia&#039;s #1 Cryptocurrency to Gift Card Exchange Service","potentialAction":[{"@type":"SearchAction","target":{"@type":"EntryPoint","urlTemplate":"https:\/\/coincards.com\/eu\/?s={search_term_string}"},"query-input":{"@type":"PropertyValueSpecification","valueRequired":true,"valueName":"search_term_string"}}],"inLanguage":"en-CA"}]},"product_price_amount":"20.00","product_price_currency":"EUR","og_availability":"instock","product_availability":"instock","product_condition":"new"},"_links":{"self":[{"href":"https:\/\/coincards.com\/eu\/wp-json\/wp\/v2\/product\/2308","targetHints":{"allow":["GET"]}}],"collection":[{"href":"https:\/\/coincards.com\/eu\/wp-json\/wp\/v2\/product"}],"about":[{"href":"https:\/\/coincards.com\/eu\/wp-json\/wp\/v2\/types\/product"}],"replies":[{"embeddable":true,"href":"https:\/\/coincards.com\/eu\/wp-json\/wp\/v2\/comments?post=2308"}],"wp:featuredmedia":[{"embeddable":true,"href":"https:\/\/coincards.com\/eu\/wp-json\/wp\/v2\/media\/5574"}],"wp:attachment":[{"href":"https:\/\/coincards.com\/eu\/wp-json\/wp\/v2\/media?parent=2308"}],"wp:term":[{"taxonomy":"product_cat","embeddable":true,"href":"https:\/\/coincards.com\/eu\/wp-json\/wp\/v2\/product_cat?post=2308"},{"taxonomy":"product_tag","embeddable":true,"href":"https:\/\/coincards.com\/eu\/wp-json\/wp\/v2\/product_tag?post=2308"}],"curies":[{"name":"wp","href":"https:\/\/api.w.org\/{rel}","templated":true}]}}