{"id":2199,"date":"2024-05-16T10:41:32","date_gmt":"2024-05-16T18:41:32","guid":{"rendered":"https:\/\/coincards.com\/eu\/?post_type=product&#038;p=2199"},"modified":"2026-05-08T11:50:06","modified_gmt":"2026-05-08T19:50:06","slug":"baur-online-gift-card-electronic-delivery","status":"publish","type":"product","link":"https:\/\/coincards.com\/eu\/product\/baur-online-gift-card-electronic-delivery\/","title":{"rendered":"BAUR Online Gift Card (Electronic Delivery) (Germany)"},"content":{"rendered":"","protected":false},"excerpt":{"rendered":"<p>BAUR &#8211; Der Versandhandel f\u00fcr jeden!<\/p>\n<p>Im Online-Shop von BAUR findest du von Bekleidung und Schuhen \u00fcber Schmuck bis hin zu M\u00f6beln und Wohntextilien alles, was das Herz begehrt. Lass dich inspirieren. Bei uns kannst du auch bequem auf Raten kaufen.<\/p>\n<p>\u00dcbrigens: Bist du ein Vielbesteller, k\u00f6nnte die Versandkostenflatrate f\u00fcr dich lohnenswert sein. F\u00fcr einmalig 15 Euro profitierst du ein Jahr lang von versandkostenfreien Lieferungen.<\/p>\n","protected":false},"featured_media":5559,"comment_status":"closed","ping_status":"closed","template":"","meta":{"_exactmetrics_skip_tracking":false,"_exactmetrics_sitenote_active":false,"_exactmetrics_sitenote_note":"","_exactmetrics_sitenote_category":0},"product_cat":[20],"product_tag":[],"class_list":{"0":"post-2199","1":"product","2":"type-product","3":"status-publish","4":"has-post-thumbnail","6":"product_brand-baur","7":"product_cat-electronic-gift-cards","8":"pa_country-availability-germany","10":"first","11":"instock","12":"shipping-taxable","13":"purchasable","14":"product-type-variable","15":"has-default-attributes"},"yoast_head":"<!-- This site is optimized with the Yoast SEO Premium plugin v20.11 (Yoast SEO v27.3) - https:\/\/yoast.com\/product\/yoast-seo-premium-wordpress\/ -->\n<title>BAUR Online Gift Card (Electronic Delivery) (Germany) - Coincards Europe<\/title>\n<meta name=\"robots\" content=\"index, follow, max-snippet:-1, max-image-preview:large, max-video-preview:-1\" \/>\n<link rel=\"canonical\" href=\"https:\/\/coincards.com\/eu\/product\/baur-online-gift-card-electronic-delivery\/\" \/>\n<meta property=\"og:locale\" content=\"en_US\" \/>\n<meta property=\"og:type\" content=\"article\" \/>\n<meta property=\"og:title\" content=\"BAUR Online Gift Card (Electronic Delivery) (Germany)\" \/>\n<meta property=\"og:description\" content=\"BAUR - Der Versandhandel f\u00fcr jeden!  Im Online-Shop von BAUR findest du von Bekleidung und Schuhen \u00fcber Schmuck bis hin zu M\u00f6beln und Wohntextilien alles, was das Herz begehrt. Lass dich inspirieren. Bei uns kannst du auch bequem auf Raten kaufen.  \u00dcbrigens: Bist du ein Vielbesteller, k\u00f6nnte die Versandkostenflatrate f\u00fcr dich lohnenswert sein. F\u00fcr einmalig 15 Euro profitierst du ein Jahr lang von versandkostenfreien Lieferungen.\" \/>\n<meta property=\"og:url\" content=\"https:\/\/coincards.com\/eu\/product\/baur-online-gift-card-electronic-delivery\/\" \/>\n<meta property=\"og:site_name\" content=\"Coincards Europe\" \/>\n<meta property=\"article:modified_time\" content=\"2026-05-08T19:50:06+00:00\" \/>\n<meta property=\"og:image\" content=\"https:\/\/assets.coincards.com\/wp-content\/uploads\/sites\/6\/2024\/06\/04182402\/BAUR-DE-card.png\" \/>\n\t<meta property=\"og:image:width\" content=\"675\" \/>\n\t<meta property=\"og:image:height\" content=\"425\" \/>\n\t<meta property=\"og:image:type\" content=\"image\/png\" \/>\n<meta name=\"twitter:card\" content=\"summary_large_image\" \/>\n<meta name=\"twitter:label1\" content=\"Availability\" \/>\n\t<meta name=\"twitter:data1\" content=\"In stock\" \/>\n<script type=\"application\/ld+json\" class=\"yoast-schema-graph\">{\"@context\":\"https:\\\/\\\/schema.org\",\"@graph\":[{\"@type\":\"WebPage\",\"@id\":\"https:\\\/\\\/coincards.com\\\/eu\\\/product\\\/baur-online-gift-card-electronic-delivery\\\/\",\"url\":\"https:\\\/\\\/coincards.com\\\/eu\\\/product\\\/baur-online-gift-card-electronic-delivery\\\/\",\"name\":\"BAUR Online Gift Card (Electronic Delivery) (Germany) - Coincards Europe\",\"isPartOf\":{\"@id\":\"https:\\\/\\\/coincards.com\\\/eu\\\/#website\"},\"primaryImageOfPage\":{\"@id\":\"https:\\\/\\\/coincards.com\\\/eu\\\/product\\\/baur-online-gift-card-electronic-delivery\\\/#primaryimage\"},\"image\":{\"@id\":\"https:\\\/\\\/coincards.com\\\/eu\\\/product\\\/baur-online-gift-card-electronic-delivery\\\/#primaryimage\"},\"thumbnailUrl\":\"https:\\\/\\\/assets.coincards.com\\\/wp-content\\\/uploads\\\/sites\\\/6\\\/2024\\\/06\\\/04182402\\\/BAUR-DE-card.png\",\"datePublished\":\"2024-05-16T18:41:32+00:00\",\"dateModified\":\"2026-05-08T19:50:06+00:00\",\"breadcrumb\":{\"@id\":\"https:\\\/\\\/coincards.com\\\/eu\\\/product\\\/baur-online-gift-card-electronic-delivery\\\/#breadcrumb\"},\"inLanguage\":\"en-CA\",\"potentialAction\":[{\"@type\":\"ReadAction\",\"target\":[\"https:\\\/\\\/coincards.com\\\/eu\\\/product\\\/baur-online-gift-card-electronic-delivery\\\/\"]}]},{\"@type\":\"ImageObject\",\"inLanguage\":\"en-CA\",\"@id\":\"https:\\\/\\\/coincards.com\\\/eu\\\/product\\\/baur-online-gift-card-electronic-delivery\\\/#primaryimage\",\"url\":\"https:\\\/\\\/assets.coincards.com\\\/wp-content\\\/uploads\\\/sites\\\/6\\\/2024\\\/06\\\/04182402\\\/BAUR-DE-card.png\",\"contentUrl\":\"https:\\\/\\\/assets.coincards.com\\\/wp-content\\\/uploads\\\/sites\\\/6\\\/2024\\\/06\\\/04182402\\\/BAUR-DE-card.png\",\"width\":675,\"height\":425},{\"@type\":\"BreadcrumbList\",\"@id\":\"https:\\\/\\\/coincards.com\\\/eu\\\/product\\\/baur-online-gift-card-electronic-delivery\\\/#breadcrumb\",\"itemListElement\":[{\"@type\":\"ListItem\",\"position\":1,\"name\":\"Home\",\"item\":\"https:\\\/\\\/coincards.com\\\/eu\\\/\"},{\"@type\":\"ListItem\",\"position\":2,\"name\":\"All Gift Cards\",\"item\":\"https:\\\/\\\/coincards.com\\\/eu\\\/all-gift-cards\\\/\"},{\"@type\":\"ListItem\",\"position\":3,\"name\":\"BAUR Online Gift Card (Electronic Delivery) (Germany)\"}]},{\"@type\":\"WebSite\",\"@id\":\"https:\\\/\\\/coincards.com\\\/eu\\\/#website\",\"url\":\"https:\\\/\\\/coincards.com\\\/eu\\\/\",\"name\":\"Coincards Europe\",\"description\":\"Austrlia&#039;s #1 Cryptocurrency to Gift Card Exchange Service\",\"potentialAction\":[{\"@type\":\"SearchAction\",\"target\":{\"@type\":\"EntryPoint\",\"urlTemplate\":\"https:\\\/\\\/coincards.com\\\/eu\\\/?s={search_term_string}\"},\"query-input\":{\"@type\":\"PropertyValueSpecification\",\"valueRequired\":true,\"valueName\":\"search_term_string\"}}],\"inLanguage\":\"en-CA\"}]}<\/script>\n<meta property=\"og:availability\" content=\"instock\" \/>\n<meta property=\"product:availability\" content=\"instock\" \/>\n<meta property=\"product:condition\" content=\"new\" \/>\n<!-- \/ Yoast SEO Premium plugin. -->","yoast_head_json":{"title":"BAUR Online Gift Card (Electronic Delivery) (Germany) - Coincards Europe","robots":{"index":"index","follow":"follow","max-snippet":"max-snippet:-1","max-image-preview":"max-image-preview:large","max-video-preview":"max-video-preview:-1"},"canonical":"https:\/\/coincards.com\/eu\/product\/baur-online-gift-card-electronic-delivery\/","og_locale":"en_US","og_type":"article","og_title":"BAUR Online Gift Card (Electronic Delivery) (Germany)","og_description":"BAUR - Der Versandhandel f\u00fcr jeden!  Im Online-Shop von BAUR findest du von Bekleidung und Schuhen \u00fcber Schmuck bis hin zu M\u00f6beln und Wohntextilien alles, was das Herz begehrt. Lass dich inspirieren. Bei uns kannst du auch bequem auf Raten kaufen.  \u00dcbrigens: Bist du ein Vielbesteller, k\u00f6nnte die Versandkostenflatrate f\u00fcr dich lohnenswert sein. F\u00fcr einmalig 15 Euro profitierst du ein Jahr lang von versandkostenfreien Lieferungen.","og_url":"https:\/\/coincards.com\/eu\/product\/baur-online-gift-card-electronic-delivery\/","og_site_name":"Coincards Europe","article_modified_time":"2026-05-08T19:50:06+00:00","og_image":[{"width":675,"height":425,"url":"https:\/\/assets.coincards.com\/wp-content\/uploads\/sites\/6\/2024\/06\/04182402\/BAUR-DE-card.png","type":"image\/png"}],"twitter_card":"summary_large_image","twitter_misc":{"Availability":"In stock"},"schema":{"@context":"https:\/\/schema.org","@graph":[{"@type":"WebPage","@id":"https:\/\/coincards.com\/eu\/product\/baur-online-gift-card-electronic-delivery\/","url":"https:\/\/coincards.com\/eu\/product\/baur-online-gift-card-electronic-delivery\/","name":"BAUR Online Gift Card (Electronic Delivery) (Germany) - Coincards Europe","isPartOf":{"@id":"https:\/\/coincards.com\/eu\/#website"},"primaryImageOfPage":{"@id":"https:\/\/coincards.com\/eu\/product\/baur-online-gift-card-electronic-delivery\/#primaryimage"},"image":{"@id":"https:\/\/coincards.com\/eu\/product\/baur-online-gift-card-electronic-delivery\/#primaryimage"},"thumbnailUrl":"https:\/\/assets.coincards.com\/wp-content\/uploads\/sites\/6\/2024\/06\/04182402\/BAUR-DE-card.png","datePublished":"2024-05-16T18:41:32+00:00","dateModified":"2026-05-08T19:50:06+00:00","breadcrumb":{"@id":"https:\/\/coincards.com\/eu\/product\/baur-online-gift-card-electronic-delivery\/#breadcrumb"},"inLanguage":"en-CA","potentialAction":[{"@type":"ReadAction","target":["https:\/\/coincards.com\/eu\/product\/baur-online-gift-card-electronic-delivery\/"]}]},{"@type":"ImageObject","inLanguage":"en-CA","@id":"https:\/\/coincards.com\/eu\/product\/baur-online-gift-card-electronic-delivery\/#primaryimage","url":"https:\/\/assets.coincards.com\/wp-content\/uploads\/sites\/6\/2024\/06\/04182402\/BAUR-DE-card.png","contentUrl":"https:\/\/assets.coincards.com\/wp-content\/uploads\/sites\/6\/2024\/06\/04182402\/BAUR-DE-card.png","width":675,"height":425},{"@type":"BreadcrumbList","@id":"https:\/\/coincards.com\/eu\/product\/baur-online-gift-card-electronic-delivery\/#breadcrumb","itemListElement":[{"@type":"ListItem","position":1,"name":"Home","item":"https:\/\/coincards.com\/eu\/"},{"@type":"ListItem","position":2,"name":"All Gift Cards","item":"https:\/\/coincards.com\/eu\/all-gift-cards\/"},{"@type":"ListItem","position":3,"name":"BAUR Online Gift Card (Electronic Delivery) (Germany)"}]},{"@type":"WebSite","@id":"https:\/\/coincards.com\/eu\/#website","url":"https:\/\/coincards.com\/eu\/","name":"Coincards Europe","description":"Austrlia&#039;s #1 Cryptocurrency to Gift Card Exchange Service","potentialAction":[{"@type":"SearchAction","target":{"@type":"EntryPoint","urlTemplate":"https:\/\/coincards.com\/eu\/?s={search_term_string}"},"query-input":{"@type":"PropertyValueSpecification","valueRequired":true,"valueName":"search_term_string"}}],"inLanguage":"en-CA"}]},"og_availability":"instock","product_availability":"instock","product_condition":"new"},"_links":{"self":[{"href":"https:\/\/coincards.com\/eu\/wp-json\/wp\/v2\/product\/2199","targetHints":{"allow":["GET"]}}],"collection":[{"href":"https:\/\/coincards.com\/eu\/wp-json\/wp\/v2\/product"}],"about":[{"href":"https:\/\/coincards.com\/eu\/wp-json\/wp\/v2\/types\/product"}],"replies":[{"embeddable":true,"href":"https:\/\/coincards.com\/eu\/wp-json\/wp\/v2\/comments?post=2199"}],"wp:featuredmedia":[{"embeddable":true,"href":"https:\/\/coincards.com\/eu\/wp-json\/wp\/v2\/media\/5559"}],"wp:attachment":[{"href":"https:\/\/coincards.com\/eu\/wp-json\/wp\/v2\/media?parent=2199"}],"wp:term":[{"taxonomy":"product_cat","embeddable":true,"href":"https:\/\/coincards.com\/eu\/wp-json\/wp\/v2\/product_cat?post=2199"},{"taxonomy":"product_tag","embeddable":true,"href":"https:\/\/coincards.com\/eu\/wp-json\/wp\/v2\/product_tag?post=2199"}],"curies":[{"name":"wp","href":"https:\/\/api.w.org\/{rel}","templated":true}]}}