{"id":2133,"date":"2024-05-15T20:51:19","date_gmt":"2024-05-16T04:51:19","guid":{"rendered":"https:\/\/coincards.com\/eu\/?post_type=product&#038;p=2133"},"modified":"2026-05-01T12:07:50","modified_gmt":"2026-05-01T20:07:50","slug":"atrapalo-es-online-gift-card-electronic-delivery","status":"publish","type":"product","link":"https:\/\/coincards.com\/eu\/product\/atrapalo-es-online-gift-card-electronic-delivery\/","title":{"rendered":"Atrapalo ES Online Gift Card (Electronic Delivery) (Spain)"},"content":{"rendered":"<p>El Vale de Atr\u00e1palo (en adelante, el \u201cVALE\u201d) deber\u00e1 canjearse en la compra de los productos que se ofrecen en la p\u00e1gina web de Atr\u00e1palo, S.L. (www.atrapalo.com). Dichas compras se imputan al saldo del VALE hasta que \u00e9ste quede a 0. Para canjear tu tarjeta de regalo, sigue estos pasos: Visita la p\u00e1gina web www.atrapalo.com y selecciona el producto que te gustar\u00eda comprar. Pulsa en &#8220;\u00bfTienes un Vale de Atr\u00e1palo?&#8221; y introduce el c\u00f3digo de tu vale. Si el importe del vale es igual al del producto, el importe a pagar ser\u00e1 cero. Si el importe del vale es menor al del procucto deber\u00e1s de abonar la diferencia con una tarjeta de cr\u00e9dito. Si el importe del vale es mayor al del producto, te lo descontamos del total y utilizas el valor sobrante en tu pr\u00f3xima compra. El vale no caduca. El Vale de Atr\u00e1palo no puede ser canjeado en en la compra de Vales Regalo, en algunos alojamientos s\u00f3lo con pago en Hotel, los productos de vuelo + hotel, tren + hotel, alquiler de coches y en algunos espect\u00e1culos con pago en taquilla.<\/p>\n<p><b>Restriction<\/b><\/p>\n<div>El Vale de Atr\u00e1palo (en adelante, el \u201cVALE\u201d) deber\u00e1 canjearse en la compra de los productos que se ofrecen en la p\u00e1gina web de Atr\u00e1palo, S.L. (www.atrapalo.com). Dichas compras se imputan al saldo del VALE hasta que \u00e9ste quede a 0. Para canjear tu tarjeta de regalo, sigue estos pasos: Visita la p\u00e1gina web www.atrapalo.com y selecciona el producto que te gustar\u00eda comprar. Pulsa en &#8220;\u00bfTienes un Vale de Atr\u00e1palo?&#8221; y introduce el c\u00f3digo de tu vale. Si el importe del vale es igual al del producto, el importe a pagar ser\u00e1 cero. Si el importe del vale es menor al del procucto deber\u00e1s de abonar la diferencia con una tarjeta de cr\u00e9dito. Si el importe del vale es mayor al del producto, te lo descontamos del total y utilizas el valor sobrante en tu pr\u00f3xima compra. El vale no caduca. El Vale de Atr\u00e1palo no puede ser canjeado en en la compra de Vales Regalo, en algunos alojamientos s\u00f3lo con pago en Hotel, los productos de vuelo + hotel, tren + hotel, alquiler de coches y en algunos espect\u00e1culos con pago en taquilla.<\/div>\n","protected":false},"excerpt":{"rendered":"<div>\n<div>La Giftcard de Atr\u00e1palo es la forma m\u00e1s original y divertida de hacer un regalo fuera de lo habitual. Las Giftcards de Atr\u00e1palo son experiencias. Entradas para el teatro, un viaje, un restaurante, noches de hotel&#8230; Una inspiraci\u00f3n para quien quiere hacer un regalo y una sorpresa para quien lo recibe.<\/div>\n<\/div>\n","protected":false},"featured_media":5549,"comment_status":"closed","ping_status":"closed","template":"","meta":{"_exactmetrics_skip_tracking":false,"_exactmetrics_sitenote_active":false,"_exactmetrics_sitenote_note":"","_exactmetrics_sitenote_category":0},"product_cat":[20],"product_tag":[],"class_list":{"0":"post-2133","1":"product","2":"type-product","3":"status-publish","4":"has-post-thumbnail","6":"product_brand-atrapalo-es","7":"product_cat-electronic-gift-cards","8":"pa_country-availability-spain","10":"first","11":"instock","12":"shipping-taxable","13":"purchasable","14":"product-type-variable"},"yoast_head":"<!-- This site is optimized with the Yoast SEO Premium plugin v20.11 (Yoast SEO v27.3) - https:\/\/yoast.com\/product\/yoast-seo-premium-wordpress\/ -->\n<title>Atrapalo ES Online Gift Card (Electronic Delivery) (Spain) - Coincards Europe<\/title>\n<meta name=\"robots\" content=\"index, follow, max-snippet:-1, max-image-preview:large, max-video-preview:-1\" \/>\n<link rel=\"canonical\" href=\"https:\/\/coincards.com\/eu\/product\/atrapalo-es-online-gift-card-electronic-delivery\/\" \/>\n<meta property=\"og:locale\" content=\"en_US\" \/>\n<meta property=\"og:type\" content=\"article\" \/>\n<meta property=\"og:title\" content=\"Atrapalo ES Online Gift Card (Electronic Delivery) (Spain)\" \/>\n<meta property=\"og:description\" content=\"La Giftcard de Atr\u00e1palo es la forma m\u00e1s original y divertida de hacer un regalo fuera de lo habitual. Las Giftcards de Atr\u00e1palo son experiencias. Entradas para el teatro, un viaje, un restaurante, noches de hotel... Una inspiraci\u00f3n para quien quiere hacer un regalo y una sorpresa para quien lo recibe.\" \/>\n<meta property=\"og:url\" content=\"https:\/\/coincards.com\/eu\/product\/atrapalo-es-online-gift-card-electronic-delivery\/\" \/>\n<meta property=\"og:site_name\" content=\"Coincards Europe\" \/>\n<meta property=\"article:modified_time\" content=\"2026-05-01T20:07:50+00:00\" \/>\n<meta property=\"og:image\" content=\"https:\/\/assets.coincards.com\/wp-content\/uploads\/sites\/6\/2024\/06\/04182018\/APALO-ES-card.png\" \/>\n\t<meta property=\"og:image:width\" content=\"675\" \/>\n\t<meta property=\"og:image:height\" content=\"425\" \/>\n\t<meta property=\"og:image:type\" content=\"image\/png\" \/>\n<meta name=\"twitter:card\" content=\"summary_large_image\" \/>\n<meta name=\"twitter:label1\" content=\"Availability\" \/>\n\t<meta name=\"twitter:data1\" content=\"In stock\" \/>\n<script type=\"application\/ld+json\" class=\"yoast-schema-graph\">{\"@context\":\"https:\\\/\\\/schema.org\",\"@graph\":[{\"@type\":\"WebPage\",\"@id\":\"https:\\\/\\\/coincards.com\\\/eu\\\/product\\\/atrapalo-es-online-gift-card-electronic-delivery\\\/\",\"url\":\"https:\\\/\\\/coincards.com\\\/eu\\\/product\\\/atrapalo-es-online-gift-card-electronic-delivery\\\/\",\"name\":\"Atrapalo ES Online Gift Card (Electronic Delivery) (Spain) - Coincards Europe\",\"isPartOf\":{\"@id\":\"https:\\\/\\\/coincards.com\\\/eu\\\/#website\"},\"primaryImageOfPage\":{\"@id\":\"https:\\\/\\\/coincards.com\\\/eu\\\/product\\\/atrapalo-es-online-gift-card-electronic-delivery\\\/#primaryimage\"},\"image\":{\"@id\":\"https:\\\/\\\/coincards.com\\\/eu\\\/product\\\/atrapalo-es-online-gift-card-electronic-delivery\\\/#primaryimage\"},\"thumbnailUrl\":\"https:\\\/\\\/assets.coincards.com\\\/wp-content\\\/uploads\\\/sites\\\/6\\\/2024\\\/06\\\/04182018\\\/APALO-ES-card.png\",\"datePublished\":\"2024-05-16T04:51:19+00:00\",\"dateModified\":\"2026-05-01T20:07:50+00:00\",\"breadcrumb\":{\"@id\":\"https:\\\/\\\/coincards.com\\\/eu\\\/product\\\/atrapalo-es-online-gift-card-electronic-delivery\\\/#breadcrumb\"},\"inLanguage\":\"en-CA\",\"potentialAction\":[{\"@type\":\"ReadAction\",\"target\":[\"https:\\\/\\\/coincards.com\\\/eu\\\/product\\\/atrapalo-es-online-gift-card-electronic-delivery\\\/\"]}]},{\"@type\":\"ImageObject\",\"inLanguage\":\"en-CA\",\"@id\":\"https:\\\/\\\/coincards.com\\\/eu\\\/product\\\/atrapalo-es-online-gift-card-electronic-delivery\\\/#primaryimage\",\"url\":\"https:\\\/\\\/assets.coincards.com\\\/wp-content\\\/uploads\\\/sites\\\/6\\\/2024\\\/06\\\/04182018\\\/APALO-ES-card.png\",\"contentUrl\":\"https:\\\/\\\/assets.coincards.com\\\/wp-content\\\/uploads\\\/sites\\\/6\\\/2024\\\/06\\\/04182018\\\/APALO-ES-card.png\",\"width\":675,\"height\":425},{\"@type\":\"BreadcrumbList\",\"@id\":\"https:\\\/\\\/coincards.com\\\/eu\\\/product\\\/atrapalo-es-online-gift-card-electronic-delivery\\\/#breadcrumb\",\"itemListElement\":[{\"@type\":\"ListItem\",\"position\":1,\"name\":\"Home\",\"item\":\"https:\\\/\\\/coincards.com\\\/eu\\\/\"},{\"@type\":\"ListItem\",\"position\":2,\"name\":\"All Gift Cards\",\"item\":\"https:\\\/\\\/coincards.com\\\/eu\\\/all-gift-cards\\\/\"},{\"@type\":\"ListItem\",\"position\":3,\"name\":\"Atrapalo ES Online Gift Card (Electronic Delivery) (Spain)\"}]},{\"@type\":\"WebSite\",\"@id\":\"https:\\\/\\\/coincards.com\\\/eu\\\/#website\",\"url\":\"https:\\\/\\\/coincards.com\\\/eu\\\/\",\"name\":\"Coincards Europe\",\"description\":\"Austrlia&#039;s #1 Cryptocurrency to Gift Card Exchange Service\",\"potentialAction\":[{\"@type\":\"SearchAction\",\"target\":{\"@type\":\"EntryPoint\",\"urlTemplate\":\"https:\\\/\\\/coincards.com\\\/eu\\\/?s={search_term_string}\"},\"query-input\":{\"@type\":\"PropertyValueSpecification\",\"valueRequired\":true,\"valueName\":\"search_term_string\"}}],\"inLanguage\":\"en-CA\"}]}<\/script>\n<meta property=\"og:availability\" content=\"instock\" \/>\n<meta property=\"product:availability\" content=\"instock\" \/>\n<meta property=\"product:condition\" content=\"new\" \/>\n<!-- \/ Yoast SEO Premium plugin. -->","yoast_head_json":{"title":"Atrapalo ES Online Gift Card (Electronic Delivery) (Spain) - Coincards Europe","robots":{"index":"index","follow":"follow","max-snippet":"max-snippet:-1","max-image-preview":"max-image-preview:large","max-video-preview":"max-video-preview:-1"},"canonical":"https:\/\/coincards.com\/eu\/product\/atrapalo-es-online-gift-card-electronic-delivery\/","og_locale":"en_US","og_type":"article","og_title":"Atrapalo ES Online Gift Card (Electronic Delivery) (Spain)","og_description":"La Giftcard de Atr\u00e1palo es la forma m\u00e1s original y divertida de hacer un regalo fuera de lo habitual. Las Giftcards de Atr\u00e1palo son experiencias. Entradas para el teatro, un viaje, un restaurante, noches de hotel... Una inspiraci\u00f3n para quien quiere hacer un regalo y una sorpresa para quien lo recibe.","og_url":"https:\/\/coincards.com\/eu\/product\/atrapalo-es-online-gift-card-electronic-delivery\/","og_site_name":"Coincards Europe","article_modified_time":"2026-05-01T20:07:50+00:00","og_image":[{"width":675,"height":425,"url":"https:\/\/assets.coincards.com\/wp-content\/uploads\/sites\/6\/2024\/06\/04182018\/APALO-ES-card.png","type":"image\/png"}],"twitter_card":"summary_large_image","twitter_misc":{"Availability":"In stock"},"schema":{"@context":"https:\/\/schema.org","@graph":[{"@type":"WebPage","@id":"https:\/\/coincards.com\/eu\/product\/atrapalo-es-online-gift-card-electronic-delivery\/","url":"https:\/\/coincards.com\/eu\/product\/atrapalo-es-online-gift-card-electronic-delivery\/","name":"Atrapalo ES Online Gift Card (Electronic Delivery) (Spain) - Coincards Europe","isPartOf":{"@id":"https:\/\/coincards.com\/eu\/#website"},"primaryImageOfPage":{"@id":"https:\/\/coincards.com\/eu\/product\/atrapalo-es-online-gift-card-electronic-delivery\/#primaryimage"},"image":{"@id":"https:\/\/coincards.com\/eu\/product\/atrapalo-es-online-gift-card-electronic-delivery\/#primaryimage"},"thumbnailUrl":"https:\/\/assets.coincards.com\/wp-content\/uploads\/sites\/6\/2024\/06\/04182018\/APALO-ES-card.png","datePublished":"2024-05-16T04:51:19+00:00","dateModified":"2026-05-01T20:07:50+00:00","breadcrumb":{"@id":"https:\/\/coincards.com\/eu\/product\/atrapalo-es-online-gift-card-electronic-delivery\/#breadcrumb"},"inLanguage":"en-CA","potentialAction":[{"@type":"ReadAction","target":["https:\/\/coincards.com\/eu\/product\/atrapalo-es-online-gift-card-electronic-delivery\/"]}]},{"@type":"ImageObject","inLanguage":"en-CA","@id":"https:\/\/coincards.com\/eu\/product\/atrapalo-es-online-gift-card-electronic-delivery\/#primaryimage","url":"https:\/\/assets.coincards.com\/wp-content\/uploads\/sites\/6\/2024\/06\/04182018\/APALO-ES-card.png","contentUrl":"https:\/\/assets.coincards.com\/wp-content\/uploads\/sites\/6\/2024\/06\/04182018\/APALO-ES-card.png","width":675,"height":425},{"@type":"BreadcrumbList","@id":"https:\/\/coincards.com\/eu\/product\/atrapalo-es-online-gift-card-electronic-delivery\/#breadcrumb","itemListElement":[{"@type":"ListItem","position":1,"name":"Home","item":"https:\/\/coincards.com\/eu\/"},{"@type":"ListItem","position":2,"name":"All Gift Cards","item":"https:\/\/coincards.com\/eu\/all-gift-cards\/"},{"@type":"ListItem","position":3,"name":"Atrapalo ES Online Gift Card (Electronic Delivery) (Spain)"}]},{"@type":"WebSite","@id":"https:\/\/coincards.com\/eu\/#website","url":"https:\/\/coincards.com\/eu\/","name":"Coincards Europe","description":"Austrlia&#039;s #1 Cryptocurrency to Gift Card Exchange Service","potentialAction":[{"@type":"SearchAction","target":{"@type":"EntryPoint","urlTemplate":"https:\/\/coincards.com\/eu\/?s={search_term_string}"},"query-input":{"@type":"PropertyValueSpecification","valueRequired":true,"valueName":"search_term_string"}}],"inLanguage":"en-CA"}]},"og_availability":"instock","product_availability":"instock","product_condition":"new"},"_links":{"self":[{"href":"https:\/\/coincards.com\/eu\/wp-json\/wp\/v2\/product\/2133","targetHints":{"allow":["GET"]}}],"collection":[{"href":"https:\/\/coincards.com\/eu\/wp-json\/wp\/v2\/product"}],"about":[{"href":"https:\/\/coincards.com\/eu\/wp-json\/wp\/v2\/types\/product"}],"replies":[{"embeddable":true,"href":"https:\/\/coincards.com\/eu\/wp-json\/wp\/v2\/comments?post=2133"}],"wp:featuredmedia":[{"embeddable":true,"href":"https:\/\/coincards.com\/eu\/wp-json\/wp\/v2\/media\/5549"}],"wp:attachment":[{"href":"https:\/\/coincards.com\/eu\/wp-json\/wp\/v2\/media?parent=2133"}],"wp:term":[{"taxonomy":"product_cat","embeddable":true,"href":"https:\/\/coincards.com\/eu\/wp-json\/wp\/v2\/product_cat?post=2133"},{"taxonomy":"product_tag","embeddable":true,"href":"https:\/\/coincards.com\/eu\/wp-json\/wp\/v2\/product_tag?post=2133"}],"curies":[{"name":"wp","href":"https:\/\/api.w.org\/{rel}","templated":true}]}}