{"id":2054,"date":"2024-05-15T20:04:44","date_gmt":"2024-05-16T04:04:44","guid":{"rendered":"https:\/\/coincards.com\/eu\/?post_type=product&#038;p=2054"},"modified":"2024-06-04T18:20:01","modified_gmt":"2024-06-05T02:20:01","slug":"arsenal-f-c-europe-online-gift-card-electronic-delivery-5","status":"publish","type":"product","link":"https:\/\/coincards.com\/eu\/product\/arsenal-f-c-europe-online-gift-card-electronic-delivery-5\/","title":{"rendered":"Arsenal F.C. Europe Online Gift Card (Electronic Delivery) (Italy)"},"content":{"rendered":"<p>I voucher eGift venduti sul negozio online possono essere acquistati in sterline, dollari australiani, dollari statunitensi o euro (solo una valuta per voucher eGift). I voucher eGift possono essere riscattati presso i negozi al dettaglio o sul negozio online. Non \u00e8 consentito l&#8217;utilizzo di un saldo voucher elettronico eGift per acquistare biglietti o abbonamenti Arsenal.<\/p>\n<p>Se il tuo importo di acquisto \u00e8 inferiore al saldo sul voucher eGift, il saldo non utilizzato verr\u00e0 riportato e potr\u00e0 essere utilizzato per gli acquisti in un secondo momento. Se il tuo importo di acquisto supera il valore del saldo sul voucher eGift, l&#8217;importo rimanente deve essere pagato con altra offerta accettabile.<br \/>\nPuoi controllare il saldo del tuo voucher eGift in qualsiasi negozio al dettaglio o nel negozio online.<\/p>\n<p>La normale Politica di restituzione \/ scambio dell&#8217;Arsenale (disponibile su [www.arsenaldirect.arsenal.com](www.arsenaldirect.arsenal.com)) viene applicata coerentemente a qualsiasi prodotto acquistato con un voucher eGift. Quando si effettua un acquisto in un negozio al dettaglio utilizzando un voucher eGift che non \u00e8 in sterline, l&#8217;Arsenal applicher\u00e0 un tasso di cambio al momento dell&#8217;acquisto. Se in seguito viene richiesto un rimborso, l&#8217;equivalente in valuta del rimborso potrebbe non corrispondere all&#8217;equivalente in valuta dell&#8217;importo di acquisto originale, a causa delle fluttuazioni dei tassi di cambio. Ci pu\u00f2 quindi essere una manna o una mancia residua sul voucher eGift. In caso di carenza, l&#8217;importo rimanente deve essere pagato con altra offerta accettabile.<\/p>\n<p>I voucher eGift e \/ o qualsiasi saldo non utilizzato non possono essere riscattati o scambiati con denaro. I rimborsi non saranno dati per l&#8217;acquisto di un voucher eGift. I voucher eGift e qualsiasi saldo inutilizzato scadranno 12 mesi dalla data dell&#8217;ultimo utilizzo del voucher eGift o, se non utilizzati, della data di emissione del voucher eGift. I voucher eGift non possono essere utilizzati per acquistare un altro voucher eGift o una carta regalo.<\/p>\n<p>Per i termini e le condizioni completi si prega di visitare: [https:\/\/arsenaldirect.arsenal.com\/termsAndConditions](http:\/\/arsenaldirect.arsenal.com\/termsAndConditions)<\/p>\n<p>&nbsp;<\/p>\n<p>I voucher eGift possono essere riscattati presso i negozi ufficiali dell&#8217;Arsenal nel Regno Unito o sul negozio online presso: [https:\/\/arsenaldirect.arsenal.com\/](http:\/\/https:\/\/arsenaldirect.arsenal.com\/)<\/p>\n","protected":false},"excerpt":{"rendered":"<p>Immerso nella storia e nella tradizione, l&#8217;Arsenal Football Club ha prosperato in uno spirito pioneristico e innovativo che \u00e8 esistito durante i suoi 125 anni di esistenza. Mentre la societ\u00e0 e il calcio potrebbero essere cambiati durante questo periodo, l&#8217;Arsenal \u00e8 sempre servito a creare un senso di comunit\u00e0 per le persone a Islington, nel Regno Unito e ora in tutto il mondo.<\/p>\n<p>L&#8217;Arsenal Football Club esiste per rendere i fan orgogliosi ovunque si trovino nel mondo e comunque scelgono di seguire il club.<\/p>\n<p>Metti un sorriso sul volto di un fan offrendo loro una carta regalo Arsenal da spendere in negozio e online su una vasta gamma di articoli dell&#8217;Arsenal tra cui abbigliamento, accessori e regali. Non disponibile su biglietti per la giornata della partita o abbonamenti.<\/p>\n","protected":false},"featured_media":5545,"comment_status":"closed","ping_status":"closed","template":"","meta":{"_exactmetrics_skip_tracking":false,"_exactmetrics_sitenote_active":false,"_exactmetrics_sitenote_note":"","_exactmetrics_sitenote_category":0},"product_cat":[20],"product_tag":[],"class_list":{"0":"post-2054","1":"product","2":"type-product","3":"status-publish","4":"has-post-thumbnail","6":"product_brand-arsenal-f-c","7":"product_cat-electronic-gift-cards","8":"pa_country-availability-italy","10":"first","11":"instock","12":"shipping-taxable","13":"purchasable","14":"product-type-variable"},"yoast_head":"<!-- This site is optimized with the Yoast SEO Premium plugin v20.11 (Yoast SEO v25.8) - https:\/\/yoast.com\/wordpress\/plugins\/seo\/ -->\n<title>Arsenal F.C. Europe Online Gift Card (Electronic Delivery) (Italy) - Coincards Europe<\/title>\n<meta name=\"robots\" content=\"index, follow, max-snippet:-1, max-image-preview:large, max-video-preview:-1\" \/>\n<link rel=\"canonical\" href=\"https:\/\/coincards.com\/eu\/product\/arsenal-f-c-europe-online-gift-card-electronic-delivery-5\/\" \/>\n<meta property=\"og:locale\" content=\"en_US\" \/>\n<meta property=\"og:type\" content=\"article\" \/>\n<meta property=\"og:title\" content=\"Arsenal F.C. Europe Online Gift Card (Electronic Delivery) (Italy)\" \/>\n<meta property=\"og:description\" content=\"Immerso nella storia e nella tradizione, l&#039;Arsenal Football Club ha prosperato in uno spirito pioneristico e innovativo che \u00e8 esistito durante i suoi 125 anni di esistenza. Mentre la societ\u00e0 e il calcio potrebbero essere cambiati durante questo periodo, l&#039;Arsenal \u00e8 sempre servito a creare un senso di comunit\u00e0 per le persone a Islington, nel Regno Unito e ora in tutto il mondo.  L&#039;Arsenal Football Club esiste per rendere i fan orgogliosi ovunque si trovino nel mondo e comunque scelgono di seguire il club.  Metti un sorriso sul volto di un fan offrendo loro una carta regalo Arsenal da spendere in negozio e online su una vasta gamma di articoli dell&#039;Arsenal tra cui abbigliamento, accessori e regali. Non disponibile su biglietti per la giornata della partita o abbonamenti.\" \/>\n<meta property=\"og:url\" content=\"https:\/\/coincards.com\/eu\/product\/arsenal-f-c-europe-online-gift-card-electronic-delivery-5\/\" \/>\n<meta property=\"og:site_name\" content=\"Coincards Europe\" \/>\n<meta property=\"article:modified_time\" content=\"2024-06-05T02:20:01+00:00\" \/>\n<meta property=\"og:image\" content=\"https:\/\/assets.coincards.com\/wp-content\/uploads\/sites\/6\/2024\/05\/15193000\/ARSNL-ES-card.png\" \/>\n\t<meta property=\"og:image:width\" content=\"675\" \/>\n\t<meta property=\"og:image:height\" content=\"425\" \/>\n\t<meta property=\"og:image:type\" content=\"image\/png\" \/>\n<meta name=\"twitter:card\" content=\"summary_large_image\" \/>\n<meta name=\"twitter:label1\" content=\"Availability\" \/>\n\t<meta name=\"twitter:data1\" content=\"In stock\" \/>\n<script type=\"application\/ld+json\" class=\"yoast-schema-graph\">{\"@context\":\"https:\/\/schema.org\",\"@graph\":[{\"@type\":\"WebPage\",\"@id\":\"https:\/\/coincards.com\/eu\/product\/arsenal-f-c-europe-online-gift-card-electronic-delivery-5\/\",\"url\":\"https:\/\/coincards.com\/eu\/product\/arsenal-f-c-europe-online-gift-card-electronic-delivery-5\/\",\"name\":\"Arsenal F.C. Europe Online Gift Card (Electronic Delivery) (Italy) - Coincards Europe\",\"isPartOf\":{\"@id\":\"https:\/\/coincards.com\/eu\/#website\"},\"primaryImageOfPage\":{\"@id\":\"https:\/\/coincards.com\/eu\/product\/arsenal-f-c-europe-online-gift-card-electronic-delivery-5\/#primaryimage\"},\"image\":{\"@id\":\"https:\/\/coincards.com\/eu\/product\/arsenal-f-c-europe-online-gift-card-electronic-delivery-5\/#primaryimage\"},\"thumbnailUrl\":\"https:\/\/assets.coincards.com\/wp-content\/uploads\/sites\/6\/2024\/06\/04181938\/ARSNL-ES-card.png\",\"datePublished\":\"2024-05-16T04:04:44+00:00\",\"dateModified\":\"2024-06-05T02:20:01+00:00\",\"breadcrumb\":{\"@id\":\"https:\/\/coincards.com\/eu\/product\/arsenal-f-c-europe-online-gift-card-electronic-delivery-5\/#breadcrumb\"},\"inLanguage\":\"en-CA\",\"potentialAction\":[{\"@type\":\"ReadAction\",\"target\":[\"https:\/\/coincards.com\/eu\/product\/arsenal-f-c-europe-online-gift-card-electronic-delivery-5\/\"]}]},{\"@type\":\"ImageObject\",\"inLanguage\":\"en-CA\",\"@id\":\"https:\/\/coincards.com\/eu\/product\/arsenal-f-c-europe-online-gift-card-electronic-delivery-5\/#primaryimage\",\"url\":\"https:\/\/assets.coincards.com\/wp-content\/uploads\/sites\/6\/2024\/06\/04181938\/ARSNL-ES-card.png\",\"contentUrl\":\"https:\/\/assets.coincards.com\/wp-content\/uploads\/sites\/6\/2024\/06\/04181938\/ARSNL-ES-card.png\",\"width\":675,\"height\":425},{\"@type\":\"BreadcrumbList\",\"@id\":\"https:\/\/coincards.com\/eu\/product\/arsenal-f-c-europe-online-gift-card-electronic-delivery-5\/#breadcrumb\",\"itemListElement\":[{\"@type\":\"ListItem\",\"position\":1,\"name\":\"Home\",\"item\":\"https:\/\/coincards.com\/eu\/\"},{\"@type\":\"ListItem\",\"position\":2,\"name\":\"All Gift Cards\",\"item\":\"https:\/\/coincards.com\/eu\/all-gift-cards\/\"},{\"@type\":\"ListItem\",\"position\":3,\"name\":\"Arsenal F.C. Europe Online Gift Card (Electronic Delivery) (Italy)\"}]},{\"@type\":\"WebSite\",\"@id\":\"https:\/\/coincards.com\/eu\/#website\",\"url\":\"https:\/\/coincards.com\/eu\/\",\"name\":\"Coincards Europe\",\"description\":\"Austrlia&#039;s #1 Cryptocurrency to Gift Card Exchange Service\",\"potentialAction\":[{\"@type\":\"SearchAction\",\"target\":{\"@type\":\"EntryPoint\",\"urlTemplate\":\"https:\/\/coincards.com\/eu\/?s={search_term_string}\"},\"query-input\":{\"@type\":\"PropertyValueSpecification\",\"valueRequired\":true,\"valueName\":\"search_term_string\"}}],\"inLanguage\":\"en-CA\"}]}<\/script>\n<meta property=\"og:availability\" content=\"instock\" \/>\n<meta property=\"product:availability\" content=\"instock\" \/>\n<meta property=\"product:condition\" content=\"new\" \/>\n<!-- \/ Yoast SEO Premium plugin. -->","yoast_head_json":{"title":"Arsenal F.C. Europe Online Gift Card (Electronic Delivery) (Italy) - Coincards Europe","robots":{"index":"index","follow":"follow","max-snippet":"max-snippet:-1","max-image-preview":"max-image-preview:large","max-video-preview":"max-video-preview:-1"},"canonical":"https:\/\/coincards.com\/eu\/product\/arsenal-f-c-europe-online-gift-card-electronic-delivery-5\/","og_locale":"en_US","og_type":"article","og_title":"Arsenal F.C. Europe Online Gift Card (Electronic Delivery) (Italy)","og_description":"Immerso nella storia e nella tradizione, l'Arsenal Football Club ha prosperato in uno spirito pioneristico e innovativo che \u00e8 esistito durante i suoi 125 anni di esistenza. Mentre la societ\u00e0 e il calcio potrebbero essere cambiati durante questo periodo, l'Arsenal \u00e8 sempre servito a creare un senso di comunit\u00e0 per le persone a Islington, nel Regno Unito e ora in tutto il mondo.  L'Arsenal Football Club esiste per rendere i fan orgogliosi ovunque si trovino nel mondo e comunque scelgono di seguire il club.  Metti un sorriso sul volto di un fan offrendo loro una carta regalo Arsenal da spendere in negozio e online su una vasta gamma di articoli dell'Arsenal tra cui abbigliamento, accessori e regali. Non disponibile su biglietti per la giornata della partita o abbonamenti.","og_url":"https:\/\/coincards.com\/eu\/product\/arsenal-f-c-europe-online-gift-card-electronic-delivery-5\/","og_site_name":"Coincards Europe","article_modified_time":"2024-06-05T02:20:01+00:00","og_image":[{"width":675,"height":425,"url":"https:\/\/assets.coincards.com\/wp-content\/uploads\/sites\/6\/2024\/05\/15193000\/ARSNL-ES-card.png","type":"image\/png"}],"twitter_card":"summary_large_image","twitter_misc":{"Availability":"In stock"},"schema":{"@context":"https:\/\/schema.org","@graph":[{"@type":"WebPage","@id":"https:\/\/coincards.com\/eu\/product\/arsenal-f-c-europe-online-gift-card-electronic-delivery-5\/","url":"https:\/\/coincards.com\/eu\/product\/arsenal-f-c-europe-online-gift-card-electronic-delivery-5\/","name":"Arsenal F.C. Europe Online Gift Card (Electronic Delivery) (Italy) - Coincards Europe","isPartOf":{"@id":"https:\/\/coincards.com\/eu\/#website"},"primaryImageOfPage":{"@id":"https:\/\/coincards.com\/eu\/product\/arsenal-f-c-europe-online-gift-card-electronic-delivery-5\/#primaryimage"},"image":{"@id":"https:\/\/coincards.com\/eu\/product\/arsenal-f-c-europe-online-gift-card-electronic-delivery-5\/#primaryimage"},"thumbnailUrl":"https:\/\/assets.coincards.com\/wp-content\/uploads\/sites\/6\/2024\/06\/04181938\/ARSNL-ES-card.png","datePublished":"2024-05-16T04:04:44+00:00","dateModified":"2024-06-05T02:20:01+00:00","breadcrumb":{"@id":"https:\/\/coincards.com\/eu\/product\/arsenal-f-c-europe-online-gift-card-electronic-delivery-5\/#breadcrumb"},"inLanguage":"en-CA","potentialAction":[{"@type":"ReadAction","target":["https:\/\/coincards.com\/eu\/product\/arsenal-f-c-europe-online-gift-card-electronic-delivery-5\/"]}]},{"@type":"ImageObject","inLanguage":"en-CA","@id":"https:\/\/coincards.com\/eu\/product\/arsenal-f-c-europe-online-gift-card-electronic-delivery-5\/#primaryimage","url":"https:\/\/assets.coincards.com\/wp-content\/uploads\/sites\/6\/2024\/06\/04181938\/ARSNL-ES-card.png","contentUrl":"https:\/\/assets.coincards.com\/wp-content\/uploads\/sites\/6\/2024\/06\/04181938\/ARSNL-ES-card.png","width":675,"height":425},{"@type":"BreadcrumbList","@id":"https:\/\/coincards.com\/eu\/product\/arsenal-f-c-europe-online-gift-card-electronic-delivery-5\/#breadcrumb","itemListElement":[{"@type":"ListItem","position":1,"name":"Home","item":"https:\/\/coincards.com\/eu\/"},{"@type":"ListItem","position":2,"name":"All Gift Cards","item":"https:\/\/coincards.com\/eu\/all-gift-cards\/"},{"@type":"ListItem","position":3,"name":"Arsenal F.C. Europe Online Gift Card (Electronic Delivery) (Italy)"}]},{"@type":"WebSite","@id":"https:\/\/coincards.com\/eu\/#website","url":"https:\/\/coincards.com\/eu\/","name":"Coincards Europe","description":"Austrlia&#039;s #1 Cryptocurrency to Gift Card Exchange Service","potentialAction":[{"@type":"SearchAction","target":{"@type":"EntryPoint","urlTemplate":"https:\/\/coincards.com\/eu\/?s={search_term_string}"},"query-input":{"@type":"PropertyValueSpecification","valueRequired":true,"valueName":"search_term_string"}}],"inLanguage":"en-CA"}]},"og_availability":"instock","product_availability":"instock","product_condition":"new"},"_links":{"self":[{"href":"https:\/\/coincards.com\/eu\/wp-json\/wp\/v2\/product\/2054","targetHints":{"allow":["GET"]}}],"collection":[{"href":"https:\/\/coincards.com\/eu\/wp-json\/wp\/v2\/product"}],"about":[{"href":"https:\/\/coincards.com\/eu\/wp-json\/wp\/v2\/types\/product"}],"replies":[{"embeddable":true,"href":"https:\/\/coincards.com\/eu\/wp-json\/wp\/v2\/comments?post=2054"}],"wp:featuredmedia":[{"embeddable":true,"href":"https:\/\/coincards.com\/eu\/wp-json\/wp\/v2\/media\/5545"}],"wp:attachment":[{"href":"https:\/\/coincards.com\/eu\/wp-json\/wp\/v2\/media?parent=2054"}],"wp:term":[{"taxonomy":"product_cat","embeddable":true,"href":"https:\/\/coincards.com\/eu\/wp-json\/wp\/v2\/product_cat?post=2054"},{"taxonomy":"product_tag","embeddable":true,"href":"https:\/\/coincards.com\/eu\/wp-json\/wp\/v2\/product_tag?post=2054"}],"curies":[{"name":"wp","href":"https:\/\/api.w.org\/{rel}","templated":true}]}}