{"id":1962,"date":"2024-05-14T12:08:28","date_gmt":"2024-05-14T20:08:28","guid":{"rendered":"https:\/\/coincards.com\/eu\/?post_type=product&#038;p=1962"},"modified":"2025-10-29T10:19:44","modified_gmt":"2025-10-29T18:19:44","slug":"airlinegift-online-gift-card-electronic-delivery-7","status":"publish","type":"product","link":"https:\/\/coincards.com\/eu\/product\/airlinegift-online-gift-card-electronic-delivery-7\/","title":{"rendered":"AirlineGift Online Gift Card (Electronic Delivery) (Lithuania)"},"content":{"rendered":"<p>1) Vienai operacijai leid\u017eiami ne daugiau kaip 2 e-Dovan\u0173 korteli\u0173 kodai, jei j\u016bs\u0173 krep\u0161elio vert\u0117 vir\u0161ija el. dovan\u0173 korteli\u0173 vert\u0119, skirtum\u0105 galite sumok\u0117ti naudodami Visa, MasterCard arba American Express.<\/p>\n<p>2) AirlineGift dovan\u0173 kortel\u0117s galioja 12 m\u0117nesi\u0173 nuo i\u0161davimo, i\u0161skyrus \u0160iaur\u0117s Amerikos gyventojams dovan\u0173 korteli\u0173 galiojimo laikas nesibaigia. Airija galioja 60 m\u0117nesi\u0173, o Australija ir Vokietija \u2013 36 m\u0117nesius, atsi\u017evelgiant \u012f vietinius valstijos ir \u0161alies \u012fstatymus ir bet koki\u0105 reikalaujam\u0105 likutin\u0119 gr\u0105\u017einam\u0105j\u0105 sum\u0105 kiekvienai valstijai ir \u0161aliai. Nor\u0117dami su\u017einoti visas valiutos ir gyvenamosios \u0161alies i\u0161pirkimo reikalavim\u0173 s\u0105lygas, apsilankykite http: \/\/tripgift.com\/info\/terms-and-conditions.aspx<\/p>\n<p>3) Visas svetain\u0117s turinys, klient\u0173 aptarnavimas, bilietai ir el. kuponai bus angl\u0173 kalba. Dovan\u0173 kortel\u0117s ir elektroniniai \u010dekiai negali b\u016bti kei\u010diami arba gr\u0105\u017einami.<\/p>\n<p>4) Nor\u0117dami gauti greit\u0173 atsakym\u0173 ir bet koki\u0173 klausim\u0173 d\u0117l dovan\u0173 korteli\u0173 ir geriausio panaudojimo, apsilankykite https:\/\/faqs.tripgift.com\/<\/p>\n<p>&nbsp;<\/p>\n<p>Perskaitykite toliau pateikt\u0105 informacij\u0105, kad gautum\u0117te instrukcijas, kaip i\u0161pirkti dovan\u0173 kortel\u0119.<br \/>\nI\u0161pirkite (naudokite) Tik internetu: http:\/\/airlinegift.com<\/p>\n<p>1) U\u017eregistruokite paskyr\u0105 adresu http:\/\/airlinegift.com, tada spustel\u0117kite U\u017esakyti kelion\u0119 | I\u0161pirkti<\/p>\n<p>2) Ie\u0161kokite, u\u017esisakykite arba pirkite pagal savo produkt\u0173 poreikius.<\/p>\n<p>3) Pasirink\u0119 geriausiai j\u016bs\u0173 poreikius atitinkan\u010dias parinktis, \u012fveskite asmens duomenis<br \/>\narba visi asmenys, susij\u0119 su u\u017esakymu ar produkto operacija<\/p>\n<p>4) Eikite \u012f i\u0161siregistravimo puslap\u012f ir nukopijuokite bei \u012fklijuokite el. dovan\u0173 kortel\u0117s kod\u0105 \u012f i\u0161pirkim\u0105<br \/>\nDovan\u0173 kortel\u0117s kodo laukel\u012f ir spustel\u0117kite Pateikti, sutikite su s\u0105lygomis ir spustel\u0117kite U\u017esakyti dabar<br \/>\nU\u017ebaikite u\u017esakym\u0105 ir operacij\u0105, netrukus gausite patvirtinim\u0105 el. pa\u0161tu.<\/p>\n<p>5) Vienai operacijai leid\u017eiami ne daugiau kaip 2 e-Dovan\u0173 korteli\u0173 kodai, jei j\u016bs\u0173 krep\u0161elio vert\u0117 vir\u0161ija el. dovan\u0173 korteli\u0173 vert\u0119, skirtum\u0105 galite sumok\u0117ti naudodami Visa, MasterCard arba American Express.<\/p>\n<p>6) \u201eAirlineGift\u201c dovan\u0173 kortel\u0117s galioja 12 m\u0117nesi\u0173 nuo i\u0161davimo, i\u0161skyrus \u0160iaur\u0117s Amerikos gyventoj\u0173 dovan\u0173 korteli\u0173 galiojimo pabaig\u0105. Airija galioja 60 m\u0117nesi\u0173, o Australija ir Vokietija \u2013 36 m\u0117nesius, atsi\u017evelgiant \u012f vietinius valstijos ir \u0161alies \u012fstatymus ir bet koki\u0105 reikalaujam\u0105 likutin\u0119 gr\u0105\u017einam\u0105j\u0105 sum\u0105 kiekvienai valstijai ir \u0161aliai. Nor\u0117dami su\u017einoti visas valiutos ir gyvenamosios \u0161alies i\u0161pirkimo reikalavim\u0173 s\u0105lygas, apsilankykite http: \/\/tripgift.com\/info\/terms-and-conditions.aspx<\/p>\n<p>7) Visas svetain\u0117s turinys, klient\u0173 aptarnavimas, bilietai ir el. kuponai bus pateikiami angl\u0173 kalba. Dovan\u0173 kortel\u0117s ir elektroniniai \u010dekiai negali b\u016bti kei\u010diami arba gr\u0105\u017einami.<\/p>\n<p>8) Nor\u0117dami gauti greit\u0173 atsakym\u0173 ir bet koki\u0173 klausim\u0173 d\u0117l dovan\u0173 korteli\u0173 ir geriausio panaudojimo, apsilankykite https:\/\/faqs.tripgift.com\/<\/p>\n","protected":false},"excerpt":{"rendered":"<p>AirlineGift si\u016blo geriausias pasaulyje oro linij\u0173 dovan\u0173 korteles ir kelioni\u0173 internetu u\u017esakymo pasirinkim\u0105 su unikaliu 450 oro linij\u0173 pasirinkimu, kad gal\u0117tum\u0117te u\u017esisakyti skryd\u012f \u012f beveik bet kuri\u0105 pasaulio viet\u0105. AirlineGift si\u016blo tokius kelioni\u0173 preki\u0173 \u017eenklus kaip Delta Airlines, American Airlines, United Airlines, British Airways, Qantas, Air France, KLM, Air Canada, Emirates, Etihad, Cathay Pacific, Singapore Airlines ir \u0161imtus kit\u0173 patikim\u0173 kelioni\u0173 partneri\u0173.<\/p>\n","protected":false},"featured_media":5536,"comment_status":"closed","ping_status":"closed","template":"","meta":{"_exactmetrics_skip_tracking":false,"_exactmetrics_sitenote_active":false,"_exactmetrics_sitenote_note":"","_exactmetrics_sitenote_category":0},"product_cat":[20],"product_tag":[],"class_list":{"0":"post-1962","1":"product","2":"type-product","3":"status-publish","4":"has-post-thumbnail","6":"product_brand-airlinegift-2","7":"product_cat-electronic-gift-cards","8":"pa_country-availability-lithuania","10":"first","11":"instock","12":"virtual","13":"purchasable","14":"product-type-simple","15":"nyp-product"},"yoast_head":"<!-- This site is optimized with the Yoast SEO Premium plugin v20.11 (Yoast SEO v25.8) - https:\/\/yoast.com\/wordpress\/plugins\/seo\/ -->\n<title>AirlineGift Online Gift Card (Electronic Delivery) (Lithuania) - Coincards Europe<\/title>\n<meta name=\"robots\" content=\"index, follow, max-snippet:-1, max-image-preview:large, max-video-preview:-1\" \/>\n<link rel=\"canonical\" href=\"https:\/\/coincards.com\/eu\/product\/airlinegift-online-gift-card-electronic-delivery-7\/\" \/>\n<meta property=\"og:locale\" content=\"en_US\" \/>\n<meta property=\"og:type\" content=\"article\" \/>\n<meta property=\"og:title\" content=\"AirlineGift Online Gift Card (Electronic Delivery) (Lithuania)\" \/>\n<meta property=\"og:description\" content=\"AirlineGift si\u016blo geriausias pasaulyje oro linij\u0173 dovan\u0173 korteles ir kelioni\u0173 internetu u\u017esakymo pasirinkim\u0105 su unikaliu 450 oro linij\u0173 pasirinkimu, kad gal\u0117tum\u0117te u\u017esisakyti skryd\u012f \u012f beveik bet kuri\u0105 pasaulio viet\u0105. AirlineGift si\u016blo tokius kelioni\u0173 preki\u0173 \u017eenklus kaip Delta Airlines, American Airlines, United Airlines, British Airways, Qantas, Air France, KLM, Air Canada, Emirates, Etihad, Cathay Pacific, Singapore Airlines ir \u0161imtus kit\u0173 patikim\u0173 kelioni\u0173 partneri\u0173.\" \/>\n<meta property=\"og:url\" content=\"https:\/\/coincards.com\/eu\/product\/airlinegift-online-gift-card-electronic-delivery-7\/\" \/>\n<meta property=\"og:site_name\" content=\"Coincards Europe\" \/>\n<meta property=\"article:modified_time\" content=\"2025-10-29T18:19:44+00:00\" \/>\n<meta property=\"og:image\" content=\"https:\/\/assets.coincards.com\/wp-content\/uploads\/sites\/6\/2024\/06\/04181904\/AGIFT-ES-card.png\" \/>\n\t<meta property=\"og:image:width\" content=\"675\" \/>\n\t<meta property=\"og:image:height\" content=\"425\" \/>\n\t<meta property=\"og:image:type\" content=\"image\/png\" \/>\n<meta name=\"twitter:card\" content=\"summary_large_image\" \/>\n<meta name=\"twitter:label1\" content=\"Price\" \/>\n\t<meta name=\"twitter:data1\" content=\"&euro;20.00\" \/>\n\t<meta name=\"twitter:label2\" content=\"Availability\" \/>\n\t<meta name=\"twitter:data2\" content=\"In stock\" \/>\n<script type=\"application\/ld+json\" class=\"yoast-schema-graph\">{\"@context\":\"https:\/\/schema.org\",\"@graph\":[{\"@type\":\"WebPage\",\"@id\":\"https:\/\/coincards.com\/eu\/product\/airlinegift-online-gift-card-electronic-delivery-7\/\",\"url\":\"https:\/\/coincards.com\/eu\/product\/airlinegift-online-gift-card-electronic-delivery-7\/\",\"name\":\"AirlineGift Online Gift Card (Electronic Delivery) (Lithuania) - Coincards Europe\",\"isPartOf\":{\"@id\":\"https:\/\/coincards.com\/eu\/#website\"},\"primaryImageOfPage\":{\"@id\":\"https:\/\/coincards.com\/eu\/product\/airlinegift-online-gift-card-electronic-delivery-7\/#primaryimage\"},\"image\":{\"@id\":\"https:\/\/coincards.com\/eu\/product\/airlinegift-online-gift-card-electronic-delivery-7\/#primaryimage\"},\"thumbnailUrl\":\"https:\/\/assets.coincards.com\/wp-content\/uploads\/sites\/6\/2024\/06\/04181904\/AGIFT-ES-card.png\",\"datePublished\":\"2024-05-14T20:08:28+00:00\",\"dateModified\":\"2025-10-29T18:19:44+00:00\",\"breadcrumb\":{\"@id\":\"https:\/\/coincards.com\/eu\/product\/airlinegift-online-gift-card-electronic-delivery-7\/#breadcrumb\"},\"inLanguage\":\"en-CA\",\"potentialAction\":[{\"@type\":\"ReadAction\",\"target\":[\"https:\/\/coincards.com\/eu\/product\/airlinegift-online-gift-card-electronic-delivery-7\/\"]}]},{\"@type\":\"ImageObject\",\"inLanguage\":\"en-CA\",\"@id\":\"https:\/\/coincards.com\/eu\/product\/airlinegift-online-gift-card-electronic-delivery-7\/#primaryimage\",\"url\":\"https:\/\/assets.coincards.com\/wp-content\/uploads\/sites\/6\/2024\/06\/04181904\/AGIFT-ES-card.png\",\"contentUrl\":\"https:\/\/assets.coincards.com\/wp-content\/uploads\/sites\/6\/2024\/06\/04181904\/AGIFT-ES-card.png\",\"width\":675,\"height\":425},{\"@type\":\"BreadcrumbList\",\"@id\":\"https:\/\/coincards.com\/eu\/product\/airlinegift-online-gift-card-electronic-delivery-7\/#breadcrumb\",\"itemListElement\":[{\"@type\":\"ListItem\",\"position\":1,\"name\":\"Home\",\"item\":\"https:\/\/coincards.com\/eu\/\"},{\"@type\":\"ListItem\",\"position\":2,\"name\":\"All Gift Cards\",\"item\":\"https:\/\/coincards.com\/eu\/all-gift-cards\/\"},{\"@type\":\"ListItem\",\"position\":3,\"name\":\"AirlineGift Online Gift Card (Electronic Delivery) (Lithuania)\"}]},{\"@type\":\"WebSite\",\"@id\":\"https:\/\/coincards.com\/eu\/#website\",\"url\":\"https:\/\/coincards.com\/eu\/\",\"name\":\"Coincards Europe\",\"description\":\"Austrlia&#039;s #1 Cryptocurrency to Gift Card Exchange Service\",\"potentialAction\":[{\"@type\":\"SearchAction\",\"target\":{\"@type\":\"EntryPoint\",\"urlTemplate\":\"https:\/\/coincards.com\/eu\/?s={search_term_string}\"},\"query-input\":{\"@type\":\"PropertyValueSpecification\",\"valueRequired\":true,\"valueName\":\"search_term_string\"}}],\"inLanguage\":\"en-CA\"}]}<\/script>\n<meta property=\"product:price:amount\" content=\"20.00\" \/>\n<meta property=\"product:price:currency\" content=\"EUR\" \/>\n<meta property=\"og:availability\" content=\"instock\" \/>\n<meta property=\"product:availability\" content=\"instock\" \/>\n<meta property=\"product:condition\" content=\"new\" \/>\n<!-- \/ Yoast SEO Premium plugin. -->","yoast_head_json":{"title":"AirlineGift Online Gift Card (Electronic Delivery) (Lithuania) - Coincards Europe","robots":{"index":"index","follow":"follow","max-snippet":"max-snippet:-1","max-image-preview":"max-image-preview:large","max-video-preview":"max-video-preview:-1"},"canonical":"https:\/\/coincards.com\/eu\/product\/airlinegift-online-gift-card-electronic-delivery-7\/","og_locale":"en_US","og_type":"article","og_title":"AirlineGift Online Gift Card (Electronic Delivery) (Lithuania)","og_description":"AirlineGift si\u016blo geriausias pasaulyje oro linij\u0173 dovan\u0173 korteles ir kelioni\u0173 internetu u\u017esakymo pasirinkim\u0105 su unikaliu 450 oro linij\u0173 pasirinkimu, kad gal\u0117tum\u0117te u\u017esisakyti skryd\u012f \u012f beveik bet kuri\u0105 pasaulio viet\u0105. AirlineGift si\u016blo tokius kelioni\u0173 preki\u0173 \u017eenklus kaip Delta Airlines, American Airlines, United Airlines, British Airways, Qantas, Air France, KLM, Air Canada, Emirates, Etihad, Cathay Pacific, Singapore Airlines ir \u0161imtus kit\u0173 patikim\u0173 kelioni\u0173 partneri\u0173.","og_url":"https:\/\/coincards.com\/eu\/product\/airlinegift-online-gift-card-electronic-delivery-7\/","og_site_name":"Coincards Europe","article_modified_time":"2025-10-29T18:19:44+00:00","og_image":[{"width":675,"height":425,"url":"https:\/\/assets.coincards.com\/wp-content\/uploads\/sites\/6\/2024\/06\/04181904\/AGIFT-ES-card.png","type":"image\/png"}],"twitter_card":"summary_large_image","twitter_misc":{"Price":"&euro;20.00","Availability":"In stock"},"schema":{"@context":"https:\/\/schema.org","@graph":[{"@type":"WebPage","@id":"https:\/\/coincards.com\/eu\/product\/airlinegift-online-gift-card-electronic-delivery-7\/","url":"https:\/\/coincards.com\/eu\/product\/airlinegift-online-gift-card-electronic-delivery-7\/","name":"AirlineGift Online Gift Card (Electronic Delivery) (Lithuania) - Coincards Europe","isPartOf":{"@id":"https:\/\/coincards.com\/eu\/#website"},"primaryImageOfPage":{"@id":"https:\/\/coincards.com\/eu\/product\/airlinegift-online-gift-card-electronic-delivery-7\/#primaryimage"},"image":{"@id":"https:\/\/coincards.com\/eu\/product\/airlinegift-online-gift-card-electronic-delivery-7\/#primaryimage"},"thumbnailUrl":"https:\/\/assets.coincards.com\/wp-content\/uploads\/sites\/6\/2024\/06\/04181904\/AGIFT-ES-card.png","datePublished":"2024-05-14T20:08:28+00:00","dateModified":"2025-10-29T18:19:44+00:00","breadcrumb":{"@id":"https:\/\/coincards.com\/eu\/product\/airlinegift-online-gift-card-electronic-delivery-7\/#breadcrumb"},"inLanguage":"en-CA","potentialAction":[{"@type":"ReadAction","target":["https:\/\/coincards.com\/eu\/product\/airlinegift-online-gift-card-electronic-delivery-7\/"]}]},{"@type":"ImageObject","inLanguage":"en-CA","@id":"https:\/\/coincards.com\/eu\/product\/airlinegift-online-gift-card-electronic-delivery-7\/#primaryimage","url":"https:\/\/assets.coincards.com\/wp-content\/uploads\/sites\/6\/2024\/06\/04181904\/AGIFT-ES-card.png","contentUrl":"https:\/\/assets.coincards.com\/wp-content\/uploads\/sites\/6\/2024\/06\/04181904\/AGIFT-ES-card.png","width":675,"height":425},{"@type":"BreadcrumbList","@id":"https:\/\/coincards.com\/eu\/product\/airlinegift-online-gift-card-electronic-delivery-7\/#breadcrumb","itemListElement":[{"@type":"ListItem","position":1,"name":"Home","item":"https:\/\/coincards.com\/eu\/"},{"@type":"ListItem","position":2,"name":"All Gift Cards","item":"https:\/\/coincards.com\/eu\/all-gift-cards\/"},{"@type":"ListItem","position":3,"name":"AirlineGift Online Gift Card (Electronic Delivery) (Lithuania)"}]},{"@type":"WebSite","@id":"https:\/\/coincards.com\/eu\/#website","url":"https:\/\/coincards.com\/eu\/","name":"Coincards Europe","description":"Austrlia&#039;s #1 Cryptocurrency to Gift Card Exchange Service","potentialAction":[{"@type":"SearchAction","target":{"@type":"EntryPoint","urlTemplate":"https:\/\/coincards.com\/eu\/?s={search_term_string}"},"query-input":{"@type":"PropertyValueSpecification","valueRequired":true,"valueName":"search_term_string"}}],"inLanguage":"en-CA"}]},"product_price_amount":"20.00","product_price_currency":"EUR","og_availability":"instock","product_availability":"instock","product_condition":"new"},"_links":{"self":[{"href":"https:\/\/coincards.com\/eu\/wp-json\/wp\/v2\/product\/1962","targetHints":{"allow":["GET"]}}],"collection":[{"href":"https:\/\/coincards.com\/eu\/wp-json\/wp\/v2\/product"}],"about":[{"href":"https:\/\/coincards.com\/eu\/wp-json\/wp\/v2\/types\/product"}],"replies":[{"embeddable":true,"href":"https:\/\/coincards.com\/eu\/wp-json\/wp\/v2\/comments?post=1962"}],"wp:featuredmedia":[{"embeddable":true,"href":"https:\/\/coincards.com\/eu\/wp-json\/wp\/v2\/media\/5536"}],"wp:attachment":[{"href":"https:\/\/coincards.com\/eu\/wp-json\/wp\/v2\/media?parent=1962"}],"wp:term":[{"taxonomy":"product_cat","embeddable":true,"href":"https:\/\/coincards.com\/eu\/wp-json\/wp\/v2\/product_cat?post=1962"},{"taxonomy":"product_tag","embeddable":true,"href":"https:\/\/coincards.com\/eu\/wp-json\/wp\/v2\/product_tag?post=1962"}],"curies":[{"name":"wp","href":"https:\/\/api.w.org\/{rel}","templated":true}]}}