{"id":1957,"date":"2024-05-14T11:55:34","date_gmt":"2024-05-14T19:55:34","guid":{"rendered":"https:\/\/coincards.com\/eu\/?post_type=product&#038;p=1957"},"modified":"2025-10-29T10:19:18","modified_gmt":"2025-10-29T18:19:18","slug":"airlinegift-online-gift-card-electronic-delivery-3","status":"publish","type":"product","link":"https:\/\/coincards.com\/eu\/product\/airlinegift-online-gift-card-electronic-delivery-3\/","title":{"rendered":"AirlineGift Online Gift Card (Electronic Delivery) (Slovakia)"},"content":{"rendered":"<p>1) Na transakciu s\u00fa povolen\u00e9 maxim\u00e1lne 2 k\u00f3dy eDar\u010dekov\u00fdch kariet, ak hodnota v\u00e1\u0161ho ko\u0161\u00edka presahuje hodnotu eDar\u010dekov\u00fdch kariet, rozdiel m\u00f4\u017eete doplati\u0165 pomocou kariet Visa, MasterCard alebo American Express.<\/p>\n<p>2) Dar\u010dekov\u00e9 karty AirlineGift maj\u00fa platnos\u0165 12 mesiacov od vydania, s v\u00fdnimkou dar\u010dekov\u00fdch kariet obyvate\u013eov Severnej Ameriky. Platnos\u0165 pre \u00cdrsko je 60 mesiacov a pre Austr\u00e1liu a Nemecko je to 36 mesiacov, v s\u00falade s miestnymi z\u00e1konmi \u0161t\u00e1tu a krajiny a ak\u00fdmko\u013evek po\u017eadovan\u00fdm zostatkov\u00fdm vr\u00e1ten\u00edm pre ka\u017ed\u00fd \u0161t\u00e1t a krajinu. \u00dapln\u00e9 zmluvn\u00e9 podmienky t\u00fdkaj\u00face sa po\u017eiadaviek na vyplatenie meny a krajiny bydliska n\u00e1jdete na str\u00e1nke http: \/\/tripgift.com\/info\/terms-and-conditions.aspx<\/p>\n<p>3) V\u0161etok obsah webovej str\u00e1nky, z\u00e1kazn\u00edcky servis, vstupenky a elektronick\u00e9 pouk\u00e1\u017eky bud\u00fa v anglickom jazyku. Dar\u010dekov\u00e9 karty a eVouchery nie je mo\u017en\u00e9 vymeni\u0165 ani vr\u00e1ti\u0165.<\/p>\n<p>4) R\u00fdchle odpovede a ak\u00e9ko\u013evek ot\u00e1zky t\u00fdkaj\u00face sa dar\u010dekov\u00fdch kariet a ich najlep\u0161ieho pou\u017eitia n\u00e1jdete na https:\/\/faqs.tripgift.com\/<\/p>\n<p>&nbsp;<\/p>\n<p>Pokyny na uplatnenie dar\u010dekovej karty n\u00e1jdete v ni\u017e\u0161ie uveden\u00fdch inform\u00e1ci\u00e1ch.<br \/>\nUplatnite (pou\u017eite) iba online na: http:\/\/airlinegift.com<\/p>\n<p>1) Zaregistrujte si \u00fa\u010det na http:\/\/airlinegift.com a potom kliknite na Rezervova\u0165 cestu | Uplatni\u0165<\/p>\n<p>2) Vyh\u013eadajte, rezervujte alebo nakupujte na z\u00e1klade potrieb v\u00e1\u0161ho produktu.<\/p>\n<p>3) Po v\u00fdbere mo\u017enost\u00ed, ktor\u00e9 najlep\u0161ie vyhovuj\u00fa va\u0161im potreb\u00e1m, zadajte podrobnosti o osobe<br \/>\nalebo v\u0161etky osoby zapojen\u00e9 do rezerv\u00e1cie alebo transakcie produktu<\/p>\n<p>4) Pokra\u010dujte na platobn\u00fa str\u00e1nku a skop\u00edrujte a prilepte k\u00f3d svojej elektronickej dar\u010dekovej karty do \u010dasti Uplatni\u0165<br \/>\ndo po\u013ea s k\u00f3dom elektronickej dar\u010dekovej karty a kliknite na tla\u010didlo Odosla\u0165, pokra\u010dujte v s\u00fahlase s VOP a kliknite na tla\u010didlo Objedna\u0165 teraz<br \/>\ndokon\u010dite svoju rezerv\u00e1ciu a transakciu, \u010doskoro dostanete potvrdenie e-mailom.<\/p>\n<p>5) Na jednu transakciu s\u00fa povolen\u00e9 maxim\u00e1lne 2 k\u00f3dy eDar\u010dekov\u00fdch kariet, ak hodnota v\u00e1\u0161ho ko\u0161\u00edka presahuje hodnotu eDar\u010dekov\u00fdch kariet, rozdiel m\u00f4\u017eete doplati\u0165 pomocou kariet Visa, MasterCard alebo American Express.<\/p>\n<p>6) Dar\u010dekov\u00e9 karty AirlineGift maj\u00fa platnos\u0165 12 mesiacov od vydania, s v\u00fdnimkou dar\u010dekov\u00fdch kariet obyvate\u013eov Severnej Ameriky. Platnos\u0165 pre \u00cdrsko je 60 mesiacov a pre Austr\u00e1liu a Nemecko je to 36 mesiacov, v s\u00falade s miestnymi z\u00e1konmi \u0161t\u00e1tu a krajiny a ak\u00fdmko\u013evek po\u017eadovan\u00fdm zostatkov\u00fdm vr\u00e1ten\u00edm pre ka\u017ed\u00fd \u0161t\u00e1t a krajinu. \u00dapln\u00e9 zmluvn\u00e9 podmienky t\u00fdkaj\u00face sa po\u017eiadaviek na vyplatenie meny a krajiny bydliska n\u00e1jdete na str\u00e1nke http: \/\/tripgift.com\/info\/terms-and-conditions.aspx<\/p>\n<p>7) V\u0161etok obsah webovej str\u00e1nky, z\u00e1kazn\u00edcky servis, vstupenky a elektronick\u00e9 pouk\u00e1\u017eky bud\u00fa v anglickom jazyku. Dar\u010dekov\u00e9 karty a eVouchery nie je mo\u017en\u00e9 vymeni\u0165 ani vr\u00e1ti\u0165.<\/p>\n<p>8) R\u00fdchle odpovede a ak\u00e9ko\u013evek ot\u00e1zky t\u00fdkaj\u00face sa dar\u010dekov\u00fdch kariet a ich najlep\u0161ieho pou\u017eitia n\u00e1jdete na https:\/\/faqs.tripgift.com\/<\/p>\n","protected":false},"excerpt":{"rendered":"<p>AirlineGift pon\u00faka najlep\u0161iu dar\u010dekov\u00fa kartu leteck\u00fdch spolo\u010dnost\u00ed na svete a v\u00fdber online cestovn\u00fdch rezerv\u00e1ci\u00ed s jedine\u010dn\u00fdm v\u00fdberom 450 leteck\u00fdch spolo\u010dnost\u00ed na rezerv\u00e1ciu letu takmer kdeko\u013evek na svete. AirlineGift pon\u00faka cestovn\u00e9 zna\u010dky ako Delta Airlines, American Airlines, United Airlines, British Airways, Qantas, Air France, KLM, Air Canada, Emirates, Etihad, Cathay Pacific, Singapore Airlines a stovky \u010fal\u0161\u00edch d\u00f4veryhodn\u00fdch cestovn\u00fdch partnerov.<\/p>\n","protected":false},"featured_media":5536,"comment_status":"closed","ping_status":"closed","template":"","meta":{"_exactmetrics_skip_tracking":false,"_exactmetrics_sitenote_active":false,"_exactmetrics_sitenote_note":"","_exactmetrics_sitenote_category":0},"product_cat":[20],"product_tag":[],"class_list":{"0":"post-1957","1":"product","2":"type-product","3":"status-publish","4":"has-post-thumbnail","6":"product_brand-airlinegift-2","7":"product_cat-electronic-gift-cards","8":"pa_country-availability-slovakia","10":"first","11":"instock","12":"virtual","13":"purchasable","14":"product-type-simple","15":"nyp-product"},"yoast_head":"<!-- This site is optimized with the Yoast SEO Premium plugin v20.11 (Yoast SEO v25.8) - https:\/\/yoast.com\/wordpress\/plugins\/seo\/ -->\n<title>AirlineGift Online Gift Card (Electronic Delivery) (Slovakia) - Coincards Europe<\/title>\n<meta name=\"robots\" content=\"index, follow, max-snippet:-1, max-image-preview:large, max-video-preview:-1\" \/>\n<link rel=\"canonical\" href=\"https:\/\/coincards.com\/eu\/product\/airlinegift-online-gift-card-electronic-delivery-3\/\" \/>\n<meta property=\"og:locale\" content=\"en_US\" \/>\n<meta property=\"og:type\" content=\"article\" \/>\n<meta property=\"og:title\" content=\"AirlineGift Online Gift Card (Electronic Delivery) (Slovakia)\" \/>\n<meta property=\"og:description\" content=\"AirlineGift pon\u00faka najlep\u0161iu dar\u010dekov\u00fa kartu leteck\u00fdch spolo\u010dnost\u00ed na svete a v\u00fdber online cestovn\u00fdch rezerv\u00e1ci\u00ed s jedine\u010dn\u00fdm v\u00fdberom 450 leteck\u00fdch spolo\u010dnost\u00ed na rezerv\u00e1ciu letu takmer kdeko\u013evek na svete. AirlineGift pon\u00faka cestovn\u00e9 zna\u010dky ako Delta Airlines, American Airlines, United Airlines, British Airways, Qantas, Air France, KLM, Air Canada, Emirates, Etihad, Cathay Pacific, Singapore Airlines a stovky \u010fal\u0161\u00edch d\u00f4veryhodn\u00fdch cestovn\u00fdch partnerov.\" \/>\n<meta property=\"og:url\" content=\"https:\/\/coincards.com\/eu\/product\/airlinegift-online-gift-card-electronic-delivery-3\/\" \/>\n<meta property=\"og:site_name\" content=\"Coincards Europe\" \/>\n<meta property=\"article:modified_time\" content=\"2025-10-29T18:19:18+00:00\" \/>\n<meta property=\"og:image\" content=\"https:\/\/assets.coincards.com\/wp-content\/uploads\/sites\/6\/2024\/06\/04181904\/AGIFT-ES-card.png\" \/>\n\t<meta property=\"og:image:width\" content=\"675\" \/>\n\t<meta property=\"og:image:height\" content=\"425\" \/>\n\t<meta property=\"og:image:type\" content=\"image\/png\" \/>\n<meta name=\"twitter:card\" content=\"summary_large_image\" \/>\n<meta name=\"twitter:label1\" content=\"Price\" \/>\n\t<meta name=\"twitter:data1\" content=\"&euro;20.00\" \/>\n\t<meta name=\"twitter:label2\" content=\"Availability\" \/>\n\t<meta name=\"twitter:data2\" content=\"In stock\" \/>\n<script type=\"application\/ld+json\" class=\"yoast-schema-graph\">{\"@context\":\"https:\/\/schema.org\",\"@graph\":[{\"@type\":\"WebPage\",\"@id\":\"https:\/\/coincards.com\/eu\/product\/airlinegift-online-gift-card-electronic-delivery-3\/\",\"url\":\"https:\/\/coincards.com\/eu\/product\/airlinegift-online-gift-card-electronic-delivery-3\/\",\"name\":\"AirlineGift Online Gift Card (Electronic Delivery) (Slovakia) - Coincards Europe\",\"isPartOf\":{\"@id\":\"https:\/\/coincards.com\/eu\/#website\"},\"primaryImageOfPage\":{\"@id\":\"https:\/\/coincards.com\/eu\/product\/airlinegift-online-gift-card-electronic-delivery-3\/#primaryimage\"},\"image\":{\"@id\":\"https:\/\/coincards.com\/eu\/product\/airlinegift-online-gift-card-electronic-delivery-3\/#primaryimage\"},\"thumbnailUrl\":\"https:\/\/assets.coincards.com\/wp-content\/uploads\/sites\/6\/2024\/06\/04181904\/AGIFT-ES-card.png\",\"datePublished\":\"2024-05-14T19:55:34+00:00\",\"dateModified\":\"2025-10-29T18:19:18+00:00\",\"breadcrumb\":{\"@id\":\"https:\/\/coincards.com\/eu\/product\/airlinegift-online-gift-card-electronic-delivery-3\/#breadcrumb\"},\"inLanguage\":\"en-CA\",\"potentialAction\":[{\"@type\":\"ReadAction\",\"target\":[\"https:\/\/coincards.com\/eu\/product\/airlinegift-online-gift-card-electronic-delivery-3\/\"]}]},{\"@type\":\"ImageObject\",\"inLanguage\":\"en-CA\",\"@id\":\"https:\/\/coincards.com\/eu\/product\/airlinegift-online-gift-card-electronic-delivery-3\/#primaryimage\",\"url\":\"https:\/\/assets.coincards.com\/wp-content\/uploads\/sites\/6\/2024\/06\/04181904\/AGIFT-ES-card.png\",\"contentUrl\":\"https:\/\/assets.coincards.com\/wp-content\/uploads\/sites\/6\/2024\/06\/04181904\/AGIFT-ES-card.png\",\"width\":675,\"height\":425},{\"@type\":\"BreadcrumbList\",\"@id\":\"https:\/\/coincards.com\/eu\/product\/airlinegift-online-gift-card-electronic-delivery-3\/#breadcrumb\",\"itemListElement\":[{\"@type\":\"ListItem\",\"position\":1,\"name\":\"Home\",\"item\":\"https:\/\/coincards.com\/eu\/\"},{\"@type\":\"ListItem\",\"position\":2,\"name\":\"All Gift Cards\",\"item\":\"https:\/\/coincards.com\/eu\/all-gift-cards\/\"},{\"@type\":\"ListItem\",\"position\":3,\"name\":\"AirlineGift Online Gift Card (Electronic Delivery) (Slovakia)\"}]},{\"@type\":\"WebSite\",\"@id\":\"https:\/\/coincards.com\/eu\/#website\",\"url\":\"https:\/\/coincards.com\/eu\/\",\"name\":\"Coincards Europe\",\"description\":\"Austrlia&#039;s #1 Cryptocurrency to Gift Card Exchange Service\",\"potentialAction\":[{\"@type\":\"SearchAction\",\"target\":{\"@type\":\"EntryPoint\",\"urlTemplate\":\"https:\/\/coincards.com\/eu\/?s={search_term_string}\"},\"query-input\":{\"@type\":\"PropertyValueSpecification\",\"valueRequired\":true,\"valueName\":\"search_term_string\"}}],\"inLanguage\":\"en-CA\"}]}<\/script>\n<meta property=\"product:price:amount\" content=\"20.00\" \/>\n<meta property=\"product:price:currency\" content=\"EUR\" \/>\n<meta property=\"og:availability\" content=\"instock\" \/>\n<meta property=\"product:availability\" content=\"instock\" \/>\n<meta property=\"product:condition\" content=\"new\" \/>\n<!-- \/ Yoast SEO Premium plugin. -->","yoast_head_json":{"title":"AirlineGift Online Gift Card (Electronic Delivery) (Slovakia) - Coincards Europe","robots":{"index":"index","follow":"follow","max-snippet":"max-snippet:-1","max-image-preview":"max-image-preview:large","max-video-preview":"max-video-preview:-1"},"canonical":"https:\/\/coincards.com\/eu\/product\/airlinegift-online-gift-card-electronic-delivery-3\/","og_locale":"en_US","og_type":"article","og_title":"AirlineGift Online Gift Card (Electronic Delivery) (Slovakia)","og_description":"AirlineGift pon\u00faka najlep\u0161iu dar\u010dekov\u00fa kartu leteck\u00fdch spolo\u010dnost\u00ed na svete a v\u00fdber online cestovn\u00fdch rezerv\u00e1ci\u00ed s jedine\u010dn\u00fdm v\u00fdberom 450 leteck\u00fdch spolo\u010dnost\u00ed na rezerv\u00e1ciu letu takmer kdeko\u013evek na svete. AirlineGift pon\u00faka cestovn\u00e9 zna\u010dky ako Delta Airlines, American Airlines, United Airlines, British Airways, Qantas, Air France, KLM, Air Canada, Emirates, Etihad, Cathay Pacific, Singapore Airlines a stovky \u010fal\u0161\u00edch d\u00f4veryhodn\u00fdch cestovn\u00fdch partnerov.","og_url":"https:\/\/coincards.com\/eu\/product\/airlinegift-online-gift-card-electronic-delivery-3\/","og_site_name":"Coincards Europe","article_modified_time":"2025-10-29T18:19:18+00:00","og_image":[{"width":675,"height":425,"url":"https:\/\/assets.coincards.com\/wp-content\/uploads\/sites\/6\/2024\/06\/04181904\/AGIFT-ES-card.png","type":"image\/png"}],"twitter_card":"summary_large_image","twitter_misc":{"Price":"&euro;20.00","Availability":"In stock"},"schema":{"@context":"https:\/\/schema.org","@graph":[{"@type":"WebPage","@id":"https:\/\/coincards.com\/eu\/product\/airlinegift-online-gift-card-electronic-delivery-3\/","url":"https:\/\/coincards.com\/eu\/product\/airlinegift-online-gift-card-electronic-delivery-3\/","name":"AirlineGift Online Gift Card (Electronic Delivery) (Slovakia) - Coincards Europe","isPartOf":{"@id":"https:\/\/coincards.com\/eu\/#website"},"primaryImageOfPage":{"@id":"https:\/\/coincards.com\/eu\/product\/airlinegift-online-gift-card-electronic-delivery-3\/#primaryimage"},"image":{"@id":"https:\/\/coincards.com\/eu\/product\/airlinegift-online-gift-card-electronic-delivery-3\/#primaryimage"},"thumbnailUrl":"https:\/\/assets.coincards.com\/wp-content\/uploads\/sites\/6\/2024\/06\/04181904\/AGIFT-ES-card.png","datePublished":"2024-05-14T19:55:34+00:00","dateModified":"2025-10-29T18:19:18+00:00","breadcrumb":{"@id":"https:\/\/coincards.com\/eu\/product\/airlinegift-online-gift-card-electronic-delivery-3\/#breadcrumb"},"inLanguage":"en-CA","potentialAction":[{"@type":"ReadAction","target":["https:\/\/coincards.com\/eu\/product\/airlinegift-online-gift-card-electronic-delivery-3\/"]}]},{"@type":"ImageObject","inLanguage":"en-CA","@id":"https:\/\/coincards.com\/eu\/product\/airlinegift-online-gift-card-electronic-delivery-3\/#primaryimage","url":"https:\/\/assets.coincards.com\/wp-content\/uploads\/sites\/6\/2024\/06\/04181904\/AGIFT-ES-card.png","contentUrl":"https:\/\/assets.coincards.com\/wp-content\/uploads\/sites\/6\/2024\/06\/04181904\/AGIFT-ES-card.png","width":675,"height":425},{"@type":"BreadcrumbList","@id":"https:\/\/coincards.com\/eu\/product\/airlinegift-online-gift-card-electronic-delivery-3\/#breadcrumb","itemListElement":[{"@type":"ListItem","position":1,"name":"Home","item":"https:\/\/coincards.com\/eu\/"},{"@type":"ListItem","position":2,"name":"All Gift Cards","item":"https:\/\/coincards.com\/eu\/all-gift-cards\/"},{"@type":"ListItem","position":3,"name":"AirlineGift Online Gift Card (Electronic Delivery) (Slovakia)"}]},{"@type":"WebSite","@id":"https:\/\/coincards.com\/eu\/#website","url":"https:\/\/coincards.com\/eu\/","name":"Coincards Europe","description":"Austrlia&#039;s #1 Cryptocurrency to Gift Card Exchange Service","potentialAction":[{"@type":"SearchAction","target":{"@type":"EntryPoint","urlTemplate":"https:\/\/coincards.com\/eu\/?s={search_term_string}"},"query-input":{"@type":"PropertyValueSpecification","valueRequired":true,"valueName":"search_term_string"}}],"inLanguage":"en-CA"}]},"product_price_amount":"20.00","product_price_currency":"EUR","og_availability":"instock","product_availability":"instock","product_condition":"new"},"_links":{"self":[{"href":"https:\/\/coincards.com\/eu\/wp-json\/wp\/v2\/product\/1957","targetHints":{"allow":["GET"]}}],"collection":[{"href":"https:\/\/coincards.com\/eu\/wp-json\/wp\/v2\/product"}],"about":[{"href":"https:\/\/coincards.com\/eu\/wp-json\/wp\/v2\/types\/product"}],"replies":[{"embeddable":true,"href":"https:\/\/coincards.com\/eu\/wp-json\/wp\/v2\/comments?post=1957"}],"wp:featuredmedia":[{"embeddable":true,"href":"https:\/\/coincards.com\/eu\/wp-json\/wp\/v2\/media\/5536"}],"wp:attachment":[{"href":"https:\/\/coincards.com\/eu\/wp-json\/wp\/v2\/media?parent=1957"}],"wp:term":[{"taxonomy":"product_cat","embeddable":true,"href":"https:\/\/coincards.com\/eu\/wp-json\/wp\/v2\/product_cat?post=1957"},{"taxonomy":"product_tag","embeddable":true,"href":"https:\/\/coincards.com\/eu\/wp-json\/wp\/v2\/product_tag?post=1957"}],"curies":[{"name":"wp","href":"https:\/\/api.w.org\/{rel}","templated":true}]}}