{"id":1944,"date":"2024-05-14T10:51:25","date_gmt":"2024-05-14T18:51:25","guid":{"rendered":"https:\/\/coincards.com\/eu\/?post_type=product&#038;p=1944"},"modified":"2024-06-04T18:05:47","modified_gmt":"2024-06-05T02:05:47","slug":"adidas-online-gift-card-electronic-delivery-6","status":"publish","type":"product","link":"https:\/\/coincards.com\/eu\/product\/adidas-online-gift-card-electronic-delivery-6\/","title":{"rendered":"Adidas Online Gift Card (Electronic Delivery) (Belgium)"},"content":{"rendered":"<p>Cette carte n&#8217;est valable que dans les magasin adidas participants en Belgique ou sur adidas.be\/fr. Pour consulter les conditions et instructions d&#8217;utilisation, la liste des magasins participants et votre solde actuel, veuillez vous rendre sur www.adidas.be\/fr\/giftcards. Si elle n&#8217;est pas utilis\u00e9e, la carte expire trois ans apr\u00e8s la date d&#8217;achat. Conform\u00e9ment \u00e0 vos droits, cette carte ne peut pas \u00eatre retourn\u00e9e, n&#8217;est pas remboursable, ne peut pas \u00eatre \u00e9chang\u00e9e contre de l&#8217;argent et ne peut pas \u00eatre utilis\u00e9e pour acheter une autre carte cadeau.<\/p>\n<p>&#8212;&#8212;<\/p>\n<p>Deze kaart kan alleen worden ingewisseld bij deelnemende adidas winkels in Nederland of via adidas.be. Raadpleeg www.adidas.be\/nl\/cadeaukaarten voor de voorwaarden, gebruiksinstructies, een lijst van de deelnemende winkels en uw huidige saldo. Indien deze kaart niet wordt gebruikt, vervalt deze drie jaar na de datum van aankoop. Behoudens bij of krachtens de wet toekomende rechten, is de kaart niet-retourneerbaar, niet-restitueerbaar, niet inwisselbaar voor geld en kan deze niet worden gebruikt voor de aanschaf van een andere cadeaukaart.<\/p>\n<p>&nbsp;<\/p>\n<p>Fais-toi plaisir ! Utilise ta carte cadeau en toute simplicit\u00e9. Dans le champ &#8220;Carte cadeau&#8221; sur la page de paiement, saisis le chiffre inscrit sous le code-barres et ton code PIN \u00e0 4 chiffres. Clique sur appliquer.<\/p>\n<p>En magasin : Imprime cette page. Rends-toi dans un magasin adidas Sport Performance, adidas Originals ou adidas Outlet. Donne-la au vendeur en caisse. [adidas.be\/fr\/storefinder](https:\/\/www.adidas.be\/fr\/storefinder). Tu peux utiliser cette carte cadeau avec une carte bancaire.<\/p>\n<p>&#8212;&#8212;<\/p>\n<p>Game on! Je cadeaukaart gebruiken is heel eenvoudig. In het cadeaukaartveld op het betaalscherm vul je het volledige nummer in dat onder de barcode staat en je 4-cijferige PIN. Klik op toepassen.<\/p>\n<p>In de winkel: Print deze pagina. Neem &#8216;m mee naar een adidas Sport Performance-, adidas Originals- of adidas outletwinkel. En geef &#8216;m bij het afrekenen aan de medewerker. [adidas.be\/nl\/storefinder](https:\/\/www.adidas.be\/nl\/storefinder). Je kunt deze cadeaukaart gebruiken in combinatie met een creditcard.<\/p>\n","protected":false},"excerpt":{"rendered":"<p>didas est la marque aux Trois Bandes, une v\u00e9ritable icone. Du stade \u00e0 la rue, des terrains de sport aux podiums de mode. Avec une histoire riche de succ\u00e8s et une passion pour le sport, adidas a toujours eu l\u2019ambition d\u2019\u00eatre au sommet. Faisant \u00e9quipe avec les meilleurs athl\u00e8tes et les artistes les plus influents, la marque associe technologies innovantes et designs contemporains.<\/p>\n<p>&#8212;&#8212;<\/p>\n<p>adidas is het merk met de iconische 3 strepen. Je ziet ze op straat tot in het stadion. Van de competitie tot op de catwalk. Met een enorm rijke historie aan prestaties en een ongekende passie voor sport streeft adidas ernaar om altijd en overal de beste te zijn. Door de handen ineen te slaan met topsporters en invloedrijke artiesten weet het merk een brug te slaan tussen vooruitstrevende technologie\u00ebn en oogstrelende ontwerpen.<\/p>\n","protected":false},"featured_media":5531,"comment_status":"closed","ping_status":"closed","template":"","meta":{"_exactmetrics_skip_tracking":false,"_exactmetrics_sitenote_active":false,"_exactmetrics_sitenote_note":"","_exactmetrics_sitenote_category":0},"product_cat":[20],"product_tag":[],"class_list":{"0":"post-1944","1":"product","2":"type-product","3":"status-publish","4":"has-post-thumbnail","6":"product_brand-adidas","7":"product_cat-electronic-gift-cards","8":"pa_country-availability-belgium","10":"first","11":"instock","12":"virtual","13":"purchasable","14":"product-type-simple","15":"nyp-product"},"yoast_head":"<!-- This site is optimized with the Yoast SEO Premium plugin v20.11 (Yoast SEO v25.8) - https:\/\/yoast.com\/wordpress\/plugins\/seo\/ -->\n<title>Adidas Online Gift Card (Electronic Delivery) (Belgium) - Coincards Europe<\/title>\n<meta name=\"robots\" content=\"index, follow, max-snippet:-1, max-image-preview:large, max-video-preview:-1\" \/>\n<link rel=\"canonical\" href=\"https:\/\/coincards.com\/eu\/product\/adidas-online-gift-card-electronic-delivery-6\/\" \/>\n<meta property=\"og:locale\" content=\"en_US\" \/>\n<meta property=\"og:type\" content=\"article\" \/>\n<meta property=\"og:title\" content=\"Adidas Online Gift Card (Electronic Delivery) (Belgium)\" \/>\n<meta property=\"og:description\" content=\"didas est la marque aux Trois Bandes, une v\u00e9ritable icone. Du stade \u00e0 la rue, des terrains de sport aux podiums de mode. Avec une histoire riche de succ\u00e8s et une passion pour le sport, adidas a toujours eu l\u2019ambition d\u2019\u00eatre au sommet. Faisant \u00e9quipe avec les meilleurs athl\u00e8tes et les artistes les plus influents, la marque associe technologies innovantes et designs contemporains.  ------  adidas is het merk met de iconische 3 strepen. Je ziet ze op straat tot in het stadion. Van de competitie tot op de catwalk. Met een enorm rijke historie aan prestaties en een ongekende passie voor sport streeft adidas ernaar om altijd en overal de beste te zijn. Door de handen ineen te slaan met topsporters en invloedrijke artiesten weet het merk een brug te slaan tussen vooruitstrevende technologie\u00ebn en oogstrelende ontwerpen.\" \/>\n<meta property=\"og:url\" content=\"https:\/\/coincards.com\/eu\/product\/adidas-online-gift-card-electronic-delivery-6\/\" \/>\n<meta property=\"og:site_name\" content=\"Coincards Europe\" \/>\n<meta property=\"article:modified_time\" content=\"2024-06-05T02:05:47+00:00\" \/>\n<meta property=\"og:image\" content=\"https:\/\/assets.coincards.com\/wp-content\/uploads\/sites\/6\/2024\/06\/04155301\/ADAS-ES-card.png\" \/>\n\t<meta property=\"og:image:width\" content=\"675\" \/>\n\t<meta property=\"og:image:height\" content=\"425\" \/>\n\t<meta property=\"og:image:type\" content=\"image\/png\" \/>\n<meta name=\"twitter:card\" content=\"summary_large_image\" \/>\n<meta name=\"twitter:label1\" content=\"Price\" \/>\n\t<meta name=\"twitter:data1\" content=\"&euro;5.00\" \/>\n\t<meta name=\"twitter:label2\" content=\"Availability\" \/>\n\t<meta name=\"twitter:data2\" content=\"In stock\" \/>\n<script type=\"application\/ld+json\" class=\"yoast-schema-graph\">{\"@context\":\"https:\/\/schema.org\",\"@graph\":[{\"@type\":\"WebPage\",\"@id\":\"https:\/\/coincards.com\/eu\/product\/adidas-online-gift-card-electronic-delivery-6\/\",\"url\":\"https:\/\/coincards.com\/eu\/product\/adidas-online-gift-card-electronic-delivery-6\/\",\"name\":\"Adidas Online Gift Card (Electronic Delivery) (Belgium) - Coincards Europe\",\"isPartOf\":{\"@id\":\"https:\/\/coincards.com\/eu\/#website\"},\"primaryImageOfPage\":{\"@id\":\"https:\/\/coincards.com\/eu\/product\/adidas-online-gift-card-electronic-delivery-6\/#primaryimage\"},\"image\":{\"@id\":\"https:\/\/coincards.com\/eu\/product\/adidas-online-gift-card-electronic-delivery-6\/#primaryimage\"},\"thumbnailUrl\":\"https:\/\/assets.coincards.com\/wp-content\/uploads\/sites\/6\/2024\/06\/04180542\/ADAS-ES-card-1.png\",\"datePublished\":\"2024-05-14T18:51:25+00:00\",\"dateModified\":\"2024-06-05T02:05:47+00:00\",\"breadcrumb\":{\"@id\":\"https:\/\/coincards.com\/eu\/product\/adidas-online-gift-card-electronic-delivery-6\/#breadcrumb\"},\"inLanguage\":\"en-CA\",\"potentialAction\":[{\"@type\":\"ReadAction\",\"target\":[\"https:\/\/coincards.com\/eu\/product\/adidas-online-gift-card-electronic-delivery-6\/\"]}]},{\"@type\":\"ImageObject\",\"inLanguage\":\"en-CA\",\"@id\":\"https:\/\/coincards.com\/eu\/product\/adidas-online-gift-card-electronic-delivery-6\/#primaryimage\",\"url\":\"https:\/\/assets.coincards.com\/wp-content\/uploads\/sites\/6\/2024\/06\/04180542\/ADAS-ES-card-1.png\",\"contentUrl\":\"https:\/\/assets.coincards.com\/wp-content\/uploads\/sites\/6\/2024\/06\/04180542\/ADAS-ES-card-1.png\",\"width\":675,\"height\":425},{\"@type\":\"BreadcrumbList\",\"@id\":\"https:\/\/coincards.com\/eu\/product\/adidas-online-gift-card-electronic-delivery-6\/#breadcrumb\",\"itemListElement\":[{\"@type\":\"ListItem\",\"position\":1,\"name\":\"Home\",\"item\":\"https:\/\/coincards.com\/eu\/\"},{\"@type\":\"ListItem\",\"position\":2,\"name\":\"All Gift Cards\",\"item\":\"https:\/\/coincards.com\/eu\/all-gift-cards\/\"},{\"@type\":\"ListItem\",\"position\":3,\"name\":\"Adidas Online Gift Card (Electronic Delivery) (Belgium)\"}]},{\"@type\":\"WebSite\",\"@id\":\"https:\/\/coincards.com\/eu\/#website\",\"url\":\"https:\/\/coincards.com\/eu\/\",\"name\":\"Coincards Europe\",\"description\":\"Austrlia&#039;s #1 Cryptocurrency to Gift Card Exchange Service\",\"potentialAction\":[{\"@type\":\"SearchAction\",\"target\":{\"@type\":\"EntryPoint\",\"urlTemplate\":\"https:\/\/coincards.com\/eu\/?s={search_term_string}\"},\"query-input\":{\"@type\":\"PropertyValueSpecification\",\"valueRequired\":true,\"valueName\":\"search_term_string\"}}],\"inLanguage\":\"en-CA\"}]}<\/script>\n<meta property=\"product:price:amount\" content=\"5.00\" \/>\n<meta property=\"product:price:currency\" content=\"EUR\" \/>\n<meta property=\"og:availability\" content=\"instock\" \/>\n<meta property=\"product:availability\" content=\"instock\" \/>\n<meta property=\"product:condition\" content=\"new\" \/>\n<!-- \/ Yoast SEO Premium plugin. -->","yoast_head_json":{"title":"Adidas Online Gift Card (Electronic Delivery) (Belgium) - Coincards Europe","robots":{"index":"index","follow":"follow","max-snippet":"max-snippet:-1","max-image-preview":"max-image-preview:large","max-video-preview":"max-video-preview:-1"},"canonical":"https:\/\/coincards.com\/eu\/product\/adidas-online-gift-card-electronic-delivery-6\/","og_locale":"en_US","og_type":"article","og_title":"Adidas Online Gift Card (Electronic Delivery) (Belgium)","og_description":"didas est la marque aux Trois Bandes, une v\u00e9ritable icone. Du stade \u00e0 la rue, des terrains de sport aux podiums de mode. Avec une histoire riche de succ\u00e8s et une passion pour le sport, adidas a toujours eu l\u2019ambition d\u2019\u00eatre au sommet. Faisant \u00e9quipe avec les meilleurs athl\u00e8tes et les artistes les plus influents, la marque associe technologies innovantes et designs contemporains.  ------  adidas is het merk met de iconische 3 strepen. Je ziet ze op straat tot in het stadion. Van de competitie tot op de catwalk. Met een enorm rijke historie aan prestaties en een ongekende passie voor sport streeft adidas ernaar om altijd en overal de beste te zijn. Door de handen ineen te slaan met topsporters en invloedrijke artiesten weet het merk een brug te slaan tussen vooruitstrevende technologie\u00ebn en oogstrelende ontwerpen.","og_url":"https:\/\/coincards.com\/eu\/product\/adidas-online-gift-card-electronic-delivery-6\/","og_site_name":"Coincards Europe","article_modified_time":"2024-06-05T02:05:47+00:00","og_image":[{"width":675,"height":425,"url":"https:\/\/assets.coincards.com\/wp-content\/uploads\/sites\/6\/2024\/06\/04155301\/ADAS-ES-card.png","type":"image\/png"}],"twitter_card":"summary_large_image","twitter_misc":{"Price":"&euro;5.00","Availability":"In stock"},"schema":{"@context":"https:\/\/schema.org","@graph":[{"@type":"WebPage","@id":"https:\/\/coincards.com\/eu\/product\/adidas-online-gift-card-electronic-delivery-6\/","url":"https:\/\/coincards.com\/eu\/product\/adidas-online-gift-card-electronic-delivery-6\/","name":"Adidas Online Gift Card (Electronic Delivery) (Belgium) - Coincards Europe","isPartOf":{"@id":"https:\/\/coincards.com\/eu\/#website"},"primaryImageOfPage":{"@id":"https:\/\/coincards.com\/eu\/product\/adidas-online-gift-card-electronic-delivery-6\/#primaryimage"},"image":{"@id":"https:\/\/coincards.com\/eu\/product\/adidas-online-gift-card-electronic-delivery-6\/#primaryimage"},"thumbnailUrl":"https:\/\/assets.coincards.com\/wp-content\/uploads\/sites\/6\/2024\/06\/04180542\/ADAS-ES-card-1.png","datePublished":"2024-05-14T18:51:25+00:00","dateModified":"2024-06-05T02:05:47+00:00","breadcrumb":{"@id":"https:\/\/coincards.com\/eu\/product\/adidas-online-gift-card-electronic-delivery-6\/#breadcrumb"},"inLanguage":"en-CA","potentialAction":[{"@type":"ReadAction","target":["https:\/\/coincards.com\/eu\/product\/adidas-online-gift-card-electronic-delivery-6\/"]}]},{"@type":"ImageObject","inLanguage":"en-CA","@id":"https:\/\/coincards.com\/eu\/product\/adidas-online-gift-card-electronic-delivery-6\/#primaryimage","url":"https:\/\/assets.coincards.com\/wp-content\/uploads\/sites\/6\/2024\/06\/04180542\/ADAS-ES-card-1.png","contentUrl":"https:\/\/assets.coincards.com\/wp-content\/uploads\/sites\/6\/2024\/06\/04180542\/ADAS-ES-card-1.png","width":675,"height":425},{"@type":"BreadcrumbList","@id":"https:\/\/coincards.com\/eu\/product\/adidas-online-gift-card-electronic-delivery-6\/#breadcrumb","itemListElement":[{"@type":"ListItem","position":1,"name":"Home","item":"https:\/\/coincards.com\/eu\/"},{"@type":"ListItem","position":2,"name":"All Gift Cards","item":"https:\/\/coincards.com\/eu\/all-gift-cards\/"},{"@type":"ListItem","position":3,"name":"Adidas Online Gift Card (Electronic Delivery) (Belgium)"}]},{"@type":"WebSite","@id":"https:\/\/coincards.com\/eu\/#website","url":"https:\/\/coincards.com\/eu\/","name":"Coincards Europe","description":"Austrlia&#039;s #1 Cryptocurrency to Gift Card Exchange Service","potentialAction":[{"@type":"SearchAction","target":{"@type":"EntryPoint","urlTemplate":"https:\/\/coincards.com\/eu\/?s={search_term_string}"},"query-input":{"@type":"PropertyValueSpecification","valueRequired":true,"valueName":"search_term_string"}}],"inLanguage":"en-CA"}]},"product_price_amount":"5.00","product_price_currency":"EUR","og_availability":"instock","product_availability":"instock","product_condition":"new"},"_links":{"self":[{"href":"https:\/\/coincards.com\/eu\/wp-json\/wp\/v2\/product\/1944","targetHints":{"allow":["GET"]}}],"collection":[{"href":"https:\/\/coincards.com\/eu\/wp-json\/wp\/v2\/product"}],"about":[{"href":"https:\/\/coincards.com\/eu\/wp-json\/wp\/v2\/types\/product"}],"replies":[{"embeddable":true,"href":"https:\/\/coincards.com\/eu\/wp-json\/wp\/v2\/comments?post=1944"}],"wp:featuredmedia":[{"embeddable":true,"href":"https:\/\/coincards.com\/eu\/wp-json\/wp\/v2\/media\/5531"}],"wp:attachment":[{"href":"https:\/\/coincards.com\/eu\/wp-json\/wp\/v2\/media?parent=1944"}],"wp:term":[{"taxonomy":"product_cat","embeddable":true,"href":"https:\/\/coincards.com\/eu\/wp-json\/wp\/v2\/product_cat?post=1944"},{"taxonomy":"product_tag","embeddable":true,"href":"https:\/\/coincards.com\/eu\/wp-json\/wp\/v2\/product_tag?post=1944"}],"curies":[{"name":"wp","href":"https:\/\/api.w.org\/{rel}","templated":true}]}}