{"id":1933,"date":"2024-05-13T16:39:45","date_gmt":"2024-05-14T00:39:45","guid":{"rendered":"https:\/\/coincards.com\/eu\/?post_type=product&#038;p=1933"},"modified":"2024-06-04T18:05:43","modified_gmt":"2024-06-05T02:05:43","slug":"adidas-online-gift-card-electronic-delivery-2","status":"publish","type":"product","link":"https:\/\/coincards.com\/eu\/product\/adidas-online-gift-card-electronic-delivery-2\/","title":{"rendered":"Adidas Online Gift Card (Electronic Delivery) (Portugal)"},"content":{"rendered":"<p>Este cart\u00e3o s\u00f3 pode ser resgatado em lojas adidas selecionadas em Portugal ou em adidas.pt. Para consultar as condi\u00e7\u00f5es legais, as instru\u00e7\u00f5es de utiliza\u00e7\u00e3o, a lista de lojas participantes e o teu saldo atual, vai a www.adidas.pt\/giftcards. Se n\u00e3o o utilizares, o teu cart\u00e3o oferta vai expirar num prazo de tr\u00eas anos a contar da data de compra. Exceto quando assim estabele\u00e7am os teus direitos, este cart\u00e3o n\u00e3o pode ser devolvido, n\u00e3o \u00e9 reembols\u00e1vel, n\u00e3o pode ser trocado por dinheiro e n\u00e3o pode ser utilizado na compra de outro cart\u00e3o oferta.<\/p>\n<p>Tira partido do teu cart\u00e3o! Utilizar o teu cart\u00e3o oferta \u00e9 f\u00e1cil. No campo &#8220;Cart\u00e3o oferta&#8221; da p\u00e1gina de pagamento, introduz o n\u00famero completo que vais encontrar abaixo do c\u00f3digo de barras e o teu PIN de 4 d\u00edgitos. Clica em &#8220;Aplicar&#8221;.<\/p>\n<p>Na loja: Imprime esta p\u00e1gina. Leva-a qualquer loja adidas Sport Performance, adidas Originals ou adidas Outlet. Entrega-o na caixa no momento do pagamento. [adidas.pt\/storefinder](https:\/\/www.adidas.pt\/storefinder). Este cart\u00e3o oferta pode ser utilizado em combina\u00e7\u00e3o com um cart\u00e3o de cr\u00e9dito.<\/p>\n","protected":false},"excerpt":{"rendered":"<p>A adidas \u00e9 a marca das 3 riscas, o \u00edcone. Do est\u00e1dio para as ruas. Dos courts \u00e0 passerelle. Com uma longa hist\u00f3ria de desempenho e paix\u00e3o pelo desporto, a adidas d\u00e1 tudo para ser melhor. Colaborando com atletas de topo e artistas influentes, a marca combina tecnologias inovadoras com design atrativo.<\/p>\n<p>https:\/\/www.adidas.pt\/ajuda<\/p>\n","protected":false},"featured_media":5531,"comment_status":"closed","ping_status":"closed","template":"","meta":{"_exactmetrics_skip_tracking":false,"_exactmetrics_sitenote_active":false,"_exactmetrics_sitenote_note":"","_exactmetrics_sitenote_category":0},"product_cat":[20],"product_tag":[],"class_list":{"0":"post-1933","1":"product","2":"type-product","3":"status-publish","4":"has-post-thumbnail","6":"product_brand-adidas","7":"product_cat-electronic-gift-cards","8":"pa_country-availability-portugal","10":"first","11":"instock","12":"virtual","13":"purchasable","14":"product-type-simple","15":"nyp-product"},"yoast_head":"<!-- This site is optimized with the Yoast SEO Premium plugin v20.11 (Yoast SEO v25.8) - https:\/\/yoast.com\/wordpress\/plugins\/seo\/ -->\n<title>Adidas Online Gift Card (Electronic Delivery) (Portugal) - Coincards Europe<\/title>\n<meta name=\"robots\" content=\"index, follow, max-snippet:-1, max-image-preview:large, max-video-preview:-1\" \/>\n<link rel=\"canonical\" href=\"https:\/\/coincards.com\/eu\/product\/adidas-online-gift-card-electronic-delivery-2\/\" \/>\n<meta property=\"og:locale\" content=\"en_US\" \/>\n<meta property=\"og:type\" content=\"article\" \/>\n<meta property=\"og:title\" content=\"Adidas Online Gift Card (Electronic Delivery) (Portugal)\" \/>\n<meta property=\"og:description\" content=\"A adidas \u00e9 a marca das 3 riscas, o \u00edcone. Do est\u00e1dio para as ruas. Dos courts \u00e0 passerelle. Com uma longa hist\u00f3ria de desempenho e paix\u00e3o pelo desporto, a adidas d\u00e1 tudo para ser melhor. Colaborando com atletas de topo e artistas influentes, a marca combina tecnologias inovadoras com design atrativo.  https:\/\/www.adidas.pt\/ajuda\" \/>\n<meta property=\"og:url\" content=\"https:\/\/coincards.com\/eu\/product\/adidas-online-gift-card-electronic-delivery-2\/\" \/>\n<meta property=\"og:site_name\" content=\"Coincards Europe\" \/>\n<meta property=\"article:modified_time\" content=\"2024-06-05T02:05:43+00:00\" \/>\n<meta property=\"og:image\" content=\"https:\/\/assets.coincards.com\/wp-content\/uploads\/sites\/6\/2024\/06\/04155301\/ADAS-ES-card.png\" \/>\n\t<meta property=\"og:image:width\" content=\"675\" \/>\n\t<meta property=\"og:image:height\" content=\"425\" \/>\n\t<meta property=\"og:image:type\" content=\"image\/png\" \/>\n<meta name=\"twitter:card\" content=\"summary_large_image\" \/>\n<meta name=\"twitter:label1\" content=\"Price\" \/>\n\t<meta name=\"twitter:data1\" content=\"&euro;5.00\" \/>\n\t<meta name=\"twitter:label2\" content=\"Availability\" \/>\n\t<meta name=\"twitter:data2\" content=\"In stock\" \/>\n<script type=\"application\/ld+json\" class=\"yoast-schema-graph\">{\"@context\":\"https:\/\/schema.org\",\"@graph\":[{\"@type\":\"WebPage\",\"@id\":\"https:\/\/coincards.com\/eu\/product\/adidas-online-gift-card-electronic-delivery-2\/\",\"url\":\"https:\/\/coincards.com\/eu\/product\/adidas-online-gift-card-electronic-delivery-2\/\",\"name\":\"Adidas Online Gift Card (Electronic Delivery) (Portugal) - Coincards Europe\",\"isPartOf\":{\"@id\":\"https:\/\/coincards.com\/eu\/#website\"},\"primaryImageOfPage\":{\"@id\":\"https:\/\/coincards.com\/eu\/product\/adidas-online-gift-card-electronic-delivery-2\/#primaryimage\"},\"image\":{\"@id\":\"https:\/\/coincards.com\/eu\/product\/adidas-online-gift-card-electronic-delivery-2\/#primaryimage\"},\"thumbnailUrl\":\"https:\/\/assets.coincards.com\/wp-content\/uploads\/sites\/6\/2024\/06\/04180542\/ADAS-ES-card-1.png\",\"datePublished\":\"2024-05-14T00:39:45+00:00\",\"dateModified\":\"2024-06-05T02:05:43+00:00\",\"breadcrumb\":{\"@id\":\"https:\/\/coincards.com\/eu\/product\/adidas-online-gift-card-electronic-delivery-2\/#breadcrumb\"},\"inLanguage\":\"en-CA\",\"potentialAction\":[{\"@type\":\"ReadAction\",\"target\":[\"https:\/\/coincards.com\/eu\/product\/adidas-online-gift-card-electronic-delivery-2\/\"]}]},{\"@type\":\"ImageObject\",\"inLanguage\":\"en-CA\",\"@id\":\"https:\/\/coincards.com\/eu\/product\/adidas-online-gift-card-electronic-delivery-2\/#primaryimage\",\"url\":\"https:\/\/assets.coincards.com\/wp-content\/uploads\/sites\/6\/2024\/06\/04180542\/ADAS-ES-card-1.png\",\"contentUrl\":\"https:\/\/assets.coincards.com\/wp-content\/uploads\/sites\/6\/2024\/06\/04180542\/ADAS-ES-card-1.png\",\"width\":675,\"height\":425},{\"@type\":\"BreadcrumbList\",\"@id\":\"https:\/\/coincards.com\/eu\/product\/adidas-online-gift-card-electronic-delivery-2\/#breadcrumb\",\"itemListElement\":[{\"@type\":\"ListItem\",\"position\":1,\"name\":\"Home\",\"item\":\"https:\/\/coincards.com\/eu\/\"},{\"@type\":\"ListItem\",\"position\":2,\"name\":\"All Gift Cards\",\"item\":\"https:\/\/coincards.com\/eu\/all-gift-cards\/\"},{\"@type\":\"ListItem\",\"position\":3,\"name\":\"Adidas Online Gift Card (Electronic Delivery) (Portugal)\"}]},{\"@type\":\"WebSite\",\"@id\":\"https:\/\/coincards.com\/eu\/#website\",\"url\":\"https:\/\/coincards.com\/eu\/\",\"name\":\"Coincards Europe\",\"description\":\"Austrlia&#039;s #1 Cryptocurrency to Gift Card Exchange Service\",\"potentialAction\":[{\"@type\":\"SearchAction\",\"target\":{\"@type\":\"EntryPoint\",\"urlTemplate\":\"https:\/\/coincards.com\/eu\/?s={search_term_string}\"},\"query-input\":{\"@type\":\"PropertyValueSpecification\",\"valueRequired\":true,\"valueName\":\"search_term_string\"}}],\"inLanguage\":\"en-CA\"}]}<\/script>\n<meta property=\"product:price:amount\" content=\"5.00\" \/>\n<meta property=\"product:price:currency\" content=\"EUR\" \/>\n<meta property=\"og:availability\" content=\"instock\" \/>\n<meta property=\"product:availability\" content=\"instock\" \/>\n<meta property=\"product:condition\" content=\"new\" \/>\n<!-- \/ Yoast SEO Premium plugin. -->","yoast_head_json":{"title":"Adidas Online Gift Card (Electronic Delivery) (Portugal) - Coincards Europe","robots":{"index":"index","follow":"follow","max-snippet":"max-snippet:-1","max-image-preview":"max-image-preview:large","max-video-preview":"max-video-preview:-1"},"canonical":"https:\/\/coincards.com\/eu\/product\/adidas-online-gift-card-electronic-delivery-2\/","og_locale":"en_US","og_type":"article","og_title":"Adidas Online Gift Card (Electronic Delivery) (Portugal)","og_description":"A adidas \u00e9 a marca das 3 riscas, o \u00edcone. Do est\u00e1dio para as ruas. Dos courts \u00e0 passerelle. Com uma longa hist\u00f3ria de desempenho e paix\u00e3o pelo desporto, a adidas d\u00e1 tudo para ser melhor. Colaborando com atletas de topo e artistas influentes, a marca combina tecnologias inovadoras com design atrativo.  https:\/\/www.adidas.pt\/ajuda","og_url":"https:\/\/coincards.com\/eu\/product\/adidas-online-gift-card-electronic-delivery-2\/","og_site_name":"Coincards Europe","article_modified_time":"2024-06-05T02:05:43+00:00","og_image":[{"width":675,"height":425,"url":"https:\/\/assets.coincards.com\/wp-content\/uploads\/sites\/6\/2024\/06\/04155301\/ADAS-ES-card.png","type":"image\/png"}],"twitter_card":"summary_large_image","twitter_misc":{"Price":"&euro;5.00","Availability":"In stock"},"schema":{"@context":"https:\/\/schema.org","@graph":[{"@type":"WebPage","@id":"https:\/\/coincards.com\/eu\/product\/adidas-online-gift-card-electronic-delivery-2\/","url":"https:\/\/coincards.com\/eu\/product\/adidas-online-gift-card-electronic-delivery-2\/","name":"Adidas Online Gift Card (Electronic Delivery) (Portugal) - Coincards Europe","isPartOf":{"@id":"https:\/\/coincards.com\/eu\/#website"},"primaryImageOfPage":{"@id":"https:\/\/coincards.com\/eu\/product\/adidas-online-gift-card-electronic-delivery-2\/#primaryimage"},"image":{"@id":"https:\/\/coincards.com\/eu\/product\/adidas-online-gift-card-electronic-delivery-2\/#primaryimage"},"thumbnailUrl":"https:\/\/assets.coincards.com\/wp-content\/uploads\/sites\/6\/2024\/06\/04180542\/ADAS-ES-card-1.png","datePublished":"2024-05-14T00:39:45+00:00","dateModified":"2024-06-05T02:05:43+00:00","breadcrumb":{"@id":"https:\/\/coincards.com\/eu\/product\/adidas-online-gift-card-electronic-delivery-2\/#breadcrumb"},"inLanguage":"en-CA","potentialAction":[{"@type":"ReadAction","target":["https:\/\/coincards.com\/eu\/product\/adidas-online-gift-card-electronic-delivery-2\/"]}]},{"@type":"ImageObject","inLanguage":"en-CA","@id":"https:\/\/coincards.com\/eu\/product\/adidas-online-gift-card-electronic-delivery-2\/#primaryimage","url":"https:\/\/assets.coincards.com\/wp-content\/uploads\/sites\/6\/2024\/06\/04180542\/ADAS-ES-card-1.png","contentUrl":"https:\/\/assets.coincards.com\/wp-content\/uploads\/sites\/6\/2024\/06\/04180542\/ADAS-ES-card-1.png","width":675,"height":425},{"@type":"BreadcrumbList","@id":"https:\/\/coincards.com\/eu\/product\/adidas-online-gift-card-electronic-delivery-2\/#breadcrumb","itemListElement":[{"@type":"ListItem","position":1,"name":"Home","item":"https:\/\/coincards.com\/eu\/"},{"@type":"ListItem","position":2,"name":"All Gift Cards","item":"https:\/\/coincards.com\/eu\/all-gift-cards\/"},{"@type":"ListItem","position":3,"name":"Adidas Online Gift Card (Electronic Delivery) (Portugal)"}]},{"@type":"WebSite","@id":"https:\/\/coincards.com\/eu\/#website","url":"https:\/\/coincards.com\/eu\/","name":"Coincards Europe","description":"Austrlia&#039;s #1 Cryptocurrency to Gift Card Exchange Service","potentialAction":[{"@type":"SearchAction","target":{"@type":"EntryPoint","urlTemplate":"https:\/\/coincards.com\/eu\/?s={search_term_string}"},"query-input":{"@type":"PropertyValueSpecification","valueRequired":true,"valueName":"search_term_string"}}],"inLanguage":"en-CA"}]},"product_price_amount":"5.00","product_price_currency":"EUR","og_availability":"instock","product_availability":"instock","product_condition":"new"},"_links":{"self":[{"href":"https:\/\/coincards.com\/eu\/wp-json\/wp\/v2\/product\/1933","targetHints":{"allow":["GET"]}}],"collection":[{"href":"https:\/\/coincards.com\/eu\/wp-json\/wp\/v2\/product"}],"about":[{"href":"https:\/\/coincards.com\/eu\/wp-json\/wp\/v2\/types\/product"}],"replies":[{"embeddable":true,"href":"https:\/\/coincards.com\/eu\/wp-json\/wp\/v2\/comments?post=1933"}],"wp:featuredmedia":[{"embeddable":true,"href":"https:\/\/coincards.com\/eu\/wp-json\/wp\/v2\/media\/5531"}],"wp:attachment":[{"href":"https:\/\/coincards.com\/eu\/wp-json\/wp\/v2\/media?parent=1933"}],"wp:term":[{"taxonomy":"product_cat","embeddable":true,"href":"https:\/\/coincards.com\/eu\/wp-json\/wp\/v2\/product_cat?post=1933"},{"taxonomy":"product_tag","embeddable":true,"href":"https:\/\/coincards.com\/eu\/wp-json\/wp\/v2\/product_tag?post=1933"}],"curies":[{"name":"wp","href":"https:\/\/api.w.org\/{rel}","templated":true}]}}