{"id":1897,"date":"2024-05-13T15:57:26","date_gmt":"2024-05-13T23:57:26","guid":{"rendered":"https:\/\/coincards.com\/eu\/?post_type=product&#038;p=1897"},"modified":"2024-06-04T18:05:49","modified_gmt":"2024-06-05T02:05:49","slug":"abracadaroom-online-gift-card-electronic-delivery","status":"publish","type":"product","link":"https:\/\/coincards.com\/eu\/product\/abracadaroom-online-gift-card-electronic-delivery\/","title":{"rendered":"AbracadaRoom Online Gift Card (Electronic Delivery) (France)"},"content":{"rendered":"<p>Utilisable uniquement sur le site https:\/\/mag.abracadaroom.com\/fr\/demande-reservation-carte-cadeau (dont les &#8211; options r\u00e9servables en ligne uniquement) &#8211; Valable 15 mois &#8211; Utilisable en 1 ou plusieurs fois &#8211; Possibilit\u00e9 de compl\u00e9ter le montant par un autre moyen de paiement &#8211; Les e-cartes cadeaux sont cumulables entre elles &#8211; Non \u00e9changeable, non remboursable<\/p>\n<p>Vous pouvez \u00e0 pr\u00e9sent effectuer votre r\u00e9servation directement en ligne avec votre code carte cadeau.<\/p>\n<p>Pour cela :<br \/>\n1. D\u00e9couvrez nos h\u00e9bergements insolites en utilisant le moteur de recherche de notre site www.abracadaroom.com et\/ou www.lacabaneenlair.com<br \/>\n2. V\u00e9rifiez la disponibilit\u00e9 et le tarif de l\u2019h\u00e9bergement de votre choix.<br \/>\n3. Cliquez sur &#8220;R\u00e9server&#8221; et proc\u00e9dez \u00e0 votre r\u00e9servation en ligne.<br \/>\n4. Lors de l\u2019\u00e9tape finale, saisissez le num\u00e9ro de votre carte cadeau dans le champ pr\u00e9vu \u00e0 cet effet.<br \/>\n5. Recevez instantan\u00e9ment une confirmation de r\u00e9servation par e-mail (pensez \u00e0 v\u00e9rifier vos spams !).<\/p>\n<p>Besoin d\u2019aide? N\u2019h\u00e9sitez pas \u00e0 consulter notre aide en ligne !<\/p>\n<p>Vous n\u2019avez pas trouv\u00e9 la r\u00e9ponse \u00e0 votre question ?<br \/>\nContactez notre service r\u00e9servation du lundi au vendredi de 9h \u00e0 18h (hors jours f\u00e9ri\u00e9s) :<br \/>\n&#8211; reservation@unicstay.com<br \/>\n&#8211; 04 84 51 03 38<\/p>\n","protected":false},"excerpt":{"rendered":"<p>Choisissez votre h\u00e9bergement, v\u00e9rifiez sa disponibilit\u00e9. Contactez-nous par t\u00e9l\u00e9phone 04 84 51 03 38 ou par mail \u00e0 reservation@unicstay.com ou \u00e0 l&#8217;aide du formulaire qui se trouve au lien suivant : https:\/\/mag.abracadaroom.com\/fr\/demande-reservation-carte-cadeau La r\u00e9servation doit \u00eatre effectu\u00e9e au plus tard 72h avant le s\u00e9jour. Les bureaux AbracadaRoom sont ouverts du lundi au vendredi de 9h \u00e0 18h (hors jours f\u00e9ri\u00e9s).<\/p>\n<p>&nbsp;<\/p>\n","protected":false},"featured_media":5528,"comment_status":"closed","ping_status":"closed","template":"","meta":{"_exactmetrics_skip_tracking":false,"_exactmetrics_sitenote_active":false,"_exactmetrics_sitenote_note":"","_exactmetrics_sitenote_category":0},"product_cat":[20],"product_tag":[],"class_list":{"0":"post-1897","1":"product","2":"type-product","3":"status-publish","4":"has-post-thumbnail","6":"product_brand-abracadaroom","7":"product_cat-electronic-gift-cards","8":"pa_country-availability-france","10":"first","11":"instock","12":"shipping-taxable","13":"purchasable","14":"product-type-variable"},"yoast_head":"<!-- This site is optimized with the Yoast SEO Premium plugin v20.11 (Yoast SEO v27.3) - https:\/\/yoast.com\/product\/yoast-seo-premium-wordpress\/ -->\n<title>AbracadaRoom Online Gift Card (Electronic Delivery) (France) - Coincards Europe<\/title>\n<meta name=\"robots\" content=\"index, follow, max-snippet:-1, max-image-preview:large, max-video-preview:-1\" \/>\n<link rel=\"canonical\" href=\"https:\/\/coincards.com\/eu\/product\/abracadaroom-online-gift-card-electronic-delivery\/\" \/>\n<meta property=\"og:locale\" content=\"en_US\" \/>\n<meta property=\"og:type\" content=\"article\" \/>\n<meta property=\"og:title\" content=\"AbracadaRoom Online Gift Card (Electronic Delivery) (France)\" \/>\n<meta property=\"og:description\" content=\"Choisissez votre h\u00e9bergement, v\u00e9rifiez sa disponibilit\u00e9. Contactez-nous par t\u00e9l\u00e9phone 04 84 51 03 38 ou par mail \u00e0 reservation@unicstay.com ou \u00e0 l&#039;aide du formulaire qui se trouve au lien suivant : https:\/\/mag.abracadaroom.com\/fr\/demande-reservation-carte-cadeau La r\u00e9servation doit \u00eatre effectu\u00e9e au plus tard 72h avant le s\u00e9jour. Les bureaux AbracadaRoom sont ouverts du lundi au vendredi de 9h \u00e0 18h (hors jours f\u00e9ri\u00e9s).  &nbsp;\" \/>\n<meta property=\"og:url\" content=\"https:\/\/coincards.com\/eu\/product\/abracadaroom-online-gift-card-electronic-delivery\/\" \/>\n<meta property=\"og:site_name\" content=\"Coincards Europe\" \/>\n<meta property=\"article:modified_time\" content=\"2024-06-05T02:05:49+00:00\" \/>\n<meta property=\"og:image\" content=\"https:\/\/assets.coincards.com\/wp-content\/uploads\/sites\/6\/2024\/06\/04160605\/ABRAR-FR-card-e1715645122823-1.png\" \/>\n\t<meta property=\"og:image:width\" content=\"414\" \/>\n\t<meta property=\"og:image:height\" content=\"264\" \/>\n\t<meta property=\"og:image:type\" content=\"image\/png\" \/>\n<meta name=\"twitter:card\" content=\"summary_large_image\" \/>\n<meta name=\"twitter:label1\" content=\"Availability\" \/>\n\t<meta name=\"twitter:data1\" content=\"In stock\" \/>\n<script type=\"application\/ld+json\" class=\"yoast-schema-graph\">{\"@context\":\"https:\\\/\\\/schema.org\",\"@graph\":[{\"@type\":\"WebPage\",\"@id\":\"https:\\\/\\\/coincards.com\\\/eu\\\/product\\\/abracadaroom-online-gift-card-electronic-delivery\\\/\",\"url\":\"https:\\\/\\\/coincards.com\\\/eu\\\/product\\\/abracadaroom-online-gift-card-electronic-delivery\\\/\",\"name\":\"AbracadaRoom Online Gift Card (Electronic Delivery) (France) - Coincards Europe\",\"isPartOf\":{\"@id\":\"https:\\\/\\\/coincards.com\\\/eu\\\/#website\"},\"primaryImageOfPage\":{\"@id\":\"https:\\\/\\\/coincards.com\\\/eu\\\/product\\\/abracadaroom-online-gift-card-electronic-delivery\\\/#primaryimage\"},\"image\":{\"@id\":\"https:\\\/\\\/coincards.com\\\/eu\\\/product\\\/abracadaroom-online-gift-card-electronic-delivery\\\/#primaryimage\"},\"thumbnailUrl\":\"https:\\\/\\\/assets.coincards.com\\\/wp-content\\\/uploads\\\/sites\\\/6\\\/2024\\\/06\\\/04180536\\\/ABRAR-FR-card-e1715645122823-1-1.png\",\"datePublished\":\"2024-05-13T23:57:26+00:00\",\"dateModified\":\"2024-06-05T02:05:49+00:00\",\"breadcrumb\":{\"@id\":\"https:\\\/\\\/coincards.com\\\/eu\\\/product\\\/abracadaroom-online-gift-card-electronic-delivery\\\/#breadcrumb\"},\"inLanguage\":\"en-CA\",\"potentialAction\":[{\"@type\":\"ReadAction\",\"target\":[\"https:\\\/\\\/coincards.com\\\/eu\\\/product\\\/abracadaroom-online-gift-card-electronic-delivery\\\/\"]}]},{\"@type\":\"ImageObject\",\"inLanguage\":\"en-CA\",\"@id\":\"https:\\\/\\\/coincards.com\\\/eu\\\/product\\\/abracadaroom-online-gift-card-electronic-delivery\\\/#primaryimage\",\"url\":\"https:\\\/\\\/assets.coincards.com\\\/wp-content\\\/uploads\\\/sites\\\/6\\\/2024\\\/06\\\/04180536\\\/ABRAR-FR-card-e1715645122823-1-1.png\",\"contentUrl\":\"https:\\\/\\\/assets.coincards.com\\\/wp-content\\\/uploads\\\/sites\\\/6\\\/2024\\\/06\\\/04180536\\\/ABRAR-FR-card-e1715645122823-1-1.png\",\"width\":414,\"height\":264},{\"@type\":\"BreadcrumbList\",\"@id\":\"https:\\\/\\\/coincards.com\\\/eu\\\/product\\\/abracadaroom-online-gift-card-electronic-delivery\\\/#breadcrumb\",\"itemListElement\":[{\"@type\":\"ListItem\",\"position\":1,\"name\":\"Home\",\"item\":\"https:\\\/\\\/coincards.com\\\/eu\\\/\"},{\"@type\":\"ListItem\",\"position\":2,\"name\":\"All Gift Cards\",\"item\":\"https:\\\/\\\/coincards.com\\\/eu\\\/all-gift-cards\\\/\"},{\"@type\":\"ListItem\",\"position\":3,\"name\":\"AbracadaRoom Online Gift Card (Electronic Delivery) (France)\"}]},{\"@type\":\"WebSite\",\"@id\":\"https:\\\/\\\/coincards.com\\\/eu\\\/#website\",\"url\":\"https:\\\/\\\/coincards.com\\\/eu\\\/\",\"name\":\"Coincards Europe\",\"description\":\"Austrlia&#039;s #1 Cryptocurrency to Gift Card Exchange Service\",\"potentialAction\":[{\"@type\":\"SearchAction\",\"target\":{\"@type\":\"EntryPoint\",\"urlTemplate\":\"https:\\\/\\\/coincards.com\\\/eu\\\/?s={search_term_string}\"},\"query-input\":{\"@type\":\"PropertyValueSpecification\",\"valueRequired\":true,\"valueName\":\"search_term_string\"}}],\"inLanguage\":\"en-CA\"}]}<\/script>\n<meta property=\"og:availability\" content=\"instock\" \/>\n<meta property=\"product:availability\" content=\"instock\" \/>\n<meta property=\"product:condition\" content=\"new\" \/>\n<!-- \/ Yoast SEO Premium plugin. -->","yoast_head_json":{"title":"AbracadaRoom Online Gift Card (Electronic Delivery) (France) - Coincards Europe","robots":{"index":"index","follow":"follow","max-snippet":"max-snippet:-1","max-image-preview":"max-image-preview:large","max-video-preview":"max-video-preview:-1"},"canonical":"https:\/\/coincards.com\/eu\/product\/abracadaroom-online-gift-card-electronic-delivery\/","og_locale":"en_US","og_type":"article","og_title":"AbracadaRoom Online Gift Card (Electronic Delivery) (France)","og_description":"Choisissez votre h\u00e9bergement, v\u00e9rifiez sa disponibilit\u00e9. Contactez-nous par t\u00e9l\u00e9phone 04 84 51 03 38 ou par mail \u00e0 reservation@unicstay.com ou \u00e0 l'aide du formulaire qui se trouve au lien suivant : https:\/\/mag.abracadaroom.com\/fr\/demande-reservation-carte-cadeau La r\u00e9servation doit \u00eatre effectu\u00e9e au plus tard 72h avant le s\u00e9jour. Les bureaux AbracadaRoom sont ouverts du lundi au vendredi de 9h \u00e0 18h (hors jours f\u00e9ri\u00e9s).  &nbsp;","og_url":"https:\/\/coincards.com\/eu\/product\/abracadaroom-online-gift-card-electronic-delivery\/","og_site_name":"Coincards Europe","article_modified_time":"2024-06-05T02:05:49+00:00","og_image":[{"width":414,"height":264,"url":"https:\/\/assets.coincards.com\/wp-content\/uploads\/sites\/6\/2024\/06\/04160605\/ABRAR-FR-card-e1715645122823-1.png","type":"image\/png"}],"twitter_card":"summary_large_image","twitter_misc":{"Availability":"In stock"},"schema":{"@context":"https:\/\/schema.org","@graph":[{"@type":"WebPage","@id":"https:\/\/coincards.com\/eu\/product\/abracadaroom-online-gift-card-electronic-delivery\/","url":"https:\/\/coincards.com\/eu\/product\/abracadaroom-online-gift-card-electronic-delivery\/","name":"AbracadaRoom Online Gift Card (Electronic Delivery) (France) - Coincards Europe","isPartOf":{"@id":"https:\/\/coincards.com\/eu\/#website"},"primaryImageOfPage":{"@id":"https:\/\/coincards.com\/eu\/product\/abracadaroom-online-gift-card-electronic-delivery\/#primaryimage"},"image":{"@id":"https:\/\/coincards.com\/eu\/product\/abracadaroom-online-gift-card-electronic-delivery\/#primaryimage"},"thumbnailUrl":"https:\/\/assets.coincards.com\/wp-content\/uploads\/sites\/6\/2024\/06\/04180536\/ABRAR-FR-card-e1715645122823-1-1.png","datePublished":"2024-05-13T23:57:26+00:00","dateModified":"2024-06-05T02:05:49+00:00","breadcrumb":{"@id":"https:\/\/coincards.com\/eu\/product\/abracadaroom-online-gift-card-electronic-delivery\/#breadcrumb"},"inLanguage":"en-CA","potentialAction":[{"@type":"ReadAction","target":["https:\/\/coincards.com\/eu\/product\/abracadaroom-online-gift-card-electronic-delivery\/"]}]},{"@type":"ImageObject","inLanguage":"en-CA","@id":"https:\/\/coincards.com\/eu\/product\/abracadaroom-online-gift-card-electronic-delivery\/#primaryimage","url":"https:\/\/assets.coincards.com\/wp-content\/uploads\/sites\/6\/2024\/06\/04180536\/ABRAR-FR-card-e1715645122823-1-1.png","contentUrl":"https:\/\/assets.coincards.com\/wp-content\/uploads\/sites\/6\/2024\/06\/04180536\/ABRAR-FR-card-e1715645122823-1-1.png","width":414,"height":264},{"@type":"BreadcrumbList","@id":"https:\/\/coincards.com\/eu\/product\/abracadaroom-online-gift-card-electronic-delivery\/#breadcrumb","itemListElement":[{"@type":"ListItem","position":1,"name":"Home","item":"https:\/\/coincards.com\/eu\/"},{"@type":"ListItem","position":2,"name":"All Gift Cards","item":"https:\/\/coincards.com\/eu\/all-gift-cards\/"},{"@type":"ListItem","position":3,"name":"AbracadaRoom Online Gift Card (Electronic Delivery) (France)"}]},{"@type":"WebSite","@id":"https:\/\/coincards.com\/eu\/#website","url":"https:\/\/coincards.com\/eu\/","name":"Coincards Europe","description":"Austrlia&#039;s #1 Cryptocurrency to Gift Card Exchange Service","potentialAction":[{"@type":"SearchAction","target":{"@type":"EntryPoint","urlTemplate":"https:\/\/coincards.com\/eu\/?s={search_term_string}"},"query-input":{"@type":"PropertyValueSpecification","valueRequired":true,"valueName":"search_term_string"}}],"inLanguage":"en-CA"}]},"og_availability":"instock","product_availability":"instock","product_condition":"new"},"_links":{"self":[{"href":"https:\/\/coincards.com\/eu\/wp-json\/wp\/v2\/product\/1897","targetHints":{"allow":["GET"]}}],"collection":[{"href":"https:\/\/coincards.com\/eu\/wp-json\/wp\/v2\/product"}],"about":[{"href":"https:\/\/coincards.com\/eu\/wp-json\/wp\/v2\/types\/product"}],"replies":[{"embeddable":true,"href":"https:\/\/coincards.com\/eu\/wp-json\/wp\/v2\/comments?post=1897"}],"wp:featuredmedia":[{"embeddable":true,"href":"https:\/\/coincards.com\/eu\/wp-json\/wp\/v2\/media\/5528"}],"wp:attachment":[{"href":"https:\/\/coincards.com\/eu\/wp-json\/wp\/v2\/media?parent=1897"}],"wp:term":[{"taxonomy":"product_cat","embeddable":true,"href":"https:\/\/coincards.com\/eu\/wp-json\/wp\/v2\/product_cat?post=1897"},{"taxonomy":"product_tag","embeddable":true,"href":"https:\/\/coincards.com\/eu\/wp-json\/wp\/v2\/product_tag?post=1897"}],"curies":[{"name":"wp","href":"https:\/\/api.w.org\/{rel}","templated":true}]}}