{"id":1847,"date":"2024-04-04T10:40:12","date_gmt":"2024-04-04T18:40:12","guid":{"rendered":"https:\/\/coincards.com\/eu\/?post_type=product&#038;p=1847"},"modified":"2024-06-04T17:49:20","modified_gmt":"2024-06-05T01:49:20","slug":"123-blumenversand-online-gift-card-electronic-delivery","status":"publish","type":"product","link":"https:\/\/coincards.com\/eu\/product\/123-blumenversand-online-gift-card-electronic-delivery\/","title":{"rendered":"123 Blumenversand Online Gift Card (Electronic Delivery) (Germany)"},"content":{"rendered":"<p><strong>Terms &amp; Conditions:<\/strong><\/p>\n<p>F\u00fcr vollst\u00e4ndige Gesch\u00e4ftsbedingungen besuchen Sie bitte [https:\/\/www.123blumenversand.de\/de\/content\/2225_agb-und-info.html](https:\/\/www.123blumenversand.de\/de\/content\/2225_agb-und-info.html)<\/p>\n<p><strong>Redemption Instructions:<\/strong><\/p>\n<p>Der gutschein kann auf der Seite &#8220;Zahlung&#8221; eingel\u00f6st werden. Der code eintragen und auf &#8220;Gutschein einl\u00f6sen&#8221; klicken.<\/p>\n","protected":false},"excerpt":{"rendered":"<p>Es gibt viele Anl\u00e4sse bei denen ein herrlicher frischer Blumenstrau\u00df die Augen der Beschenkten blitzen l\u00e4sst. Blumen verschicken war noch nie so einfach wie mit 123 Blumenversand. Ob es ein sch\u00f6ner bunter Blumenstrau\u00df zum Geburtstag oder ein roter Rosenstrau\u00df f\u00fcr die Geliebte sein soll, f\u00fcr Sie versenden wir alle Blumen an Ihre Wunschlieferadresse.<\/p>\n<p>Als online Blumenversand verstehen wir es Ihre Zimmerpflanzen, Gestecke oder Blumenstr\u00e4u\u00dfe so zu versenden, dass wir die Frische Ihrer Blumen garantieren k\u00f6nnen.<\/p>\n","protected":false},"featured_media":5523,"comment_status":"closed","ping_status":"closed","template":"","meta":{"_exactmetrics_skip_tracking":false,"_exactmetrics_sitenote_active":false,"_exactmetrics_sitenote_note":"","_exactmetrics_sitenote_category":0},"product_cat":[20],"product_tag":[29],"class_list":{"0":"post-1847","1":"product","2":"type-product","3":"status-publish","4":"has-post-thumbnail","6":"product_brand-123-blumenversand","7":"product_cat-electronic-gift-cards","8":"product_tag-retail","9":"pa_country-availability-germany","11":"first","12":"instock","13":"shipping-taxable","14":"purchasable","15":"product-type-variable"},"yoast_head":"<!-- This site is optimized with the Yoast SEO Premium plugin v20.11 (Yoast SEO v25.8) - https:\/\/yoast.com\/wordpress\/plugins\/seo\/ -->\n<title>123 Blumenversand Online Gift Card (Electronic Delivery) (Germany) - Coincards Europe<\/title>\n<meta name=\"robots\" content=\"index, follow, max-snippet:-1, max-image-preview:large, max-video-preview:-1\" \/>\n<link rel=\"canonical\" href=\"https:\/\/coincards.com\/eu\/product\/123-blumenversand-online-gift-card-electronic-delivery\/\" \/>\n<meta property=\"og:locale\" content=\"en_US\" \/>\n<meta property=\"og:type\" content=\"article\" \/>\n<meta property=\"og:title\" content=\"123 Blumenversand Online Gift Card (Electronic Delivery) (Germany)\" \/>\n<meta property=\"og:description\" content=\"Es gibt viele Anl\u00e4sse bei denen ein herrlicher frischer Blumenstrau\u00df die Augen der Beschenkten blitzen l\u00e4sst. Blumen verschicken war noch nie so einfach wie mit 123 Blumenversand. Ob es ein sch\u00f6ner bunter Blumenstrau\u00df zum Geburtstag oder ein roter Rosenstrau\u00df f\u00fcr die Geliebte sein soll, f\u00fcr Sie versenden wir alle Blumen an Ihre Wunschlieferadresse.  Als online Blumenversand verstehen wir es Ihre Zimmerpflanzen, Gestecke oder Blumenstr\u00e4u\u00dfe so zu versenden, dass wir die Frische Ihrer Blumen garantieren k\u00f6nnen.\" \/>\n<meta property=\"og:url\" content=\"https:\/\/coincards.com\/eu\/product\/123-blumenversand-online-gift-card-electronic-delivery\/\" \/>\n<meta property=\"og:site_name\" content=\"Coincards Europe\" \/>\n<meta property=\"article:modified_time\" content=\"2024-06-05T01:49:20+00:00\" \/>\n<meta property=\"og:image\" content=\"https:\/\/assets.coincards.com\/wp-content\/uploads\/sites\/6\/2024\/04\/13150914\/BLUMEN-DE-card.png\" \/>\n\t<meta property=\"og:image:width\" content=\"675\" \/>\n\t<meta property=\"og:image:height\" content=\"425\" \/>\n\t<meta property=\"og:image:type\" content=\"image\/png\" \/>\n<meta name=\"twitter:card\" content=\"summary_large_image\" \/>\n<meta name=\"twitter:label1\" content=\"Availability\" \/>\n\t<meta name=\"twitter:data1\" content=\"In stock\" \/>\n<script type=\"application\/ld+json\" class=\"yoast-schema-graph\">{\"@context\":\"https:\/\/schema.org\",\"@graph\":[{\"@type\":\"WebPage\",\"@id\":\"https:\/\/coincards.com\/eu\/product\/123-blumenversand-online-gift-card-electronic-delivery\/\",\"url\":\"https:\/\/coincards.com\/eu\/product\/123-blumenversand-online-gift-card-electronic-delivery\/\",\"name\":\"123 Blumenversand Online Gift Card (Electronic Delivery) (Germany) - Coincards Europe\",\"isPartOf\":{\"@id\":\"https:\/\/coincards.com\/eu\/#website\"},\"primaryImageOfPage\":{\"@id\":\"https:\/\/coincards.com\/eu\/product\/123-blumenversand-online-gift-card-electronic-delivery\/#primaryimage\"},\"image\":{\"@id\":\"https:\/\/coincards.com\/eu\/product\/123-blumenversand-online-gift-card-electronic-delivery\/#primaryimage\"},\"thumbnailUrl\":\"https:\/\/assets.coincards.com\/wp-content\/uploads\/sites\/6\/2024\/06\/04171750\/BLUMEN-DE-card-1.png\",\"datePublished\":\"2024-04-04T18:40:12+00:00\",\"dateModified\":\"2024-06-05T01:49:20+00:00\",\"breadcrumb\":{\"@id\":\"https:\/\/coincards.com\/eu\/product\/123-blumenversand-online-gift-card-electronic-delivery\/#breadcrumb\"},\"inLanguage\":\"en-CA\",\"potentialAction\":[{\"@type\":\"ReadAction\",\"target\":[\"https:\/\/coincards.com\/eu\/product\/123-blumenversand-online-gift-card-electronic-delivery\/\"]}]},{\"@type\":\"ImageObject\",\"inLanguage\":\"en-CA\",\"@id\":\"https:\/\/coincards.com\/eu\/product\/123-blumenversand-online-gift-card-electronic-delivery\/#primaryimage\",\"url\":\"https:\/\/assets.coincards.com\/wp-content\/uploads\/sites\/6\/2024\/06\/04171750\/BLUMEN-DE-card-1.png\",\"contentUrl\":\"https:\/\/assets.coincards.com\/wp-content\/uploads\/sites\/6\/2024\/06\/04171750\/BLUMEN-DE-card-1.png\",\"width\":675,\"height\":425},{\"@type\":\"BreadcrumbList\",\"@id\":\"https:\/\/coincards.com\/eu\/product\/123-blumenversand-online-gift-card-electronic-delivery\/#breadcrumb\",\"itemListElement\":[{\"@type\":\"ListItem\",\"position\":1,\"name\":\"Home\",\"item\":\"https:\/\/coincards.com\/eu\/\"},{\"@type\":\"ListItem\",\"position\":2,\"name\":\"All Gift Cards\",\"item\":\"https:\/\/coincards.com\/eu\/all-gift-cards\/\"},{\"@type\":\"ListItem\",\"position\":3,\"name\":\"123 Blumenversand Online Gift Card (Electronic Delivery) (Germany)\"}]},{\"@type\":\"WebSite\",\"@id\":\"https:\/\/coincards.com\/eu\/#website\",\"url\":\"https:\/\/coincards.com\/eu\/\",\"name\":\"Coincards Europe\",\"description\":\"Austrlia&#039;s #1 Cryptocurrency to Gift Card Exchange Service\",\"potentialAction\":[{\"@type\":\"SearchAction\",\"target\":{\"@type\":\"EntryPoint\",\"urlTemplate\":\"https:\/\/coincards.com\/eu\/?s={search_term_string}\"},\"query-input\":{\"@type\":\"PropertyValueSpecification\",\"valueRequired\":true,\"valueName\":\"search_term_string\"}}],\"inLanguage\":\"en-CA\"}]}<\/script>\n<meta property=\"og:availability\" content=\"instock\" \/>\n<meta property=\"product:availability\" content=\"instock\" \/>\n<meta property=\"product:condition\" content=\"new\" \/>\n<!-- \/ Yoast SEO Premium plugin. -->","yoast_head_json":{"title":"123 Blumenversand Online Gift Card (Electronic Delivery) (Germany) - Coincards Europe","robots":{"index":"index","follow":"follow","max-snippet":"max-snippet:-1","max-image-preview":"max-image-preview:large","max-video-preview":"max-video-preview:-1"},"canonical":"https:\/\/coincards.com\/eu\/product\/123-blumenversand-online-gift-card-electronic-delivery\/","og_locale":"en_US","og_type":"article","og_title":"123 Blumenversand Online Gift Card (Electronic Delivery) (Germany)","og_description":"Es gibt viele Anl\u00e4sse bei denen ein herrlicher frischer Blumenstrau\u00df die Augen der Beschenkten blitzen l\u00e4sst. Blumen verschicken war noch nie so einfach wie mit 123 Blumenversand. Ob es ein sch\u00f6ner bunter Blumenstrau\u00df zum Geburtstag oder ein roter Rosenstrau\u00df f\u00fcr die Geliebte sein soll, f\u00fcr Sie versenden wir alle Blumen an Ihre Wunschlieferadresse.  Als online Blumenversand verstehen wir es Ihre Zimmerpflanzen, Gestecke oder Blumenstr\u00e4u\u00dfe so zu versenden, dass wir die Frische Ihrer Blumen garantieren k\u00f6nnen.","og_url":"https:\/\/coincards.com\/eu\/product\/123-blumenversand-online-gift-card-electronic-delivery\/","og_site_name":"Coincards Europe","article_modified_time":"2024-06-05T01:49:20+00:00","og_image":[{"width":675,"height":425,"url":"https:\/\/assets.coincards.com\/wp-content\/uploads\/sites\/6\/2024\/04\/13150914\/BLUMEN-DE-card.png","type":"image\/png"}],"twitter_card":"summary_large_image","twitter_misc":{"Availability":"In stock"},"schema":{"@context":"https:\/\/schema.org","@graph":[{"@type":"WebPage","@id":"https:\/\/coincards.com\/eu\/product\/123-blumenversand-online-gift-card-electronic-delivery\/","url":"https:\/\/coincards.com\/eu\/product\/123-blumenversand-online-gift-card-electronic-delivery\/","name":"123 Blumenversand Online Gift Card (Electronic Delivery) (Germany) - Coincards Europe","isPartOf":{"@id":"https:\/\/coincards.com\/eu\/#website"},"primaryImageOfPage":{"@id":"https:\/\/coincards.com\/eu\/product\/123-blumenversand-online-gift-card-electronic-delivery\/#primaryimage"},"image":{"@id":"https:\/\/coincards.com\/eu\/product\/123-blumenversand-online-gift-card-electronic-delivery\/#primaryimage"},"thumbnailUrl":"https:\/\/assets.coincards.com\/wp-content\/uploads\/sites\/6\/2024\/06\/04171750\/BLUMEN-DE-card-1.png","datePublished":"2024-04-04T18:40:12+00:00","dateModified":"2024-06-05T01:49:20+00:00","breadcrumb":{"@id":"https:\/\/coincards.com\/eu\/product\/123-blumenversand-online-gift-card-electronic-delivery\/#breadcrumb"},"inLanguage":"en-CA","potentialAction":[{"@type":"ReadAction","target":["https:\/\/coincards.com\/eu\/product\/123-blumenversand-online-gift-card-electronic-delivery\/"]}]},{"@type":"ImageObject","inLanguage":"en-CA","@id":"https:\/\/coincards.com\/eu\/product\/123-blumenversand-online-gift-card-electronic-delivery\/#primaryimage","url":"https:\/\/assets.coincards.com\/wp-content\/uploads\/sites\/6\/2024\/06\/04171750\/BLUMEN-DE-card-1.png","contentUrl":"https:\/\/assets.coincards.com\/wp-content\/uploads\/sites\/6\/2024\/06\/04171750\/BLUMEN-DE-card-1.png","width":675,"height":425},{"@type":"BreadcrumbList","@id":"https:\/\/coincards.com\/eu\/product\/123-blumenversand-online-gift-card-electronic-delivery\/#breadcrumb","itemListElement":[{"@type":"ListItem","position":1,"name":"Home","item":"https:\/\/coincards.com\/eu\/"},{"@type":"ListItem","position":2,"name":"All Gift Cards","item":"https:\/\/coincards.com\/eu\/all-gift-cards\/"},{"@type":"ListItem","position":3,"name":"123 Blumenversand Online Gift Card (Electronic Delivery) (Germany)"}]},{"@type":"WebSite","@id":"https:\/\/coincards.com\/eu\/#website","url":"https:\/\/coincards.com\/eu\/","name":"Coincards Europe","description":"Austrlia&#039;s #1 Cryptocurrency to Gift Card Exchange Service","potentialAction":[{"@type":"SearchAction","target":{"@type":"EntryPoint","urlTemplate":"https:\/\/coincards.com\/eu\/?s={search_term_string}"},"query-input":{"@type":"PropertyValueSpecification","valueRequired":true,"valueName":"search_term_string"}}],"inLanguage":"en-CA"}]},"og_availability":"instock","product_availability":"instock","product_condition":"new"},"_links":{"self":[{"href":"https:\/\/coincards.com\/eu\/wp-json\/wp\/v2\/product\/1847","targetHints":{"allow":["GET"]}}],"collection":[{"href":"https:\/\/coincards.com\/eu\/wp-json\/wp\/v2\/product"}],"about":[{"href":"https:\/\/coincards.com\/eu\/wp-json\/wp\/v2\/types\/product"}],"replies":[{"embeddable":true,"href":"https:\/\/coincards.com\/eu\/wp-json\/wp\/v2\/comments?post=1847"}],"wp:featuredmedia":[{"embeddable":true,"href":"https:\/\/coincards.com\/eu\/wp-json\/wp\/v2\/media\/5523"}],"wp:attachment":[{"href":"https:\/\/coincards.com\/eu\/wp-json\/wp\/v2\/media?parent=1847"}],"wp:term":[{"taxonomy":"product_cat","embeddable":true,"href":"https:\/\/coincards.com\/eu\/wp-json\/wp\/v2\/product_cat?post=1847"},{"taxonomy":"product_tag","embeddable":true,"href":"https:\/\/coincards.com\/eu\/wp-json\/wp\/v2\/product_tag?post=1847"}],"curies":[{"name":"wp","href":"https:\/\/api.w.org\/{rel}","templated":true}]}}