{"id":2774,"date":"2025-01-13T15:41:32","date_gmt":"2025-01-13T23:41:32","guid":{"rendered":"https:\/\/coincards.com\/au\/?post_type=product&#038;p=2774"},"modified":"2026-04-08T07:16:46","modified_gmt":"2026-04-08T15:16:46","slug":"estee-lauder-online-gift-card-electronic-delivery","status":"publish","type":"product","link":"https:\/\/coincards.com\/au\/product\/estee-lauder-online-gift-card-electronic-delivery\/","title":{"rendered":"Est\u00e8e Lauder Online Gift Card (Electronic Delivery)"},"content":{"rendered":"","protected":false},"excerpt":{"rendered":"<p>Est\u00e8e Lauder is a leading luxury skincare, cosmetics and fragrance brand adored by women all around the world. Est\u00e8e Lauder Gift Cards are available to purchase in a range of values, to suit the person and occasion you are buying for and redeemable exclusively online. With an Est\u00e8e Lauder eGift Card, your recipient can redeem it for their favourite makeup item whether that be a lipstick, blush, mascara, eyeliner, fragrance, skincare or one of the many other must -have items that Est\u00e8e Lauder offer.<\/p>\n<p><em><strong>Gift card expires 36 months from issue date.\u00a0<\/strong><\/em><\/p>\n","protected":false},"featured_media":2775,"comment_status":"closed","ping_status":"closed","template":"","meta":{"_exactmetrics_skip_tracking":false,"_exactmetrics_sitenote_active":false,"_exactmetrics_sitenote_note":"","_exactmetrics_sitenote_category":0},"product_cat":[15],"product_tag":[346],"class_list":{"0":"post-2774","1":"product","2":"type-product","3":"status-publish","4":"has-post-thumbnail","6":"product_brand-estee-lauder","7":"product_cat-uncategorized","8":"product_tag-beauty-cosmetics","10":"first","11":"instock","12":"shipping-taxable","13":"purchasable","14":"product-type-variable","15":"has-default-attributes"},"yoast_head":"<!-- This site is optimized with the Yoast SEO Premium plugin v20.11 (Yoast SEO v27.3) - https:\/\/yoast.com\/product\/yoast-seo-premium-wordpress\/ -->\n<title>Est\u00e8e Lauder Online Gift Card (Electronic Delivery) - Coincards Australia<\/title>\n<meta name=\"robots\" content=\"index, follow, max-snippet:-1, max-image-preview:large, max-video-preview:-1\" \/>\n<link rel=\"canonical\" href=\"https:\/\/coincards.com\/au\/product\/estee-lauder-online-gift-card-electronic-delivery\/\" \/>\n<meta property=\"og:locale\" content=\"en_US\" \/>\n<meta property=\"og:type\" content=\"article\" \/>\n<meta property=\"og:title\" content=\"Est\u00e8e Lauder Online Gift Card (Electronic Delivery)\" \/>\n<meta property=\"og:description\" content=\"Est\u00e8e Lauder is a leading luxury skincare, cosmetics and fragrance brand adored by women all around the world. Est\u00e8e Lauder Gift Cards are available to purchase in a range of values, to suit the person and occasion you are buying for and redeemable exclusively online. With an Est\u00e8e Lauder eGift Card, your recipient can redeem it for their favourite makeup item whether that be a lipstick, blush, mascara, eyeliner, fragrance, skincare or one of the many other must -have items that Est\u00e8e Lauder offer.  Gift card expires 36 months from issue date.\u00a0\" \/>\n<meta property=\"og:url\" content=\"https:\/\/coincards.com\/au\/product\/estee-lauder-online-gift-card-electronic-delivery\/\" \/>\n<meta property=\"og:site_name\" content=\"Coincards Australia\" \/>\n<meta property=\"article:modified_time\" content=\"2026-04-08T15:16:46+00:00\" \/>\n<meta property=\"og:image\" content=\"https:\/\/assets.coincards.com\/wp-content\/uploads\/sites\/5\/2025\/01\/13153818\/estee.jpg\" \/>\n\t<meta property=\"og:image:width\" content=\"330\" \/>\n\t<meta property=\"og:image:height\" content=\"214\" \/>\n\t<meta property=\"og:image:type\" content=\"image\/jpeg\" \/>\n<meta name=\"twitter:card\" content=\"summary_large_image\" \/>\n<meta name=\"twitter:label1\" content=\"Availability\" \/>\n\t<meta name=\"twitter:data1\" content=\"In stock\" \/>\n<script type=\"application\/ld+json\" class=\"yoast-schema-graph\">{\"@context\":\"https:\\\/\\\/schema.org\",\"@graph\":[{\"@type\":\"WebPage\",\"@id\":\"https:\\\/\\\/coincards.com\\\/au\\\/product\\\/estee-lauder-online-gift-card-electronic-delivery\\\/\",\"url\":\"https:\\\/\\\/coincards.com\\\/au\\\/product\\\/estee-lauder-online-gift-card-electronic-delivery\\\/\",\"name\":\"Est\u00e8e Lauder Online Gift Card (Electronic Delivery) - Coincards Australia\",\"isPartOf\":{\"@id\":\"https:\\\/\\\/coincards.com\\\/au\\\/#website\"},\"primaryImageOfPage\":{\"@id\":\"https:\\\/\\\/coincards.com\\\/au\\\/product\\\/estee-lauder-online-gift-card-electronic-delivery\\\/#primaryimage\"},\"image\":{\"@id\":\"https:\\\/\\\/coincards.com\\\/au\\\/product\\\/estee-lauder-online-gift-card-electronic-delivery\\\/#primaryimage\"},\"thumbnailUrl\":\"https:\\\/\\\/assets.coincards.com\\\/wp-content\\\/uploads\\\/sites\\\/5\\\/2025\\\/01\\\/13153818\\\/estee.jpg\",\"datePublished\":\"2025-01-13T23:41:32+00:00\",\"dateModified\":\"2026-04-08T15:16:46+00:00\",\"breadcrumb\":{\"@id\":\"https:\\\/\\\/coincards.com\\\/au\\\/product\\\/estee-lauder-online-gift-card-electronic-delivery\\\/#breadcrumb\"},\"inLanguage\":\"en-CA\",\"potentialAction\":[{\"@type\":\"ReadAction\",\"target\":[\"https:\\\/\\\/coincards.com\\\/au\\\/product\\\/estee-lauder-online-gift-card-electronic-delivery\\\/\"]}]},{\"@type\":\"ImageObject\",\"inLanguage\":\"en-CA\",\"@id\":\"https:\\\/\\\/coincards.com\\\/au\\\/product\\\/estee-lauder-online-gift-card-electronic-delivery\\\/#primaryimage\",\"url\":\"https:\\\/\\\/assets.coincards.com\\\/wp-content\\\/uploads\\\/sites\\\/5\\\/2025\\\/01\\\/13153818\\\/estee.jpg\",\"contentUrl\":\"https:\\\/\\\/assets.coincards.com\\\/wp-content\\\/uploads\\\/sites\\\/5\\\/2025\\\/01\\\/13153818\\\/estee.jpg\",\"width\":330,\"height\":214},{\"@type\":\"BreadcrumbList\",\"@id\":\"https:\\\/\\\/coincards.com\\\/au\\\/product\\\/estee-lauder-online-gift-card-electronic-delivery\\\/#breadcrumb\",\"itemListElement\":[{\"@type\":\"ListItem\",\"position\":1,\"name\":\"Home\",\"item\":\"https:\\\/\\\/coincards.com\\\/au\\\/\"},{\"@type\":\"ListItem\",\"position\":2,\"name\":\"All Gift Cards\",\"item\":\"https:\\\/\\\/coincards.com\\\/au\\\/all-gift-cards\\\/\"},{\"@type\":\"ListItem\",\"position\":3,\"name\":\"Est\u00e8e Lauder Online Gift Card (Electronic Delivery)\"}]},{\"@type\":\"WebSite\",\"@id\":\"https:\\\/\\\/coincards.com\\\/au\\\/#website\",\"url\":\"https:\\\/\\\/coincards.com\\\/au\\\/\",\"name\":\"Coincards Australia\",\"description\":\"Austrlia&#039;s #1 Cryptocurrency to Gift Card Exchange Service\",\"potentialAction\":[{\"@type\":\"SearchAction\",\"target\":{\"@type\":\"EntryPoint\",\"urlTemplate\":\"https:\\\/\\\/coincards.com\\\/au\\\/?s={search_term_string}\"},\"query-input\":{\"@type\":\"PropertyValueSpecification\",\"valueRequired\":true,\"valueName\":\"search_term_string\"}}],\"inLanguage\":\"en-CA\"}]}<\/script>\n<meta property=\"og:availability\" content=\"instock\" \/>\n<meta property=\"product:availability\" content=\"instock\" \/>\n<meta property=\"product:condition\" content=\"new\" \/>\n<!-- \/ Yoast SEO Premium plugin. -->","yoast_head_json":{"title":"Est\u00e8e Lauder Online Gift Card (Electronic Delivery) - Coincards Australia","robots":{"index":"index","follow":"follow","max-snippet":"max-snippet:-1","max-image-preview":"max-image-preview:large","max-video-preview":"max-video-preview:-1"},"canonical":"https:\/\/coincards.com\/au\/product\/estee-lauder-online-gift-card-electronic-delivery\/","og_locale":"en_US","og_type":"article","og_title":"Est\u00e8e Lauder Online Gift Card (Electronic Delivery)","og_description":"Est\u00e8e Lauder is a leading luxury skincare, cosmetics and fragrance brand adored by women all around the world. Est\u00e8e Lauder Gift Cards are available to purchase in a range of values, to suit the person and occasion you are buying for and redeemable exclusively online. With an Est\u00e8e Lauder eGift Card, your recipient can redeem it for their favourite makeup item whether that be a lipstick, blush, mascara, eyeliner, fragrance, skincare or one of the many other must -have items that Est\u00e8e Lauder offer.  Gift card expires 36 months from issue date.\u00a0","og_url":"https:\/\/coincards.com\/au\/product\/estee-lauder-online-gift-card-electronic-delivery\/","og_site_name":"Coincards Australia","article_modified_time":"2026-04-08T15:16:46+00:00","og_image":[{"width":330,"height":214,"url":"https:\/\/assets.coincards.com\/wp-content\/uploads\/sites\/5\/2025\/01\/13153818\/estee.jpg","type":"image\/jpeg"}],"twitter_card":"summary_large_image","twitter_misc":{"Availability":"In stock"},"schema":{"@context":"https:\/\/schema.org","@graph":[{"@type":"WebPage","@id":"https:\/\/coincards.com\/au\/product\/estee-lauder-online-gift-card-electronic-delivery\/","url":"https:\/\/coincards.com\/au\/product\/estee-lauder-online-gift-card-electronic-delivery\/","name":"Est\u00e8e Lauder Online Gift Card (Electronic Delivery) - Coincards Australia","isPartOf":{"@id":"https:\/\/coincards.com\/au\/#website"},"primaryImageOfPage":{"@id":"https:\/\/coincards.com\/au\/product\/estee-lauder-online-gift-card-electronic-delivery\/#primaryimage"},"image":{"@id":"https:\/\/coincards.com\/au\/product\/estee-lauder-online-gift-card-electronic-delivery\/#primaryimage"},"thumbnailUrl":"https:\/\/assets.coincards.com\/wp-content\/uploads\/sites\/5\/2025\/01\/13153818\/estee.jpg","datePublished":"2025-01-13T23:41:32+00:00","dateModified":"2026-04-08T15:16:46+00:00","breadcrumb":{"@id":"https:\/\/coincards.com\/au\/product\/estee-lauder-online-gift-card-electronic-delivery\/#breadcrumb"},"inLanguage":"en-CA","potentialAction":[{"@type":"ReadAction","target":["https:\/\/coincards.com\/au\/product\/estee-lauder-online-gift-card-electronic-delivery\/"]}]},{"@type":"ImageObject","inLanguage":"en-CA","@id":"https:\/\/coincards.com\/au\/product\/estee-lauder-online-gift-card-electronic-delivery\/#primaryimage","url":"https:\/\/assets.coincards.com\/wp-content\/uploads\/sites\/5\/2025\/01\/13153818\/estee.jpg","contentUrl":"https:\/\/assets.coincards.com\/wp-content\/uploads\/sites\/5\/2025\/01\/13153818\/estee.jpg","width":330,"height":214},{"@type":"BreadcrumbList","@id":"https:\/\/coincards.com\/au\/product\/estee-lauder-online-gift-card-electronic-delivery\/#breadcrumb","itemListElement":[{"@type":"ListItem","position":1,"name":"Home","item":"https:\/\/coincards.com\/au\/"},{"@type":"ListItem","position":2,"name":"All Gift Cards","item":"https:\/\/coincards.com\/au\/all-gift-cards\/"},{"@type":"ListItem","position":3,"name":"Est\u00e8e Lauder Online Gift Card (Electronic Delivery)"}]},{"@type":"WebSite","@id":"https:\/\/coincards.com\/au\/#website","url":"https:\/\/coincards.com\/au\/","name":"Coincards Australia","description":"Austrlia&#039;s #1 Cryptocurrency to Gift Card Exchange Service","potentialAction":[{"@type":"SearchAction","target":{"@type":"EntryPoint","urlTemplate":"https:\/\/coincards.com\/au\/?s={search_term_string}"},"query-input":{"@type":"PropertyValueSpecification","valueRequired":true,"valueName":"search_term_string"}}],"inLanguage":"en-CA"}]},"og_availability":"instock","product_availability":"instock","product_condition":"new"},"_links":{"self":[{"href":"https:\/\/coincards.com\/au\/wp-json\/wp\/v2\/product\/2774","targetHints":{"allow":["GET"]}}],"collection":[{"href":"https:\/\/coincards.com\/au\/wp-json\/wp\/v2\/product"}],"about":[{"href":"https:\/\/coincards.com\/au\/wp-json\/wp\/v2\/types\/product"}],"replies":[{"embeddable":true,"href":"https:\/\/coincards.com\/au\/wp-json\/wp\/v2\/comments?post=2774"}],"wp:featuredmedia":[{"embeddable":true,"href":"https:\/\/coincards.com\/au\/wp-json\/wp\/v2\/media\/2775"}],"wp:attachment":[{"href":"https:\/\/coincards.com\/au\/wp-json\/wp\/v2\/media?parent=2774"}],"wp:term":[{"taxonomy":"product_cat","embeddable":true,"href":"https:\/\/coincards.com\/au\/wp-json\/wp\/v2\/product_cat?post=2774"},{"taxonomy":"product_tag","embeddable":true,"href":"https:\/\/coincards.com\/au\/wp-json\/wp\/v2\/product_tag?post=2774"}],"curies":[{"name":"wp","href":"https:\/\/api.w.org\/{rel}","templated":true}]}}